{"id":216,"date":"2020-04-14T15:39:18","date_gmt":"2020-04-14T13:39:18","guid":{"rendered":"https:\/\/wordpress.nibis.de\/gsisolde\/?page_id=216"},"modified":"2025-05-14T13:06:19","modified_gmt":"2025-05-14T11:06:19","slug":"klasse-wir-singen-schule","status":"publish","type":"page","link":"https:\/\/wordpress.nibis.de\/gsisolde\/klasse-wir-singen-schule\/","title":{"rendered":"Klasse wir singen &#8211; Schule"},"content":{"rendered":"\n<p style=\"text-align: justify\"><span style=\"color: #000000\">Musik spielt eine gro\u00dfe Rolle im Schulalltag unserer Schule. Wir singen in der Regel t\u00e4glich, musizieren und h\u00f6ren Musik. Dabei ist es uns wichtig, unsere Sch\u00fcler an die unterschiedlichen Musikstile heranzuf\u00fchren. Wir besch\u00e4ftigen uns von Rockmusik bis zu klassischer Musik mit den verschiedenen Gattungen . Gerade klassische Musik, mit der die meisten unserer Sch\u00fcler nur wenig oder gar nicht in Ber\u00fchrung kommen, soll unseren Kindern schmackhaft gemacht werden . Wir tanzen, musizieren und erfahren Musik in ihren vielf\u00e4ltigen Erscheinungen und Umsetzungsm\u00f6glichkeiten.<br \/>Vor Jahren war die Grundschule Isoldestra\u00dfe die erste Grundschule, die mit dem Staatstheater Braunschweig den Vertrag f\u00fcr das &#8222;Theaterfieber&#8220; unterschrieben hat. Hierbei handelt es sich um eine Kooperation zwischen unserer Schule und dem Theater, die es uns erm\u00f6glicht, unsere Sch\u00fcler an die Spaten des Theaters intensiv heranzuf\u00fchren. Wir besuchen mit unseren Klassen mehrfach im Jahr Vorf\u00fchrungen des Staatstheaters und gehen h\u00e4ufig mit der ganzen Schule in das j\u00e4hrliche Weihnachtsm\u00e4rchen.<br \/>Auch zur St\u00e4dtischen Musikschule pflegen wir einen engen Kontakt. Bei Interesse unserer Sch\u00fcler an Instrumentalunterricht sind wir gerne bereit, unterst\u00fctzend mitzuwirken und bei der Finanzierung zu helfen.<br \/><\/span><\/p>\n","protected":false},"excerpt":{"rendered":"<p>Musik spielt eine gro\u00dfe Rolle im Schulalltag unserer Schule. Wir singen in der Regel t\u00e4glich, musizieren und h\u00f6ren Musik. Dabei ist es uns wichtig, unsere Sch\u00fcler an die unterschiedlichen Musikstile heranzuf\u00fchren. Wir besch\u00e4ftigen uns von Rockmusik bis zu klassischer Musik mit den verschiedenen Gattungen . Gerade klassische Musik, mit der die meisten unserer Sch\u00fcler nur [&hellip;]<\/p>\n","protected":false},"author":9193454,"featured_media":0,"parent":0,"menu_order":0,"comment_status":"closed","ping_status":"closed","template":"","meta":{"footnotes":""},"class_list":["post-216","page","type-page","status-publish","hentry"],"_links":{"self":[{"href":"https:\/\/wordpress.nibis.de\/gsisolde\/wp-json\/wp\/v2\/pages\/216","targetHints":{"allow":["GET"]}}],"collection":[{"href":"https:\/\/wordpress.nibis.de\/gsisolde\/wp-json\/wp\/v2\/pages"}],"about":[{"href":"https:\/\/wordpress.nibis.de\/gsisolde\/wp-json\/wp\/v2\/types\/page"}],"author":[{"embeddable":true,"href":"https:\/\/wordpress.nibis.de\/gsisolde\/wp-json\/wp\/v2\/users\/9193454"}],"replies":[{"embeddable":true,"href":"https:\/\/wordpress.nibis.de\/gsisolde\/wp-json\/wp\/v2\/comments?post=216"}],"version-history":[{"count":5,"href":"https:\/\/wordpress.nibis.de\/gsisolde\/wp-json\/wp\/v2\/pages\/216\/revisions"}],"predecessor-version":[{"id":1179,"href":"https:\/\/wordpress.nibis.de\/gsisolde\/wp-json\/wp\/v2\/pages\/216\/revisions\/1179"}],"wp:attachment":[{"href":"https:\/\/wordpress.nibis.de\/gsisolde\/wp-json\/wp\/v2\/media?parent=216"}],"curies":[{"name":"wp","href":"https:\/\/api.w.org\/{rel}","templated":true}]}}