{"id":25,"date":"2020-03-20T11:10:46","date_gmt":"2020-03-20T10:10:46","guid":{"rendered":"https:\/\/wordpress.nibis.de\/gsisolde\/?page_id=25"},"modified":"2021-11-23T15:16:06","modified_gmt":"2021-11-23T14:16:06","slug":"unser-hausmeister","status":"publish","type":"page","link":"https:\/\/wordpress.nibis.de\/gsisolde\/das-sind-wir\/unser-hausmeister\/","title":{"rendered":"Unsere Hausmeisterin"},"content":{"rendered":"\n<p style=\"text-align: justify\"><span style=\"color: #000000\"><strong>Frau Schmidt<\/strong> ist an unserer Schule als Hausmeisterin t\u00e4tig. Sie sorgt f\u00fcr Ordnung im und um das Schulgeb\u00e4ude. Au\u00dferdem k\u00fcmmert sie sich um die gro\u00dfen und kleinen \u201eSorgen\u201c der Kinder und steht unserem Kollegium helfend zur Seite. Sie ist sofort zur Stelle, wenn es darum geht Sachen zu reparieren, mit anzupacken oder K\u00fchlpacks bei kleineren Unf\u00e4llen auszugeben. Immer wenn es \u201ebrennt\u201c, klemmt oder ein guter Geist von N\u00f6ten ist, steht sie uns also mit Rat und Tat zur Seite. Frau Schmidt finden wir direkt am Eingang. Sie ist immer ansprechbar und schnell zur Stelle.<\/span><\/p>\n<p><span style=\"color: #000000\">Tel.: 0151\/20349331<\/span><\/p>\n\n\n\n<figure class=\"wp-block-image\"><img loading=\"lazy\" decoding=\"async\" width=\"1024\" height=\"768\" src=\"https:\/\/wordpress.nibis.de\/gsisolde\/files\/2020\/03\/IMG_20200325_093705-1-1024x768.jpg\" alt=\"\" class=\"wp-image-176\" srcset=\"https:\/\/wordpress.nibis.de\/gsisolde\/files\/2020\/03\/IMG_20200325_093705-1-1024x768.jpg 1024w, https:\/\/wordpress.nibis.de\/gsisolde\/files\/2020\/03\/IMG_20200325_093705-1-300x225.jpg 300w, https:\/\/wordpress.nibis.de\/gsisolde\/files\/2020\/03\/IMG_20200325_093705-1-768x576.jpg 768w\" sizes=\"auto, (max-width: 1024px) 100vw, 1024px\" \/><\/figure>\n","protected":false},"excerpt":{"rendered":"<p>Frau Schmidt ist an unserer Schule als Hausmeisterin t\u00e4tig. Sie sorgt f\u00fcr Ordnung im und um das Schulgeb\u00e4ude. Au\u00dferdem k\u00fcmmert sie sich um die gro\u00dfen und kleinen \u201eSorgen\u201c der Kinder und steht unserem Kollegium helfend zur Seite. Sie ist sofort zur Stelle, wenn es darum geht Sachen zu reparieren, mit anzupacken oder K\u00fchlpacks bei kleineren [&hellip;]<\/p>\n","protected":false},"author":9193454,"featured_media":0,"parent":15,"menu_order":0,"comment_status":"closed","ping_status":"closed","template":"","meta":{"footnotes":""},"class_list":["post-25","page","type-page","status-publish","hentry"],"_links":{"self":[{"href":"https:\/\/wordpress.nibis.de\/gsisolde\/wp-json\/wp\/v2\/pages\/25","targetHints":{"allow":["GET"]}}],"collection":[{"href":"https:\/\/wordpress.nibis.de\/gsisolde\/wp-json\/wp\/v2\/pages"}],"about":[{"href":"https:\/\/wordpress.nibis.de\/gsisolde\/wp-json\/wp\/v2\/types\/page"}],"author":[{"embeddable":true,"href":"https:\/\/wordpress.nibis.de\/gsisolde\/wp-json\/wp\/v2\/users\/9193454"}],"replies":[{"embeddable":true,"href":"https:\/\/wordpress.nibis.de\/gsisolde\/wp-json\/wp\/v2\/comments?post=25"}],"version-history":[{"count":12,"href":"https:\/\/wordpress.nibis.de\/gsisolde\/wp-json\/wp\/v2\/pages\/25\/revisions"}],"predecessor-version":[{"id":939,"href":"https:\/\/wordpress.nibis.de\/gsisolde\/wp-json\/wp\/v2\/pages\/25\/revisions\/939"}],"up":[{"embeddable":true,"href":"https:\/\/wordpress.nibis.de\/gsisolde\/wp-json\/wp\/v2\/pages\/15"}],"wp:attachment":[{"href":"https:\/\/wordpress.nibis.de\/gsisolde\/wp-json\/wp\/v2\/media?parent=25"}],"curies":[{"name":"wp","href":"https:\/\/api.w.org\/{rel}","templated":true}]}}