{"id":34,"date":"2020-03-20T11:51:21","date_gmt":"2020-03-20T10:51:21","guid":{"rendered":"https:\/\/wordpress.nibis.de\/gsisolde\/?page_id=34"},"modified":"2020-10-18T17:16:16","modified_gmt":"2020-10-18T15:16:16","slug":"impressum","status":"publish","type":"page","link":"https:\/\/wordpress.nibis.de\/gsisolde\/impressum\/","title":{"rendered":"Impressum"},"content":{"rendered":"<p><span style=\"color: #000000\">Land Niedersachsen (Diensteanbieter im Sinne des Telemediengesetzes)<\/span><\/p>\n<p><span style=\"color: #000000\">Das Land Niedersachsen ist eine juristische Person des \u00f6ffentlichen Rechts vertreten durch<\/span><\/p>\n<p><span style=\"color: #000000\">Schulleitung:<\/span><br data-rich-text-line-break=\"true\" \/><span style=\"color: #000000\">Susanne Bertram, Schulleiterin<\/span><\/p>\n<p><span style=\"color: #000000\"><strong data-rich-text-format-boundary=\"true\">Offene Ganztagsgrundschule Isoldestra\u00dfe<\/strong><\/span><br data-rich-text-line-break=\"true\" \/><span style=\"color: #000000\">Isoldestra\u00dfe 60<\/span><br data-rich-text-line-break=\"true\" \/><span style=\"color: #000000\">38106 Braunschweig<\/span><br data-rich-text-line-break=\"true\" \/><span style=\"color: #000000\">Telefon: 0531 321749 <\/span><br data-rich-text-line-break=\"true\" \/><span style=\"color: #000000\">Telefax: 0531 2322722 <\/span><br data-rich-text-line-break=\"true\" \/><span style=\"color: #000000\">E-Mail: g&#115;&#46;&#x69;&#x73;o&#108;&#100;&#x65;&#x73;&#x74;r&#97;&#115;&#x73;&#x65;&#64;b&#114;&#x61;&#x75;&#x6e;s&#99;&#104;&#x77;&#x65;ig&#46;&#x64;&#x65; <\/span><\/p>\n<p><span style=\"color: #000000\">Schulische Datenschutzbeauftragte: <\/span><\/p>\n<p><span style=\"color: #000000\">Verantwortlicher f\u00fcr redaktionell-journalistische Angebote i. S. d. \u00a7 55 Abs. 2 Rundfunkstaatsvertrag:<\/span><\/p>\n<p><span style=\"color: #000000\">Grundschule Isoldestra\u00dfe<\/span><\/p>\n<p><span style=\"color: #000000\">Isoldestra\u00dfe 60<\/span><br data-rich-text-line-break=\"true\" \/><span style=\"color: #000000\">38106 Braunschweig<\/span><br data-rich-text-line-break=\"true\" \/><span style=\"color: #000000\">Telefon: 0531 321749<\/span><\/p>\n<p style=\"text-align: justify\"><span style=\"color: #000000\">Disclaimer<\/span><\/p>\n<p style=\"text-align: justify\"><span style=\"color: #000000\">Diese Website beinhaltet externe Links. Deren Inhalte entziehen sich unserer Einflussnahme, sodass eine Gew\u00e4hr f\u00fcr solche Inhalte von uns nicht \u00fcbernommen werden kann.<\/span><\/p>\n<p style=\"text-align: justify\"><span style=\"color: #000000\">Die Verantwortung liegt stets beim jeweiligen Betreiber der externen Seiten. Zum Zeitpunkt der Verkn\u00fcpfung der externen Links waren keine Rechtsverst\u00f6\u00dfe ersichtlich. Die permanente \u00dcberwachung fremder Inhalte auf Rechtsverst\u00f6\u00dfe ohne konkrete Hinweise ist uns nicht zumutbar. <\/span><\/p>\n<p style=\"text-align: justify\"><span style=\"color: #000000\">Sollten wir Kenntnis von Rechtsverletzungen erlangen, werden wir die entsprechenden externen Links unverz\u00fcglich entfernen.<\/span><\/p>\n","protected":false},"excerpt":{"rendered":"<p>Land Niedersachsen (Diensteanbieter im Sinne des Telemediengesetzes) Das Land Niedersachsen ist eine juristische Person des \u00f6ffentlichen Rechts vertreten durch Schulleitung:Susanne Bertram, Schulleiterin Offene Ganztagsgrundschule Isoldestra\u00dfeIsoldestra\u00dfe 6038106 BraunschweigTelefon: 0531 321749 Telefax: 0531 2322722 E-Mail: gs&#46;&#105;&#115;&#x6f;&#x6c;&#x64;&#x65;st&#114;&#97;&#115;&#x73;&#x65;&#x40;&#x62;ra&#117;&#110;&#115;&#x63;&#x68;&#x77;&#x65;ig&#46;&#100;&#101; Schulische Datenschutzbeauftragte: Verantwortlicher f\u00fcr redaktionell-journalistische Angebote i. S. d. \u00a7 55 Abs. 2 Rundfunkstaatsvertrag: Grundschule Isoldestra\u00dfe Isoldestra\u00dfe 6038106 BraunschweigTelefon: 0531 321749 [&hellip;]<\/p>\n","protected":false},"author":9193454,"featured_media":0,"parent":0,"menu_order":0,"comment_status":"closed","ping_status":"closed","template":"","meta":{"footnotes":""},"class_list":["post-34","page","type-page","status-publish","hentry"],"_links":{"self":[{"href":"https:\/\/wordpress.nibis.de\/gsisolde\/wp-json\/wp\/v2\/pages\/34","targetHints":{"allow":["GET"]}}],"collection":[{"href":"https:\/\/wordpress.nibis.de\/gsisolde\/wp-json\/wp\/v2\/pages"}],"about":[{"href":"https:\/\/wordpress.nibis.de\/gsisolde\/wp-json\/wp\/v2\/types\/page"}],"author":[{"embeddable":true,"href":"https:\/\/wordpress.nibis.de\/gsisolde\/wp-json\/wp\/v2\/users\/9193454"}],"replies":[{"embeddable":true,"href":"https:\/\/wordpress.nibis.de\/gsisolde\/wp-json\/wp\/v2\/comments?post=34"}],"version-history":[{"count":5,"href":"https:\/\/wordpress.nibis.de\/gsisolde\/wp-json\/wp\/v2\/pages\/34\/revisions"}],"predecessor-version":[{"id":686,"href":"https:\/\/wordpress.nibis.de\/gsisolde\/wp-json\/wp\/v2\/pages\/34\/revisions\/686"}],"wp:attachment":[{"href":"https:\/\/wordpress.nibis.de\/gsisolde\/wp-json\/wp\/v2\/media?parent=34"}],"curies":[{"name":"wp","href":"https:\/\/api.w.org\/{rel}","templated":true}]}}