{"id":408,"date":"2020-06-17T16:06:21","date_gmt":"2020-06-17T14:06:21","guid":{"rendered":"https:\/\/wordpress.nibis.de\/gsisolde\/?page_id=408"},"modified":"2020-08-18T10:57:40","modified_gmt":"2020-08-18T08:57:40","slug":"unsere-angebote","status":"publish","type":"page","link":"https:\/\/wordpress.nibis.de\/gsisolde\/unsere-angebote\/","title":{"rendered":"Unsere Angebote"},"content":{"rendered":"\n<p style=\"text-align: justify\"><span style=\"color: #000000\"><strong>Mittagessen<\/strong><\/span><\/p>\n<p style=\"text-align: justify\"><span style=\"color: #000000\">Selbstverst\u00e4ndlich bietet die KoGS Isoldestra\u00dfe den zum Ganztagsbetrieb angemeldeten Kindern die M\u00f6glichkeit zur Teilnahme am begleiteten p\u00e4dagogischen Mittagstisch. Das Mittagessen wird gemeinsam in der Mensa eingenommen. Jede Gruppe hat ihren eigenen Tisch. Im Wechsel bestellen die Kinder einer Gruppe, gemeinsam mit ihrer Betreuerin, ihr Essen. Es gibt vegetarisches und nicht vegetarisches Essen.<\/span><\/p>\n<p style=\"text-align: justify\">\u00a0<\/p>\n<p style=\"text-align: justify\"><span style=\"color: #000000\"><strong>Ferienangebote<\/strong><\/span><\/p>\n<p style=\"text-align: justify\"><span style=\"color: #000000\">In den Ferien findet die Betreuung der Kinder gruppen\u00fcbergreifend ab 8:00 Uhr statt.\u00a0Jedes Ferienprogramm wird speziell f\u00fcr die jeweiligen Ferien erarbeitet. F\u00fcr die Eltern entstehen keine Kosten.\u00a0\u00a0\u00a0\u00a0\u00a0<\/span><\/p>\n<p style=\"text-align: justify\"><span style=\"color: #000000\">Die t\u00e4glichen Angebote vor Ort finden \u00fcberwiegend in den R\u00e4umlichkeiten der Schule statt. Es werden auch Projekte \u00fcber mehrere Tage durchgef\u00fchrt und Ausfl\u00fcge gemacht.<\/span><\/p>\n<p style=\"text-align: justify\"><span style=\"color: #000000\"><strong>Beispiele f\u00fcr Ferienangebote:<\/strong><\/span><\/p>\n<ul style=\"text-align: justify\">\n<li><span style=\"color: #000000\">Spiel- und Bastelangebote<\/span><\/li>\n<li><span style=\"color: #000000\">Bewegungsangebote und Freispiel<\/span><\/li>\n<li><span style=\"color: #000000\">T\u00e4nze und Theaterst\u00fccke ein\u00fcben<\/span><\/li>\n<li><span style=\"color: #000000\">Niedrigseilgarten, Botanischer Garten, AHA-Museum Wolfenb\u00fcttel<\/span><\/li>\n<li><span style=\"color: #000000\">Spielen mit Orff-Instrumenten<\/span><\/li>\n<li><span style=\"color: #000000\">Wasserexperimente<\/span><\/li>\n<li><span style=\"color: #000000\">Tagesausfl\u00fcge (Bad-Harzburg, Pal\u00e4on\/Sch\u00f6ningen, Schlangenfarm\/Schladen, Aktivspielplatz\/Gliesmarode, Schatzsuche am \u00d6lpersee, Riddagshausen)<\/span><\/li>\n<li><span style=\"color: #000000\">Abschlussfeste mit den Eltern mit Programm<\/span><\/li>\n<\/ul>\n<p style=\"text-align: justify\">\u00a0<\/p>\n<p style=\"text-align: justify\"><span style=\"color: #000000\"><strong>Arbeitsgemeinschaften:<\/strong><\/span><\/p>\n<p style=\"text-align: justify\"><span style=\"color: #000000\">Als Kooperationspartner bieten wir als Bereicherung, zus\u00e4tzlich zum AG-Band der Schule am Nachmittag, die M\u00f6glichkeit f\u00fcr alle Kinder an umfangreichen Angeboten teilzunehmen.<\/span><\/p>\n<p style=\"text-align: justify\"><span style=\"color: #000000\">Hier einige Beispiele des kostenfreien Kurs- und AG-Bandes:<\/span><\/p>\n<ul style=\"text-align: justify\">\n<li><span style=\"color: #000000\">Fu\u00dfball in der Socca Five Arena<\/span><\/li>\n<li><span style=\"color: #000000\">Chor in der Gemeinde St.Georg<\/span><\/li>\n<li><span style=\"color: #000000\">Kreativwerkstatt im Selam<\/span><\/li>\n<li><span style=\"color: #000000\">Spiel und Sport in der Socca Five Arena<\/span><\/li>\n<li><span style=\"color: #000000\">M\u00e4dchen an den Ball<\/span><\/li>\n<li><span style=\"color: #000000\">Perlentiere, Armb\u00e4nder und Co.<\/span><\/li>\n<li><span style=\"color: #000000\">Kick it<\/span><\/li>\n<\/ul>\n<p style=\"text-align: justify\">\u00a0<\/p>\n<p>\u00a0<\/p>\n<p><strong>\u00a0<\/strong><\/p>\n","protected":false},"excerpt":{"rendered":"<p>Mittagessen Selbstverst\u00e4ndlich bietet die KoGS Isoldestra\u00dfe den zum Ganztagsbetrieb angemeldeten Kindern die M\u00f6glichkeit zur Teilnahme am begleiteten p\u00e4dagogischen Mittagstisch. Das Mittagessen wird gemeinsam in der Mensa eingenommen. Jede Gruppe hat ihren eigenen Tisch. Im Wechsel bestellen die Kinder einer Gruppe, gemeinsam mit ihrer Betreuerin, ihr Essen. Es gibt vegetarisches und nicht vegetarisches Essen. \u00a0 Ferienangebote [&hellip;]<\/p>\n","protected":false},"author":9193454,"featured_media":0,"parent":0,"menu_order":0,"comment_status":"closed","ping_status":"closed","template":"","meta":{"footnotes":""},"class_list":["post-408","page","type-page","status-publish","hentry"],"_links":{"self":[{"href":"https:\/\/wordpress.nibis.de\/gsisolde\/wp-json\/wp\/v2\/pages\/408","targetHints":{"allow":["GET"]}}],"collection":[{"href":"https:\/\/wordpress.nibis.de\/gsisolde\/wp-json\/wp\/v2\/pages"}],"about":[{"href":"https:\/\/wordpress.nibis.de\/gsisolde\/wp-json\/wp\/v2\/types\/page"}],"author":[{"embeddable":true,"href":"https:\/\/wordpress.nibis.de\/gsisolde\/wp-json\/wp\/v2\/users\/9193454"}],"replies":[{"embeddable":true,"href":"https:\/\/wordpress.nibis.de\/gsisolde\/wp-json\/wp\/v2\/comments?post=408"}],"version-history":[{"count":6,"href":"https:\/\/wordpress.nibis.de\/gsisolde\/wp-json\/wp\/v2\/pages\/408\/revisions"}],"predecessor-version":[{"id":615,"href":"https:\/\/wordpress.nibis.de\/gsisolde\/wp-json\/wp\/v2\/pages\/408\/revisions\/615"}],"wp:attachment":[{"href":"https:\/\/wordpress.nibis.de\/gsisolde\/wp-json\/wp\/v2\/media?parent=408"}],"curies":[{"name":"wp","href":"https:\/\/api.w.org\/{rel}","templated":true}]}}