{"id":43,"date":"2020-03-20T14:32:10","date_gmt":"2020-03-20T13:32:10","guid":{"rendered":"https:\/\/wordpress.nibis.de\/gsisolde\/?page_id=43"},"modified":"2026-03-09T09:46:43","modified_gmt":"2026-03-09T08:46:43","slug":"unsere-schule-in-zahlen","status":"publish","type":"page","link":"https:\/\/wordpress.nibis.de\/gsisolde\/unsere-schule-in-zahlen\/","title":{"rendered":"Unsere Schule in Zahlen"},"content":{"rendered":"\n<p style=\"text-align: justify\"><span style=\"color: #000000\">Unsere Schule wird momentan von 235 Sch\u00fclerinnen und Sch\u00fclern in 12 Klassen besucht, die auf drei 1. Klassen, drei 2. Klassen, drei 3. und drei 4. Klassen aufgeteilt sind. Unterrichtet werden die Kinder von 19 Lehrkr\u00e4ften. Zu unserem Team geh\u00f6ren ebenfalls eine T\u00fcrkischlehrerin, eine p\u00e4dagogische Mitarbeiterin im Vormittagsbereich, zwei Schulsozialarbeiter\/innen, eine Sekret\u00e4rin, eine Hausmeisterin, 14 Mitarbeiterinnen im Nachmittagsbereich.<\/span><\/p>\n<p style=\"text-align: justify\"><span style=\"color: #000000\">Unsere Schule zeichnet sich als einzige Schule Braunschweigs mit durchgehender Ferienbetreuung aus. Stand 15.11.2025<\/span><\/p>\n","protected":false},"excerpt":{"rendered":"<p>Unsere Schule wird momentan von 235 Sch\u00fclerinnen und Sch\u00fclern in 12 Klassen besucht, die auf drei 1. Klassen, drei 2. Klassen, drei 3. und drei 4. Klassen aufgeteilt sind. Unterrichtet werden die Kinder von 19 Lehrkr\u00e4ften. Zu unserem Team geh\u00f6ren ebenfalls eine T\u00fcrkischlehrerin, eine p\u00e4dagogische Mitarbeiterin im Vormittagsbereich, zwei Schulsozialarbeiter\/innen, eine Sekret\u00e4rin, eine Hausmeisterin, 14 [&hellip;]<\/p>\n","protected":false},"author":9193454,"featured_media":0,"parent":0,"menu_order":0,"comment_status":"closed","ping_status":"closed","template":"","meta":{"footnotes":""},"class_list":["post-43","page","type-page","status-publish","hentry"],"_links":{"self":[{"href":"https:\/\/wordpress.nibis.de\/gsisolde\/wp-json\/wp\/v2\/pages\/43","targetHints":{"allow":["GET"]}}],"collection":[{"href":"https:\/\/wordpress.nibis.de\/gsisolde\/wp-json\/wp\/v2\/pages"}],"about":[{"href":"https:\/\/wordpress.nibis.de\/gsisolde\/wp-json\/wp\/v2\/types\/page"}],"author":[{"embeddable":true,"href":"https:\/\/wordpress.nibis.de\/gsisolde\/wp-json\/wp\/v2\/users\/9193454"}],"replies":[{"embeddable":true,"href":"https:\/\/wordpress.nibis.de\/gsisolde\/wp-json\/wp\/v2\/comments?post=43"}],"version-history":[{"count":13,"href":"https:\/\/wordpress.nibis.de\/gsisolde\/wp-json\/wp\/v2\/pages\/43\/revisions"}],"predecessor-version":[{"id":1316,"href":"https:\/\/wordpress.nibis.de\/gsisolde\/wp-json\/wp\/v2\/pages\/43\/revisions\/1316"}],"wp:attachment":[{"href":"https:\/\/wordpress.nibis.de\/gsisolde\/wp-json\/wp\/v2\/media?parent=43"}],"curies":[{"name":"wp","href":"https:\/\/api.w.org\/{rel}","templated":true}]}}