{"id":46,"date":"2020-03-20T14:49:57","date_gmt":"2020-03-20T13:49:57","guid":{"rendered":"https:\/\/wordpress.nibis.de\/gsisolde\/?page_id=46"},"modified":"2020-08-18T10:08:54","modified_gmt":"2020-08-18T08:08:54","slug":"schulordnung","status":"publish","type":"page","link":"https:\/\/wordpress.nibis.de\/gsisolde\/schulordnung\/","title":{"rendered":"Unsere Schulordnung"},"content":{"rendered":"\n<p style=\"text-align: justify\"><span style=\"color: #000000\">Wir wollen uns <strong>alle<\/strong> in unserer Schule wohl f\u00fchlen, in Ruhe lernen, lehren und zusammen leben.<\/span><\/p>\n<ol style=\"text-align: justify\">\n<li><span style=\"color: #000000\"><u>Umgang miteinander<\/u><\/span><\/li>\n<\/ol>\n<p style=\"text-align: justify\"><span style=\"color: #000000\">Lernen, arbeiten und Spa\u00df haben k\u00f6nnen wir nur dort, wo wir freundlich,\u00a0offen und r\u00fccksichtsvoll miteinander umgehen.<\/span><\/p>\n<p style=\"text-align: justify\"><span style=\"color: #000000\">\u00a0\u00a0\u00a0\u00a0 Probleme k\u00f6nnen wir in Ruhe und gemeinsam l\u00f6sen. Deshalb:<\/span><\/p>\n<ul style=\"text-align: justify\">\n<li><span style=\"color: #000000\">Wir halten zusammen und arbeiten und spielen miteinander.<\/span><\/li>\n<li><span style=\"color: #000000\">Wir helfen einander.<\/span><\/li>\n<li><span style=\"color: #000000\">Wir verhalten uns anderen gegen\u00fcber fair.<\/span><\/li>\n<li><span style=\"color: #000000\">Wir beleidigen und provozieren nicht.<\/span><\/li>\n<li><span style=\"color: #000000\">Wir fangen keinen Streit und keine Pr\u00fcgelei an.<\/span><\/li>\n<li><span style=\"color: #000000\">Wir achten das Eigentum anderer und gehen damit vorsichtig um.<\/span><\/li>\n<li><span style=\"color: #000000\">Wir bringen keine Dinge mit, die andere st\u00f6ren oder gef\u00e4hrden.<\/span><\/li>\n<li><span style=\"color: #000000\">Wenn wir fehlen, benachrichtigen die Erziehungsberechtigten die Schule.<\/span><\/li>\n<\/ul>\n<p style=\"text-align: justify\">\u00a0<\/p>\n<ol style=\"text-align: justify\" start=\"2\">\n<li><span style=\"color: #000000\"><u>Verhalten im Unterricht<\/u><\/span><\/li>\n<\/ol>\n<ul style=\"text-align: justify\">\n<li><span style=\"color: #000000\">\u00a0Wir kommen p\u00fcnktlich.<\/span><\/li>\n<li><span style=\"color: #000000\">\u00a0Wir halten uns an vereinbarte <strong>Klassenregeln<\/strong>.<\/span><\/li>\n<li><span style=\"color: #000000\">\u00a0Wir beachten die <strong>Computerregeln<\/strong>.<\/span><\/li>\n<\/ul>\n<p style=\"text-align: justify\">\u00a0<\/p>\n<ol style=\"text-align: justify\" start=\"3\">\n<li><span style=\"color: #000000\"><u>Verhalten in den Pausen<\/u><\/span><\/li>\n<\/ol>\n<ul style=\"text-align: justify\">\n<li><span style=\"color: #000000\">Wir verbringen die gro\u00dfen Pausen auf dem Schulhof.<\/span><\/li>\n<li><span style=\"color: #000000\">Wir bleiben in den Regenpausen im Klassenraum.<\/span><\/li>\n<li><span style=\"color: #000000\">Wir halten uns an vereinbarte <strong>Pausenregeln<\/strong>.<\/span><\/li>\n<li><span style=\"color: #000000\">Wir beachten die <strong>Toilettenregeln<\/strong>.<\/span><\/li>\n<li><span style=\"color: #000000\">Wir halten unsere Schule und den Schulhof sauber und besch\u00e4digen keine Pflanzen.<\/span><\/li>\n<\/ul>\n<p style=\"text-align: justify\"><span style=\"color: #000000\">Erg\u00e4nzend gelten:\u00a0 Klassenregeln, Pausenregeln, Toilettenregeln, Computernutzungsordnung, Regeln f\u00fcr den Umgang mit elektronischen Ger\u00e4ten, Waffenerlass, Regeln f\u00fcr den Nachmittagsbereich.<\/span><\/p>\n","protected":false},"excerpt":{"rendered":"<p>Wir wollen uns alle in unserer Schule wohl f\u00fchlen, in Ruhe lernen, lehren und zusammen leben. Umgang miteinander Lernen, arbeiten und Spa\u00df haben k\u00f6nnen wir nur dort, wo wir freundlich,\u00a0offen und r\u00fccksichtsvoll miteinander umgehen. \u00a0\u00a0\u00a0\u00a0 Probleme k\u00f6nnen wir in Ruhe und gemeinsam l\u00f6sen. Deshalb: Wir halten zusammen und arbeiten und spielen miteinander. Wir helfen einander. [&hellip;]<\/p>\n","protected":false},"author":9193454,"featured_media":0,"parent":0,"menu_order":0,"comment_status":"closed","ping_status":"closed","template":"","meta":{"footnotes":""},"class_list":["post-46","page","type-page","status-publish","hentry"],"_links":{"self":[{"href":"https:\/\/wordpress.nibis.de\/gsisolde\/wp-json\/wp\/v2\/pages\/46","targetHints":{"allow":["GET"]}}],"collection":[{"href":"https:\/\/wordpress.nibis.de\/gsisolde\/wp-json\/wp\/v2\/pages"}],"about":[{"href":"https:\/\/wordpress.nibis.de\/gsisolde\/wp-json\/wp\/v2\/types\/page"}],"author":[{"embeddable":true,"href":"https:\/\/wordpress.nibis.de\/gsisolde\/wp-json\/wp\/v2\/users\/9193454"}],"replies":[{"embeddable":true,"href":"https:\/\/wordpress.nibis.de\/gsisolde\/wp-json\/wp\/v2\/comments?post=46"}],"version-history":[{"count":4,"href":"https:\/\/wordpress.nibis.de\/gsisolde\/wp-json\/wp\/v2\/pages\/46\/revisions"}],"predecessor-version":[{"id":585,"href":"https:\/\/wordpress.nibis.de\/gsisolde\/wp-json\/wp\/v2\/pages\/46\/revisions\/585"}],"wp:attachment":[{"href":"https:\/\/wordpress.nibis.de\/gsisolde\/wp-json\/wp\/v2\/media?parent=46"}],"curies":[{"name":"wp","href":"https:\/\/api.w.org\/{rel}","templated":true}]}}