{"id":53,"date":"2020-03-20T14:49:57","date_gmt":"2020-03-20T13:49:57","guid":{"rendered":"https:\/\/wordpress.nibis.de\/gsisolde\/?page_id=53"},"modified":"2020-09-17T19:07:34","modified_gmt":"2020-09-17T17:07:34","slug":"schulverein-sponsoren-und-spender-schulvorstand","status":"publish","type":"page","link":"https:\/\/wordpress.nibis.de\/gsisolde\/schulverein-sponsoren-und-spender-schulvorstand\/","title":{"rendered":"F\u00f6rderverein der Grundschule Isoldestra\u00dfe Braunschweig e.V."},"content":{"rendered":"<p style=\"text-align: justify\"><span style=\"color: #000000\">Die Grundschule Isoldestra\u00dfe hat einen F\u00f6rderverein, der sich f\u00fcr die Belange der Schule einsetzt und versucht, diese nach M\u00f6glichkeiten finanzell und praktisch bei der Umsetzung von Vorhaben und Veranstaltungen zu unterst\u00fctzen.<\/span><\/p>\n<p style=\"text-align: justify\"><span style=\"color: #000000\">Dazu geh\u00f6ren z.B.<\/span><\/p>\n<ul style=\"list-style-type: square;text-align: justify\">\n<li><span style=\"color: #000000\">Anschaffungen von Sport- und Spielger\u00e4ten<\/span><\/li>\n<li><span style=\"color: #000000\">Anschaffungen von Musikinstrumenten<\/span><\/li>\n<li><span style=\"color: #000000\">Erg\u00e4nzung von Unterrichtsmaterialien<\/span><\/li>\n<li><span style=\"color: #000000\">Versch\u00f6nerung unserer Schulanlage<\/span><\/li>\n<li><span style=\"color: #000000\">Unterst\u00fctzung von Unterrichtsprojekten<\/span><\/li>\n<li><span style=\"color: #000000\">Hilfe in der t\u00e4glichen Unterrichts- und Betreuungszeit<\/span><\/li>\n<li><span style=\"color: #000000\">Unterst\u00fctzung bei Schul- und Sportfesten<\/span><\/li>\n<\/ul>\n<p style=\"text-align: justify\"><span style=\"color: #000000\">Mitglied des F\u00f6rdervereins kann jeder werden, der die Ziele unterst\u00fctzen m\u00f6chte. Dieses kann in materieller Form oder durch pers\u00f6nliches Engagement geschehen.<\/span><\/p>\n<p style=\"text-align: justify\"><span style=\"color: #000000\">Werden Sie Mitglied im F\u00f6rderverein!<\/span><\/p>\n<p style=\"text-align: justify\"><span style=\"color: #000000\">Wir brauchen auch Ihre Hilfe und Unterst\u00fctzung, um weiter so erfolgreich f\u00fcr ihre Kinder zu sein!<\/span><\/p>\n<p style=\"text-align: justify\"><span style=\"color: #000000\">Wir k\u00f6nnen der Schule bei Projekten helfen und unterst\u00fctzen Sch\u00fclerinnen und Sch\u00fcler.<\/span><\/p>\n<p style=\"text-align: justify\"><span style=\"color: #000000\">\u00dcber Ihren Beitritt zum F\u00f6rderverein der Grundschule Isoldestra\u00dfe w\u00fcrden wir uns sehr freuen. Ein Beitrittsformular finden Sie im <a href=\"https:\/\/wordpress.nibis.de\/gsisolde\/elterninformationen\/\" target=\"_blank\" rel=\"noopener noreferrer\"><span style=\"color: #000000\">Downloadbereich<\/span><\/a>. Der Mitgliedsbeitrag betr\u00e4gt 1\u20ac monatlich.<\/span><\/p>\n<p style=\"text-align: justify\"><span style=\"color: #000000\">Der F\u00f6rderverein ist ein gemeinn\u00fctziger Verein. Die Spenden und Mitgliedsbeitr\u00e4ge sind daher steuerlich absetzbar. Die Mitgliedschaft kann jederzeit schriftlich und formlos gek\u00fcndigt werden.<\/span><\/p>\n<p style=\"text-align: justify\"><span style=\"color: #000000\"><strong>\u00a0<\/strong><\/span><\/p>\n<p style=\"text-align: justify\">\n","protected":false},"excerpt":{"rendered":"<p>Die Grundschule Isoldestra\u00dfe hat einen F\u00f6rderverein, der sich f\u00fcr die Belange der Schule einsetzt und versucht, diese nach M\u00f6glichkeiten finanzell und praktisch bei der Umsetzung von Vorhaben und Veranstaltungen zu unterst\u00fctzen. Dazu geh\u00f6ren z.B. Anschaffungen von Sport- und Spielger\u00e4ten Anschaffungen von Musikinstrumenten Erg\u00e4nzung von Unterrichtsmaterialien Versch\u00f6nerung unserer Schulanlage Unterst\u00fctzung von Unterrichtsprojekten Hilfe in der t\u00e4glichen [&hellip;]<\/p>\n","protected":false},"author":9193454,"featured_media":0,"parent":0,"menu_order":0,"comment_status":"closed","ping_status":"closed","template":"","meta":{"footnotes":""},"class_list":["post-53","page","type-page","status-publish","hentry"],"_links":{"self":[{"href":"https:\/\/wordpress.nibis.de\/gsisolde\/wp-json\/wp\/v2\/pages\/53","targetHints":{"allow":["GET"]}}],"collection":[{"href":"https:\/\/wordpress.nibis.de\/gsisolde\/wp-json\/wp\/v2\/pages"}],"about":[{"href":"https:\/\/wordpress.nibis.de\/gsisolde\/wp-json\/wp\/v2\/types\/page"}],"author":[{"embeddable":true,"href":"https:\/\/wordpress.nibis.de\/gsisolde\/wp-json\/wp\/v2\/users\/9193454"}],"replies":[{"embeddable":true,"href":"https:\/\/wordpress.nibis.de\/gsisolde\/wp-json\/wp\/v2\/comments?post=53"}],"version-history":[{"count":11,"href":"https:\/\/wordpress.nibis.de\/gsisolde\/wp-json\/wp\/v2\/pages\/53\/revisions"}],"predecessor-version":[{"id":643,"href":"https:\/\/wordpress.nibis.de\/gsisolde\/wp-json\/wp\/v2\/pages\/53\/revisions\/643"}],"wp:attachment":[{"href":"https:\/\/wordpress.nibis.de\/gsisolde\/wp-json\/wp\/v2\/media?parent=53"}],"curies":[{"name":"wp","href":"https:\/\/api.w.org\/{rel}","templated":true}]}}