{"id":628,"date":"2020-08-24T08:34:03","date_gmt":"2020-08-24T06:34:03","guid":{"rendered":"https:\/\/wordpress.nibis.de\/gsisolde\/?page_id=628"},"modified":"2020-08-24T08:40:33","modified_gmt":"2020-08-24T06:40:33","slug":"inklusion-und-sonderpaedagogischer-unterstuetzungsbedarf","status":"publish","type":"page","link":"https:\/\/wordpress.nibis.de\/gsisolde\/inklusion-und-sonderpaedagogischer-unterstuetzungsbedarf\/","title":{"rendered":"Inklusion"},"content":{"rendered":"\n<p style=\"text-align: justify\"><span style=\"color: #000000\"><strong>Inklusion \u2013 Was ist das \u00fcberhaupt?<\/strong><\/span><\/p>\n<p style=\"text-align: justify\"><span style=\"color: #000000\">2009 unterschrieb die Bundesrepublik Deutschland die UN-Behindertenrechtskonvention, in der vor allem der Artikel 24 f\u00fcr die Bildungspolitik entscheidend ist. Demnach ist das Ziel, dass alle Kinder und Jugendliche in unserer Gesellschaft ohne Einschr\u00e4nkung teilnehmen sollen. Allen Kindern und Jugendlichen werden dadurch die gleichen Chancen auf Bildung geboten.<\/span><\/p>\n<p style=\"text-align: justify\">\u00a0<\/p>\n<p style=\"text-align: justify\"><span style=\"color: #000000\"><strong>Was bedeutet das f\u00fcr unsere Schule?<\/strong><\/span><\/p>\n<p style=\"text-align: justify\"><span style=\"color: #000000\">Wir Lehrkr\u00e4fte und Mitarbeiter der Grundschule Isoldestra\u00dfe haben das Ziel, allen Sch\u00fclerInnen die bestm\u00f6gliche F\u00f6rderung und Unterst\u00fctzung anzubieten. Dies gelingt vor allem dadurch, dass an unserer Schule Grundschullehrkr\u00e4fte (Fachlehrer, Klassenlehrer), F\u00f6rderschullehrkr\u00e4fte und ein Sozialp\u00e4dagoge arbeitet. Durch diese verschiedenen Professionen unseres Kollegiums bietet sich die Chance, alle Kinder ganzheitlich zu betrachten. Das bedeutet, dass eine Fachlehrkraft andere F\u00e4higkeiten erkennt, als zum Beispiel eine F\u00f6rderschullehrkraft. Durch einen stetigen Austausch k\u00f6nnen F\u00f6rder- und Forderm\u00f6glichkeiten abgesprochen werden.<\/span><\/p>\n<p style=\"text-align: justify\"><span style=\"color: #000000\">Durch die Ver\u00e4nderungen im Zuge der Inklusion stehen zwei Schwerpunkte im Mittelpunkt \u2013 die Intervention und die Pr\u00e4vention. Demnach ist das Unterst\u00fctzen von Sch\u00fclerInnen mit und ohne FUnterst\u00fctzungsbedarfs genauso Aufgabe unseres Kollegiums wie auch das fr\u00fchzeitige Erkennen von St\u00e4rken und Schw\u00e4chen und flexibel darauf zu reagieren. Dadurch k\u00f6nnen fr\u00fchzeitig Unterst\u00fctzungsma\u00dfnahmen und Beratung gegeben und alle Sch\u00fclerInnen bestm\u00f6glich unterst\u00fctzt werden. Der Unterricht orientiert sich dabei an Differenzierung (unterschiedliche Schwierigkeitsgrade im Unterricht) und Individualisierung (Unterricht wird an den F\u00e4higkeiten der Sch\u00fclerInnen ausgerichtet).<\/span><\/p>\n<p style=\"text-align: justify\">\u00a0<\/p>\n<p style=\"text-align: justify\"><span style=\"color: #000000\"><strong>Und wie lebt unsere Schule Inklusion jetzt konkret?<\/strong><\/span><\/p>\n<p style=\"text-align: justify\"><span style=\"color: #000000\">Sonderp\u00e4dagogische Grundversorgung:<\/span><\/p>\n<p style=\"text-align: justify\"><span style=\"color: #000000\">In Braunschweig \u00fcberwiegt das Konzept der sonderp\u00e4dagogischen Grundversorgung. Das bedeutet, dass jede Klasse neben der Klassen- oder Fachlehrkraft eine bestimmte Anzahl an Stunden einer F\u00f6rderschullehrkraft bekommt. Im Moment sind an unsere Schule zwei F\u00f6rderschullehrerInnen abgeordnet, die Lehrkr\u00e4fte, Sch\u00fclerInnen und Eltern in sonderp\u00e4dagogischen Angelegenheiten beraten und unterst\u00fctzen. Die Klassen bekommen dabei grunds\u00e4tzlich den gleichen Umfang an Ressourcen bereit gestellt, je nach Situation k\u00f6nnen jedoch einige Klassen intensiver betreut werden. Unsere Devise dabei ist p\u00e4dagogisch flexibel zu agieren und Ressourcen dort zu verankern, wo sie gebraucht werden. Durch diese Herangehensweise f\u00fchlen sich alle Lehrkr\u00e4fte f\u00fcr alle Sch\u00fclerInnen verantwortlich. Ein Zusammenarbeit in multiprofessionellen Teams wird dadurch gelebt, indem durch den Austausch mehrerer Lehrkr\u00e4fte eine intensive Lernplanungen f\u00fcr einzelne Sch\u00fclerInnen m\u00f6glich ist.<\/span><\/p>\n<p style=\"text-align: justify\"><span style=\"color: #000000\">Aufgabenfelder:<\/span><\/p>\n<ul style=\"text-align: justify\">\n<li><span style=\"color: #000000\">Einzel- und Kleingruppenf\u00f6rderung: Je nach Schwerpunkt werden innerhalb des Unterrichts zus\u00e4tzliche F\u00f6rderm\u00f6glichkeiten in den Hauptf\u00e4chern und dem Bereich Sprache verankert. Thema ist dabei immer die Aufarbeitung aktuellem Unterrichtsstoffs (Pr\u00e4vention) oder die Sicherung von Grundlagen (Intervention).<\/span><\/li>\n<li><span style=\"color: #000000\">F\u00f6rderplanung: F\u00fcr einzelne Sch\u00fclerInnen werden F\u00f6rderpl\u00e4ne konzipiert, um wichtige Kompetenzen zu sichern und individuell aufzubereiten.<\/span><\/li>\n<li><span style=\"color: #000000\">Beratung: Alle Lehrkr\u00e4fte stehen Eltern und Sch\u00fclerInnen zur Beratung zur Verf\u00fcgung. Die Anl\u00e4sse k\u00f6nnen vielf\u00e4ltig sein: Lernstand, Lernbeobachtung, sonderp\u00e4dagogischer Unterst\u00fctzungsbedarf, zus\u00e4tzliche Hilfen u.v.m.<\/span><\/li>\n<li><span style=\"color: #000000\">Diagnostik: Um den Lernstand und die -entwicklung zu erfassen, werden Beobachtungen im Unterricht durchgef\u00fchrt und in Einzelsituationen \u00dcbungen durchgef\u00fchrt.<\/span><\/li>\n<li><span style=\"color: #000000\">Wochen- und Arbeitspl\u00e4ne: Kinder mit festgestelltem sonderp\u00e4dagogischem Unterst\u00fctzungsbedarf Lernen arbeiten in den Hauptf\u00e4chern mit einem Wochenplan. Dieser ist auf den Leistungsstand individuell zugeschnitten.<\/span><\/li>\n<li><span style=\"color: #000000\">Schulsozialarbeit: Als zus\u00e4tzliche Unterst\u00fctzung bietet unsere Schulsozialarbeit (siehe Schulsozialarbeit). Da unser Schulsozialarbeiter keine Lehrkraft ist und dadurch einen anderen Blickwinkel einbringt, wird unsere F\u00f6rderpraxis gewinnbringend erg\u00e4nzt.<\/span><\/li>\n<\/ul>\n<p>\u00a0<\/p>\n<p style=\"text-align: justify\"><span style=\"color: #000000\">Verantwortlichkeiten:<\/span><\/p>\n<p style=\"text-align: justify\"><span style=\"color: #000000\">Grunds\u00e4tzlich gilt: Alle Lehrkr\u00e4fte sind f\u00fcr alle Sch\u00fclerInnen verantwortlich. Deswegen sprechen die Lehrkr\u00e4fte je nach Einzelfall ab, wer welche Aufgabe \u00fcbernimmt. Trotzdem ergeben sich bestimmte Zust\u00e4ndigkeiten:<\/span><\/p>\n<p style=\"text-align: justify\"><span style=\"color: #000000\"><u>Grundschullehrkr\u00e4fte:<\/u> Klassenleitung, Fachunterricht<\/span><\/p>\n<p style=\"text-align: justify\"><span style=\"color: #000000\"><u>F\u00f6rderschullehrkr\u00e4fte<\/u>: Durchf\u00fchrung und Beratung beim Feststellungsverfahren f\u00fcr sonderp\u00e4dagogischen Unterst\u00fctzungsbedarf, Gestaltung von Wochenpl\u00e4nen bei Sch\u00fclerInnen mit sonderp\u00e4dagogischen Unterst\u00fctzungsbedarf Lernen<\/span><\/p>\n<p style=\"text-align: justify\"><span style=\"color: #000000\"><u>Schulsozialarbeit:<\/u> au\u00dferunterrichtliche F\u00f6rderung<\/span><\/p>\n<p style=\"text-align: justify\"><span style=\"color: #000000\"><u>Gemeinsame Aufgaben<\/u>: Diagnostik, Lernplanung, Beratung, F\u00f6rderplanung und Leistungsbeurteilung, Sprachf\u00f6rderung<\/span><\/p>\n<p>\u00a0<\/p>\n<p style=\"text-align: justify\"><span style=\"color: #000000\"><strong>Weiterf\u00fchrende Informationen<\/strong><\/span><\/p>\n<p style=\"text-align: justify\"><span style=\"color: #000000\">Wenn Sie weitere Informationen ben\u00f6tigen, wenden Sie sich gerne an unsere Schule. Auch die nieders\u00e4chsische Landesschulbeh\u00f6rde gibt Antworten auf Fragen rund um das Thema Inklusion:<\/span><\/p>\n<p><span style=\"color: #ffffff\"><a style=\"color: #ffffff\" href=\"https:\/\/www.mk.niedersachsen.de\/download\/67750\/Die_wichtigsten_Fragen_und_Antworten_zur_inklusiven_Schule.pdf\">https:\/\/www.mk.niedersachsen.de\/download\/67750\/Die_wichtigsten_Fragen_und_Antworten_zur_inklusiven_Schule.pdf<\/a><\/span><\/p>\n<p><a href=\"https:\/\/www.mk.niedersachsen.de\/download\/67750\/Die_wichtigsten_Fragen_und_Antworten_zur_inklusiven_Schule.pdf\"><span style=\"color: #ffffff\">https:\/\/www.mk.niedersachsen.de\/download\/67750\/Die_wichtigsten_Fragen_und_Antworten_zur_inklusiven_Schule.pdf<\/span><\/a><\/p>\n<p><span style=\"color: #000000\">(Link einfach anklicken, Sie werden weitergeleitet)<\/span><\/p>\n<p>\u00a0<\/p>\n<p style=\"text-align: justify\">\u00a0<\/p>\n","protected":false},"excerpt":{"rendered":"<p>Inklusion \u2013 Was ist das \u00fcberhaupt? 2009 unterschrieb die Bundesrepublik Deutschland die UN-Behindertenrechtskonvention, in der vor allem der Artikel 24 f\u00fcr die Bildungspolitik entscheidend ist. Demnach ist das Ziel, dass alle Kinder und Jugendliche in unserer Gesellschaft ohne Einschr\u00e4nkung teilnehmen sollen. Allen Kindern und Jugendlichen werden dadurch die gleichen Chancen auf Bildung geboten. \u00a0 Was [&hellip;]<\/p>\n","protected":false},"author":9193454,"featured_media":0,"parent":0,"menu_order":0,"comment_status":"closed","ping_status":"closed","template":"","meta":{"footnotes":""},"class_list":["post-628","page","type-page","status-publish","hentry"],"_links":{"self":[{"href":"https:\/\/wordpress.nibis.de\/gsisolde\/wp-json\/wp\/v2\/pages\/628","targetHints":{"allow":["GET"]}}],"collection":[{"href":"https:\/\/wordpress.nibis.de\/gsisolde\/wp-json\/wp\/v2\/pages"}],"about":[{"href":"https:\/\/wordpress.nibis.de\/gsisolde\/wp-json\/wp\/v2\/types\/page"}],"author":[{"embeddable":true,"href":"https:\/\/wordpress.nibis.de\/gsisolde\/wp-json\/wp\/v2\/users\/9193454"}],"replies":[{"embeddable":true,"href":"https:\/\/wordpress.nibis.de\/gsisolde\/wp-json\/wp\/v2\/comments?post=628"}],"version-history":[{"count":4,"href":"https:\/\/wordpress.nibis.de\/gsisolde\/wp-json\/wp\/v2\/pages\/628\/revisions"}],"predecessor-version":[{"id":633,"href":"https:\/\/wordpress.nibis.de\/gsisolde\/wp-json\/wp\/v2\/pages\/628\/revisions\/633"}],"wp:attachment":[{"href":"https:\/\/wordpress.nibis.de\/gsisolde\/wp-json\/wp\/v2\/media?parent=628"}],"curies":[{"name":"wp","href":"https:\/\/api.w.org\/{rel}","templated":true}]}}