{"id":679,"date":"2020-10-18T16:58:02","date_gmt":"2020-10-18T14:58:02","guid":{"rendered":"https:\/\/wordpress.nibis.de\/gsisolde\/?page_id=679"},"modified":"2020-10-18T16:58:02","modified_gmt":"2020-10-18T14:58:02","slug":"datenschutzerklaerung","status":"publish","type":"page","link":"https:\/\/wordpress.nibis.de\/gsisolde\/datenschutzerklaerung\/","title":{"rendered":"Datenschutzerkl\u00e4rung"},"content":{"rendered":"<p style=\"text-align: justify\"><span style=\"color: #000000\"><strong>I. Name und Anschrift des Verantwortlichen<br \/>\n<\/strong>Grundschule Isoldestra\u00dfe<\/span><br \/>\n<span style=\"color: #000000\">Isoldestra\u00dfe 60<\/span><br \/>\n<span style=\"color: #000000\">38106 Braunschweig<\/span><br \/>\n<span style=\"color: #000000\">Telefon: <span class=\"bs-contact__contact__line bs-contact__contact__line--phone\">0531 2322722<\/span><\/span><br \/>\n<span style=\"color: #000000\">E-Mail: <span class=\"bs-contact__contact__line bs-contact__contact__line--email\"><a style=\"color: #000000\" href=\"mailto:gs.isoldestrasse%E2%9A%B9braunschweig%E2%97%A6de\" data-sp-email=\"\">&#103;&#115;&#x2e;i&#115;&#x6f;&#x6c;d&#101;&#x73;&#x74;r&#97;&#x73;s&#101;&#x40;&#x62;r&#97;&#x75;&#x6e;s&#99;&#x68;w&#101;&#x69;&#x67;&#46;&#100;&#x65;<\/a><\/span><\/span><\/p>\n<p style=\"text-align: justify\"><span style=\"color: #000000\"><strong>Vertretungsberechtigt<\/strong><\/span><br \/>\n<span style=\"color: #000000\">Susanne Bertram, Schulleiterin<\/span><\/p>\n<p style=\"text-align: justify\"><span style=\"color: #000000\"><strong>II. Kontaktdaten der oder des beh\u00f6rdlichen Datenschutzbeauftragten<br \/>\n<\/strong>Tel.:<\/span><br \/>\n<span style=\"color: #000000\">E-Mail:<\/span><\/p>\n<p style=\"text-align: justify\"><span style=\"color: #000000\"><strong>III. Name und Anschrift unseres Host-Providers<br \/>\n<\/strong>Nieders\u00e4chsisches Landesinstitut f\u00fcr schulische Qualit\u00e4tsentwicklung (NLQ) vertreten durch die Pr\u00e4sidentin Frau Dr. Elke Richlick<\/span><br \/>\n<span style=\"color: #000000\">Ke\u00dflerstra\u00dfe 52<\/span><br \/>\n<span style=\"color: #000000\">31134 Hildesheim<\/span><\/p>\n<p style=\"text-align: justify\"><span style=\"color: #000000\"><strong>IV. Bereitstellung der Website und Erstellung von Logfiles<br \/>\n<\/strong>Bei jedem Aufruf unserer Internetseite erfasst unser System automatisiert Daten und Informationen vom Computersystem des aufrufenden Rechners. Folgende Daten werden hierbei erhoben:<\/span><\/p>\n<p style=\"text-align: justify\"><span style=\"color: #000000\">(1) Datum und Uhrzeit des Zugriffes<\/span><br \/>\n<span style=\"color: #000000\">(2) Vom System protokollierte Fehler beim Aufruf unserer Seiten<\/span><br \/>\n<span style=\"color: #000000\">(3) Die IP-Adresse des Nutzers<\/span><br \/>\n<span style=\"color: #000000\">(4) Die Betriebssystemversion des Nutzers<\/span><br \/>\n<span style=\"color: #000000\">(5) Der Browsertyp des Nutzers<\/span><br \/>\n<span style=\"color: #000000\">(6) Die vom Nutzer aufgerufene Seite<\/span><br \/>\n<span style=\"color: #000000\">(7) Die Weiterleitung auf eine externe Seite<\/span><\/p>\n<p style=\"text-align: justify\"><span style=\"color: #000000\">Die Daten werden in den Logfiles gespeichert. Eine Speicherung dieser Daten zusammen mit anderen personenbezogenen Daten des Nutzers findet nicht statt. Zweck der Datenspeicherung ist technische Optimierung unserer Internetseite. Rechtsgrundlage f\u00fcr die vor\u00fcbergehende Speicherung der Daten ist Art. 6 Abs.1 lit.f DSGVO.<\/span><\/p>\n<p style=\"text-align: justify\"><span style=\"color: #000000\">Die Daten werden f\u00fcr 52 Wochen gespeichert, sie werden lediglich statistisch ausgewertet. Danach werden sie gel\u00f6scht.<\/span><\/p>\n<p style=\"text-align: justify\"><span style=\"color: #000000\"><strong>V. Verwendung von Cookies<br \/>\n<\/strong>Beim Anmelden in WordPress werden Cookies eingerichtet, um die Anmeldeinformationen und Anzeigeoptionen zu speichern. Anmelde-Cookies verfallen nach zwei Tagen und Cookies f\u00fcr die Anzeigeoptionen nach einem Jahr. Falls Sie bei der Anmeldung \u201eAngemeldet bleiben\u201c ausgew\u00e4hlt haben, wird Ihre Anmeldung zwei Wochen lang aufrechterhalten. Mit der Abmeldung aus Ihrem Konto werden die Anmelde-Cookies gel\u00f6scht.<\/span><\/p>\n<p style=\"text-align: justify\"><span style=\"color: #000000\"><strong>VI. Speicherung personenbezogener Daten bei Kontaktaufnahme<br \/>\n<\/strong>Sofern Sie per E-Mail den Kontakt mit uns aufnehmen, werden die von Ihnen \u00fcbermittelten personenbezogenen Daten automatisch gespeichert. Diese Daten werden f\u00fcr Zwecke der Bearbeitung Ihres Anliegens und der Kontaktaufnahme mit Ihnen gespeichert.<\/span><\/p>\n<p style=\"text-align: justify\"><span style=\"color: #000000\">Wenn Sie Gebrauch von unserem Kontaktformular machen, werden die folgenden personenbezogenen Daten von Ihnen gespeichert: Ihr Name, Ihre Anschrift, Ihre E-Mail-Adresse.<\/span><\/p>\n<p style=\"text-align: justify\"><span style=\"color: #000000\">Die L\u00f6schung der Daten erfolgt, sobald deren Speicherung f\u00fcr die Bearbeitung Ihres Anliegens nicht mehr erforderlich ist.<\/span><\/p>\n<p style=\"text-align: justify\"><span style=\"color: #000000\"><strong>VII. Kontaktformulare<br \/>\n<\/strong>Wenn Sie einen Kommentar auf unserer Website schreiben, kann das eine Einwilligung sein, Ihren Namen, E-Mailadresse und Website in Cookies zu speichern. Dies ist eine Komfortfunktion, damit Sie nicht, wenn Sie einen weiteren Kommentar schreiben, all diese Daten erneut eingeben m\u00fcssen. Diese Cookies werden ein Jahr lang gespeichert.<\/span><\/p>\n<p style=\"text-align: justify\"><span style=\"color: #000000\"><strong>VIII. Medien<br \/>\n<\/strong>Wenn Sie ein registrierter Benutzer sind und Fotos auf diese Website laden, sollten Sie vermeiden Fotos mit einer EXIF-GPS-Standort hochzuladen. Besucher dieser Website k\u00f6nnten Fotos, die auf dieser Website gespeichert sind, herunterladen und deren Standort-Informationen extrahieren.<\/span><\/p>\n<p style=\"text-align: justify\"><span style=\"color: #000000\"><strong>IX. Eingebettete Inhalte von anderen Websites<br \/>\n<\/strong>Beitr\u00e4ge auf dieser Website k\u00f6nnen eingebettete Inhalte beinhalten (z. B. Videos, Bilder, Beitr\u00e4ge etc.). Eingebettete Inhalte von anderen Websites verhalten sich exakt so, als ob der Besucher die andere Website besucht h\u00e4tte.<\/span><br \/>\n<span style=\"color: #000000\">Diese Websites k\u00f6nnen Daten \u00fcber Sie sammeln, Cookies benutzen, zus\u00e4tzliche Tracking-Dienste von Dritten einbetten und Ihre Interaktion mit diesem eingebetteten Inhalt aufzeichnen, inklusive Ihrer Interaktion mit dem eingebetteten Inhalt, falls Sie ein Konto haben und auf dieser Website angemeldet sind.\u201c<\/span><\/p>\n<p style=\"text-align: justify\"><span style=\"color: #000000\"><strong>X. Betroffenenrechte<br \/>\n<\/strong>Sie k\u00f6nnen folgende Rechte geltend machen:<\/span><\/p>\n<p style=\"text-align: justify\"><span style=\"color: #000000\"><em>\u2022 Auskunft\/ Akteneinsicht<\/em><\/span><br \/>\n<span style=\"color: #000000\">Gem. Art. 15 DSGVO haben Sie das Recht, Auskunft bzw. Akteneinsicht \u00fcber die von uns verarbeiteten personenbezogenen Daten zu erhalten.<\/span><\/p>\n<p style=\"text-align: justify\"><span style=\"color: #000000\"><em>\u2022 Berichtigung<\/em><\/span><br \/>\n<span style=\"color: #000000\">Sind bei uns gespeicherte personenbezogene Daten unrichtig oder unvollst\u00e4ndig, haben Sie gem. Art. 16 DSGVO das Recht, diese berichtigen bzw. vervollst\u00e4ndigen zu lassen.<\/span><\/p>\n<p style=\"text-align: justify\"><span style=\"color: #000000\"><em>\u2022 L\u00f6schung<\/em><\/span><br \/>\n<span style=\"color: #000000\">Art. 17 DSGVO normiert das Recht auf L\u00f6schung personenbezogener Daten. Dieses Recht steht Ihnen insbesondere dann zu, wenn die Speicherung der personenbezogenen Daten zur Erf\u00fcllung unserer gesetzlichen Aufgaben nicht mehr erforderlich ist oder Sie Ihre Einwilligung zur Datenverarbeitung mit Wirkung f\u00fcr die Zukunft widerrufen haben.<\/span><\/p>\n<p style=\"text-align: justify\"><span style=\"color: #000000\"><em>\u2022 Einschr\u00e4nkung der Verarbeitung<\/em><\/span><br \/>\n<span style=\"color: #000000\">Gem. Art. 18 DSGVO k\u00f6nnen Sie die Einschr\u00e4nkung der personenbezogenen Daten verlangen, wenn<\/span><br \/>\n<span style=\"color: #000000\">\u2013 die Richtigkeit der Daten von Ihnen bestritten wird<\/span><br \/>\n<span style=\"color: #000000\">\u2013 die Verarbeitung unrechtm\u00e4\u00dfig ist, Sie aber deren L\u00f6schung ablehnen<\/span><br \/>\n<span style=\"color: #000000\">\u2013 wir die Daten nicht mehr ben\u00f6tigen, Sie jedoch diese zur Geltendmachung, Aus\u00fcbung oder Verteidigung von Rechtsanspr\u00fcchen ben\u00f6tigen<\/span><br \/>\n<span style=\"color: #000000\">\u2013 oder Sie gem\u00e4\u00df Art. 21 DSGVO Widerspruch gegen die Verarbeitung eingelegt haben<\/span><\/p>\n<p style=\"text-align: justify\"><span style=\"color: #000000\"><em>\u2022 Widerspruch<\/em><\/span><br \/>\n<span style=\"color: #000000\">Sie k\u00f6nnen bei Gr\u00fcnden, die sich aus Ihrer besonderen Situation ergeben, ein Widerspruchsrecht geltend machen. Gem. Art. 21 DSGVO ist jedoch zu ber\u00fccksichtigten, ob schutzw\u00fcrdige Gr\u00fcnde f\u00fcr die Verarbeitung vorliegen oder die Verarbeitung der Geltendmachung, Aus\u00fcbung oder Verteidigung von Rechtsanspr\u00fcchen dient.<\/span><\/p>\n<p style=\"text-align: justify\"><span style=\"color: #000000\"><em>\u2022 Daten\u00fcbertragbarkeit<\/em><\/span><br \/>\n<span style=\"color: #000000\">Ist die Verarbeitung Ihrer Daten mit Hilfe eines automatisierten Verfahrens erfolgt, haben Sie gem. Art. 20 DSGVO das Recht, die Daten in einem g\u00e4ngigen und maschinenlesbaren Format zu erhalten und an eine andere Schule zu \u00fcbermitteln bzw. durch uns \u00fcbermitteln zu lassen.<\/span><\/p>\n<p style=\"text-align: justify\"><span style=\"color: #000000\"><em>\u2022 Widerruf der Einwilligung<\/em><\/span><br \/>\n<span style=\"color: #000000\">Sie haben gem. Art. 7 Absatz 3 DSGVO das Recht, uns erteilte Einwilligungen jederzeit mit Wirkung f\u00fcr die Zukunft zu widerrufen.<\/span><\/p>\n<p style=\"text-align: justify\"><span style=\"color: #000000\"><em>\u2022 Beschwerde<\/em><\/span><br \/>\n<span style=\"color: #000000\">Art. 77 DSGVO normiert ein Beschwerderecht bei der Aufsichtsbeh\u00f6rde. Die f\u00fcr uns zust\u00e4ndige Aufsichtsbeh\u00f6rde ist die Landesbeauftragte f\u00fcr den Datenschutz Niedersachsen, Prinzenstra\u00dfe 5, 30159 Hannover. E-Mail: post&#115;&#116;&#101;&#108;&#108;&#101;&#64;&#x6c;&#x66;&#x64;&#x2e;&#x6e;&#x69;&#x65;&#x64;&#x65;rsac&#104;&#115;&#101;&#110;&#46;&#100;&#101;<\/span><\/p>\n","protected":false},"excerpt":{"rendered":"<p>I. Name und Anschrift des Verantwortlichen Grundschule Isoldestra\u00dfe Isoldestra\u00dfe 60 38106 Braunschweig Telefon: 0531 2322722 E-Mail: &#x67;&#x73;&#x2e;&#x69;&#115;&#111;lde&#x73;&#x74;&#x72;&#x61;&#115;&#115;e&#64;b&#x72;&#x61;&#x75;&#x6e;&#115;&#99;&#104;we&#x69;&#x67;&#x2e;&#x64;&#101; Vertretungsberechtigt Susanne Bertram, Schulleiterin II. Kontaktdaten der oder des beh\u00f6rdlichen Datenschutzbeauftragten Tel.: E-Mail: III. Name und Anschrift unseres Host-Providers Nieders\u00e4chsisches Landesinstitut f\u00fcr schulische Qualit\u00e4tsentwicklung (NLQ) vertreten durch die Pr\u00e4sidentin Frau Dr. Elke Richlick Ke\u00dflerstra\u00dfe 52 31134 Hildesheim IV. [&hellip;]<\/p>\n","protected":false},"author":9193454,"featured_media":0,"parent":0,"menu_order":0,"comment_status":"closed","ping_status":"closed","template":"","meta":{"footnotes":""},"class_list":["post-679","page","type-page","status-publish","hentry"],"_links":{"self":[{"href":"https:\/\/wordpress.nibis.de\/gsisolde\/wp-json\/wp\/v2\/pages\/679","targetHints":{"allow":["GET"]}}],"collection":[{"href":"https:\/\/wordpress.nibis.de\/gsisolde\/wp-json\/wp\/v2\/pages"}],"about":[{"href":"https:\/\/wordpress.nibis.de\/gsisolde\/wp-json\/wp\/v2\/types\/page"}],"author":[{"embeddable":true,"href":"https:\/\/wordpress.nibis.de\/gsisolde\/wp-json\/wp\/v2\/users\/9193454"}],"replies":[{"embeddable":true,"href":"https:\/\/wordpress.nibis.de\/gsisolde\/wp-json\/wp\/v2\/comments?post=679"}],"version-history":[{"count":1,"href":"https:\/\/wordpress.nibis.de\/gsisolde\/wp-json\/wp\/v2\/pages\/679\/revisions"}],"predecessor-version":[{"id":680,"href":"https:\/\/wordpress.nibis.de\/gsisolde\/wp-json\/wp\/v2\/pages\/679\/revisions\/680"}],"wp:attachment":[{"href":"https:\/\/wordpress.nibis.de\/gsisolde\/wp-json\/wp\/v2\/media?parent=679"}],"curies":[{"name":"wp","href":"https:\/\/api.w.org\/{rel}","templated":true}]}}