{"id":70,"date":"2020-03-20T15:08:26","date_gmt":"2020-03-20T14:08:26","guid":{"rendered":"https:\/\/wordpress.nibis.de\/gsisolde\/?page_id=70"},"modified":"2023-11-15T11:23:29","modified_gmt":"2023-11-15T10:23:29","slug":"nachmittagsbetreuung","status":"publish","type":"page","link":"https:\/\/wordpress.nibis.de\/gsisolde\/nachmittagsbetreuung\/","title":{"rendered":"Nachmittagsbereich"},"content":{"rendered":"\n<p style=\"text-align: justify\"><span style=\"color: #000000\"><strong>Wir verstehen jedes Kind als einzigartige Pers\u00f6nlichkeit mit individuellen St\u00e4rken und Schw\u00e4chen. Die Bedingungen seines Aufwachsens, die mitgebrachten Anlagen und sein Entwicklungstempo stehen im Vordergrund.<\/strong><\/span><\/p>\n<p style=\"text-align: justify\"><span style=\"color: #000000\">In unserer kooperativen Ganztagsgrundschule nach dem Braunschweiger Modell arbeiten viele Grundschulen, Schultr\u00e4ger und jugendhilfliche Kooperationspartner in Anerkennung ihrer jeweiligen Auftr\u00e4ge und Zust\u00e4ndigkeiten gemeinschaftlich zum Wohle der Sch\u00fclerinnen und Sch\u00fcler. Im Dreiklang von Bildung, Erziehung und Betreuung sowie getragen von einem ganzheitlichen Bildungsverst\u00e4ndnis entwickeln wir die Schule zu einem Ort des Lernens und des Lebens.<\/span><\/p>\n<p style=\"text-align: justify\"><span style=\"color: #000000\"><strong>Tr\u00e4ger:<\/strong><\/span><\/p>\n<ul style=\"text-align: justify\">\n<li><span style=\"color: #000000\">Kinder-und Jugendzentrum Selam<\/span><\/li>\n<li><span style=\"color: #000000\">Nachbarschaftsladen<\/span><\/li>\n<li><span style=\"color: #000000\">Propstei, vertreten durch die Kirchengemeinde &#8222;St.Georg&#8220;<\/span><\/li>\n<\/ul>\n<p style=\"text-align: justify\"><span style=\"color: #000000\">Unsere Schule ist schon seit 2007 eine Offene Ganztagsgrundschule.<\/span><\/p>\n<p style=\"text-align: justify\"><span style=\"color: #000000\">Die KoGS-Gruppen sind von 13:00 Uhr bis 15:00 Uhr grunds\u00e4tzlich kostenfrei. F\u00fcr Angebotsgruppen bis 16:00 Uhr wird eine Kostenpauschale in H\u00f6he von 30 Euro je Kind und Monat erhoben. F\u00fcr Gruppen bis 17:00 Uhr betr\u00e4gt diese Pauschale 60 Euro pro Kind und Monat.<\/span><\/p>\n<p style=\"text-align: justify\"><span style=\"color: #000000\">In den Ferienzeiten wird eine ganzt\u00e4gige Betreuung von 8.00 \u2013 17.00 Uhr angeboten. Da an unserer Schule drei Kooperationspartner den Ganztag gemeinsam mit der Schule gestalten, hat unsere Grundschule keine Schlie\u00dfzeiten. Ihre Kinder k\u00f6nnen w\u00e4hrend der gesamten Ferienzeiten und an allen Br\u00fcckentagen das Ferienangebot des Ganztages nutzen.<\/span><\/p>\n<p style=\"text-align: justify\">\u00a0<\/p>\n","protected":false},"excerpt":{"rendered":"<p>Wir verstehen jedes Kind als einzigartige Pers\u00f6nlichkeit mit individuellen St\u00e4rken und Schw\u00e4chen. Die Bedingungen seines Aufwachsens, die mitgebrachten Anlagen und sein Entwicklungstempo stehen im Vordergrund. In unserer kooperativen Ganztagsgrundschule nach dem Braunschweiger Modell arbeiten viele Grundschulen, Schultr\u00e4ger und jugendhilfliche Kooperationspartner in Anerkennung ihrer jeweiligen Auftr\u00e4ge und Zust\u00e4ndigkeiten gemeinschaftlich zum Wohle der Sch\u00fclerinnen und Sch\u00fcler. Im [&hellip;]<\/p>\n","protected":false},"author":9193454,"featured_media":0,"parent":0,"menu_order":0,"comment_status":"closed","ping_status":"closed","template":"","meta":{"footnotes":""},"class_list":["post-70","page","type-page","status-publish","hentry"],"_links":{"self":[{"href":"https:\/\/wordpress.nibis.de\/gsisolde\/wp-json\/wp\/v2\/pages\/70","targetHints":{"allow":["GET"]}}],"collection":[{"href":"https:\/\/wordpress.nibis.de\/gsisolde\/wp-json\/wp\/v2\/pages"}],"about":[{"href":"https:\/\/wordpress.nibis.de\/gsisolde\/wp-json\/wp\/v2\/types\/page"}],"author":[{"embeddable":true,"href":"https:\/\/wordpress.nibis.de\/gsisolde\/wp-json\/wp\/v2\/users\/9193454"}],"replies":[{"embeddable":true,"href":"https:\/\/wordpress.nibis.de\/gsisolde\/wp-json\/wp\/v2\/comments?post=70"}],"version-history":[{"count":12,"href":"https:\/\/wordpress.nibis.de\/gsisolde\/wp-json\/wp\/v2\/pages\/70\/revisions"}],"predecessor-version":[{"id":1061,"href":"https:\/\/wordpress.nibis.de\/gsisolde\/wp-json\/wp\/v2\/pages\/70\/revisions\/1061"}],"wp:attachment":[{"href":"https:\/\/wordpress.nibis.de\/gsisolde\/wp-json\/wp\/v2\/media?parent=70"}],"curies":[{"name":"wp","href":"https:\/\/api.w.org\/{rel}","templated":true}]}}