{"id":73,"date":"2020-03-20T15:09:28","date_gmt":"2020-03-20T14:09:28","guid":{"rendered":"https:\/\/wordpress.nibis.de\/gsisolde\/?page_id=73"},"modified":"2020-08-18T10:41:42","modified_gmt":"2020-08-18T08:41:42","slug":"unsere-unterrichts-und-pausenzeiten","status":"publish","type":"page","link":"https:\/\/wordpress.nibis.de\/gsisolde\/unsere-unterrichts-und-pausenzeiten\/","title":{"rendered":"Ein typischer Schultag an der GS Isolde"},"content":{"rendered":"\n<p style=\"text-align: justify\"><span style=\"color: #000000\">Damit Sie eine bessere Vorstellung von den Abl\u00e4ufen und der Rhythmisierung w\u00e4hrend des Schultags an der GS Isoldestra\u00dfe erhalten, wollen wir Ihnen in dieser Rubrick Einblicke in unseren Schulalltag verschaffen und einen typischen Schultag der Kinder unserer Schule skizzieren.<\/span><\/p>\n","protected":false},"excerpt":{"rendered":"<p>Damit Sie eine bessere Vorstellung von den Abl\u00e4ufen und der Rhythmisierung w\u00e4hrend des Schultags an der GS Isoldestra\u00dfe erhalten, wollen wir Ihnen in dieser Rubrick Einblicke in unseren Schulalltag verschaffen und einen typischen Schultag der Kinder unserer Schule skizzieren.<\/p>\n","protected":false},"author":9193454,"featured_media":0,"parent":0,"menu_order":0,"comment_status":"closed","ping_status":"closed","template":"","meta":{"footnotes":""},"class_list":["post-73","page","type-page","status-publish","hentry"],"_links":{"self":[{"href":"https:\/\/wordpress.nibis.de\/gsisolde\/wp-json\/wp\/v2\/pages\/73","targetHints":{"allow":["GET"]}}],"collection":[{"href":"https:\/\/wordpress.nibis.de\/gsisolde\/wp-json\/wp\/v2\/pages"}],"about":[{"href":"https:\/\/wordpress.nibis.de\/gsisolde\/wp-json\/wp\/v2\/types\/page"}],"author":[{"embeddable":true,"href":"https:\/\/wordpress.nibis.de\/gsisolde\/wp-json\/wp\/v2\/users\/9193454"}],"replies":[{"embeddable":true,"href":"https:\/\/wordpress.nibis.de\/gsisolde\/wp-json\/wp\/v2\/comments?post=73"}],"version-history":[{"count":8,"href":"https:\/\/wordpress.nibis.de\/gsisolde\/wp-json\/wp\/v2\/pages\/73\/revisions"}],"predecessor-version":[{"id":604,"href":"https:\/\/wordpress.nibis.de\/gsisolde\/wp-json\/wp\/v2\/pages\/73\/revisions\/604"}],"wp:attachment":[{"href":"https:\/\/wordpress.nibis.de\/gsisolde\/wp-json\/wp\/v2\/media?parent=73"}],"curies":[{"name":"wp","href":"https:\/\/api.w.org\/{rel}","templated":true}]}}