{"id":81,"date":"2020-03-20T15:34:39","date_gmt":"2020-03-20T14:34:39","guid":{"rendered":"https:\/\/wordpress.nibis.de\/gsisolde\/?page_id=81"},"modified":"2020-08-18T10:56:38","modified_gmt":"2020-08-18T08:56:38","slug":"nachmittagsgruppen","status":"publish","type":"page","link":"https:\/\/wordpress.nibis.de\/gsisolde\/nachmittagsgruppen\/","title":{"rendered":"Nachmittagsgruppen"},"content":{"rendered":"\n<p style=\"text-align: justify\"><strong><span style=\"color: #000000\"><u>Kinder-und Jugenzentrum Selam:<\/u><\/span><\/strong><\/p>\n<p style=\"text-align: justify\"><span style=\"color: #000000\">(&#x6d;&#x6f;&#x6e;&#x69;&#107;&#97;&#46;&#98;art&#x6f;&#x73;&#x63;&#x68;&#x40;&#98;&#114;&#97;uns&#x63;&#x68;&#x77;&#x65;&#x69;&#103;&#46;&#100;e)<\/span><\/p>\n<ul style=\"text-align: justify\">\n<li><span style=\"color: #000000\"><strong>Rosa Gruppe<\/strong>: gro\u00dfe 15:00 Uhr-Gruppe mit 25 Kindern<\/span><\/li>\n<\/ul>\n<ul style=\"text-align: justify\">\n<li><span style=\"color: #000000\"><strong>Lila Gruppe: <\/strong>kleine 15:00 Uhr-Gruppe mit \u00a012 Kindern<\/span><\/li>\n<\/ul>\n<ul style=\"text-align: justify\">\n<li><span style=\"color: #000000\"><strong>Gr\u00fcne Gruppe: <\/strong>kleine 15:00 Uhr-Gruppe mit 12 Kindern<\/span><\/li>\n<\/ul>\n<p style=\"text-align: justify\">\u00a0<\/p>\n<p style=\"text-align: justify\"><strong><span style=\"color: #000000\"><u>Nachbarschaftsladen:<\/u><\/span><\/strong><\/p>\n<p style=\"text-align: justify\"><span style=\"color: #000000\">(&#x69;n&#x66;o&#x2d;&#110;&#x61;&#108;a&#x40;t&#x2d;&#111;&#x6e;&#108;&#x69;&#110;e&#x2e;d&#x65;)<\/span><\/p>\n<ul style=\"text-align: justify\">\n<li><span style=\"color: #000000\"><strong>Rote Gruppe: <\/strong>gro\u00dfe 15:00 Uhr-Gruppe mit 25 Kindern<\/span><\/li>\n<\/ul>\n<p style=\"text-align: justify\">\u00a0<\/p>\n<p style=\"text-align: justify\"><strong><span style=\"color: #000000\"><u>Team St.Georg:<\/u><\/span><\/strong><\/p>\n<p style=\"text-align: justify\"><span style=\"color: #000000\">(&#98;&#x61;e&#114;&#x62;e&#x6c;&#x2e;&#110;&#x69;t&#122;&#x73;c&#104;&#x65;&#64;&#x6c;k&#45;&#x62;s&#46;&#x64;&#101;)<\/span><\/p>\n<ul style=\"text-align: justify\">\n<li><span style=\"color: #000000\"><strong>Blaue Gruppe: <\/strong>gro\u00dfe 16:00 Uhr-Gruppe mit 20 Kindern<\/span><\/li>\n<\/ul>\n<ul style=\"text-align: justify\">\n<li><span style=\"color: #000000\"><strong>T\u00fcrkise Gruppe: <\/strong>kleine 16:00 Uhr-Gruppe mit 12 Kindern<\/span><\/li>\n<\/ul>\n<ul style=\"text-align: justify\">\n<li><span style=\"color: #000000\"><strong>Orange Gruppe: <\/strong>kleine 16:00 Uhr-Gruppe mit 12 Kindern<\/span><\/li>\n<\/ul>\n<ul style=\"text-align: justify\">\n<li><span style=\"color: #000000\"><strong>Gelbe Gruppe: <\/strong>kleine 17:00 Uhr-Gruppe mit 12 Kindern<\/span><\/li>\n<\/ul>\n<p style=\"text-align: justify\">\u00a0<\/p>\n<p style=\"text-align: justify\"><span style=\"color: #000000\"><strong>Gruppenzuordnung:<\/strong><\/span><\/p>\n<p style=\"text-align: justify\"><span style=\"color: #000000\">Die festen Gruppen im Nachmittagsbereich helfen den Kindern sich zu orientieren, sich dazugeh\u00f6rig zu f\u00fchlen und ihnen Sicherheit zu geben. Die Kinder haben feste Bezugspersonen, an die sie sich vertrauensvoll wenden k\u00f6nnen. Die bewusste Mischung der verschiedenen Jahrgangsstufen \u00e4hnelt einer famili\u00e4ren Situation. Die soziale Kompetenz der Kinder steht dadurch im Vordergrund.<\/span><\/p>\n<p style=\"text-align: justify\"><span style=\"color: #000000\"><strong>Das bieten die Ganztagsgruppen:<\/strong><\/span><\/p>\n<p style=\"text-align: justify\"><span style=\"color: #000000\">Ganzheitliches lernen durch:<\/span><\/p>\n<ul>\n<li style=\"text-align: justify\"><span style=\"color: #000000\">verbindliche Betreuung nach dem Unterricht in altersgemischten Gruppen<\/span><\/li>\n<li style=\"text-align: justify\"><span style=\"color: #000000\">unser Konzept: die J\u00fcngeren lernen von den \u00c4lteren<\/span><\/li>\n<li style=\"text-align: justify\"><span style=\"color: #000000\">unsere Teams bestehen aus Erzieherinnen und p\u00e4dagogischen Mitarbeiterinnen<\/span><\/li>\n<li style=\"text-align: justify\"><span style=\"color: #000000\">gute Vernetzung des Vormittags mit dem Nachmittag in der gemeinsam durch Lehrkr\u00e4fte und Mitarbeiterinnen der Kooperationspartner besetzten Lernzeit<\/span><\/li>\n<li style=\"text-align: justify\"><span style=\"color: #000000\">themenbezogene Angebote<\/span><\/li>\n<li style=\"text-align: justify\"><span style=\"color: #000000\">gemeinsame Aktionen mit der Kirchengemeinde St. Georg<\/span><\/li>\n<li style=\"text-align: justify\"><span style=\"color: #000000\">Gemeinschaftsaktionen, wie z.B. Versch\u00f6nerung des Schulhofes<\/span><\/li>\n<li style=\"text-align: justify\"><span style=\"color: #000000\">besondere zeitlich begrenzte Aktionen (Tanz-, Theater- und Musikprojekte, Kunstevents und vieles mehr)<\/span><\/li>\n<\/ul>\n","protected":false},"excerpt":{"rendered":"<p>Kinder-und Jugenzentrum Selam: (&#x6d;&#x6f;&#x6e;&#x69;&#x6b;&#x61;&#x2e;&#x62;&#x61;&#x72;&#x74;&#x6f;&#x73;&#x63;&#x68;&#x40;&#x62;&#x72;&#x61;&#x75;&#x6e;&#x73;&#x63;&#x68;&#x77;&#x65;&#x69;&#x67;&#x2e;&#x64;&#x65;) Rosa Gruppe: gro\u00dfe 15:00 Uhr-Gruppe mit 25 Kindern Lila Gruppe: kleine 15:00 Uhr-Gruppe mit \u00a012 Kindern Gr\u00fcne Gruppe: kleine 15:00 Uhr-Gruppe mit 12 Kindern \u00a0 Nachbarschaftsladen: (&#105;&#x6e;&#x66;o&#45;&#x6e;&#x61;l&#97;&#x40;t&#45;&#x6f;&#x6e;l&#105;&#x6e;e&#46;&#x64;&#x65;) Rote Gruppe: gro\u00dfe 15:00 Uhr-Gruppe mit 25 Kindern \u00a0 Team St.Georg: (&#x62;&#97;&#101;&#x72;&#x62;&#101;&#108;&#x2e;&#x6e;&#105;&#116;&#x7a;&#x73;&#99;&#104;&#x65;&#x40;&#108;&#107;&#x2d;&#x62;&#115;&#46;&#x64;&#x65;) Blaue Gruppe: gro\u00dfe 16:00 Uhr-Gruppe mit 20 Kindern T\u00fcrkise Gruppe: kleine 16:00 [&hellip;]<\/p>\n","protected":false},"author":9193454,"featured_media":0,"parent":0,"menu_order":0,"comment_status":"closed","ping_status":"closed","template":"","meta":{"footnotes":""},"class_list":["post-81","page","type-page","status-publish","hentry"],"_links":{"self":[{"href":"https:\/\/wordpress.nibis.de\/gsisolde\/wp-json\/wp\/v2\/pages\/81","targetHints":{"allow":["GET"]}}],"collection":[{"href":"https:\/\/wordpress.nibis.de\/gsisolde\/wp-json\/wp\/v2\/pages"}],"about":[{"href":"https:\/\/wordpress.nibis.de\/gsisolde\/wp-json\/wp\/v2\/types\/page"}],"author":[{"embeddable":true,"href":"https:\/\/wordpress.nibis.de\/gsisolde\/wp-json\/wp\/v2\/users\/9193454"}],"replies":[{"embeddable":true,"href":"https:\/\/wordpress.nibis.de\/gsisolde\/wp-json\/wp\/v2\/comments?post=81"}],"version-history":[{"count":10,"href":"https:\/\/wordpress.nibis.de\/gsisolde\/wp-json\/wp\/v2\/pages\/81\/revisions"}],"predecessor-version":[{"id":614,"href":"https:\/\/wordpress.nibis.de\/gsisolde\/wp-json\/wp\/v2\/pages\/81\/revisions\/614"}],"wp:attachment":[{"href":"https:\/\/wordpress.nibis.de\/gsisolde\/wp-json\/wp\/v2\/media?parent=81"}],"curies":[{"name":"wp","href":"https:\/\/api.w.org\/{rel}","templated":true}]}}