{"id":85,"date":"2020-03-20T15:44:14","date_gmt":"2020-03-20T14:44:14","guid":{"rendered":"https:\/\/wordpress.nibis.de\/gsisolde\/?page_id=85"},"modified":"2020-08-18T11:04:25","modified_gmt":"2020-08-18T09:04:25","slug":"schuelerinnenbuecherei","status":"publish","type":"page","link":"https:\/\/wordpress.nibis.de\/gsisolde\/schuelerinnenbuecherei\/","title":{"rendered":"Sch\u00fclerb\u00fccherei"},"content":{"rendered":"\n<p style=\"text-align: justify\"><span style=\"color: #000000\">Vor ca. 10 Jahren wurde aus dem Nichts mit Geldern der B\u00fcrgerstiftung Braunschweig eine wunderbare Sch\u00fclerb\u00fccherei an unserer Schule aufgebaut. Seitdem hat die GS Isoldestra\u00dfe eine sch\u00f6ne und gro\u00dfe B\u00fccherei mit gem\u00fctlicher Sitzecke und einem extra Gruppenraum.<\/span><\/p>\n<p style=\"text-align: justify\"><span style=\"color: #000000\">Mit ca. 1800 Kinder- und Jugendb\u00fcchern f\u00fcr Sch\u00fcler aller Altersstufen aus allen Bereichen\/ Interessengebieten und zahlreichen Sachb\u00fcchern f\u00fcr den Unterricht sowie Projekte sind wir bestens ausgestattet und die Sch\u00fcler lieben und nutzen die B\u00fccherei seit Jahren. Auch die B\u00fccherei AG ist sehr beliebt. Unsere B\u00fccherei ist ein Aush\u00e4ngeschild und besonders sch\u00f6n.<\/span><\/p>\n<p style=\"text-align: justify\"><span style=\"color: #000000\">Das findet ihr bei uns:<\/span><\/p>\n<ul style=\"text-align: justify\">\n<li style=\"text-align: justify\"><span style=\"color: #000000\">Sachb\u00fccher<\/span><\/li>\n<li style=\"text-align: justify\"><span style=\"color: #000000\">Abenteuerb\u00fccher<\/span><\/li>\n<li style=\"text-align: justify\"><span style=\"color: #000000\">Klassiker<\/span><\/li>\n<li style=\"text-align: justify\"><span style=\"color: #000000\">zweisprachige B\u00fccher<\/span><\/li>\n<li style=\"text-align: justify\"><span style=\"color: #000000\">aktuelle B\u00fccher<\/span><\/li>\n<\/ul>\n<p style=\"text-align: justify\"><span style=\"color: #000000\">Ebenso finden auch die Lehrer hier B\u00fccher zum Vorlesen oder als Anregung f\u00fcr unsere Lesepaten. Im Gruppenraum k\u00f6nnen spannende und informative CDs angeh\u00f6rt werden. Die B\u00fccherei bietet auch die M\u00f6glichkeit zur Recherche von Themen in Gruppenarbeit.<\/span><\/p>\n\n\n\n<figure class=\"wp-block-image\"><img loading=\"lazy\" decoding=\"async\" width=\"1024\" height=\"683\" src=\"https:\/\/wordpress.nibis.de\/gsisolde\/files\/2020\/03\/B\u00fccherei-1024x683.jpg\" alt=\"\" class=\"wp-image-164\" srcset=\"https:\/\/wordpress.nibis.de\/gsisolde\/files\/2020\/03\/B\u00fccherei-1024x683.jpg 1024w, https:\/\/wordpress.nibis.de\/gsisolde\/files\/2020\/03\/B\u00fccherei-300x200.jpg 300w, https:\/\/wordpress.nibis.de\/gsisolde\/files\/2020\/03\/B\u00fccherei-768x512.jpg 768w, https:\/\/wordpress.nibis.de\/gsisolde\/files\/2020\/03\/B\u00fccherei-75x50.jpg 75w, https:\/\/wordpress.nibis.de\/gsisolde\/files\/2020\/03\/B\u00fccherei.jpg 1386w\" sizes=\"auto, (max-width: 1024px) 100vw, 1024px\" \/><\/figure>\n\n\n\n<p style=\"text-align: justify\"><span style=\"color: #000000\">Hinweise \u00fcber Buchausleihe und weitere Infos findet man am Eingang der B\u00fccherei.<\/span><\/p>\n\n\n","protected":false},"excerpt":{"rendered":"<p>Vor ca. 10 Jahren wurde aus dem Nichts mit Geldern der B\u00fcrgerstiftung Braunschweig eine wunderbare Sch\u00fclerb\u00fccherei an unserer Schule aufgebaut. Seitdem hat die GS Isoldestra\u00dfe eine sch\u00f6ne und gro\u00dfe B\u00fccherei mit gem\u00fctlicher Sitzecke und einem extra Gruppenraum. Mit ca. 1800 Kinder- und Jugendb\u00fcchern f\u00fcr Sch\u00fcler aller Altersstufen aus allen Bereichen\/ Interessengebieten und zahlreichen Sachb\u00fcchern f\u00fcr [&hellip;]<\/p>\n","protected":false},"author":9193454,"featured_media":0,"parent":0,"menu_order":0,"comment_status":"closed","ping_status":"closed","template":"","meta":{"footnotes":""},"class_list":["post-85","page","type-page","status-publish","hentry"],"_links":{"self":[{"href":"https:\/\/wordpress.nibis.de\/gsisolde\/wp-json\/wp\/v2\/pages\/85","targetHints":{"allow":["GET"]}}],"collection":[{"href":"https:\/\/wordpress.nibis.de\/gsisolde\/wp-json\/wp\/v2\/pages"}],"about":[{"href":"https:\/\/wordpress.nibis.de\/gsisolde\/wp-json\/wp\/v2\/types\/page"}],"author":[{"embeddable":true,"href":"https:\/\/wordpress.nibis.de\/gsisolde\/wp-json\/wp\/v2\/users\/9193454"}],"replies":[{"embeddable":true,"href":"https:\/\/wordpress.nibis.de\/gsisolde\/wp-json\/wp\/v2\/comments?post=85"}],"version-history":[{"count":7,"href":"https:\/\/wordpress.nibis.de\/gsisolde\/wp-json\/wp\/v2\/pages\/85\/revisions"}],"predecessor-version":[{"id":621,"href":"https:\/\/wordpress.nibis.de\/gsisolde\/wp-json\/wp\/v2\/pages\/85\/revisions\/621"}],"wp:attachment":[{"href":"https:\/\/wordpress.nibis.de\/gsisolde\/wp-json\/wp\/v2\/media?parent=85"}],"curies":[{"name":"wp","href":"https:\/\/api.w.org\/{rel}","templated":true}]}}