{"id":89,"date":"2020-03-20T15:45:44","date_gmt":"2020-03-20T14:45:44","guid":{"rendered":"https:\/\/wordpress.nibis.de\/gsisolde\/?page_id=89"},"modified":"2020-08-18T11:05:58","modified_gmt":"2020-08-18T09:05:58","slug":"theaterfieberprojekt","status":"publish","type":"page","link":"https:\/\/wordpress.nibis.de\/gsisolde\/theaterfieberprojekt\/","title":{"rendered":"Theaterfieberprojekt"},"content":{"rendered":"\n<p style=\"text-align: justify\"><span style=\"color: #000000\">Vor Jahren war die Grundschule Isoldestra\u00dfe die erste Grundschule, die mit dem Staatstheater Braunschweig den Vertrag f\u00fcr das &#8222;Theaterfieber&#8220; unterschrieben hat. Hierbei handelt es sich um eine Kooperation zwischen unserer Schule und dem Theater, die es uns erm\u00f6glicht, unsere Sch\u00fcler an die Spaten des Theaters intensiv heranzuf\u00fchren. Wir besuchen mit unseren Klassen mehrfach im Jahr Vorf\u00fchrungen des Staatstheaters und gehen h\u00e4ufig mit der ganzen Schule in das j\u00e4hrliche Weihnachtsm\u00e4rchen.<\/span><\/p>\n","protected":false},"excerpt":{"rendered":"<p>Vor Jahren war die Grundschule Isoldestra\u00dfe die erste Grundschule, die mit dem Staatstheater Braunschweig den Vertrag f\u00fcr das &#8222;Theaterfieber&#8220; unterschrieben hat. Hierbei handelt es sich um eine Kooperation zwischen unserer Schule und dem Theater, die es uns erm\u00f6glicht, unsere Sch\u00fcler an die Spaten des Theaters intensiv heranzuf\u00fchren. Wir besuchen mit unseren Klassen mehrfach im Jahr [&hellip;]<\/p>\n","protected":false},"author":9193454,"featured_media":0,"parent":0,"menu_order":0,"comment_status":"closed","ping_status":"closed","template":"","meta":{"footnotes":""},"class_list":["post-89","page","type-page","status-publish","hentry"],"_links":{"self":[{"href":"https:\/\/wordpress.nibis.de\/gsisolde\/wp-json\/wp\/v2\/pages\/89","targetHints":{"allow":["GET"]}}],"collection":[{"href":"https:\/\/wordpress.nibis.de\/gsisolde\/wp-json\/wp\/v2\/pages"}],"about":[{"href":"https:\/\/wordpress.nibis.de\/gsisolde\/wp-json\/wp\/v2\/types\/page"}],"author":[{"embeddable":true,"href":"https:\/\/wordpress.nibis.de\/gsisolde\/wp-json\/wp\/v2\/users\/9193454"}],"replies":[{"embeddable":true,"href":"https:\/\/wordpress.nibis.de\/gsisolde\/wp-json\/wp\/v2\/comments?post=89"}],"version-history":[{"count":3,"href":"https:\/\/wordpress.nibis.de\/gsisolde\/wp-json\/wp\/v2\/pages\/89\/revisions"}],"predecessor-version":[{"id":622,"href":"https:\/\/wordpress.nibis.de\/gsisolde\/wp-json\/wp\/v2\/pages\/89\/revisions\/622"}],"wp:attachment":[{"href":"https:\/\/wordpress.nibis.de\/gsisolde\/wp-json\/wp\/v2\/media?parent=89"}],"curies":[{"name":"wp","href":"https:\/\/api.w.org\/{rel}","templated":true}]}}