{"id":894,"date":"2022-04-26T16:13:34","date_gmt":"2022-04-26T14:13:34","guid":{"rendered":"https:\/\/wordpress.nibis.de\/gsisolde\/?page_id=894"},"modified":"2025-09-01T12:48:38","modified_gmt":"2025-09-01T10:48:38","slug":"elterninformationen-zum-herunterladen","status":"publish","type":"page","link":"https:\/\/wordpress.nibis.de\/gsisolde\/elterninformationen-zum-herunterladen\/","title":{"rendered":"Elterninformationen zum Herunterladen"},"content":{"rendered":"\n<p>Auf der folgenden Seite finden Sie wichtige Dokumente und Antr\u00e4ge zum Herunterladen.<\/p>\n\n\n\n<p><a href=\"https:\/\/wordpress.nibis.de\/gsisolde\/files\/2024\/03\/Anmeldeformular-fuer-unsere-Schule.pdf\">Anmeldeformular f\u00fcr unsere Schule<\/a><\/p>\n\n\n\n<p><a href=\"https:\/\/wordpress.nibis.de\/gsisolde\/files\/2025\/03\/Anmeldung-Betreuung-Kl.-1-Schuljahr-2025-26.pdf\">Anmeldung Lernzeit Kl. 1 u. 2 SJ 2025\/26<\/a><\/p>\n\n\n\n<p><br><strong>Erforderliche Unterlagen zur Teilnahme am Ganztagsbetrieb<\/strong><\/p>\n\n\n\n<p><a href=\"https:\/\/wordpress.nibis.de\/gsisolde\/files\/2025\/09\/Anmeldeformular-Nachmittagsbetreuung_Tagesgruppe.pdf\">Anmeldeformular Nachmittagsbetreuung u. Tagesgruppe<\/a><\/p>\n\n\n\n<p><a href=\"https:\/\/wordpress.nibis.de\/gsisolde\/files\/2025\/06\/Elternbrief-Isolde-25-26.pdf\">Einrichten eines MensaMax-Kundenkontos SJ 2025\/26<\/a><\/p>\n\n\n\n<p><a href=\"https:\/\/wordpress.nibis.de\/gsisolde\/files\/2025\/06\/Anleitung-MensaMax-Konto.pdf\">Kurzanleitung zur Erstellung eines MensaMax-Kontos SJ 2025\/26<\/a><\/p>\n\n\n\n<p><a href=\"https:\/\/wordpress.nibis.de\/gsisolde\/files\/2025\/06\/Kurzantrag-BUT_.pdf\">Kurzantrag BUT MensaMax SJ 2025\/26<\/a><\/p>\n\n\n\n<p><a href=\"https:\/\/wordpress.nibis.de\/gsisolde\/files\/2025\/06\/Meldebogen-Sonderkost.pdf\">Meldebogen Sonderkost MensaMax SJ 2025\/26 <\/a><\/p>\n\n\n\n<p><\/p>\n\n\n\n<p><\/p>\n\n\n\n<p><br><strong>Weitere Dokumente und Antr\u00e4ge<\/strong><\/p>\n\n\n\n<p><a href=\"https:\/\/wordpress.nibis.de\/gsisolde\/files\/2023\/03\/Ausnahmeantrag-gem.-\u00a7-63-Abs.-3-NSchG.pdf\">Ausnahmeantrag \u00a7 63.3<\/a><\/p>\n\n\n\n<p><a href=\"https:\/\/wordpress.nibis.de\/gsisolde\/files\/2023\/11\/Freistellung-gemaess-Runderlass-Religioese-Veranstaltungen.pdf\">Freistellung gem\u00e4\u00df Runderlass &#8211; Religi\u00f6se Veranstaltungen<\/a><\/p>\n\n\n\n<div class=\"wp-block-file\"><a id=\"wp-block-file--media-70c8ef93-dbf9-488a-8f5f-aaa406471d1e\" href=\"https:\/\/wordpress.nibis.de\/gsisolde\/files\/2024\/09\/BS-GUV_Digitaler_Flyer_Grundschule.pdf\">GUV_Digitaler_Flyer_Grundschule<\/a><\/div>\n\n\n\n<div class=\"wp-block-file\"><a id=\"wp-block-file--media-601a30b7-232e-4701-bab6-6874097cb42d\" href=\"https:\/\/wordpress.nibis.de\/gsisolde\/files\/2024\/09\/BS-GUV_Flyer_Grundschule.pdf\">GUV_Flyer_Grundschule<\/a><\/div>\n\n\n\n<p><a href=\"https:\/\/wordpress.nibis.de\/gsisolde\/files\/2025\/03\/Flyer-v.-Nds.-Kultusministerium-Mein-Kind-kommt-in-die-Schule.pdf\">Flyer v. Nds. Kultusministerium &#8211; Mein Kind kommt in die Schule<\/a><\/p>\n","protected":false},"excerpt":{"rendered":"<p>Auf der folgenden Seite finden Sie wichtige Dokumente und Antr\u00e4ge zum Herunterladen. Anmeldeformular f\u00fcr unsere Schule Anmeldung Lernzeit Kl. 1 u. 2 SJ 2025\/26 Erforderliche Unterlagen zur Teilnahme am Ganztagsbetrieb Anmeldeformular Nachmittagsbetreuung u. Tagesgruppe Einrichten eines MensaMax-Kundenkontos SJ 2025\/26 Kurzanleitung zur Erstellung eines MensaMax-Kontos SJ 2025\/26 Kurzantrag BUT MensaMax SJ 2025\/26 Meldebogen Sonderkost MensaMax SJ [&hellip;]<\/p>\n","protected":false},"author":9193454,"featured_media":0,"parent":0,"menu_order":0,"comment_status":"closed","ping_status":"closed","template":"","meta":{"footnotes":""},"class_list":["post-894","page","type-page","status-publish","hentry"],"_links":{"self":[{"href":"https:\/\/wordpress.nibis.de\/gsisolde\/wp-json\/wp\/v2\/pages\/894","targetHints":{"allow":["GET"]}}],"collection":[{"href":"https:\/\/wordpress.nibis.de\/gsisolde\/wp-json\/wp\/v2\/pages"}],"about":[{"href":"https:\/\/wordpress.nibis.de\/gsisolde\/wp-json\/wp\/v2\/types\/page"}],"author":[{"embeddable":true,"href":"https:\/\/wordpress.nibis.de\/gsisolde\/wp-json\/wp\/v2\/users\/9193454"}],"replies":[{"embeddable":true,"href":"https:\/\/wordpress.nibis.de\/gsisolde\/wp-json\/wp\/v2\/comments?post=894"}],"version-history":[{"count":58,"href":"https:\/\/wordpress.nibis.de\/gsisolde\/wp-json\/wp\/v2\/pages\/894\/revisions"}],"predecessor-version":[{"id":1201,"href":"https:\/\/wordpress.nibis.de\/gsisolde\/wp-json\/wp\/v2\/pages\/894\/revisions\/1201"}],"wp:attachment":[{"href":"https:\/\/wordpress.nibis.de\/gsisolde\/wp-json\/wp\/v2\/media?parent=894"}],"curies":[{"name":"wp","href":"https:\/\/api.w.org\/{rel}","templated":true}]}}