{"id":91,"date":"2020-03-20T15:46:44","date_gmt":"2020-03-20T14:46:44","guid":{"rendered":"https:\/\/wordpress.nibis.de\/gsisolde\/?page_id=91"},"modified":"2020-08-18T11:07:09","modified_gmt":"2020-08-18T09:07:09","slug":"mathematikolympiade","status":"publish","type":"page","link":"https:\/\/wordpress.nibis.de\/gsisolde\/mathematikolympiade\/","title":{"rendered":"Mathematik-Olympiade"},"content":{"rendered":"\n<p style=\"text-align: justify\"><span style=\"color: #000000\">Die Mathematik-Olympiade ist ein j\u00e4hrlich bundesweit angebotener Wettbewerb, der auf eine lange Tradition (seit 1961\/62) zur\u00fcckblicken kann. Der nach Altersstufen gegliederte Wettbewerb ab Klasse 3 erfordert logisches Denken, Kombinationsf\u00e4higkeit und kreativen Umgang mit mathematischen Methoden.<\/span><\/p>\n<p style=\"text-align: justify\"><span style=\"color: #000000\">Auch die Grundschule Isoldestra\u00dfe nimmt an diesem Wettbewerb teil. Interessierten Sch\u00fclerinnen und Sch\u00fclern bietet die Mathe-Olympiade die M\u00f6glichkeit, ihre besondere Leistungsf\u00e4higkeit auf mathematischem Gebiet unter Beweis zu stellen. Sch\u00fclerinnen und Sch\u00fcler ab der dritten Klasse k\u00f6nnen sich von Runde zu Runde weiter qualifizieren. In der ersten Runde k\u00f6nnen die Sch\u00fclerinnen und Sch\u00fcler allein oder in einer Kleingruppe versuchen, die gestellten Aufgaben zu l\u00f6sen. Gelingt dies gut, beweist jedes Kind in einer Klausur der zweiten Runde sein K\u00f6nnen. Nur die besten Sch\u00fclerinnen und Sch\u00fcler der Region werden zu einem speziellen Tag in die Universit\u00e4t Braunschweig eingeladen, um die dritte Runde zu absolvieren.<\/span><\/p>\n<p><span style=\"color: #000000\">F\u00fcr weitere Informationen <a style=\"color: #000000\" href=\"https:\/\/www.mathe-wettbewerbe.de\/mo\" target=\"_blank\" rel=\"noopener noreferrer\">hier<\/a> klicken.<\/span><\/p>\n","protected":false},"excerpt":{"rendered":"<p>Die Mathematik-Olympiade ist ein j\u00e4hrlich bundesweit angebotener Wettbewerb, der auf eine lange Tradition (seit 1961\/62) zur\u00fcckblicken kann. Der nach Altersstufen gegliederte Wettbewerb ab Klasse 3 erfordert logisches Denken, Kombinationsf\u00e4higkeit und kreativen Umgang mit mathematischen Methoden. Auch die Grundschule Isoldestra\u00dfe nimmt an diesem Wettbewerb teil. Interessierten Sch\u00fclerinnen und Sch\u00fclern bietet die Mathe-Olympiade die M\u00f6glichkeit, ihre besondere [&hellip;]<\/p>\n","protected":false},"author":9193454,"featured_media":0,"parent":0,"menu_order":0,"comment_status":"closed","ping_status":"closed","template":"","meta":{"footnotes":""},"class_list":["post-91","page","type-page","status-publish","hentry"],"_links":{"self":[{"href":"https:\/\/wordpress.nibis.de\/gsisolde\/wp-json\/wp\/v2\/pages\/91","targetHints":{"allow":["GET"]}}],"collection":[{"href":"https:\/\/wordpress.nibis.de\/gsisolde\/wp-json\/wp\/v2\/pages"}],"about":[{"href":"https:\/\/wordpress.nibis.de\/gsisolde\/wp-json\/wp\/v2\/types\/page"}],"author":[{"embeddable":true,"href":"https:\/\/wordpress.nibis.de\/gsisolde\/wp-json\/wp\/v2\/users\/9193454"}],"replies":[{"embeddable":true,"href":"https:\/\/wordpress.nibis.de\/gsisolde\/wp-json\/wp\/v2\/comments?post=91"}],"version-history":[{"count":6,"href":"https:\/\/wordpress.nibis.de\/gsisolde\/wp-json\/wp\/v2\/pages\/91\/revisions"}],"predecessor-version":[{"id":623,"href":"https:\/\/wordpress.nibis.de\/gsisolde\/wp-json\/wp\/v2\/pages\/91\/revisions\/623"}],"wp:attachment":[{"href":"https:\/\/wordpress.nibis.de\/gsisolde\/wp-json\/wp\/v2\/media?parent=91"}],"curies":[{"name":"wp","href":"https:\/\/api.w.org\/{rel}","templated":true}]}}