{"id":104,"date":"2023-09-26T14:22:04","date_gmt":"2023-09-26T12:22:04","guid":{"rendered":"http:\/\/wordpress.nibis.de\/gsjb\/?page_id=104"},"modified":"2024-10-02T12:20:54","modified_gmt":"2024-10-02T10:20:54","slug":"foerderverein","status":"publish","type":"page","link":"https:\/\/wordpress.nibis.de\/gsjb\/foerderverein\/","title":{"rendered":"F\u00f6rderverein"},"content":{"rendered":"<p><a href=\"http:\/\/www.fgs-jaderberg.de\/\"><img loading=\"lazy\" decoding=\"async\" class=\"alignnone size-full wp-image-244\" src=\"https:\/\/wordpress.nibis.de\/gsjb\/files\/F\u00f6rderverein.jpg\" alt=\"\" width=\"258\" height=\"248\" \/><\/a><\/p>\n<p>\u00a0<\/p>\n<p>Im Januar 2010 wurde der F\u00f6rderverein der Grundschule Jaderberg von engagierten Eltern gegr\u00fcndet. Der Verein ist als gemeinn\u00fctzig anerkannt und seit dem 2. M\u00e4rz 2010 in das Vereinsregister beim Amtsgericht Oldenburg eingetragen.<\/p>\n<p>Der aktuelle Vorstand seit September 2024:<\/p>\n<p>\u00a0<\/p>\n<p>1. Vorsitzender:\u00a0 \u00a0 \u00a0 \u00a0 Christian Plietz<br \/>stellv. Vorsitzende:\u00a0 \u00a0Doreen H\u00fcppe<br \/>Kassenwart:\u00a0 \u00a0 \u00a0 \u00a0 \u00a0 \u00a0 \u00a0Jan-Gerd Dittjen<\/p>\n<p>Schriftf\u00fchrerin:\u00a0 \u00a0 \u00a0 \u00a0 \u00a0Frau Gollenstede<br \/>Beisitz:\u00a0 \u00a0 \u00a0 \u00a0 \u00a0 \u00a0 \u00a0 \u00a0 \u00a0 \u00a0 \u00a0 Iris Claa\u00dfen<\/p>\n<p>\u00a0<\/p>\n<p>Der F\u00f6rderverein setzt dort an, wo der Schuletat endet.<\/p>\n<p>Ausstattungen, Veranstaltungen oder Ausfl\u00fcge, die die finanziellen M\u00f6glichkeiten \u00fcbersteigen, werden von uns erm\u00f6glicht.<\/p>\n<p>Wir freuen uns \u00fcber neue Mitglieder und helfende H\u00e4nde!<\/p>\n<p>Drucken Sie einfach die Beitrittserkl\u00e4rung aus und tragen Sie ihre pers\u00f6nlichen Daten und den gew\u00fcnschten Mitgliedsbeitrag ein. Der Mitgliedsbeitrag betr\u00e4gt 20 \u20ac. \/ Jahr und wird bequem per Lastschrift eingezogen.<\/p>\n<p>\u00a0<\/p>\n\n\n<ul class=\"wp-block-social-links has-huge-icon-size is-style-pill-shape is-content-justification-center is-layout-flex wp-container-core-social-links-is-layout-16018d1d wp-block-social-links-is-layout-flex\"><li class=\"wp-social-link wp-social-link-instagram  wp-block-social-link\"><a href=\"https:\/\/foerderverein_gs_jaderberg\" class=\"wp-block-social-link-anchor\"><svg width=\"24\" height=\"24\" viewBox=\"0 0 24 24\" version=\"1.1\" xmlns=\"http:\/\/www.w3.org\/2000\/svg\" aria-hidden=\"true\" focusable=\"false\"><path d=\"M12,4.622c2.403,0,2.688,0.009,3.637,0.052c0.877,0.04,1.354,0.187,1.671,0.31c0.42,0.163,0.72,0.358,1.035,0.673 c0.315,0.315,0.51,0.615,0.673,1.035c0.123,0.317,0.27,0.794,0.31,1.671c0.043,0.949,0.052,1.234,0.052,3.637 s-0.009,2.688-0.052,3.637c-0.04,0.877-0.187,1.354-0.31,1.671c-0.163,0.42-0.358,0.72-0.673,1.035 c-0.315,0.315-0.615,0.51-1.035,0.673c-0.317,0.123-0.794,0.27-1.671,0.31c-0.949,0.043-1.233,0.052-3.637,0.052 s-2.688-0.009-3.637-0.052c-0.877-0.04-1.354-0.187-1.671-0.31c-0.42-0.163-0.72-0.358-1.035-0.673 c-0.315-0.315-0.51-0.615-0.673-1.035c-0.123-0.317-0.27-0.794-0.31-1.671C4.631,14.688,4.622,14.403,4.622,12 s0.009-2.688,0.052-3.637c0.04-0.877,0.187-1.354,0.31-1.671c0.163-0.42,0.358-0.72,0.673-1.035 c0.315-0.315,0.615-0.51,1.035-0.673c0.317-0.123,0.794-0.27,1.671-0.31C9.312,4.631,9.597,4.622,12,4.622 M12,3 C9.556,3,9.249,3.01,8.289,3.054C7.331,3.098,6.677,3.25,6.105,3.472C5.513,3.702,5.011,4.01,4.511,4.511 c-0.5,0.5-0.808,1.002-1.038,1.594C3.25,6.677,3.098,7.331,3.054,8.289C3.01,9.249,3,9.556,3,12c0,2.444,0.01,2.751,0.054,3.711 c0.044,0.958,0.196,1.612,0.418,2.185c0.23,0.592,0.538,1.094,1.038,1.594c0.5,0.5,1.002,0.808,1.594,1.038 c0.572,0.222,1.227,0.375,2.185,0.418C9.249,20.99,9.556,21,12,21s2.751-0.01,3.711-0.054c0.958-0.044,1.612-0.196,2.185-0.418 c0.592-0.23,1.094-0.538,1.594-1.038c0.5-0.5,0.808-1.002,1.038-1.594c0.222-0.572,0.375-1.227,0.418-2.185 C20.99,14.751,21,14.444,21,12s-0.01-2.751-0.054-3.711c-0.044-0.958-0.196-1.612-0.418-2.185c-0.23-0.592-0.538-1.094-1.038-1.594 c-0.5-0.5-1.002-0.808-1.594-1.038c-0.572-0.222-1.227-0.375-2.185-0.418C14.751,3.01,14.444,3,12,3L12,3z M12,7.378 c-2.552,0-4.622,2.069-4.622,4.622S9.448,16.622,12,16.622s4.622-2.069,4.622-4.622S14.552,7.378,12,7.378z M12,15 c-1.657,0-3-1.343-3-3s1.343-3,3-3s3,1.343,3,3S13.657,15,12,15z M16.804,6.116c-0.596,0-1.08,0.484-1.08,1.08 s0.484,1.08,1.08,1.08c0.596,0,1.08-0.484,1.08-1.08S17.401,6.116,16.804,6.116z\"><\/path><\/svg><span class=\"wp-block-social-link-label screen-reader-text\">Instagram<\/span><\/a><\/li>\n\n<\/ul>\n\n\n\n<p><\/p>\n\n\n<h1 style=\"text-align: center\"><span style=\"color: #ff6600\">F\u00f6rderverein erm\u00f6glicht moderne Lernumgebung: Neue digitale Tafel f\u00fcr Grundschule Jaderberg<\/span><\/h1>\n<p><\/p>\n<p>Die Grundschule Jaderberg erweitert ihre digitale Ausstattung dank einer gro\u00dfz\u00fcgigen Spende des F\u00f6rdervereins. Nachdem die Schulleitung unter der Leitung von Frau Claa\u00dfen bereits sieben digitale Tafeln durch den Digitalpakt anschaffen konnte, erm\u00f6glichte der F\u00f6rderverein nun die Anschaffung einer achten Tafel, die bisher aufgrund fehlender finanzieller Mittel nicht realisierbar schien<\/p>\n<p>Die Schulleitung der Grundschule Jaderberg Frau Claa\u00dfen, ihre Kollegin Frau Meyer und die Gemeinde Jade konnten dank des Digitalpakts bereits sieben moderne digitale Tafeln in den Klassenzimmern installieren. Diese Tafeln haben nicht nur das Unterrichtsformat ver\u00e4ndert, sondern auch die Lernumgebung f\u00fcr die Sch\u00fclerinnen und Sch\u00fcler verbessert. Die interaktiven M\u00f6glichkeiten der digitalen Tafeln f\u00f6rdern die aktive Beteiligung der Kinder am Unterrichtsgeschehen und unterst\u00fctzen die Lehrkr\u00e4fte in ihrer p\u00e4dagogischen Arbeit.<\/p>\n<p>Dennoch fehlte bisher das Budget, um eine achte digitale Tafel anzuschaffen und somit die Ausstattung aller Klassenr\u00e4ume zu vervollst\u00e4ndigen. Hier sprang der F\u00f6rderverein der Schule ein und erm\u00f6glichte durch eine gro\u00dfz\u00fcgige Spende die Realisierung dieses Vorhabens. Die Schulleitung sowie das Kollegium bedanken sich herzlich beim F\u00f6rderverein f\u00fcr dieses Engagement, das direkt den Bildungsalltag der Sch\u00fclerinnen und Sch\u00fcler bereichert.<\/p>\n<p>Die neue digitale Tafel wird nicht nur den aktuellen Unterrichtsstandards gerecht, sondern erm\u00f6glicht auch die Integration moderner Technologien und interaktiver Lernmethoden in den Schulalltag. Dies ist besonders in Zeiten digitaler Bildung und zunehmender Medienvielfalt von gro\u00dfer Bedeutung f\u00fcr die ganzheitliche Entwicklung der Sch\u00fclerinnen und Sch\u00fcler.<\/p>\n<p>Die Spende des F\u00f6rdervereins f\u00fcr die Grundschule Jaderberg zeigt exemplarisch, wie eine engagierte Gemeinschaft dazu beitragen kann, die Bildungseinrichtungen zu st\u00e4rken und die Lernumgebung f\u00fcr die kommenden Generationen zu verbessern. Die Schulleitung, das Lehrpersonal und die Sch\u00fclerinnen und Sch\u00fcler freuen sich bereits auf die Nutzung der neuen digitalen Tafel und bedanken sich erneut f\u00fcr die gro\u00dfz\u00fcgige Unterst\u00fctzung durch den F\u00f6rderverein.<\/p>\n\n","protected":false},"excerpt":{"rendered":"<p>\u00a0 Im Januar 2010 wurde der F\u00f6rderverein der Grundschule Jaderberg von engagierten Eltern gegr\u00fcndet. Der Verein ist als gemeinn\u00fctzig anerkannt und seit dem 2. M\u00e4rz 2010 in das Vereinsregister beim Amtsgericht Oldenburg eingetragen. Der aktuelle Vorstand seit September 2024: \u00a0 1. Vorsitzender:\u00a0 \u00a0 \u00a0 \u00a0 Christian Plietzstellv. Vorsitzende:\u00a0 \u00a0Doreen H\u00fcppeKassenwart:\u00a0 \u00a0 \u00a0 \u00a0 \u00a0 \u00a0 \u00a0Jan-Gerd Dittjen Schriftf\u00fchrerin:\u00a0 \u00a0 \u00a0 \u00a0 \u00a0Frau GollenstedeBeisitz:\u00a0 \u00a0 \u00a0 \u00a0 \u00a0 \u00a0 \u00a0 \u00a0 \u00a0 \u00a0 \u00a0 Iris Claa\u00dfen \u00a0 Der F\u00f6rderverein setzt dort&#8230;<\/p>\n<p class=\"read-more\"><a class=\"btn btn-default\" href=\"https:\/\/wordpress.nibis.de\/gsjb\/foerderverein\/\">Weiterlesen<span class=\"screen-reader-text\"> Weiterlesen<\/span><\/a><\/p>\n","protected":false},"author":9193791,"featured_media":0,"parent":0,"menu_order":0,"comment_status":"closed","ping_status":"closed","template":"","meta":{"footnotes":""},"class_list":["post-104","page","type-page","status-publish","hentry"],"_links":{"self":[{"href":"https:\/\/wordpress.nibis.de\/gsjb\/wp-json\/wp\/v2\/pages\/104","targetHints":{"allow":["GET"]}}],"collection":[{"href":"https:\/\/wordpress.nibis.de\/gsjb\/wp-json\/wp\/v2\/pages"}],"about":[{"href":"https:\/\/wordpress.nibis.de\/gsjb\/wp-json\/wp\/v2\/types\/page"}],"author":[{"embeddable":true,"href":"https:\/\/wordpress.nibis.de\/gsjb\/wp-json\/wp\/v2\/users\/9193791"}],"replies":[{"embeddable":true,"href":"https:\/\/wordpress.nibis.de\/gsjb\/wp-json\/wp\/v2\/comments?post=104"}],"version-history":[{"count":17,"href":"https:\/\/wordpress.nibis.de\/gsjb\/wp-json\/wp\/v2\/pages\/104\/revisions"}],"predecessor-version":[{"id":2132,"href":"https:\/\/wordpress.nibis.de\/gsjb\/wp-json\/wp\/v2\/pages\/104\/revisions\/2132"}],"wp:attachment":[{"href":"https:\/\/wordpress.nibis.de\/gsjb\/wp-json\/wp\/v2\/media?parent=104"}],"curies":[{"name":"wp","href":"https:\/\/api.w.org\/{rel}","templated":true}]}}