{"id":136,"date":"2022-04-15T23:35:58","date_gmt":"2022-04-15T21:35:58","guid":{"rendered":"http:\/\/wordpress.nibis.de\/gsjb\/?page_id=136"},"modified":"2024-10-02T12:19:27","modified_gmt":"2024-10-02T10:19:27","slug":"kontakt","status":"publish","type":"page","link":"https:\/\/wordpress.nibis.de\/gsjb\/kontakt\/","title":{"rendered":"Kontakt"},"content":{"rendered":"\n<h2 class=\"wp-block-heading\"><span style=\"color: #0000ff\"><strong>Grundschule Jaderberg<\/strong><\/span><br>Zum Hesterbusch 1<br>26349 Jaderberg<\/h2>\n\n\n\n<p><strong>E-mail:<\/strong>&nbsp; &nbsp; &#x69;&#x6e;&#102;o&#x40;&#x67;&#115;&#45;j&#x61;&#x64;&#101;&#114;b&#x65;&#x72;&#103;&#46;d&#x65;<br><strong>Telefon:<\/strong> &nbsp;&nbsp;04454\/899 710<\/p>\n\n\n\n<figure class=\"wp-block-gallery has-nested-images columns-3 is-cropped wp-block-gallery-1 is-layout-flex wp-block-gallery-is-layout-flex\">\n<figure class=\"wp-block-image size-large\"><img loading=\"lazy\" decoding=\"async\" width=\"150\" height=\"101\" data-id=\"141\" src=\"https:\/\/wordpress.nibis.de\/gsjb\/files\/Schulhof-klein-rahmen.jpg\" alt=\"\" class=\"wp-image-141\" \/><\/figure>\n\n\n\n<figure class=\"wp-block-image size-large\"><img loading=\"lazy\" decoding=\"async\" width=\"150\" height=\"104\" data-id=\"140\" src=\"https:\/\/wordpress.nibis.de\/gsjb\/files\/Schuleingang-klein-Rahmen3-e1621856642291.jpg\" alt=\"\" class=\"wp-image-140\" \/><\/figure>\n\n\n\n<figure class=\"wp-block-image size-large\"><img loading=\"lazy\" decoding=\"async\" width=\"150\" height=\"103\" data-id=\"142\" src=\"https:\/\/wordpress.nibis.de\/gsjb\/files\/Schulparkplatz-klein-rahmen.jpg\" alt=\"\" class=\"wp-image-142\" \/><\/figure>\n<\/figure>\n\n\n\n<hr class=\"wp-block-separator\" \/>\n\n\n\n\n\n<h2 class=\"wp-block-heading\"><span style=\"color: #0000ff\">Sekretariat<\/span><\/h2>\n\n\n\n<p>Frau Yvonne K\u00f6nig<\/p>\n\n\n\n<div class=\"wp-block-image\"><figure class=\"alignleft\"><img loading=\"lazy\" decoding=\"async\" width=\"556\" height=\"380\" src=\"https:\/\/wordpress.nibis.de\/gsjb\/files\/Sekret\u00e4rin.png\" alt=\"\" class=\"wp-image-1341\" \/><\/figure><\/div>\n\n\n\n<h4 class=\"wp-block-heading\"><span style=\"color: #0000ff\">B\u00fcrozeiten:<\/span><\/h4>\n\n\n\n<p>Montag, Dienstag, Mittwoch, Donnerstag<\/p>\n\n\n\n<p>8:00 Uhr-12:00 Uhr<\/p>\n\n\n\n<h2 class=\"wp-block-heading\">&nbsp;<\/h2>\n\n\n\n<h2 class=\"wp-block-heading\">&nbsp;<\/h2>\n\n\n\n\n\n\n\n<hr class=\"wp-block-separator\" \/>\n\n\n\n<h1 class=\"wp-block-heading\"><span style=\"color: #0000ff\">Schulleitung<\/span><\/h1>\n\n\n\n<h4><span style=\"color: revert;font-size: revert;font-weight: revert\">Frau Iris Claa\u00dfen<\/span><span style=\"color: #0000ff\"><img decoding=\"async\" class=\"alignright\" src=\"https:\/\/wordpress.nibis.de\/gsjb\/files\/Frau-Claa%C3%9Fen-1-1.jpeg\"><\/span><\/h4>\n\n\n\n<p>Termine nach Vereinbarung<\/p>\n\n\n\n<p>&nbsp;<\/p>\n<p>&nbsp;<\/p>\n<p>&nbsp;<\/p>\n<p>&nbsp;<\/p>\n<p>&nbsp;<\/p>\n\n\n\n\n\n<h2><strong><span style=\"color: #0000ff\">Kollegium<\/span><\/strong>\u00a0 \u00a0\u00a0<\/h2>\n<table style=\"border-collapse: collapse;width: 100%;height: 234px\">\n<tbody>\n<tr style=\"height: 26px\">\n<td style=\"width: 33.3333%;height: 26px\">1a<\/td>\n<td style=\"width: 33.3333%;height: 26px\">Frau Meyer<\/td>\n<td style=\"width: 33.3333%;height: 26px\">&#x73;&#97;b&#x69;&#x6e;&#101;&#46;&#x6d;&#x65;&#121;e&#x72;&#64;g&#x73;&#x2d;&#106;b&#x2e;&#x64;&#101;<\/td>\n<\/tr>\n<tr style=\"height: 26px\">\n<td style=\"width: 33.3333%;height: 26px\">1b<\/td>\n<td style=\"width: 33.3333%;height: 26px\">Frau Weber<\/td>\n<td style=\"width: 33.3333%;height: 26px\">&#x72;&#x65;&#x67;&#x69;&#x6e;&#x65;&#x2e;&#x77;&#x65;&#x62;&#x65;&#114;&#64;&#103;&#115;&#45;&#106;&#98;&#46;de<\/td>\n<\/tr>\n<tr style=\"height: 26px\">\n<td style=\"width: 33.3333%;height: 26px\">2a<\/td>\n<td style=\"width: 33.3333%;height: 26px\">Frau Buggenthin<\/td>\n<td style=\"width: 33.3333%;height: 26px\">&#x68;&#x65;&#x69;&#x6b;&#101;&#46;bug&#x67;&#x65;&#x6e;&#x74;&#104;&#105;n&#64;g&#x73;&#x2d;&#x6a;&#x62;&#46;&#100;&#101;<\/td>\n<\/tr>\n<tr style=\"height: 26px\">\n<td style=\"width: 33.3333%;height: 26px\">2b<\/td>\n<td style=\"width: 33.3333%;height: 26px\">Frau Filmer<\/td>\n<td style=\"width: 33.3333%;height: 26px\">&#99;&#x6c;&#x61;u&#100;&#x69;a&#46;&#x66;&#x69;&#108;&#x6d;&#x65;r&#64;&#x67;s&#45;&#x6a;&#x62;&#46;&#x64;&#x65;<\/td>\n<\/tr>\n<tr style=\"height: 26px\">\n<td style=\"width: 33.3333%;height: 26px\">3a<\/td>\n<td style=\"width: 33.3333%;height: 26px\">Frau Randolph<\/td>\n<td style=\"width: 33.3333%;height: 26px\">&#101;&#x6c;&#108;&#x65;&#110;&#x2e;r&#x61;n&#x64;o&#108;&#x70;&#104;&#x40;&#103;&#x73;&#45;&#x6a;b&#x2e;d&#x65;<\/td>\n<\/tr>\n<tr style=\"height: 26px\">\n<td style=\"width: 33.3333%;height: 26px\">3b<\/td>\n<td style=\"width: 33.3333%;height: 26px\">Frau Dau<\/td>\n<td style=\"width: 33.3333%;height: 26px\">pia&#46;&#100;&#97;&#x75;&#x40;&#x67;&#x73;&#x2d;&#x6a;b&#46;d&#101;<\/td>\n<\/tr>\n<tr style=\"height: 26px\">\n<td style=\"width: 33.3333%;height: 26px\">4a<\/td>\n<td style=\"width: 33.3333%;height: 26px\">Frau Hartmann<\/td>\n<td style=\"width: 33.3333%;height: 26px\">&#x6a;&#117;d&#x69;&#x74;&#104;&#46;&#x68;&#x61;&#114;t&#x6d;&#x61;&#110;n&#x40;&#x67;&#115;-&#x6a;&#98;&#46;d&#x65;<\/td>\n<\/tr>\n<tr style=\"height: 26px\">\n<td style=\"width: 33.3333%;height: 26px\">4b<\/td>\n<td style=\"width: 33.3333%;height: 26px\">Frau Heeren<\/td>\n<td style=\"width: 33.3333%;height: 26px\">&#109;&#x61;r&#101;&#x69;&#107;&#x65;&#46;&#104;&#x65;e&#x72;&#x65;&#110;&#x40;g&#115;&#x2d;j&#x62;&#x2e;&#100;&#x65;<\/td>\n<\/tr>\n<\/tbody>\n<\/table>\n<p>\u00a0<\/p>\n<p>\u00a0<\/p>\n\n\n","protected":false},"excerpt":{"rendered":"<p>Grundschule JaderbergZum Hesterbusch 126349 Jaderberg E-mail:&nbsp; &nbsp; &#105;&#x6e;f&#x6f;&#x40;&#103;&#x73;-&#106;&#x61;&#100;&#x65;r&#98;&#x65;r&#x67;&#46;&#100;&#x65;Telefon: &nbsp;&nbsp;04454\/899 710 Sekretariat Frau Yvonne K\u00f6nig B\u00fcrozeiten: Montag, Dienstag, Mittwoch, Donnerstag 8:00 Uhr-12:00 Uhr &nbsp; &nbsp; Schulleitung Frau Iris Claa\u00dfen Termine nach Vereinbarung &nbsp; &nbsp; &nbsp; &nbsp; &nbsp; Kollegium\u00a0 \u00a0\u00a0 1a Frau Meyer sabi&#110;&#101;&#46;&#109;&#101;&#x79;&#x65;&#x72;&#x40;&#x67;&#x73;&#x2d;jb&#46;d&#101; 1b Frau Weber regine&#46;weber&#64;gs-jb&#46;de 2a Frau Buggenthin &#104;e&#x69;k&#x65;&#46;&#x62;&#117;&#x67;&#103;e&#x6e;t&#x68;&#105;&#x6e;&#64;&#x67;&#115;&#x2d;&#106;b&#x2e;d&#x65; 2b Frau Filmer c&#108;&#x61;&#x75;d&#105;&#97;&#x2e;&#x66;i&#108;&#109;&#x65;&#x72;&#64;&#103;&#x73;&#x2d;&#x6a;b&#46;&#x64;&#x65; 3a Frau Randolph &#x65;l&#x6c;&#101;&#x6e;&#46;r&#x61;n&#x64;&#111;&#x6c;&#112;h&#x40;&#103;&#x73;&#45;j&#x62;&#46;&#x64;&#101; 3b Frau Dau &#112;&#x69;a&#46;&#x64;&#97;&#x75;&#64;&#103;&#x73;-&#x6a;&#x62;&#46;&#x64;e 4a Frau Hartmann &#x6a;u&#x64;i&#x74;&#104;&#x2e;&#104;a&#x72;t&#x6d;&#97;&#x6e;&#110;&#x40;&#103;s&#x2d;j&#x62;&#46;&#x64;&#101; 4b Frau Heeren &#x6d;&#x61;&#x72;&#101;&#105;&#107;e&#46;&#x68;&#x65;&#x65;&#x72;&#101;&#110;&#64;g&#x73;&#x2d;&#x6a;&#x62;&#46;&#100;e \u00a0 \u00a0<\/p>\n","protected":false},"author":9193791,"featured_media":0,"parent":0,"menu_order":0,"comment_status":"closed","ping_status":"closed","template":"","meta":{"footnotes":""},"class_list":["post-136","page","type-page","status-publish","hentry"],"_links":{"self":[{"href":"https:\/\/wordpress.nibis.de\/gsjb\/wp-json\/wp\/v2\/pages\/136","targetHints":{"allow":["GET"]}}],"collection":[{"href":"https:\/\/wordpress.nibis.de\/gsjb\/wp-json\/wp\/v2\/pages"}],"about":[{"href":"https:\/\/wordpress.nibis.de\/gsjb\/wp-json\/wp\/v2\/types\/page"}],"author":[{"embeddable":true,"href":"https:\/\/wordpress.nibis.de\/gsjb\/wp-json\/wp\/v2\/users\/9193791"}],"replies":[{"embeddable":true,"href":"https:\/\/wordpress.nibis.de\/gsjb\/wp-json\/wp\/v2\/comments?post=136"}],"version-history":[{"count":29,"href":"https:\/\/wordpress.nibis.de\/gsjb\/wp-json\/wp\/v2\/pages\/136\/revisions"}],"predecessor-version":[{"id":2130,"href":"https:\/\/wordpress.nibis.de\/gsjb\/wp-json\/wp\/v2\/pages\/136\/revisions\/2130"}],"wp:attachment":[{"href":"https:\/\/wordpress.nibis.de\/gsjb\/wp-json\/wp\/v2\/media?parent=136"}],"curies":[{"name":"wp","href":"https:\/\/api.w.org\/{rel}","templated":true}]}}