{"id":1426,"date":"2021-05-25T20:04:46","date_gmt":"2021-05-25T18:04:46","guid":{"rendered":"https:\/\/wordpress.nibis.de\/gsjb\/?page_id=1426"},"modified":"2025-09-28T13:30:46","modified_gmt":"2025-09-28T11:30:46","slug":"schulelternrat","status":"publish","type":"page","link":"https:\/\/wordpress.nibis.de\/gsjb\/schulelternrat\/","title":{"rendered":"Schulelternrat"},"content":{"rendered":"<p><strong>Der Schulelternrat<\/strong><\/p>\n<p>Der\u00a0Schulelternrat\u00a0bietet den Eltern eine gute M\u00f6glichkeit, die Schule ihrer Kinder zu unterst\u00fctzen. Der regelm\u00e4\u00dfige pers\u00f6nliche Kontakt, Austausch von Informationen und Ansichten sowie eine vertrauensvolle Zusammenarbeit zwischen Schule und Elternhaus erleichtern es, die gemeinsame Erziehungsaufgabe wahrzunehmen und miteinander abzustimmen. Missverst\u00e4ndnisse k\u00f6nnen so vermieden und individuelle Probleme gel\u00f6st werden.<\/p>\n<p>Dazu w\u00e4hlen die Eltern jeder Klasse zwei Elternvertreter aus ihren Reihen, die sowohl als Ansprechpartner f\u00fcr die Eltern und die Sch\u00fclerinnen und Sch\u00fcler fungieren als auch Schnittstelle sind zu Lehrkr\u00e4ften und Schulleitung.<\/p>\n<p>Die gew\u00e4hlten Vertreter der Klassenelternschaften bilden den Schulelternrat.<\/p>\n<p>Folgende Eltern haben sich im Schuljahr 2025\/26 f\u00fcr die Arbeit im Schulelternrat zur Verf\u00fcgung gestellt:<\/p>\n<table style=\"width: 100%;height: 216px\" width=\"640\">\n<tbody>\n<tr style=\"height: 27px\">\n<td style=\"width: 11.3095%;height: 27px\">Kl. 1a<\/td>\n<td style=\"width: 38.5714%;height: 27px\">Rieke Reck<\/td>\n<td style=\"width: 49.0476%;height: 27px\">Angelika Wakengut<\/td>\n<\/tr>\n<tr style=\"height: 27px\">\n<td style=\"width: 11.3095%;height: 27px\">Kl. 1b<\/td>\n<td style=\"width: 38.5714%;height: 27px\">Thore Linda<\/td>\n<td style=\"width: 49.0476%;height: 27px\">Olga G\u00f6hmann<\/td>\n<\/tr>\n<tr style=\"height: 27px\">\n<td style=\"width: 11.3095%;height: 27px\">Kl. 2a<\/td>\n<td style=\"width: 38.5714%;height: 27px\">Andrea Freese<\/td>\n<td style=\"width: 49.0476%;height: 27px\">Tanja Stulken<\/td>\n<\/tr>\n<tr style=\"height: 27px\">\n<td style=\"width: 11.3095%;height: 27px\">Kl. 2b<\/td>\n<td style=\"width: 38.5714%;height: 27px\">Natalie Gollenstede<\/td>\n<td style=\"width: 49.0476%;height: 27px\">Jens Fastje<\/td>\n<\/tr>\n<tr style=\"height: 27px\">\n<td style=\"width: 11.3095%;height: 27px\">Kl. 3a<\/td>\n<td style=\"width: 38.5714%;height: 27px\">Linda Treude<\/td>\n<td style=\"width: 49.0476%;height: 27px\">Jan-Gerd Dittjen<\/td>\n<\/tr>\n<tr style=\"height: 27px\">\n<td style=\"width: 11.3095%;height: 27px\">Kl. 3b<\/td>\n<td style=\"width: 38.5714%;height: 27px\">Caroline Christof<\/td>\n<td style=\"width: 49.0476%;height: 27px\">Ilonka St\u00f6ckel<\/td>\n<\/tr>\n<tr style=\"height: 27px\">\n<td style=\"width: 11.3095%;height: 27px\">Kl. 4a<\/td>\n<td style=\"width: 38.5714%;height: 27px\">Marion Schepers<\/td>\n<td style=\"width: 49.0476%;height: 27px\">Syske Boersma -van Norel<\/td>\n<\/tr>\n<tr style=\"height: 27px\">\n<td style=\"width: 11.3095%;height: 27px\">Kl. 4b<\/td>\n<td style=\"width: 38.5714%;height: 27px\">Sandra Brunken<\/td>\n<td style=\"width: 49.0476%;height: 27px\">Anika Padeken<\/td>\n<\/tr>\n<\/tbody>\n<\/table>\n<p>Am 09.09.2025 fand die konstituierende Sitzung des Schulelternrats statt.<\/p>\n<p><u>Wahlergebnis:<\/u><\/p>\n<table width=\"640\">\n<tbody>\n<tr>\n<td>1. Vorsitzende\/r des Schulelternrats<\/td>\n<td>Jan-Gerd Dittjen<\/td>\n<\/tr>\n<tr>\n<td>2. Vorsitzende\/r des Schulelternrats<\/td>\n<td>Natalie Gollenstede<\/td>\n<\/tr>\n<\/tbody>\n<\/table>\n","protected":false},"excerpt":{"rendered":"<p>Der Schulelternrat Der\u00a0Schulelternrat\u00a0bietet den Eltern eine gute M\u00f6glichkeit, die Schule ihrer Kinder zu unterst\u00fctzen. Der regelm\u00e4\u00dfige pers\u00f6nliche Kontakt, Austausch von Informationen und Ansichten sowie eine vertrauensvolle Zusammenarbeit zwischen Schule und Elternhaus erleichtern es, die gemeinsame Erziehungsaufgabe wahrzunehmen und miteinander abzustimmen. Missverst\u00e4ndnisse k\u00f6nnen so vermieden und individuelle Probleme gel\u00f6st werden. Dazu w\u00e4hlen die Eltern jeder Klasse zwei Elternvertreter aus ihren Reihen, die sowohl als Ansprechpartner f\u00fcr die Eltern und die Sch\u00fclerinnen und Sch\u00fcler fungieren als auch Schnittstelle sind zu Lehrkr\u00e4ften und&#8230;<\/p>\n<p class=\"read-more\"><a class=\"btn btn-default\" href=\"https:\/\/wordpress.nibis.de\/gsjb\/schulelternrat\/\">Weiterlesen<span class=\"screen-reader-text\"> Weiterlesen<\/span><\/a><\/p>\n","protected":false},"author":9193791,"featured_media":0,"parent":0,"menu_order":0,"comment_status":"closed","ping_status":"closed","template":"","meta":{"footnotes":""},"class_list":["post-1426","page","type-page","status-publish","hentry"],"_links":{"self":[{"href":"https:\/\/wordpress.nibis.de\/gsjb\/wp-json\/wp\/v2\/pages\/1426","targetHints":{"allow":["GET"]}}],"collection":[{"href":"https:\/\/wordpress.nibis.de\/gsjb\/wp-json\/wp\/v2\/pages"}],"about":[{"href":"https:\/\/wordpress.nibis.de\/gsjb\/wp-json\/wp\/v2\/types\/page"}],"author":[{"embeddable":true,"href":"https:\/\/wordpress.nibis.de\/gsjb\/wp-json\/wp\/v2\/users\/9193791"}],"replies":[{"embeddable":true,"href":"https:\/\/wordpress.nibis.de\/gsjb\/wp-json\/wp\/v2\/comments?post=1426"}],"version-history":[{"count":8,"href":"https:\/\/wordpress.nibis.de\/gsjb\/wp-json\/wp\/v2\/pages\/1426\/revisions"}],"predecessor-version":[{"id":2162,"href":"https:\/\/wordpress.nibis.de\/gsjb\/wp-json\/wp\/v2\/pages\/1426\/revisions\/2162"}],"wp:attachment":[{"href":"https:\/\/wordpress.nibis.de\/gsjb\/wp-json\/wp\/v2\/media?parent=1426"}],"curies":[{"name":"wp","href":"https:\/\/api.w.org\/{rel}","templated":true}]}}