{"id":2016,"date":"2024-01-04T15:41:35","date_gmt":"2024-01-04T14:41:35","guid":{"rendered":"https:\/\/wordpress.nibis.de\/gsjb\/?page_id=2016"},"modified":"2024-04-16T13:26:33","modified_gmt":"2024-04-16T11:26:33","slug":"sportfreundliche-schule","status":"publish","type":"page","link":"https:\/\/wordpress.nibis.de\/gsjb\/sportfreundliche-schule\/","title":{"rendered":"Sportfreundliche Schule"},"content":{"rendered":"\n<header class=\"entry-header\">\n<h1 class=\"entry-title\">Schulwettbewerb 2023 \/ Spende OLB-Stiftung 2.000 Euro<\/h1>\n<\/header>\n<div class=\"entry-content\">\n<h2 class=\"wp-block-heading\">Kreisinterner Sportabzeichen Schulwettbewerb 2023 \/ Spende OLB 2.000 \u20ac:<\/h2>\n<figure class=\"wp-block-image size-large\"><img loading=\"lazy\" decoding=\"async\" class=\"wp-image-8462\" src=\"https:\/\/www.ksb-wesermarsch.de\/wp-content\/uploads\/2024\/04\/15.04.2024-Kreiszeitung-Wesermarsch-1-1-1024x992.jpg\" alt=\"\" width=\"1024\" height=\"992\" \/>\n<figcaption class=\"wp-element-caption\">Quelle: Kreiszeitung Wesermarsch Bild und Text: Lutz Timmermann<br \/><br \/><br \/><br \/><br \/><br \/><\/figcaption>\n<\/figure>\n<\/div>\n\n\n\n<div data-wp-interactive=\"core\/file\" class=\"wp-block-file\"><object data-wp-bind--hidden=\"!state.hasPdfPreview\" hidden class=\"wp-block-file__embed\" data=\"https:\/\/wordpress.nibis.de\/gsjb\/files\/Landesschulwettbewerb-Dez-2023.pdf\" type=\"application\/pdf\" style=\"width:100%;height:600px\" aria-label=\"Einbettung von Einbettung von Landesschulwettbewerb-Dez-2023..\"><\/object><a id=\"wp-block-file--media-ac18f9e4-19df-4a2e-88dd-d0cbec8c5701\" href=\"https:\/\/wordpress.nibis.de\/gsjb\/files\/Landesschulwettbewerb-Dez-2023.pdf\">Landesschulwettbewerb-Dez-2023<\/a><a href=\"https:\/\/wordpress.nibis.de\/gsjb\/files\/Landesschulwettbewerb-Dez-2023.pdf\" class=\"wp-block-file__button\" download aria-describedby=\"wp-block-file--media-ac18f9e4-19df-4a2e-88dd-d0cbec8c5701\">Herunterladen<\/a><\/div>\n\n\n\n<div data-wp-interactive=\"core\/file\" class=\"wp-block-file\"><object data-wp-bind--hidden=\"!state.hasPdfPreview\" hidden class=\"wp-block-file__embed\" data=\"https:\/\/wordpress.nibis.de\/gsjb\/files\/August-2023.pdf\" type=\"application\/pdf\" style=\"width:100%;height:600px\" aria-label=\"Einbettung von Einbettung von August-2023..\"><\/object><a id=\"wp-block-file--media-ca3b053f-dc34-491a-b3cc-e3059a13ac9d\" href=\"https:\/\/wordpress.nibis.de\/gsjb\/files\/August-2023.pdf\">August-2023<\/a><a href=\"https:\/\/wordpress.nibis.de\/gsjb\/files\/August-2023.pdf\" class=\"wp-block-file__button\" download aria-describedby=\"wp-block-file--media-ca3b053f-dc34-491a-b3cc-e3059a13ac9d\">Herunterladen<\/a><\/div>\n\n\n\n\n\n<figure class=\"wp-block-image size-large is-style-tw-frame\"><img loading=\"lazy\" decoding=\"async\" width=\"957\" height=\"675\" src=\"https:\/\/wordpress.nibis.de\/gsjb\/files\/Screenshot-2024-01-24-144604-957x675.png\" alt=\"\" class=\"wp-image-2040\" \/><\/figure>\n\n\n\n<p><strong>Sporttag der Grundschule 2023<\/strong><\/p>\n<p>&nbsp;<\/p>\n\n\n\n<p>Am Freitag, d. 02.06.23 fanden die diesj\u00e4hrige Bundesjugendspiele der Grundschule Jaderberg statt. Seit mehreren Jahren unterhalten die Grundschule und der TuS eine erfolgreiche Kooperation bez\u00fcglich sportlicher Ambitionen. In diesem Jahr waren 134 Sch\u00fcler und 33 Kinder beider Kitas bereit f\u00fcr das Sportfest. Wir hatten einen Pakt mit dem Wettergott geschlossen. Wenn Engel planen und richtig terminieren, passt das Klima und das Wetter. Bei strahlendem Sonnenschein wurde das traditionelle \u201eFest der sportlichen H\u00f6chstleistungen\u201c abgespult. Dank lautstarker Anfeuerungsrufe zahlten sich die Bem\u00fchungen aus. Teilweise wurden bemerkenswerte Leistungen erzielt.<\/p>\n<p>Zu den \u00dcbungen der Bundesjugendspiele z\u00e4hlen: Weitsprung, Schlagball und 50 m Lauf. Erst nach einer sch\u00f6pferischen Pause am leckeren Kuchenbuffet wurde der 800m-Lauf absolviert. Die zuk\u00fcnftigen Erstkl\u00e4ssler aus der Ev. Kindertagesst\u00e4tte&nbsp;<a href=\"https:\/\/www.kita-jaderberg.de\/\" target=\"_blank\" rel=\"noopener\">Strandl\u00e4ufer Strandl\u00e4ufer&nbsp;<\/a>und der Kommunalen Kindertagessst\u00e4tte&nbsp;<a href=\"https:\/\/www.kita-jaderberg.de\/\">Regenbogen<\/a>&nbsp;waren mit dabei und probten f\u00fcr den sp\u00e4teren \u201eErnstfall\u201c in der Schule.<\/p>\n<p>Das Kollegium der Grundschule f\u00fchrte gemeinsam mit einigen Eltern in bekannter Art und Weise die Veranstaltung durch. Unterst\u00fctzung erfuhren wir in diesem Jahr durch den FSJler Yannick Kr\u00f6ger vom&nbsp;<a href=\"https:\/\/www.ksb-wesermarsch.de\/\" target=\"_blank\" rel=\"noopener\">Kreissportbundes Wesermarsch<\/a>. Freundlicher Weise wurde Yannick zu dieser sportlichen Veranstaltung entsandt. Nat\u00fcrlich waren auch \u00dcbungsleiter vom TuS dabei. Hierbei zahlte sich die langj\u00e4hrige Erfahrung und Kooperation zwischen Grundschule und TuS aus. Schon gegen Mittag war das gesamte Programm in versierter Manier abgearbeitet.<\/p>\n<p>Zum Abschluss gab es eine besondere Auszeichnung, durch den \u00dcberraschungsgast&nbsp;<a href=\"https:\/\/www.ntbwelt.de\/der-ntb\/gremien\/praesidium.html\" target=\"_blank\" rel=\"noopener\">Lutz Alefsen<\/a>, dem Vizepr\u00e4sidenten des&nbsp;<a href=\"https:\/\/www.ntbwelt.de\/\" target=\"_blank\" rel=\"noopener\">Nieders\u00e4chsischem Turnerbund (NTB)<\/a>. Er \u00fcberreichte der Schulleiterin eine Ehrenurkunde und das Emblem \u201eSportfreundliche Schule\u201c. Alefsen lobte das sportliche Engagement der Schule und spornte die Kinder zum Weitermachen f\u00fcr die Gesundheit an.<\/p>\n<p>Noch vor den Sommerferien werden alle Beteiligten ihre Sieger- oder Ehrenurkunde, aber auch die Sportabzeichen erhalten; Tabelle&nbsp;<a href=\"https:\/\/www.tusjaderberg.de\/sportabzeichen\/grundschule-tabelle\">hier<\/a>.<\/p>\n<p>Besonderer Dank gilt den helfenden H\u00e4nden der Eltern. Ohne diese Unterst\u00fctzung w\u00e4re eine solche Veranstaltung und das \u00fcppige und reichhaltige Kuchenbuffet nicht realisierbar.<\/p>\n<p>&nbsp;<\/p>\n<p><a href=\"https:\/\/www.tusjaderberg.de\/verein\/kontakte\/9-ansprechpartner\/15-piontek-frank\">Frank Piontek<\/a><\/p>\n<p>&nbsp;<\/p>\n<p><a href=\"https:\/\/www.tusjaderberg.de\/images\/stories\/Grundschule-Sporttag\/1.JPG\"><img loading=\"lazy\" decoding=\"async\" src=\"https:\/\/www.tusjaderberg.de\/images\/stories\/Grundschule-Sporttag\/1.JPG\" alt=\"1\" width=\"300\" height=\"200\"><\/a><\/p>\n<p>&nbsp; &nbsp;<\/p>\n<p><a href=\"https:\/\/www.tusjaderberg.de\/images\/stories\/Grundschule-Sporttag\/2.JPG\"><img loading=\"lazy\" decoding=\"async\" src=\"https:\/\/www.tusjaderberg.de\/images\/stories\/Grundschule-Sporttag\/2.JPG\" alt=\"2\" width=\"300\" height=\"200\"><\/a><\/p>\n<p>&nbsp;&nbsp;<\/p>\n<p><a href=\"https:\/\/www.tusjaderberg.de\/images\/stories\/Grundschule-Sporttag\/3.JPG\"><img loading=\"lazy\" decoding=\"async\" src=\"https:\/\/www.tusjaderberg.de\/images\/stories\/Grundschule-Sporttag\/3.JPG\" alt=\"3\" width=\"300\" height=\"200\"><\/a><\/p>\n<p>&nbsp;&nbsp;<\/p>\n<p><a href=\"https:\/\/www.tusjaderberg.de\/images\/stories\/Grundschule-Sporttag\/4.JPG\"><img loading=\"lazy\" decoding=\"async\" src=\"https:\/\/www.tusjaderberg.de\/images\/stories\/Grundschule-Sporttag\/4.JPG\" alt=\"4\" width=\"300\" height=\"200\"><\/a><\/p>\n<p>&nbsp;&nbsp;<\/p>\n<p><a href=\"https:\/\/www.tusjaderberg.de\/images\/stories\/Grundschule-Sporttag\/5.JPG\"><img loading=\"lazy\" decoding=\"async\" src=\"https:\/\/www.tusjaderberg.de\/images\/stories\/Grundschule-Sporttag\/5.JPG\" alt=\"5\" width=\"300\" height=\"200\"><\/a><\/p>\n<p>&nbsp;&nbsp;<\/p>\n<p><a href=\"https:\/\/www.tusjaderberg.de\/images\/stories\/Grundschule-Sporttag\/6.JPG\"><img loading=\"lazy\" decoding=\"async\" src=\"https:\/\/www.tusjaderberg.de\/images\/stories\/Grundschule-Sporttag\/6.JPG\" alt=\"6\" width=\"300\" height=\"200\"><\/a><\/p>\n<p>&nbsp;&nbsp;<\/p>\n<p><a href=\"https:\/\/www.tusjaderberg.de\/images\/stories\/Grundschule-Sporttag\/7.JPG\"><img loading=\"lazy\" decoding=\"async\" src=\"https:\/\/www.tusjaderberg.de\/images\/stories\/Grundschule-Sporttag\/7.JPG\" alt=\"7\" width=\"300\" height=\"200\"><\/a><\/p>\n<p>&nbsp;&nbsp;<\/p>\n<p><a href=\"https:\/\/www.tusjaderberg.de\/images\/stories\/Grundschule-Sporttag\/8.JPG\"><img loading=\"lazy\" decoding=\"async\" src=\"https:\/\/www.tusjaderberg.de\/images\/stories\/Grundschule-Sporttag\/8.JPG\" alt=\"8\" width=\"300\" height=\"200\"><\/a><\/p>\n<p>&nbsp;&nbsp;<\/p>\n<p><a href=\"https:\/\/www.tusjaderberg.de\/images\/stories\/Grundschule-Sporttag\/9.jpg\"><img loading=\"lazy\" decoding=\"async\" src=\"https:\/\/www.tusjaderberg.de\/images\/stories\/Grundschule-Sporttag\/9.jpg\" alt=\"9\" width=\"300\" height=\"169\"><\/a>&nbsp;&nbsp;<\/p>\n<p>&nbsp;<\/p>\n<p><a href=\"https:\/\/www.tusjaderberg.de\/images\/stories\/Grundschule-Sporttag\/10.jpg\"><img loading=\"lazy\" decoding=\"async\" src=\"https:\/\/www.tusjaderberg.de\/images\/stories\/Grundschule-Sporttag\/10.jpg\" alt=\"10\" width=\"300\" height=\"169\"><\/a>&nbsp;<\/p>\n<p><a href=\"https:\/\/www.tusjaderberg.de\/images\/stories\/Grundschule-Sporttag\/Sportfreundliche%20Schule.jpg\"><img loading=\"lazy\" decoding=\"async\" src=\"https:\/\/www.tusjaderberg.de\/images\/stories\/Grundschule-Sporttag\/Sportfreundliche%20Schule.jpg\" alt=\"Sportfreundliche Schule\" width=\"300\" height=\"424\"><\/a>&nbsp;<\/p>\n<p><a href=\"https:\/\/www.tusjaderberg.de\/images\/stories\/Grundschule-Sporttag\/DSA-Verleihung.jpg\"><img loading=\"lazy\" decoding=\"async\" src=\"https:\/\/www.tusjaderberg.de\/images\/stories\/Grundschule-Sporttag\/DSA-Verleihung.jpg\" alt=\"DSA Verleihung\" width=\"300\" height=\"169\"><\/a><\/p>\n<p>&nbsp;<\/p>\n<p>&nbsp;<\/p>\n\n\n\n<div class=\"wp-block-file\"><a id=\"wp-block-file--media-30242910-e26f-4e32-babe-6b49691fcdc1\" href=\"https:\/\/wordpress.nibis.de\/gsjb\/files\/Sportabzeichen.docx\">Sportabzeichen<\/a><a href=\"https:\/\/wordpress.nibis.de\/gsjb\/files\/Sportabzeichen.docx\" class=\"wp-block-file__button\" download aria-describedby=\"wp-block-file--media-30242910-e26f-4e32-babe-6b49691fcdc1\">Herunterladen<\/a><\/div>\n\n\n\n<p><strong>Sportabzeichen-Schulwettbewerb 2022<\/strong><\/p>\n<p>\u00a0<\/p>\n<p>Wie in den Vorjahren konnte die Oldenburgische Landesbank als Hauptsponsor f\u00fcr die Sch\u00fclersportabzeichen-Aktion 2022 gewonnen werden.\u00a0Aus der diesj\u00e4hrigen Spende wurde jedes abgelegte Schul-Sportabzeichen mit 1,00 Euro honoriert. Dar\u00fcber hinaus werden aus dem Spendentopf in einer Feierstunde die erfolgreichsten Schulen der Wesermarsch mit einer weiteren Pr\u00e4mie versehen.<\/p>\n<p>\u00a0<\/p>\n<p>Gewertet wurden die erfolgreich abgelegten Sportabzeichen in Relation zur Gesamtsch\u00fclerzahl der Schule. Dabei konnte die Grundschule Jaderberg den beachtlichen zweiten Platz und die OBS-Jade den sechsten Platz belegen. Eine entsprechend w\u00fcrdigende Ehrungsfeier fand mit Vertretern der erfolgreichen Schule, mit dem stellvertretenden Landrat Horst Kortlang, mit dem Vertreter der OLB, Herrn Sebastian Haarbauer und der Presse am 18. April 2023 in Brake statt.<\/p>\n<p>\u00a0<\/p>\n<p>Dank gilt an dieser Stelle auch den mit Schulen kooperierenden Sportvereinen sowie den \u00fcberaus engagierten Schulleitern und Sportlehrkr\u00e4ften. In 2022 haben sich insgesamt 12 Schulen mit 3.904 Sch\u00fcler*innen beteiligt. Dabei wurden 1321 Sportabzeichen abgelegt. In dieser Zahl sind auch die 75 Lehrkr\u00e4fte enthalten, die in einem eigenen Wettbewerb agierten. Dies ist das h\u00f6chste Ergebnis an den Schulen seit 2015.<\/p>\n<p>\u00a0<\/p>\n<p>Auch f\u00fcr das Sportabzeichen-Jahr 2023 w\u00fcnschen wir viel Erfolg und hoffen auf eine hohe Beteiligung aller Schule.<\/p>\n<p>\u00a0<\/p>\n<p><a href=\"https:\/\/www.tusjaderberg.de\/verein\/kontakte\/9-ansprechpartner\/15-piontek-frank\">Frank Piontek<\/a><\/p>\n<p>\u00a0<\/p>\n<p><a href=\"https:\/\/www.tusjaderberg.de\/images\/stories\/Sportabz-Ehrung\/DSA-Zahlen.JPG\"><img loading=\"lazy\" decoding=\"async\" src=\"https:\/\/www.tusjaderberg.de\/images\/stories\/Sportabz-Ehrung\/DSA-Zahlen.JPG\" alt=\"DSA Zahlen\" width=\"300\" height=\"188\" \/><\/a>\u00a0 \u00a0 \u00a0\u00a0\u00a0<\/p>\n<p><a href=\"https:\/\/www.tusjaderberg.de\/images\/stories\/Sportabz-Ehrung\/GS1.jpg\"><img loading=\"lazy\" decoding=\"async\" src=\"https:\/\/www.tusjaderberg.de\/images\/stories\/Sportabz-Ehrung\/GS1.jpg\" alt=\"GS1\" width=\"300\" height=\"169\" \/><\/a>\u00a0 \u00a0 v.lks.: Lientje H\u00fcppe, Martina Piontek, Tristan Plietz, Iris Claa\u00dfen (Schulleiterin)<\/p>\n<p><a href=\"https:\/\/www.tusjaderberg.de\/images\/stories\/Sportabz-Ehrung\/GS2.jpg\"><img loading=\"lazy\" decoding=\"async\" src=\"https:\/\/www.tusjaderberg.de\/images\/stories\/Sportabz-Ehrung\/GS2.jpg\" alt=\"GS2\" width=\"300\" height=\"169\" \/><\/a>\u00a0 \u00a0<\/p>\n<p>\u00a0<\/p>\n<p>\u00a0<\/p>\n<p><strong>Landesschulwettbewerb Sportabzeichen 2022<\/strong><\/p>\n<p>\u00a0<\/p>\n<p>In Niedersachen hatten sich im Jahr 2022 insgesamt 800 allgemeinbildende und private Schulen an dem Wettbewerb beteiligt. Gewertet wurden die erfolgreich abgelegten Sportabzeichen in Relation zur Gesamtsch\u00fclerzahl der Schule. Dabei konnte die Grundschule Jaderberg den beachtlichen\u00a0<strong>dritten Platz auf Landesebene<\/strong>\u00a0belegen. Eine entsprechend w\u00fcrdigende Ehrungsfeier fand mit Vertretern der erfolgreichen Schule und den gesamten Sch\u00fclern statt. Die Urkunde samt Preisgeld wurde durch den\u00a0<a href=\"https:\/\/www.ksb-wesermarsch.de\/\" target=\"_blank\" rel=\"noopener\">KSB Wesermarsch<\/a>\u00a0\u00fcberreicht. Zu dieser Ehrung waren angereist Kerstin Ludwig, Referentin Sportabzeichen und Peter B\u00fcsching-Czerny, Gesch\u00e4ftsf\u00fchrer des KSB.<\/p>\n<p>\u00a0<\/p>\n<p>Diese Preisverleihung ist nur durch die finanzielle Unterst\u00fctzung des Sparkassenverbandes realisierbar. Es ist eine besondere Auszeichnung f\u00fcr das Engagement und dient zugleich als Motivation f\u00fcr die beteiligte Grundschule.<\/p>\n<p>\u00a0<\/p>\n<p>Dank gilt an dieser Stelle auch dem mit der Grundschule kooperierenden Sportverein sowie der \u00fcberaus engagierten Schulleiterin und den Sportlehrkr\u00e4ften. In 2022 hatten sich f\u00fcr diesen Schulwettbewerb insgesamt 800 Schulen beteiligt.<\/p>\n<p>\u00a0<\/p>\n<p>\u00a0<\/p>\n<p><img loading=\"lazy\" decoding=\"async\" src=\"https:\/\/www.tusjaderberg.de\/images\/stories\/Grundschule-Ehrung\/dritter-Platz.JPG\" alt=\"dritter Platz\" width=\"250\" height=\"61\" \/>\u00a0<\/p>\n<p>\u00a0<\/p>\n<p>\u00a0<\/p>\n<p><a href=\"https:\/\/www.tusjaderberg.de\/verein\/kontakte\/9-ansprechpartner\/15-piontek-frank\">Frank Piontek<\/a><\/p>\n<p>\u00a0\u00a0\u00a0<br \/>\u00a0\u00a0\u00a0<a href=\"https:\/\/www.tusjaderberg.de\/images\/stories\/Grundschule-Ehrung\/Lichtbild1.JPG\"><img loading=\"lazy\" decoding=\"async\" src=\"https:\/\/www.tusjaderberg.de\/images\/stories\/Grundschule-Ehrung\/Lichtbild1.JPG\" alt=\"Lichtbild1\" width=\"350\" height=\"196\" \/><\/a>\u00a0\u00a0<\/p>\n<p><a href=\"https:\/\/www.tusjaderberg.de\/images\/stories\/Grundschule-Ehrung\/Logo-Urkunde.JPG\"><img loading=\"lazy\" decoding=\"async\" src=\"https:\/\/www.tusjaderberg.de\/images\/stories\/Grundschule-Ehrung\/Logo-Urkunde.JPG\" alt=\"Urkunde Ehrung\" width=\"250\" height=\"352\" \/><\/a><\/p>\n<p>\u00a0<\/p>\n<p>\u00a0<\/p>\n<p>\u00a0<\/p>\n\n\n\n<div data-wp-interactive=\"core\/file\" class=\"wp-block-file\"><object data-wp-bind--hidden=\"!state.hasPdfPreview\" hidden class=\"wp-block-file__embed\" data=\"https:\/\/wordpress.nibis.de\/gsjb\/files\/Sportfest-Juni-2023.pdf\" type=\"application\/pdf\" style=\"width:100%;height:600px\" aria-label=\"Einbettung von Einbettung von Sportfest-Juni-2023..\"><\/object><a id=\"wp-block-file--media-b5d24940-d071-45a9-8557-16ae41b110ab\" href=\"https:\/\/wordpress.nibis.de\/gsjb\/files\/Sportfest-Juni-2023.pdf\">Sportfest-Juni-2023<\/a><a href=\"https:\/\/wordpress.nibis.de\/gsjb\/files\/Sportfest-Juni-2023.pdf\" class=\"wp-block-file__button\" download aria-describedby=\"wp-block-file--media-b5d24940-d071-45a9-8557-16ae41b110ab\">Herunterladen<\/a><\/div>\n\n\n\n<div data-wp-interactive=\"core\/file\" class=\"wp-block-file\"><object data-wp-bind--hidden=\"!state.hasPdfPreview\" hidden class=\"wp-block-file__embed\" data=\"https:\/\/wordpress.nibis.de\/gsjb\/files\/Winterlauf-Sept-2023.pdf\" type=\"application\/pdf\" style=\"width:100%;height:600px\" aria-label=\"Einbettung von Einbettung von Winterlauf-Sept-2023..\"><\/object><a id=\"wp-block-file--media-e2497e16-8f10-457f-9f21-4b15d94514ff\" href=\"https:\/\/wordpress.nibis.de\/gsjb\/files\/Winterlauf-Sept-2023.pdf\">Winterlauf-Sept-2023<\/a><a href=\"https:\/\/wordpress.nibis.de\/gsjb\/files\/Winterlauf-Sept-2023.pdf\" class=\"wp-block-file__button\" download aria-describedby=\"wp-block-file--media-e2497e16-8f10-457f-9f21-4b15d94514ff\">Herunterladen<\/a><\/div>\n","protected":false},"excerpt":{"rendered":"<p>Schulwettbewerb 2023 \/ Spende OLB-Stiftung 2.000 Euro Kreisinterner Sportabzeichen Schulwettbewerb 2023 \/ Spende OLB 2.000 \u20ac: Quelle: Kreiszeitung Wesermarsch Bild und Text: Lutz Timmermann Sporttag der Grundschule 2023 &nbsp; Am Freitag, d. 02.06.23 fanden die diesj\u00e4hrige Bundesjugendspiele der Grundschule Jaderberg statt. Seit mehreren Jahren unterhalten die Grundschule und der TuS eine erfolgreiche Kooperation bez\u00fcglich sportlicher Ambitionen. In diesem Jahr waren 134 Sch\u00fcler und 33 Kinder beider Kitas bereit f\u00fcr das Sportfest. Wir hatten einen Pakt mit dem Wettergott geschlossen. Wenn&#8230;<\/p>\n<p class=\"read-more\"><a class=\"btn btn-default\" href=\"https:\/\/wordpress.nibis.de\/gsjb\/sportfreundliche-schule\/\">Weiterlesen<span class=\"screen-reader-text\"> Weiterlesen<\/span><\/a><\/p>\n","protected":false},"author":9193791,"featured_media":0,"parent":0,"menu_order":0,"comment_status":"closed","ping_status":"closed","template":"","meta":{"footnotes":""},"class_list":["post-2016","page","type-page","status-publish","hentry"],"_links":{"self":[{"href":"https:\/\/wordpress.nibis.de\/gsjb\/wp-json\/wp\/v2\/pages\/2016","targetHints":{"allow":["GET"]}}],"collection":[{"href":"https:\/\/wordpress.nibis.de\/gsjb\/wp-json\/wp\/v2\/pages"}],"about":[{"href":"https:\/\/wordpress.nibis.de\/gsjb\/wp-json\/wp\/v2\/types\/page"}],"author":[{"embeddable":true,"href":"https:\/\/wordpress.nibis.de\/gsjb\/wp-json\/wp\/v2\/users\/9193791"}],"replies":[{"embeddable":true,"href":"https:\/\/wordpress.nibis.de\/gsjb\/wp-json\/wp\/v2\/comments?post=2016"}],"version-history":[{"count":7,"href":"https:\/\/wordpress.nibis.de\/gsjb\/wp-json\/wp\/v2\/pages\/2016\/revisions"}],"predecessor-version":[{"id":2091,"href":"https:\/\/wordpress.nibis.de\/gsjb\/wp-json\/wp\/v2\/pages\/2016\/revisions\/2091"}],"wp:attachment":[{"href":"https:\/\/wordpress.nibis.de\/gsjb\/wp-json\/wp\/v2\/media?parent=2016"}],"curies":[{"name":"wp","href":"https:\/\/api.w.org\/{rel}","templated":true}]}}