{"id":46,"date":"2014-11-20T14:52:00","date_gmt":"2014-11-20T13:52:00","guid":{"rendered":"http:\/\/wordpress.nibis.de\/gsjb\/?page_id=46"},"modified":"2019-02-13T13:12:17","modified_gmt":"2019-02-13T12:12:17","slug":"links","status":"publish","type":"page","link":"https:\/\/wordpress.nibis.de\/gsjb\/links\/","title":{"rendered":"Links"},"content":{"rendered":"<p><a href=\"https:\/\/wordpress.nibis.de\/gsjb\/files\/surfen-e1417009260232.jpg\"><img loading=\"lazy\" decoding=\"async\" class=\"aligncenter size-full wp-image-190\" src=\"https:\/\/wordpress.nibis.de\/gsjb\/files\/surfen-e1417009260232.jpg\" alt=\"surfen\" width=\"550\" height=\"59\" \/><\/a><br \/>\n<span style=\"font-size: 16px\"><span style=\"text-decoration: underline\"><strong><a href=\"https:\/\/wordpress.nibis.de\/gsjb\/files\/PCkind.gif\"><img loading=\"lazy\" decoding=\"async\" class=\"alignright size-full wp-image-175\" src=\"https:\/\/wordpress.nibis.de\/gsjb\/files\/PCkind.gif\" alt=\"PCkind\" width=\"243\" height=\"182\" \/><\/a><\/strong><\/span><\/span><\/p>\n<p><span style=\"font-size: 16px\"><span style=\"text-decoration: underline\"><strong>Suchmaschinen und Portale<\/strong><\/span><\/span><\/p>\n<p><a href=\"http:\/\/www.enfk.de\/\" target=\"_blank\">Netz f\u00fcr Kinder<br \/>\n<\/a>bietet eine Vielzahl qualit\u00e4tsvoller, altersgerechter und interessanter Angebote f\u00fcr Kinder<br \/>\n<a href=\"http:\/\/www.fragfinn.de\" target=\"_blank\">fragFINN<br \/>\n<\/a>fragFINN bietet einen gesch\u00fctzten Surfraum, der speziell f\u00fcr Kinder geschaffen\u00a0wurde und in dem sie sich frei im Internet bewegen k\u00f6nnen,<br \/>\n<a href=\"http:\/\/www.blinde-kuh.de\" target=\"_blank\">Blinde Kuh<br \/>\n<\/a>Suchmaschine speziell f\u00fcr Kinder<br \/>\n<a href=\"http:\/\/www.kindernetz.de\" target=\"_blank\">Kindernetz<br \/>\n<\/a>das Portal f\u00fcr Kinder, von hier aus geht alles&#8230;wirklich toll&#8230;&#8230;( mit einem Internet-Tonstudio )<a href=\"http:\/\/www.klicktipps.net\/\"><br \/>\nklick-tipps:<br \/>\n<\/a>Kinder surfen, wo\u00b4s gut ist&#8230;.<br \/>\n<a href=\"http:\/\/www.klicksafe.de\/\">Klicksafe.de:<br \/>\n<\/a>informiert umfassend \u00fcber Sicherheitsthemen im Internet und vernetzt als Plattform Initiativen und Akteure bundesweit.<br \/>\n<a href=\"http:\/\/www.primolo.de\/dyn\/1314.asp?Aid=9&amp;Avalidate=531200587&amp;cache=65398\" target=\"_blank\">Primolo:<br \/>\n<\/a>Hier werden f\u00fcr euch die sch\u00f6nsten Klicks ins weltweite Netz gesammelt.<br \/>\n<a href=\"http:\/\/www.labbe.de\/zzzebra\/index.asp\" target=\"_blank\">zzzebra:<br \/>\n<\/a>Das web-Magazin f\u00fcr Kinder. Eine fantastische Fundgrube f\u00fcr alles M\u00f6gliche.<b><br \/>\n<\/b><a href=\"http:\/\/www.zum.de\/dasgrundschulnetz\/\" target=\"_blank\">Das Grundschulnetz<\/a><br \/>\nDas Grundschulnetz bietet eine Plattform zu Suchmaschinen, Wiki, Webquest und Internet-ABC<\/p>\n<p><b><span style=\"text-decoration: underline\">Wissenswertes<br \/>\n<\/span><\/b><a href=\"https:\/\/wordpress.nibis.de\/gsjb\/files\/internet-abclogo.gif\"><img loading=\"lazy\" decoding=\"async\" class=\"alignright size-full wp-image-177\" src=\"https:\/\/wordpress.nibis.de\/gsjb\/files\/internet-abclogo.gif\" alt=\"internet-abc\" width=\"200\" height=\"140\" \/><\/a><a href=\"http:\/\/www.internet-abc.de\/kinder\/\" target=\"_blank\"><br \/>\nABC des Internets<br \/>\n<\/a>: Hier\u00a0bekommst du alle Fragen \u00fcber das Internet beantwortet, und es gibt Spiele.<br \/>\n<!-- [BEGIN Text5173 Link] --><a href=\"http:\/\/www.antolin.de\" target=\"_blank\">Antolin:<br \/>\n<\/a>Hier kannst du Fragen zu tausenden von B\u00fcchern beantworten und Punkte sammeln.<br \/>\n<!-- [BEGIN Text5173 Link] --><a href=\"http:\/\/www.chufu.de\/\" target=\"_blank\">\u00c4gypten, Land am Nil:<br \/>\n<\/a>Spannende Seite \u00fcber Pyramiden, den Nil, die Pharaonen, den Totenkult und vieles mehr.<br \/>\n<!-- [BEGIN Text5173 Link] --><a href=\"http:\/\/www.buecherwurm.nrw.de\" target=\"_blank\">B\u00fccherwurm<br \/>\n<\/a>Lieblingsb\u00fccher, Lesetipps, Kinderbuchkritiken,wer gerne liest, ist hier richtig<br \/>\n<!-- [BEGIN Text5173 Link] --><a href=\"http:\/\/www.grundschule-weiler.de\/Bundeslaender.htm\" target=\"_blank\">Bundesl\u00e4nderr\u00e4tsel1<br \/>\n<\/a>Ordnet die Landeshauptst\u00e4dte den jeweiligen Bundesl\u00e4ndern zu.<br \/>\n<!-- [BEGIN Text5173 Link] --><a href=\"http:\/\/www.openwebschool.de\/05\/ek\/0002\/start.html\" target=\"_blank\">Bundesl\u00e4nderr\u00e4tsel2<br \/>\n<\/a>Ordne die Hauptst\u00e4dte den Umrissen der Bundesl\u00e4nder zu!<br \/>\n<!-- [BEGIN Text5173 Link] --><a href=\"http:\/\/www.openwebschool.de\/05\/ek\/0001\/start.html\" target=\"_blank\">Bundesl\u00e4nderr\u00e4tsel3<br \/>\n<\/a>Wo liegt das Bundesland?<a href=\"https:\/\/wordpress.nibis.de\/gsjb\/files\/Europa-e1417006772370.jpg\"><img loading=\"lazy\" decoding=\"async\" class=\"alignright size-full wp-image-178\" src=\"https:\/\/wordpress.nibis.de\/gsjb\/files\/Europa-e1417006772370.jpg\" alt=\"Europa\" width=\"200\" height=\"152\" \/><\/a><br \/>\n<!-- [BEGIN Text5173 Link] --><a href=\"http:\/\/www.grundschule-friedrichsfehn.de\/projekte\/lebenineuropa\/europakarte.html\" target=\"_blank\">Europaseiten<br \/>\n<\/a>Supertolle Informationen \u00fcber die L\u00e4nder Europas. Von den Kindern der GS Friedrichsfehn f\u00fcr Kinder gemacht.<br \/>\n<a href=\"http:\/\/die-geobine.de\/europa.htm\">Europa bei der Geobine<br \/>\n<\/a>Europa hat insgesamt 45 L\u00e4nder &#8211; ganz sch\u00f6n viel! Hier findest Du viele Infos zu den dort liegenden L\u00e4ndern.<br \/>\n<!-- [BEGIN Text5173 Link] --><a href=\"http:\/\/www.zum.de\/grundschulwiki\/index.php\/Hauptseite\" target=\"_blank\">Grundschulwikipedia:<br \/>\n<\/a>Kinderlexikon von Kindern f\u00fcr Kinder. Hier kannst du selber Wissenswertes ins Netz stellen..<br \/>\n<!-- [BEGIN Text5173 Link] --><a href=\"http:\/\/www.kindersache.de\" target=\"_blank\">Kindersache<br \/>\n<\/a>welche Rechte ihr als Kids habt, erfahrt ihr hier<br \/>\n<!-- [BEGIN Text5173 Link] --><a href=\"http:\/\/www.kika.de\" target=\"_blank\">KIKA<br \/>\n<\/a>Seite des Kinderkanals von ARD und ZDF mit Infos,Spiel und Spa\u00df<br \/>\n<!-- [BEGIN Text5173 Link] --><a href=\"http:\/\/www.kidsville.de\" target=\"_blank\">Kidsville<br \/>\n<\/a>Mittmachstadt f\u00fcr Kids, u.a. mit Internet-Kurs und Spielepark<br \/>\n<!-- [BEGIN Text5173 Link] --><a href=\"http:\/\/www.tivi.de\/logo\/default.htm\" target=\"_blank\">Logo<br \/>\n<\/a>eine Nachrichtensendung f\u00fcr Kinder,Themen aus Politik, Tipps, Links, Promis, Sachunterricht, Verkehrserziehung<br \/>\n<!-- [BEGIN Text5173 Link] --><a href=\"http:\/\/www.mathematikus.de\/html\/schueler\/raumvorstellung.php\" target=\"_blank\">Mathematikus<br \/>\n<\/a>F\u00fcr Geometriefreunde! Es gibt Faltanleitungen und tolle R\u00e4tsel zum r\u00e4umlichen Denken.<br \/>\n<!-- [BEGIN Text5173 Link] --><a href=\"http:\/\/www.mathe-kaenguru.de\" target=\"_blank\">mathe-kaenguru<br \/>\n<\/a>Der K\u00e4nguru Mathe-Test. Hier sind unter \u201cchronik\u201d die Aufgaben der vergangenen Jahre\u00a0zum \u00dcben. Die L\u00f6sungen gibt es unter \u201cErgebnisse\u201d.<br \/>\n<!-- [BEGIN Text5173 Link] --><a href=\"http:\/\/www.pixelkids.de\" target=\"_blank\">Pixelkids<br \/>\n<\/a>hier k\u00f6nnt ihr chatten, Bastel-, Mal- und B\u00fcchertipps und Ratschl\u00e4ge zur<br \/>\nHomepagegestaltung bekommen<br \/>\n<!-- [BEGIN Text5173 Link] --><a href=\"http:\/\/www.spielstrasse.de\/Suche.php\">spielstrasse<br \/>\n<\/a>Eine umfassende Sammlung von tollen Seiten speziell f\u00fcr Kinder.<br \/>\n<!-- [BEGIN Text5173 Link] --><a href=\"http:\/\/www.tipp10.de\/index.php\" target=\"_blank\">Tipp10<br \/>\n<\/a>ist ein kostenloser 10-Finger-Schreibtrainer, der unter den Bedingungen der (Open Source) ver\u00f6ffentlicht wird.<br \/>\n<b><span style=\"text-decoration: underline\"><br \/>\nF\u00fcr Naturfreunde- und forscher:<a href=\"https:\/\/wordpress.nibis.de\/gsjb\/files\/physikfigur.gif\"><img loading=\"lazy\" decoding=\"async\" class=\"alignright size-full wp-image-181\" src=\"https:\/\/wordpress.nibis.de\/gsjb\/files\/physikfigur.gif\" alt=\"physikfigur\" width=\"150\" height=\"200\" \/><\/a><br \/>\n<\/span><\/b><a href=\"http:\/\/www.physikfuerkids.de\" target=\"_blank\">Physik f\u00fcr Kids:<br \/>\n<\/a>Hier kannst du spannende Versuche im Labor ansehen, Fragen stellen und viel \u00fcber das Weltall erfahren.<br \/>\n<!-- [BEGIN Text5173 Link] --><a href=\"http:\/\/www.pflanzenbestimmung.de\" target=\"_blank\">Was bl\u00fcht denn da?:<br \/>\n<\/a>Hier kannst du herausfinden, wie die Blumen und Pflanzen hei\u00dfen, die du findest.<br \/>\n<!-- [BEGIN Text5173 Link] --><a href=\"http:\/\/www.bauernhof.net\/index1.htm\">bauernhof<br \/>\n<\/a>Landwirtschaft zum Anfassen<br \/>\nK\u00fche, Schweine, Pflanzenbau, Spiel und Spa\u00df<br \/>\n<!-- [BEGIN Text5173 Link] --><a href=\"http:\/\/www.geo.de\/GEOlino\/\">GEOlino<br \/>\n<\/a>Jugendmagazin der Zeitschrift Geo<br \/>\nBeitr\u00e4ge zu Natur, Umwelt, Technik,<br \/>\nSpiele und Wissen<br \/>\n<!-- [BEGIN Text5173 Link] --><a href=\"http:\/\/www.hamsterkiste.de\">hamsterkiste<\/a><a href=\"https:\/\/wordpress.nibis.de\/gsjb\/files\/Blumen-e1417007218293.jpg\"><img loading=\"lazy\" decoding=\"async\" class=\"alignright size-full wp-image-180\" src=\"https:\/\/wordpress.nibis.de\/gsjb\/files\/Blumen-e1417007218293.jpg\" alt=\"Blumen\" width=\"150\" height=\"110\" \/><\/a><a href=\"http:\/\/www.hamsterkiste.de\"><br \/>\n<\/a>Lerngeschichten und mehr f\u00fcr Sachunterricht,<br \/>\nDeutsch und vieles mehr.<br \/>\n<!-- [BEGIN Text5173 Link] --><a href=\"http:\/\/www.umweltkids.de\">umweltkids<br \/>\n<\/a>Artenschutz, Tierschutz, Regenwald<br \/>\nund viele weitere Umweltthemen<br \/>\n<!-- [BEGIN Text5173 Link] --><a href=\"http:\/\/www.wasistwas.de\" target=\"_blank\">Was ist Was<br \/>\n<\/a>die Buchreihe im Internet<\/p>\n","protected":false},"excerpt":{"rendered":"<p>Suchmaschinen und Portale Netz f\u00fcr Kinder bietet eine Vielzahl qualit\u00e4tsvoller, altersgerechter und interessanter Angebote f\u00fcr Kinder fragFINN fragFINN bietet einen gesch\u00fctzten Surfraum, der speziell f\u00fcr Kinder geschaffen\u00a0wurde und in dem sie sich frei im Internet bewegen k\u00f6nnen, Blinde Kuh Suchmaschine speziell f\u00fcr Kinder Kindernetz das Portal f\u00fcr Kinder, von hier aus geht alles&#8230;wirklich toll&#8230;&#8230;( mit einem Internet-Tonstudio ) klick-tipps: Kinder surfen, wo\u00b4s gut ist&#8230;. Klicksafe.de: informiert umfassend \u00fcber Sicherheitsthemen im Internet und vernetzt als Plattform Initiativen und Akteure bundesweit. Primolo:&#8230;<\/p>\n<p class=\"read-more\"><a class=\"btn btn-default\" href=\"https:\/\/wordpress.nibis.de\/gsjb\/links\/\">Weiterlesen<span class=\"screen-reader-text\"> Weiterlesen<\/span><\/a><\/p>\n","protected":false},"author":178,"featured_media":0,"parent":0,"menu_order":0,"comment_status":"closed","ping_status":"closed","template":"","meta":{"footnotes":""},"class_list":["post-46","page","type-page","status-publish","hentry"],"_links":{"self":[{"href":"https:\/\/wordpress.nibis.de\/gsjb\/wp-json\/wp\/v2\/pages\/46","targetHints":{"allow":["GET"]}}],"collection":[{"href":"https:\/\/wordpress.nibis.de\/gsjb\/wp-json\/wp\/v2\/pages"}],"about":[{"href":"https:\/\/wordpress.nibis.de\/gsjb\/wp-json\/wp\/v2\/types\/page"}],"author":[{"embeddable":true,"href":"https:\/\/wordpress.nibis.de\/gsjb\/wp-json\/wp\/v2\/users\/178"}],"replies":[{"embeddable":true,"href":"https:\/\/wordpress.nibis.de\/gsjb\/wp-json\/wp\/v2\/comments?post=46"}],"version-history":[{"count":25,"href":"https:\/\/wordpress.nibis.de\/gsjb\/wp-json\/wp\/v2\/pages\/46\/revisions"}],"predecessor-version":[{"id":837,"href":"https:\/\/wordpress.nibis.de\/gsjb\/wp-json\/wp\/v2\/pages\/46\/revisions\/837"}],"wp:attachment":[{"href":"https:\/\/wordpress.nibis.de\/gsjb\/wp-json\/wp\/v2\/media?parent=46"}],"curies":[{"name":"wp","href":"https:\/\/api.w.org\/{rel}","templated":true}]}}