{"id":1157,"date":"2022-12-22T07:25:49","date_gmt":"2022-12-22T06:25:49","guid":{"rendered":"https:\/\/wordpress.nibis.de\/gsjohannes\/?page_id=1157"},"modified":"2022-12-22T07:31:55","modified_gmt":"2022-12-22T06:31:55","slug":"waffelaktion-2022-der-sv","status":"publish","type":"page","link":"https:\/\/wordpress.nibis.de\/gsjohannes\/waffelaktion-2022-der-sv\/","title":{"rendered":"Waffelaktion der SV &#8211; Dezember 2022"},"content":{"rendered":"\n<p>Die SV beschloss zu Weihnachten eine sch\u00f6ne Waffelaktion zu machen, um den Sch\u00fcler und Sch\u00fclerinnen etwas Sch\u00f6nes in der Adventszeit zu bieten. Doch sollte mit dieser Aktion auch auf andere Themen aufmerksam gemacht werden, denn leider hat nicht jeder eine sch\u00f6ne Advents- und Weihnachtszeit. Deshalb beschloss die SV die gesamten Einnahmen an das Krebshilfeprojekt Flugkraft zu spenden. Insgesamt sind an diesem Tag 270\u20ac eingenommen worden, die zu 100% an das Projekt Flugkraft gehen. Vielen lieben Dank an alle, die flei\u00dfig gespendet haben und nat\u00fcrlich an alle Eltern, die Waffelteig, Puderzucker, Servierten und Eisen zur Verf\u00fcgung gestellt haben, ohne Euch w\u00e4re dies nicht m\u00f6glich gewesen.<\/p>\n\n\n\n<div class=\"wp-block-image\"><figure class=\"aligncenter size-full\"><img loading=\"lazy\" decoding=\"async\" width=\"200\" height=\"150\" src=\"https:\/\/wordpress.nibis.de\/gsjohannes\/files\/2022\/12\/52415761-DCB5-4379-9A16-C61E0B8EAED6.jpg\" alt=\"\" class=\"wp-image-1161\" srcset=\"https:\/\/wordpress.nibis.de\/gsjohannes\/files\/2022\/12\/52415761-DCB5-4379-9A16-C61E0B8EAED6.jpg 200w, https:\/\/wordpress.nibis.de\/gsjohannes\/files\/2022\/12\/52415761-DCB5-4379-9A16-C61E0B8EAED6-188x141.jpg 188w\" sizes=\"auto, (max-width: 200px) 100vw, 200px\" \/><\/figure><\/div>\n","protected":false},"excerpt":{"rendered":"<p>Die SV beschloss zu Weihnachten eine sch\u00f6ne Waffelaktion zu machen, um den Sch\u00fcler und Sch\u00fclerinnen etwas Sch\u00f6nes in der Adventszeit zu bieten. Doch sollte mit dieser Aktion auch auf andere Themen aufmerksam gemacht werden, denn leider hat nicht jeder eine &hellip; <a href=\"https:\/\/wordpress.nibis.de\/gsjohannes\/waffelaktion-2022-der-sv\/\">Weiterlesen <span class=\"meta-nav\">&rarr;<\/span><\/a><\/p>\n","protected":false},"author":9192494,"featured_media":0,"parent":0,"menu_order":0,"comment_status":"closed","ping_status":"closed","template":"","meta":{"footnotes":""},"class_list":["post-1157","page","type-page","status-publish","hentry"],"_links":{"self":[{"href":"https:\/\/wordpress.nibis.de\/gsjohannes\/wp-json\/wp\/v2\/pages\/1157","targetHints":{"allow":["GET"]}}],"collection":[{"href":"https:\/\/wordpress.nibis.de\/gsjohannes\/wp-json\/wp\/v2\/pages"}],"about":[{"href":"https:\/\/wordpress.nibis.de\/gsjohannes\/wp-json\/wp\/v2\/types\/page"}],"author":[{"embeddable":true,"href":"https:\/\/wordpress.nibis.de\/gsjohannes\/wp-json\/wp\/v2\/users\/9192494"}],"replies":[{"embeddable":true,"href":"https:\/\/wordpress.nibis.de\/gsjohannes\/wp-json\/wp\/v2\/comments?post=1157"}],"version-history":[{"count":3,"href":"https:\/\/wordpress.nibis.de\/gsjohannes\/wp-json\/wp\/v2\/pages\/1157\/revisions"}],"predecessor-version":[{"id":1162,"href":"https:\/\/wordpress.nibis.de\/gsjohannes\/wp-json\/wp\/v2\/pages\/1157\/revisions\/1162"}],"wp:attachment":[{"href":"https:\/\/wordpress.nibis.de\/gsjohannes\/wp-json\/wp\/v2\/media?parent=1157"}],"curies":[{"name":"wp","href":"https:\/\/api.w.org\/{rel}","templated":true}]}}