{"id":1310,"date":"2024-08-22T15:38:39","date_gmt":"2024-08-22T13:38:39","guid":{"rendered":"https:\/\/wordpress.nibis.de\/gsjohannes\/?page_id=1310"},"modified":"2025-08-19T18:24:22","modified_gmt":"2025-08-19T16:24:22","slug":"streitschlichter","status":"publish","type":"page","link":"https:\/\/wordpress.nibis.de\/gsjohannes\/unsere-klassen\/streitschlichter\/","title":{"rendered":"Streitschlichter"},"content":{"rendered":"\n<p>Auch im letzten Halbjahr bildete die Schulsozialarbeiterin Frau Prues 12 neue StreitschlichterInnen aus, die ab sofort Ansprechpartner f\u00fcr die Sch\u00fclerInnen in Konfliktsituationen darstellen.<\/p>\n<p>Sie erlernten f\u00fcr ein Halbjahr zun\u00e4chst theoretisch den Umgang mit Konfliktsituationen und geeignete Gespr\u00e4chstechniken, um einen Streit friedlich zu l\u00f6sen, um im Anschluss in vielen praktischen \u00dcbungen ihr Wissen zu vertiefen.<\/p>\n<p>In abwechselnden Zweier- oder Dreier-Teams werden die StreitschlichterInnen sowohl in den Pausen pr\u00e4sent auf dem Schulhof sein, als auch Konfliktgespr\u00e4che in Ruhe in geeigneten R\u00e4umlichkeiten f\u00fchren k\u00f6nnen.<\/p>\n<p><img loading=\"lazy\" decoding=\"async\" class=\"size-full wp-image-1422 aligncenter\" src=\"https:\/\/wordpress.nibis.de\/gsjohannes\/files\/2025\/08\/IMG_3732.jpg\" alt=\"\" width=\"800\" height=\"600\" srcset=\"https:\/\/wordpress.nibis.de\/gsjohannes\/files\/2025\/08\/IMG_3732.jpg 800w, https:\/\/wordpress.nibis.de\/gsjohannes\/files\/2025\/08\/IMG_3732-188x141.jpg 188w, https:\/\/wordpress.nibis.de\/gsjohannes\/files\/2025\/08\/IMG_3732-768x576.jpg 768w\" sizes=\"auto, (max-width: 800px) 100vw, 800px\" \/><\/p>\n","protected":false},"excerpt":{"rendered":"<p>Auch im letzten Halbjahr bildete die Schulsozialarbeiterin Frau Prues 12 neue StreitschlichterInnen aus, die ab sofort Ansprechpartner f\u00fcr die Sch\u00fclerInnen in Konfliktsituationen darstellen. Sie erlernten f\u00fcr ein Halbjahr zun\u00e4chst theoretisch den Umgang mit Konfliktsituationen und geeignete Gespr\u00e4chstechniken, um einen Streit &hellip; <a href=\"https:\/\/wordpress.nibis.de\/gsjohannes\/unsere-klassen\/streitschlichter\/\">Weiterlesen <span class=\"meta-nav\">&rarr;<\/span><\/a><\/p>\n","protected":false},"author":9192494,"featured_media":0,"parent":33,"menu_order":4,"comment_status":"closed","ping_status":"closed","template":"","meta":{"footnotes":""},"class_list":["post-1310","page","type-page","status-publish","hentry"],"_links":{"self":[{"href":"https:\/\/wordpress.nibis.de\/gsjohannes\/wp-json\/wp\/v2\/pages\/1310","targetHints":{"allow":["GET"]}}],"collection":[{"href":"https:\/\/wordpress.nibis.de\/gsjohannes\/wp-json\/wp\/v2\/pages"}],"about":[{"href":"https:\/\/wordpress.nibis.de\/gsjohannes\/wp-json\/wp\/v2\/types\/page"}],"author":[{"embeddable":true,"href":"https:\/\/wordpress.nibis.de\/gsjohannes\/wp-json\/wp\/v2\/users\/9192494"}],"replies":[{"embeddable":true,"href":"https:\/\/wordpress.nibis.de\/gsjohannes\/wp-json\/wp\/v2\/comments?post=1310"}],"version-history":[{"count":4,"href":"https:\/\/wordpress.nibis.de\/gsjohannes\/wp-json\/wp\/v2\/pages\/1310\/revisions"}],"predecessor-version":[{"id":1424,"href":"https:\/\/wordpress.nibis.de\/gsjohannes\/wp-json\/wp\/v2\/pages\/1310\/revisions\/1424"}],"up":[{"embeddable":true,"href":"https:\/\/wordpress.nibis.de\/gsjohannes\/wp-json\/wp\/v2\/pages\/33"}],"wp:attachment":[{"href":"https:\/\/wordpress.nibis.de\/gsjohannes\/wp-json\/wp\/v2\/media?parent=1310"}],"curies":[{"name":"wp","href":"https:\/\/api.w.org\/{rel}","templated":true}]}}