{"id":142,"date":"2017-12-14T22:54:27","date_gmt":"2017-12-14T21:54:27","guid":{"rendered":"http:\/\/wordpress.nibis.de\/gsjohannes\/?page_id=142"},"modified":"2026-02-27T13:44:11","modified_gmt":"2026-02-27T12:44:11","slug":"schuelersprecher","status":"publish","type":"page","link":"https:\/\/wordpress.nibis.de\/gsjohannes\/unsere-klassen\/schuelersprecher\/","title":{"rendered":"Sch\u00fclersprecher"},"content":{"rendered":"<p>An unserer Schule erleben und gestalten die Sch\u00fcler und Sch\u00fclerinnen aktiv den Schulalltag mit. Die Partizipation der Kinder ist uns ein gro\u00dfes Anliegen, denn sie f\u00f6rdert das Engagement f\u00fcr die Gemeinschaft.<br \/>\nDaf\u00fcr treffen sich einmal im Monat alle Klassensprecher und Klassensprecherinnen der Klassen 2 bis 4 mit den Schulsozialarbeiterinnen Jennifer Prues und Laura Serucnic und besprechen aktuelle Themen, welche die Sch\u00fcler und Sch\u00fclerinnen aller Klassen besch\u00e4ftigen. Gemeinsam wird dann nach L\u00f6sungen gesucht und auch Projekte werden geplant.<br \/>\nWeil die Sch\u00fclervertretung in erster Linie von Sch\u00fcler\/innen f\u00fcr Sch\u00fcler\/innen konzipiert ist, haben wir zwei Sch\u00fclersprecher\/innen gew\u00e4hlt. In diesem Schuljahr sind das Carl Niehues (3c) und Mathea Sprehe (3d). Au\u00dfen sind die Vertreter Heinrich Kl\u00f6ker (2c) und Pia Auf\u2018m Orte (3c).<\/p>\n<div class=\"wp-block-image\"><img loading=\"lazy\" decoding=\"async\" class=\"wpa-warning wpa-image-missing-alt aligncenter size-full wp-image-1864\" src=\"https:\/\/wordpress.nibis.de\/gsjohannes\/files\/2026\/02\/2025.jpg\" alt=\"\" width=\"800\" height=\"870\" data-warning=\"Missing alt text\" srcset=\"https:\/\/wordpress.nibis.de\/gsjohannes\/files\/2026\/02\/2025.jpg 800w, https:\/\/wordpress.nibis.de\/gsjohannes\/files\/2026\/02\/2025-130x141.jpg 130w, https:\/\/wordpress.nibis.de\/gsjohannes\/files\/2026\/02\/2025-768x835.jpg 768w, https:\/\/wordpress.nibis.de\/gsjohannes\/files\/2026\/02\/2025-100x109.jpg 100w\" sizes=\"auto, (max-width: 800px) 100vw, 800px\" \/><\/div>\n","protected":false},"excerpt":{"rendered":"<p>An unserer Schule erleben und gestalten die Sch\u00fcler und Sch\u00fclerinnen aktiv den Schulalltag mit. Die Partizipation der Kinder ist uns ein gro\u00dfes Anliegen, denn sie f\u00f6rdert das Engagement f\u00fcr die Gemeinschaft. Daf\u00fcr treffen sich einmal im Monat alle Klassensprecher und &hellip; <a href=\"https:\/\/wordpress.nibis.de\/gsjohannes\/unsere-klassen\/schuelersprecher\/\">Weiterlesen <span class=\"meta-nav\">&rarr;<\/span><\/a><\/p>\n","protected":false},"author":9192482,"featured_media":0,"parent":33,"menu_order":3,"comment_status":"closed","ping_status":"closed","template":"","meta":{"footnotes":""},"class_list":["post-142","page","type-page","status-publish","hentry"],"_links":{"self":[{"href":"https:\/\/wordpress.nibis.de\/gsjohannes\/wp-json\/wp\/v2\/pages\/142","targetHints":{"allow":["GET"]}}],"collection":[{"href":"https:\/\/wordpress.nibis.de\/gsjohannes\/wp-json\/wp\/v2\/pages"}],"about":[{"href":"https:\/\/wordpress.nibis.de\/gsjohannes\/wp-json\/wp\/v2\/types\/page"}],"author":[{"embeddable":true,"href":"https:\/\/wordpress.nibis.de\/gsjohannes\/wp-json\/wp\/v2\/users\/9192482"}],"replies":[{"embeddable":true,"href":"https:\/\/wordpress.nibis.de\/gsjohannes\/wp-json\/wp\/v2\/comments?post=142"}],"version-history":[{"count":13,"href":"https:\/\/wordpress.nibis.de\/gsjohannes\/wp-json\/wp\/v2\/pages\/142\/revisions"}],"predecessor-version":[{"id":1865,"href":"https:\/\/wordpress.nibis.de\/gsjohannes\/wp-json\/wp\/v2\/pages\/142\/revisions\/1865"}],"up":[{"embeddable":true,"href":"https:\/\/wordpress.nibis.de\/gsjohannes\/wp-json\/wp\/v2\/pages\/33"}],"wp:attachment":[{"href":"https:\/\/wordpress.nibis.de\/gsjohannes\/wp-json\/wp\/v2\/media?parent=142"}],"curies":[{"name":"wp","href":"https:\/\/api.w.org\/{rel}","templated":true}]}}