{"id":229,"date":"2018-01-06T19:19:39","date_gmt":"2018-01-06T18:19:39","guid":{"rendered":"http:\/\/wordpress.nibis.de\/gsjohannes\/?page_id=229"},"modified":"2026-01-24T13:56:36","modified_gmt":"2026-01-24T12:56:36","slug":"foerderverein","status":"publish","type":"page","link":"https:\/\/wordpress.nibis.de\/gsjohannes\/foerderverein\/","title":{"rendered":"F\u00f6rderverein"},"content":{"rendered":"<p>Der F\u00f6rderverein der St. Johannes-Schule Steinfeld wurde 2010 gegr\u00fcndet, um den Sch\u00fclerinnen und Sch\u00fclern als auch den Lehrerinnen und Lehrern unterst\u00fctzend zur Seite zu stehen.<\/p>\n\n\n<div class=\"wp-block-file\"><a id=\"wp-block-file--media-12b2ffb9-5dd1-43ad-bd03-1e5ec5f6bd96\" href=\"https:\/\/wordpress.nibis.de\/gsjohannes\/files\/2018\/09\/F\u00f6rderverein.pdf\" target=\"_blank\" rel=\"noreferrer noopener\">Aufnahmeantrag F\u00f6rderverein<\/a><a href=\"https:\/\/wordpress.nibis.de\/gsjohannes\/files\/2018\/09\/F\u00f6rderverein.pdf\" class=\"wp-block-file__button wp-element-button\" download aria-describedby=\"wp-block-file--media-12b2ffb9-5dd1-43ad-bd03-1e5ec5f6bd96\">Herunterladen<\/a><\/div>\n\n\n","protected":false},"excerpt":{"rendered":"<p>Der F\u00f6rderverein der St. Johannes-Schule Steinfeld wurde 2010 gegr\u00fcndet, um den Sch\u00fclerinnen und Sch\u00fclern als auch den Lehrerinnen und Lehrern unterst\u00fctzend zur Seite zu stehen.<\/p>\n","protected":false},"author":9192482,"featured_media":0,"parent":0,"menu_order":0,"comment_status":"closed","ping_status":"closed","template":"","meta":{"footnotes":""},"class_list":["post-229","page","type-page","status-publish","hentry"],"_links":{"self":[{"href":"https:\/\/wordpress.nibis.de\/gsjohannes\/wp-json\/wp\/v2\/pages\/229","targetHints":{"allow":["GET"]}}],"collection":[{"href":"https:\/\/wordpress.nibis.de\/gsjohannes\/wp-json\/wp\/v2\/pages"}],"about":[{"href":"https:\/\/wordpress.nibis.de\/gsjohannes\/wp-json\/wp\/v2\/types\/page"}],"author":[{"embeddable":true,"href":"https:\/\/wordpress.nibis.de\/gsjohannes\/wp-json\/wp\/v2\/users\/9192482"}],"replies":[{"embeddable":true,"href":"https:\/\/wordpress.nibis.de\/gsjohannes\/wp-json\/wp\/v2\/comments?post=229"}],"version-history":[{"count":6,"href":"https:\/\/wordpress.nibis.de\/gsjohannes\/wp-json\/wp\/v2\/pages\/229\/revisions"}],"predecessor-version":[{"id":1785,"href":"https:\/\/wordpress.nibis.de\/gsjohannes\/wp-json\/wp\/v2\/pages\/229\/revisions\/1785"}],"wp:attachment":[{"href":"https:\/\/wordpress.nibis.de\/gsjohannes\/wp-json\/wp\/v2\/media?parent=229"}],"curies":[{"name":"wp","href":"https:\/\/api.w.org\/{rel}","templated":true}]}}