{"id":235,"date":"2018-01-06T19:39:46","date_gmt":"2018-01-06T18:39:46","guid":{"rendered":"http:\/\/wordpress.nibis.de\/gsjohannes\/?page_id=235"},"modified":"2026-01-24T14:20:54","modified_gmt":"2026-01-24T13:20:54","slug":"suchmaschinen","status":"publish","type":"page","link":"https:\/\/wordpress.nibis.de\/gsjohannes\/weblinks\/suchmaschinen\/","title":{"rendered":"Suchmaschinen"},"content":{"rendered":"\n<ul class=\"wp-block-list\">\n<li>Hier findest du eine Suchmaschine f\u00fcr Kinder und viele<br>interessante Informationen zu unterschiedlichen Themen.<br><a href=\"https:\/\/www.helles-koepfchen.de\/\">https:\/\/www.helles-koepfchen.de<\/a><\/li>\n\n\n\n<li>Hier findest du eine Suchmaschine f\u00fcr Kinder, viele interessante<br>Kinderseiten und regelm\u00e4\u00dfig neue Surftipps.<br><a href=\"http:\/\/www.fragfinn.de\/\">www.fragfinn.de<\/a><\/li>\n\n\n\n<li>Hier findest du eine Lernseite mit Aufgaben in Deutsch, Mathe,<br>Englisch, Musik DaZ und Sachunterricht. Die Klassenstufe und das Fach k\u00f6nnen<br>gezielt ausgew\u00e4hlt werden. Als Belohnung werden f\u00fcr geleistete Aufgaben M\u00fcnzen<br>gesammelt, die f\u00fcr Spiele etc. ausgegeben werden k\u00f6nnen.<br><a href=\"https:\/\/anton.app\/\">https:\/\/anton.app\/<\/a><\/li>\n\n\n\n<li>Die Seite Legakids bietet Spiele Videos und Ideen rund ums Lesen<br>und Schreiben.<br><a href=\"https:\/\/www.legakids.net\/kids\">https:\/\/www.legakids.net\/kids<\/a><\/li>\n\n\n\n<li>Hier findest du eine Lernseite mit vielen verschiedenen Themen.<br>Die Seite bietet Angebote, die nach Klassenstufen organisiert sind. So f\u00e4llt<br>das Suchen leichter.<br><a href=\"https:\/\/www.hamsterkiste.de\/\">www.hamsterkiste.de<\/a><\/li>\n\n\n\n<li>Auch in der Medienwerkstatt findest du viele wissenswerte<br>Informationen.<br><a href=\"http:\/\/www.medienwerkstatt-online.de\/lws_wissen\/\">http:\/\/www.medienwerkstatt-online.de\/lws_wissen\/<\/a> <\/li>\n\n\n\n<li>Auf dieser Seite kann man kostenlos lernen oder sein gelerntes<br>Wissen \u00fcberpr\u00fcfen. \u00dcber 80.000 Fragen erwarten euch hier.<br><a href=\"http:\/\/www.schlaukopf.de\/\">www.schlaukopf.de<\/a><\/li>\n\n\n\n<li>Hier findest du die Internetseite zum Geolinomagazin. Sie steckt<br>voller Wissen f\u00fcr Kinder. Man findet hier aber zum Beispiel auch Rezepte und<br>Spiele.<br><a href=\"http:\/\/www.geo.de\/geolino\">www.geo.de\/geolino<\/a><\/li>\n\n\n\n<li>Im Forschergarten gibt es viel f\u00fcr kleine Forscher zu entdecken.<br>Wenn ihr euch f\u00fcr Naturwissenschaften interessiert, dann schaut doch mal<br>vorbei.<br><a href=\"https:\/\/www.meine-forscherwelt.de\/intro\/start.html\">www.meine-forscherwelt.de<\/a><\/li>\n\n\n\n<li>Hier wird alles rund ums Internet einfach erkl\u00e4rt. Wenn du<br>m\u00f6chtest, kannst du hier auch einen \u201eSurfschein\u201c machen.<br><a href=\"https:\/\/www.internet-abc.de\/\">www.internet-abc.de\/kinder<\/a><\/li>\n\n\n\n<li>Du m\u00f6chtest mehr \u00fcber unser Bundesland erfahren? <br>Schau dir doch einmal diese Seite an.<br><a href=\"http:\/\/www.niedersachsen.de\/kinder\">www.niedersachsen.de\/kinder<\/a><\/li>\n\n\n\n<li>M\u00f6chtest du deine Englischkenntnisse verbessern? Hier ist der<br>Link dazu:<br><a href=\"https:\/\/www.englischelernspiele.de\/\">https:\/\/www.englischelernspiele.de<\/a><\/li>\n\n\n\n<li>Auch in der kleinen Schule findest du unterschiedliche<br>Arbeitsbl\u00e4tter zu vielen verschiedenen F\u00e4chern<br><a href=\"https:\/\/www.kleineschule.com.de\/\">https:\/\/www.kleineschule.com.de<\/a><\/li>\n\n\n\n<li>Wenn du deine Deutsch-, Mathe- und Englischkenntnisse verbessern<br>willst findest du beim Lernspass f\u00fcr Kinder die richtige Adresse (auch als App<br>erh\u00e4ltlich)<br><a href=\"https:\/\/www.lernspass-fuer-kinder.de\/\">https:\/\/www.lernspass-fuer-kinder.de<\/a><\/li>\n\n\n\n<li>Hier gibt es Spiele, B\u00fccher, Bastelangebote und Informationen zu<br>vielen Themen.<br><a href=\"http:\/\/www.kidsweb.de\/\">www.kidsweb.de<\/a><\/li>\n\n\n\n<li>Hier findest du die offizielle Seite zur \u201eSendung mit der Maus\u201c.<br>Neben Spielen findest du hier zum Beispiel H\u00f6rgeschichten und viel Sachwissen.<br><a href=\"http:\/\/www.wdrmaus.de\/\">www.wdrmaus.de<\/a><\/li>\n\n\n\n<li>Hier kannst du dir die Filmbeitr\u00e4ge des bekannten<br>Nachrichtenmagazins f\u00fcr Kinder anschauen.<br><a href=\"http:\/\/www.zdf.de\/kinder\/logo\">www.zdf.de\/kinder\/logo<\/a><\/li>\n\n\n\n<li>Auf dieser Seite lernst du spielerisch, wie du dich in Gefahrensituationen<br>verhalten solltest. Es geht um Brandschutz, Erste Hilfe, Notruf und mehr!<br><a href=\"http:\/\/www.max-und-flocke-helferland.de\/\">www.max-und-flocke-helferland.de<\/a><\/li>\n<\/ul>\n","protected":false},"excerpt":{"rendered":"","protected":false},"author":9192482,"featured_media":0,"parent":41,"menu_order":1,"comment_status":"closed","ping_status":"closed","template":"page-templates\/child-menu.php","meta":{"footnotes":""},"class_list":["post-235","page","type-page","status-publish","hentry"],"_links":{"self":[{"href":"https:\/\/wordpress.nibis.de\/gsjohannes\/wp-json\/wp\/v2\/pages\/235","targetHints":{"allow":["GET"]}}],"collection":[{"href":"https:\/\/wordpress.nibis.de\/gsjohannes\/wp-json\/wp\/v2\/pages"}],"about":[{"href":"https:\/\/wordpress.nibis.de\/gsjohannes\/wp-json\/wp\/v2\/types\/page"}],"author":[{"embeddable":true,"href":"https:\/\/wordpress.nibis.de\/gsjohannes\/wp-json\/wp\/v2\/users\/9192482"}],"replies":[{"embeddable":true,"href":"https:\/\/wordpress.nibis.de\/gsjohannes\/wp-json\/wp\/v2\/comments?post=235"}],"version-history":[{"count":9,"href":"https:\/\/wordpress.nibis.de\/gsjohannes\/wp-json\/wp\/v2\/pages\/235\/revisions"}],"predecessor-version":[{"id":1802,"href":"https:\/\/wordpress.nibis.de\/gsjohannes\/wp-json\/wp\/v2\/pages\/235\/revisions\/1802"}],"up":[{"embeddable":true,"href":"https:\/\/wordpress.nibis.de\/gsjohannes\/wp-json\/wp\/v2\/pages\/41"}],"wp:attachment":[{"href":"https:\/\/wordpress.nibis.de\/gsjohannes\/wp-json\/wp\/v2\/media?parent=235"}],"curies":[{"name":"wp","href":"https:\/\/api.w.org\/{rel}","templated":true}]}}