{"id":242,"date":"2018-01-06T19:40:07","date_gmt":"2018-01-06T18:40:07","guid":{"rendered":"http:\/\/wordpress.nibis.de\/gsjohannes\/?page_id=242"},"modified":"2026-01-24T14:08:48","modified_gmt":"2026-01-24T13:08:48","slug":"seiten-fuer-kinder","status":"publish","type":"page","link":"https:\/\/wordpress.nibis.de\/gsjohannes\/weblinks\/seiten-fuer-kinder\/","title":{"rendered":"Seiten f\u00fcr Kinder"},"content":{"rendered":"\n<p><a href=\"https:\/\/anton.app\/de\">Anton: Lern-App<\/a><\/p>\n\n\n\n<p>ANTON ist die neue Lern-App f\u00fcr die Schule. Deutsch und Mathematik \u00dcbungen, ohne Werbung und 100% kostenlos.<\/p>\n\n\n\n<hr class=\"wp-block-separator has-css-opacity\" \/>\n\n\n\n<p><a href=\"http:\/\/www.schlaukopf.de\">www.schlaukopf.de<\/a><\/p>\n\n\n\n<hr class=\"wp-block-separator has-css-opacity\" \/>\n\n\n\n<p><a href=\"http:\/\/www.grundschulstoff.de\">www.grundschulstoff.de<\/a><\/p>\n\n\n\n<hr class=\"wp-block-separator has-css-opacity\" \/>\n\n\n\n<p><a href=\"https:\/\/www.zdf.de\/kinder\/logo\" target=\"_blank\" rel=\"noreferrer noopener\">ZDF tivi &#8211; logo! &#8211; Nachrichten f\u00fcr Kinder<\/a><\/p>\n\n\n\n<p>Hallo bei logo!<\/p>\n\n\n\n<hr class=\"wp-block-separator has-css-opacity\" \/>\n\n\n\n<p><a href=\"http:\/\/www.wdrmaus.de\/elefantenseite\/\" target=\"_blank\" rel=\"noreferrer noopener\">Die Seite mit dem Elefanten<\/a><\/p>\n\n\n\n<p>Hier kannst du die Welt von Elefant und Hase im Internet entdecken.<\/p>\n\n\n\n<hr class=\"wp-block-separator has-css-opacity\" \/>\n\n\n\n<p><a href=\"https:\/\/seitenstark.de\/\" target=\"_blank\" rel=\"noreferrer noopener\">seitenstark<\/a><\/p>\n\n\n\n<p>Seitenstark\u00a0ist\u00a0ein\u00a0Netzwerk\u00a0aus\u00a0\u00fcber\u00a060\u00a0Kinderseiten,\u00a0das\u00a0darauf\u00a0abzielt,\u00a0sichere\u00a0und\u00a0qualitativ\u00a0hochwertige\u00a0digitale\u00a0Angebote\u00a0f\u00fcr\u00a0Kinder\u00a0zu\u00a0schaffen.\u00a0Es\u00a0wurde\u00a02003\u00a0gegr\u00fcndet\u00a0und\u00a0engagiert\u00a0sich\u00a0f\u00fcr\u00a0die\u00a0Sicherheit\u00a0und\u00a0das\u00a0Wohlbefinden\u00a0von\u00a0Kindern\u00a0im\u00a0Internet.\u00a0Seitenstark\u00a0f\u00f6rdert\u00a0die\u00a0Medienkompetenz\u00a0und\u00a0die\u00a0Teilhabe\u00a0von\u00a0Kindern\u00a0an\u00a0digitalen\u00a0Plattformen,\u00a0indem\u00a0es\u00a0eine\u00a0Vielzahl\u00a0von\u00a0Informationen,\u00a0Spielen\u00a0und\u00a0Wissensartikeln\u00a0bereitstellt,\u00a0die\u00a0auf\u00a0Kinder\u00a0ausgerichtet\u00a0sind.<\/p>\n\n\n\n<hr class=\"wp-block-separator has-css-opacity\" \/>\n\n\n\n<p>Der\nLabb\u00e9 Verlag bietet kostenloses Unterrichtsmaterial an. Minib\u00fccher,\nFaltvorlagen und \u00dcbungsbl\u00e4tter zum Rechnen werden hier zur Verf\u00fcgung gestellt.<\/p>\n\n\n\n<p><a href=\"https:\/\/shop.labbe.de\/pdf-shop\/basteln-gestalten\">https:\/\/shop.labbe.de\/pdf-shop\/basteln-gestalten<\/a><\/p>\n\n\n\n<p>__________________________________________________________________<\/p>\n\n\n\n<p>Auf\nder Internetseite \u201eLernbiene\u201c werden ebenfalls einige kostenlose Materialien\nangeboten.<\/p>\n\n\n\n<p><a href=\"https:\/\/www.lernbiene.de\/Sonderaktion-Heimunterricht\/\">https:\/\/www.lernbiene.de\/Sonderaktion-Heimunterricht\/<\/a><\/p>\n\n\n\n<p>__________________________________________________________________<\/p>\n\n\n\n<p>Alfons von Westermann bietet verschiedene Lernwelten aus dem Grundschulbereich, bis zum 30.05. k\u00f6nnen alle Angebote kostenfrei genutzt werden<br> <a href=\"https:\/\/alfons.westermann.de\/alfons\/#\/information\">https:\/\/alfons.westermann.de\/alfons\/#\/information<\/a><\/p>\n\n\n\n<p>__________________________________________________________________<\/p>\n\n\n\n<p>Beim Zahlenzorro kannst du Matheaufgaben \u00fcben, 30 Tage kannst du dieses Programm kostenlos testen<br> <a href=\"https:\/\/zahlenzorro.westermann.de\">https:\/\/zahlenzorro.westermann.de<\/a><\/p>\n\n\n\n<p>__________________________________________________________________<\/p>\n\n\n\n<p>Wie immer steht auch\nAntolin f\u00fcr deine Lese- und Lernfortschritte zur Verf\u00fcgung<br>\n<a href=\"https:\/\/antolin.westermann.de\/\">https:\/\/antolin.westermann.de<\/a><\/p>\n\n\n\n<hr class=\"wp-block-separator has-css-opacity\" \/>\n\n\n\n<p>Damit Ihre Kinder sich auch k\u00f6rperlich bet\u00e4tigen k\u00f6nnen, m\u00f6chten wir Ihnen die t\u00e4gliche Sportstunde von Alba Berlin empfehlen. Diese wird auf Youtube angeboten.<br><\/p>\n\n\n\n<p>Albas\nt\u00e4gliche Sportstunde f\u00fcr Kita-Kinder:<\/p>\n\n\n\n<figure class=\"wp-block-embed is-type-video is-provider-youtube wp-block-embed-youtube wp-embed-aspect-16-9 wp-has-aspect-ratio\"><div class=\"wp-block-embed__wrapper\">\n<iframe loading=\"lazy\"  id=\"_ytid_86210\"  width=\"640\" height=\"360\"  data-origwidth=\"640\" data-origheight=\"360\" src=\"https:\/\/www.youtube.com\/embed\/q8Rl1VhxXbk?enablejsapi=1&#038;autoplay=0&#038;cc_load_policy=0&#038;cc_lang_pref=&#038;iv_load_policy=1&#038;loop=0&#038;rel=1&#038;fs=1&#038;playsinline=0&#038;autohide=2&#038;theme=dark&#038;color=red&#038;controls=1&#038;disablekb=0&#038;\" class=\"__youtube_prefs__  epyt-is-override  no-lazyload\" title=\"YouTube player\"  allow=\"fullscreen; accelerometer; autoplay; clipboard-write; encrypted-media; gyroscope; picture-in-picture; web-share\" referrerpolicy=\"strict-origin-when-cross-origin\" allowfullscreen data-no-lazy=\"1\" data-skipgform_ajax_framebjll=\"\"><\/iframe>\n<\/div><\/figure>\n\n\n\n<p>__________________________________________________________________<\/p>\n\n\n\n<p>Albas\nt\u00e4gliche Sportstunde f\u00fcr Grundsch\u00fcler:<\/p>\n\n\n\n<figure class=\"wp-block-embed is-type-video is-provider-youtube wp-block-embed-youtube wp-embed-aspect-16-9 wp-has-aspect-ratio\"><div class=\"wp-block-embed__wrapper\">\n<iframe loading=\"lazy\"  id=\"_ytid_94316\"  width=\"640\" height=\"360\"  data-origwidth=\"640\" data-origheight=\"360\" src=\"https:\/\/www.youtube.com\/embed\/olNR0RNaXyU?enablejsapi=1&#038;autoplay=0&#038;cc_load_policy=0&#038;cc_lang_pref=&#038;iv_load_policy=1&#038;loop=0&#038;rel=1&#038;fs=1&#038;playsinline=0&#038;autohide=2&#038;theme=dark&#038;color=red&#038;controls=1&#038;disablekb=0&#038;\" class=\"__youtube_prefs__  epyt-is-override  no-lazyload\" title=\"YouTube player\"  allow=\"fullscreen; accelerometer; autoplay; clipboard-write; encrypted-media; gyroscope; picture-in-picture; web-share\" referrerpolicy=\"strict-origin-when-cross-origin\" allowfullscreen data-no-lazy=\"1\" data-skipgform_ajax_framebjll=\"\"><\/iframe>\n<\/div><\/figure>\n\n\n\n<p>Angebote\ndes \u00f6ffentlich-rechtlichen Fernsehens<\/p>\n\n\n\n<p><\/p>\n\n\n","protected":false},"excerpt":{"rendered":"<p>Anton: Lern-App ANTON ist die neue Lern-App f\u00fcr die Schule. Deutsch und Mathematik \u00dcbungen, ohne Werbung und 100% kostenlos. www.schlaukopf.de www.grundschulstoff.de ZDF tivi &#8211; logo! &#8211; Nachrichten f\u00fcr Kinder Hallo bei logo! Die Seite mit dem Elefanten Hier kannst du &hellip; <a href=\"https:\/\/wordpress.nibis.de\/gsjohannes\/weblinks\/seiten-fuer-kinder\/\">Weiterlesen <span class=\"meta-nav\">&rarr;<\/span><\/a><\/p>\n","protected":false},"author":9192482,"featured_media":0,"parent":41,"menu_order":3,"comment_status":"closed","ping_status":"closed","template":"page-templates\/child-menu.php","meta":{"footnotes":""},"class_list":["post-242","page","type-page","status-publish","hentry"],"_links":{"self":[{"href":"https:\/\/wordpress.nibis.de\/gsjohannes\/wp-json\/wp\/v2\/pages\/242","targetHints":{"allow":["GET"]}}],"collection":[{"href":"https:\/\/wordpress.nibis.de\/gsjohannes\/wp-json\/wp\/v2\/pages"}],"about":[{"href":"https:\/\/wordpress.nibis.de\/gsjohannes\/wp-json\/wp\/v2\/types\/page"}],"author":[{"embeddable":true,"href":"https:\/\/wordpress.nibis.de\/gsjohannes\/wp-json\/wp\/v2\/users\/9192482"}],"replies":[{"embeddable":true,"href":"https:\/\/wordpress.nibis.de\/gsjohannes\/wp-json\/wp\/v2\/comments?post=242"}],"version-history":[{"count":28,"href":"https:\/\/wordpress.nibis.de\/gsjohannes\/wp-json\/wp\/v2\/pages\/242\/revisions"}],"predecessor-version":[{"id":1791,"href":"https:\/\/wordpress.nibis.de\/gsjohannes\/wp-json\/wp\/v2\/pages\/242\/revisions\/1791"}],"up":[{"embeddable":true,"href":"https:\/\/wordpress.nibis.de\/gsjohannes\/wp-json\/wp\/v2\/pages\/41"}],"wp:attachment":[{"href":"https:\/\/wordpress.nibis.de\/gsjohannes\/wp-json\/wp\/v2\/media?parent=242"}],"curies":[{"name":"wp","href":"https:\/\/api.w.org\/{rel}","templated":true}]}}