{"id":27,"date":"2017-12-14T17:02:08","date_gmt":"2017-12-14T16:02:08","guid":{"rendered":"http:\/\/wordpress.nibis.de\/gsjohannes\/?page_id=27"},"modified":"2023-09-25T15:16:46","modified_gmt":"2023-09-25T13:16:46","slug":"schulsozialarbeiterin","status":"publish","type":"page","link":"https:\/\/wordpress.nibis.de\/gsjohannes\/unser-team\/schulsozialarbeiterin\/","title":{"rendered":"Schulsozialarbeiterin"},"content":{"rendered":"\n<p>Liebe Eltern und Erziehungsberechtigte,<\/p>\n\n\n\n<p>wir sind Jennifer Prues (Foto links), Erziehungswissenschaftlerin und Laura Serucnik (rechts), staatlich anerkannte Sozialp\u00e4dagogin. Gemeinsam arbeiten wir als Schulsozialarbeiterinnen an der St. Johannes-Schule.<\/p>\n\n\n\n<p>Die Schulsozialarbeit ist eine niederschwellige Anlaufstelle f\u00fcr Sch\u00fclerinnen und Sch\u00fcler, Lehrpersonen und Eltern. Das Angebot ist kostenlos und erfolgt auf freiwilliger Basis.<\/p>\n\n\n\n<p>Alle Gespr\u00e4che unterliegen der Schweigepflicht.<\/p>\n\n\n\n<p>Wir m\u00f6chten dazu beitragen, Probleme in der Schule und dessen Umfeld fr\u00fchzeitig zu erkennen und gezielt anzugehen. Die Schulsozialarbeit konzentriert sich auf soziale Problemstellungen und hat zum Ziel, Kinder und Jugendliche im Prozess des Heranwachsens und bei der Entwicklung von Strategien zur Lebensbew\u00e4ltigung zu unterst\u00fctzen und ihre ganzheitliche Entwicklung zu f\u00f6rdern.<\/p>\n\n\n\n<p><strong>Die Angebote der Schulsozialarbeit stehen neben Sch\u00fcler\/Innen und Lehrpersonen auch Ihnen als Eltern zur Verf\u00fcgung und beinhalten beispielsweise:<\/strong><\/p>\n\n\n\n<p><strong>\u27a2 Kurzfristige Hilfestellung im Zusammenhang mit Ihren Kindern<\/strong><\/p>\n\n\n\n<p><strong>\u27a2 niederschwellige Beratungsgespr\u00e4che<\/strong><\/p>\n\n\n\n<p><strong>\u27a2 Herstellen von Kontakten mit externen Helferorganisationen<\/strong><\/p>\n\n\n\n<p>Sollten Sie also Anliegen oder Probleme haben liegt es uns am Herzen gemeinsam mit Ihnen und ihrem Kind eine L\u00f6sung zu finden.<\/p>\n\n\n\n<figure class=\"wp-block-table aligncenter\"><table><tbody><tr><td><img loading=\"lazy\" decoding=\"async\" width=\"461\" height=\"600\" class=\"wp-image-1175\" style=\"width: 250px\" src=\"https:\/\/wordpress.nibis.de\/gsjohannes\/files\/2023\/09\/Foto-Team.jpg\" alt=\"\" srcset=\"https:\/\/wordpress.nibis.de\/gsjohannes\/files\/2023\/09\/Foto-Team.jpg 461w, https:\/\/wordpress.nibis.de\/gsjohannes\/files\/2023\/09\/Foto-Team-108x141.jpg 108w\" sizes=\"auto, (max-width: 461px) 100vw, 461px\" \/><\/td><\/tr><\/tbody><\/table><figcaption><strong>Jennifer Prues und Laura Serucnik<\/strong><\/figcaption><\/figure>\n\n\n\n<div class=\"wp-block-columns\">\u00a0<\/div>\n<p style=\"text-align: center\" data-rich-text-format-boundary=\"true\">St. Johannes-Schule Steinfeld<\/p>\n<p style=\"text-align: center\" data-rich-text-format-boundary=\"true\">Dammer Str. 13<\/p>\n<p style=\"text-align: center\">49439 Steinfeld<\/p>\n<p style=\"text-align: center\">Tel: 05492-929781<\/p>\n<p style=\"text-align: center\"><span id=\"cloak8e22a8ca3772f45c31a0f9412c24f40a\"><a href=\"&#x6d;&#97;i&#x6c;&#116;o&#x3a;&#x73;&#99;&#x68;&#x75;&#108;s&#x6f;&#122;i&#x61;&#x6c;&#97;&#x72;&#x62;&#101;i&#x74;&#64;s&#x74;&#x2d;&#106;&#x73;&#x2e;&#100;e\">s&#99;&#104;&#x75;&#x6c;so&#122;&#105;&#x61;&#x6c;ar&#98;&#101;&#x69;&#x74;&#64;s&#116;&#x2d;&#x6a;&#x73;&#46;&#100;&#101;<\/a><\/span><\/p>\n<p style=\"text-align: center\">Sprechzeiten: Mo-Fr 08:00 Uhr \u2013 12:00 Uhr<\/p>\n<p style=\"text-align: center\">oder nach Vereinbarung<\/p>\n<p>\u00a0<\/p>\n<p>\u00a0<\/p>\n<p><strong>\u00a0<\/strong><\/p>\n\n\n","protected":false},"excerpt":{"rendered":"<p>Liebe Eltern und Erziehungsberechtigte, wir sind Jennifer Prues (Foto links), Erziehungswissenschaftlerin und Laura Serucnik (rechts), staatlich anerkannte Sozialp\u00e4dagogin. Gemeinsam arbeiten wir als Schulsozialarbeiterinnen an der St. Johannes-Schule. Die Schulsozialarbeit ist eine niederschwellige Anlaufstelle f\u00fcr Sch\u00fclerinnen und Sch\u00fcler, Lehrpersonen und Eltern. &hellip; <a href=\"https:\/\/wordpress.nibis.de\/gsjohannes\/unser-team\/schulsozialarbeiterin\/\">Weiterlesen <span class=\"meta-nav\">&rarr;<\/span><\/a><\/p>\n","protected":false},"author":9192494,"featured_media":0,"parent":17,"menu_order":5,"comment_status":"closed","ping_status":"closed","template":"","meta":{"footnotes":""},"class_list":["post-27","page","type-page","status-publish","hentry"],"_links":{"self":[{"href":"https:\/\/wordpress.nibis.de\/gsjohannes\/wp-json\/wp\/v2\/pages\/27","targetHints":{"allow":["GET"]}}],"collection":[{"href":"https:\/\/wordpress.nibis.de\/gsjohannes\/wp-json\/wp\/v2\/pages"}],"about":[{"href":"https:\/\/wordpress.nibis.de\/gsjohannes\/wp-json\/wp\/v2\/types\/page"}],"author":[{"embeddable":true,"href":"https:\/\/wordpress.nibis.de\/gsjohannes\/wp-json\/wp\/v2\/users\/9192494"}],"replies":[{"embeddable":true,"href":"https:\/\/wordpress.nibis.de\/gsjohannes\/wp-json\/wp\/v2\/comments?post=27"}],"version-history":[{"count":16,"href":"https:\/\/wordpress.nibis.de\/gsjohannes\/wp-json\/wp\/v2\/pages\/27\/revisions"}],"predecessor-version":[{"id":1182,"href":"https:\/\/wordpress.nibis.de\/gsjohannes\/wp-json\/wp\/v2\/pages\/27\/revisions\/1182"}],"up":[{"embeddable":true,"href":"https:\/\/wordpress.nibis.de\/gsjohannes\/wp-json\/wp\/v2\/pages\/17"}],"wp:attachment":[{"href":"https:\/\/wordpress.nibis.de\/gsjohannes\/wp-json\/wp\/v2\/media?parent=27"}],"curies":[{"name":"wp","href":"https:\/\/api.w.org\/{rel}","templated":true}]}}