{"id":35,"date":"2017-12-14T17:04:01","date_gmt":"2017-12-14T16:04:01","guid":{"rendered":"http:\/\/wordpress.nibis.de\/gsjohannes\/?page_id=35"},"modified":"2026-01-26T10:36:41","modified_gmt":"2026-01-26T09:36:41","slug":"ganztag","status":"publish","type":"page","link":"https:\/\/wordpress.nibis.de\/gsjohannes\/ganztag\/","title":{"rendered":"Ganztag"},"content":{"rendered":"<p><img loading=\"lazy\" decoding=\"async\" class=\"alignnone size-full wp-image-1197\" src=\"https:\/\/wordpress.nibis.de\/gsjohannes\/files\/2023\/11\/Logo.jpeg\" alt=\"\" width=\"163\" height=\"171\" srcset=\"https:\/\/wordpress.nibis.de\/gsjohannes\/files\/2023\/11\/Logo.jpeg 163w, https:\/\/wordpress.nibis.de\/gsjohannes\/files\/2023\/11\/Logo-134x141.jpeg 134w\" sizes=\"auto, (max-width: 163px) 100vw, 163px\" \/><\/p>\n<p style=\"text-align: center\"><strong><span style=\"text-decoration: underline\"><span style=\"color: #000000\"><span style=\"font-size: 14pt\">Unser Ganztagskonzept<\/span><\/span><\/span><\/strong><\/p>\n<p><strong>Ablauf des Ganztags:<\/strong><\/p>\n<ul>\n<li>Die Ganztagsbetreuung beginnt f\u00fcr die Klassen 1 und 2 nach der 4. Stunde um 12:10 Uhr. F\u00fcr die Klassen 3 und 4 nach der 5. Stunde um 13:00 Uhr.<\/li>\n<li>Die Kinder sind in farbige Gruppen eingeteilt, abgestimmt auf den jeweiligen Jahrgang sowie die Klassengemeinschaft.<\/li>\n<li>Nach Unterrichtsschluss werden die Kinder in ihrem vorgesehenen Gruppenraum von ihrer Ganztagsbetreuungskraft in Empfang genommen, stellen ihre Schultaschen ab und gehen zur Toilette, bevor sie gemeinsam mit der Betreuungskraft zur Mensa gehen. Auch die Kinder, die ihr eigenes Mittagessen mitbringen, gehen mit ihrer Gruppe in die Mensa, sodass alle Kinder ein gemeinsames Mittagessen einnehmen k\u00f6nnen.<\/li>\n<li>Die Gruppen der Klassen 1 und 2 k\u00f6nnen sich nach dem Mittagessen in der <em>Spiel- und Ruhezeit<\/em> nach dem anstrengenden Schulalltag zur\u00fcckziehen und ausruhen oder sich auf dem Schulhof noch einmal so richtig austoben.<\/li>\n<li>W\u00e4hrend dieser <em>Spiel- und Ruhezeit<\/em> der Klassen 1 und 2 gehen die Gruppen der Klassen 3 und 4 zum Mittagessen.<\/li>\n<li>Danach gehen alle Gruppen mit ihren Betreuungskr\u00e4ften zur\u00fcck in ihren Gruppenraum und die <em>Lern- und \u00dcbungszeit<\/em> In dieser Zeit bekommen die Kinder Hilfestellungen zum Bearbeiten der Hausaufgaben.<\/li>\n<li>Abschlie\u00dfend gibt es die Angebotszeit, in der die Kinder unter Aufsicht kreativ werden k\u00f6nnen. Daf\u00fcr gibt es ein sich immer wechselndes Angebot aus Bastelangeboten, Gesellschaftsspielen, Bewegungsspielen, Sinnerlebnisspielen und die F\u00f6rderung sozialer Kompetenzen.<\/li>\n<\/ul>\n<p><strong>Wichtig:<\/strong><\/p>\n<p>Die Lern- und \u00dcbungszeit ist <u>keine<\/u> Hausaufgabenbetreuung! Das hei\u00dft, dass die eingesetzten Ganztagsbetreuungskr\u00e4fte sowie Lehrkr\u00e4fte bei Bedarf Hilfestellungen geben. Jedoch kann nicht garantiert werden, dass alle Kinder mit den Aufgaben fertig werden. Es ist weiterhin die Pflicht der Erziehungsberechtigten im Anschluss zu schauen, ob noch Aufgaben fertig gemacht werden m\u00fcssen.<\/p>\n<p><strong>Regeln:<\/strong><\/p>\n<p>Genauso wie die Kinder einige Regeln w\u00e4hrend des Ganztags einhalten m\u00fcssen, bitten wir auch Sie als Erziehungsberechtigte auf bestimmte Regeln zu achten und diese einzuhalten, um die Ganztagsbetreuung nicht zu st\u00f6ren.<\/p>\n<ol>\n<li>Bitte melden Sie eine Abmeldung f\u00fcr einen bestimmten Tag aus dem Ganztag schriftlich mindestens <strong>1 Tag vorher.<\/strong> Diese Abmeldung gilt nur mit einem entsprechenden Attest. Abholzeit ist f\u00fcr die Jahrg\u00e4nge 1 und 2 dann um 12:10 Uhr, f\u00fcr die Jahrg\u00e4nge 3 und 4 um 13:00 Uhr. Das bereits bezahlte Mittagessen kann in einer eigene Dose mitgenommen werden.<\/li>\n<li>Bitte warten Sie nicht auf dem Schulhof, wenn Sie vor Ende des Ganztags an der Schule eintreffen, um Ihre Kinder abzuholen. Warten Sie bitte vor dem Haupteingang oder auf den Parkpl\u00e4tzen der Schule. Das Warten auf dem Schulhof st\u00f6rt das Beenden des jeweiligen Angebotes, sobald die Kinder ihre Eltern sehen.<\/li>\n<\/ol>\n<p><span style=\"font-size: 12pt\"><strong>Sprechzeiten:<\/strong><\/span><\/p>\n<p><span style=\"font-size: 12pt\">Sprechzeiten mit Frau Wegener oder der jeweiligen Betreuungskraft nach Bedarf.<\/span><\/p>\n<p><span style=\"font-size: 12pt\">Bitte vereinbaren Sie hierf\u00fcr einen Termin unter 05492- 929781 oder <a href=\"&#x6d;&#97;i&#x6c;&#116;o&#x3a;&#106;&#46;&#x77;&#x65;&#103;&#x65;&#x6e;&#101;r&#x40;&#118;e&#x72;&#101;i&#x6e;&#x2d;&#97;&#x70;&#x67;&#46;d&#x65;\">j&#46;&#x77;&#x65;g&#101;&#110;&#x65;&#x72;&#64;&#118;&#101;&#x72;&#x65;i&#110;&#x2d;&#x61;&#x70;g&#46;&#x64;&#x65;<\/a><\/span><\/p>\n<p><img loading=\"lazy\" decoding=\"async\" class=\"wp-image-99 aligncenter\" src=\"http:\/\/wordpress.nibis.de\/gsjohannes\/files\/2017\/12\/Bildschirmfoto-2017-12-14-um-17.42.00-300x169.png\" alt=\"\" width=\"856\" height=\"482\" srcset=\"https:\/\/wordpress.nibis.de\/gsjohannes\/files\/2017\/12\/Bildschirmfoto-2017-12-14-um-17.42.00-300x169.png 300w, https:\/\/wordpress.nibis.de\/gsjohannes\/files\/2017\/12\/Bildschirmfoto-2017-12-14-um-17.42.00-768x432.png 768w, https:\/\/wordpress.nibis.de\/gsjohannes\/files\/2017\/12\/Bildschirmfoto-2017-12-14-um-17.42.00-1024x576.png 1024w, https:\/\/wordpress.nibis.de\/gsjohannes\/files\/2017\/12\/Bildschirmfoto-2017-12-14-um-17.42.00.png 1094w\" sizes=\"auto, (max-width: 856px) 100vw, 856px\" \/><\/p>\n","protected":false},"excerpt":{"rendered":"<p>Unser Ganztagskonzept Ablauf des Ganztags: Die Ganztagsbetreuung beginnt f\u00fcr die Klassen 1 und 2 nach der 4. Stunde um 12:10 Uhr. F\u00fcr die Klassen 3 und 4 nach der 5. Stunde um 13:00 Uhr. Die Kinder sind in farbige Gruppen &hellip; <a href=\"https:\/\/wordpress.nibis.de\/gsjohannes\/ganztag\/\">Weiterlesen <span class=\"meta-nav\">&rarr;<\/span><\/a><\/p>\n","protected":false},"author":9192494,"featured_media":0,"parent":0,"menu_order":0,"comment_status":"closed","ping_status":"closed","template":"page-templates\/child-menu.php","meta":{"footnotes":""},"class_list":["post-35","page","type-page","status-publish","hentry"],"_links":{"self":[{"href":"https:\/\/wordpress.nibis.de\/gsjohannes\/wp-json\/wp\/v2\/pages\/35","targetHints":{"allow":["GET"]}}],"collection":[{"href":"https:\/\/wordpress.nibis.de\/gsjohannes\/wp-json\/wp\/v2\/pages"}],"about":[{"href":"https:\/\/wordpress.nibis.de\/gsjohannes\/wp-json\/wp\/v2\/types\/page"}],"author":[{"embeddable":true,"href":"https:\/\/wordpress.nibis.de\/gsjohannes\/wp-json\/wp\/v2\/users\/9192494"}],"replies":[{"embeddable":true,"href":"https:\/\/wordpress.nibis.de\/gsjohannes\/wp-json\/wp\/v2\/comments?post=35"}],"version-history":[{"count":17,"href":"https:\/\/wordpress.nibis.de\/gsjohannes\/wp-json\/wp\/v2\/pages\/35\/revisions"}],"predecessor-version":[{"id":1810,"href":"https:\/\/wordpress.nibis.de\/gsjohannes\/wp-json\/wp\/v2\/pages\/35\/revisions\/1810"}],"wp:attachment":[{"href":"https:\/\/wordpress.nibis.de\/gsjohannes\/wp-json\/wp\/v2\/media?parent=35"}],"curies":[{"name":"wp","href":"https:\/\/api.w.org\/{rel}","templated":true}]}}