{"id":37,"date":"2017-12-14T17:04:12","date_gmt":"2017-12-14T16:04:12","guid":{"rendered":"http:\/\/wordpress.nibis.de\/gsjohannes\/?page_id=37"},"modified":"2018-01-07T20:46:08","modified_gmt":"2018-01-07T19:46:08","slug":"leitbild","status":"publish","type":"page","link":"https:\/\/wordpress.nibis.de\/gsjohannes\/leitbild\/","title":{"rendered":"Leitbild"},"content":{"rendered":"<div>\n<p class=\"bodytext\">An der St. Johannes-Schule Steinfeld erfolgt die Umsetzung des Erziehungs- und Bildungsauftrags (\u00a72 des Nieders\u00e4chsischen Schulgesetzes) nach christlichen Wertvorstellungen und Grunds\u00e4tzen.<\/p>\n<\/div>\n<p class=\"bodytext\">Durch ein zeitgem\u00e4\u00dfes Bildungsangebot f\u00f6rdern wir die F\u00e4higkeit der Sch\u00fclerinnen und Sch\u00fcler, ihr Leben selbstverantwortlich im Sinne lebenslangen Lernens in sozialchristlicher Verantwortung zu gestalten.<\/p>\n<p class=\"bodytext\">Wir sind eine katholische Grundschule im l\u00e4ndlich gepr\u00e4gten Raum<\/p>\n<ul>\n<li>die ihrem Bildungsauftrag gerecht wird und Grundwissen vermittelt sowie zur Selbst\u00e4ndigkeit, Eigenverantwortung, Toleranz und Solidarit\u00e4t erzieht.<\/li>\n<li>in der wir miteinander respektvoll, r\u00fccksichtsvoll, vertrauensvoll und wertsch\u00e4tzend umgehen, damit sich alle Mitglieder der Schulgemeinschaft hier wohl und sicher f\u00fchlen k\u00f6nnen.<\/li>\n<li>in der viele Aktivit\u00e4ten stattfinden, die das Schulleben bereichern und in der das \u00f6rtliche Traditionsbewusstsein gepflegt und gef\u00f6rdert wird.<\/li>\n<li>die das Gesundheitsbewusstsein pr\u00e4gt, das Lernen mit Kopf, Herz und Hand f\u00f6rdert, einen ersten Umgang mit modernen Technologien anbietet und eine m\u00f6glichst individuelle und umfassende F\u00f6rderung vornimmt.<\/li>\n<li>die eine enge Zusammenarbeit zwischen Elternschaft, Kirchen, Kinderg\u00e4rten, Vereinen und anderen Schulen pflegt und besonderen Wert auf die religi\u00f6se Erziehung legt.<\/li>\n<li>in der ein intensives und vertrauensvolles Zusammenwirken im Kollegium und Mitarbeiterteam stattfindet und durch Fortbildungsma\u00dfnahmen und Qualit\u00e4ts\u00fcberpr\u00fcfungen eine kontinuierliche Weiterentwicklung unserer Grundschule sichergestellt wird.<\/li>\n<\/ul>\n<p class=\"bodytext\">Bei der Erreichung unserer Ziele arbeiten wir kooperativ, zuverl\u00e4ssig und vertrauensvoll mit allen Beteiligten zusammen.<\/p>\n","protected":false},"excerpt":{"rendered":"<p>An der St. Johannes-Schule Steinfeld erfolgt die Umsetzung des Erziehungs- und Bildungsauftrags (\u00a72 des Nieders\u00e4chsischen Schulgesetzes) nach christlichen Wertvorstellungen und Grunds\u00e4tzen. Durch ein zeitgem\u00e4\u00dfes Bildungsangebot f\u00f6rdern wir die F\u00e4higkeit der Sch\u00fclerinnen und Sch\u00fcler, ihr Leben selbstverantwortlich im Sinne lebenslangen Lernens &hellip; <a href=\"https:\/\/wordpress.nibis.de\/gsjohannes\/leitbild\/\">Weiterlesen <span class=\"meta-nav\">&rarr;<\/span><\/a><\/p>\n","protected":false},"author":9192494,"featured_media":0,"parent":0,"menu_order":0,"comment_status":"closed","ping_status":"closed","template":"","meta":{"footnotes":""},"class_list":["post-37","page","type-page","status-publish","hentry"],"_links":{"self":[{"href":"https:\/\/wordpress.nibis.de\/gsjohannes\/wp-json\/wp\/v2\/pages\/37","targetHints":{"allow":["GET"]}}],"collection":[{"href":"https:\/\/wordpress.nibis.de\/gsjohannes\/wp-json\/wp\/v2\/pages"}],"about":[{"href":"https:\/\/wordpress.nibis.de\/gsjohannes\/wp-json\/wp\/v2\/types\/page"}],"author":[{"embeddable":true,"href":"https:\/\/wordpress.nibis.de\/gsjohannes\/wp-json\/wp\/v2\/users\/9192494"}],"replies":[{"embeddable":true,"href":"https:\/\/wordpress.nibis.de\/gsjohannes\/wp-json\/wp\/v2\/comments?post=37"}],"version-history":[{"count":3,"href":"https:\/\/wordpress.nibis.de\/gsjohannes\/wp-json\/wp\/v2\/pages\/37\/revisions"}],"predecessor-version":[{"id":268,"href":"https:\/\/wordpress.nibis.de\/gsjohannes\/wp-json\/wp\/v2\/pages\/37\/revisions\/268"}],"wp:attachment":[{"href":"https:\/\/wordpress.nibis.de\/gsjohannes\/wp-json\/wp\/v2\/media?parent=37"}],"curies":[{"name":"wp","href":"https:\/\/api.w.org\/{rel}","templated":true}]}}