{"id":48,"date":"2017-12-14T17:07:24","date_gmt":"2017-12-14T16:07:24","guid":{"rendered":"http:\/\/wordpress.nibis.de\/gsjohannes\/?page_id=48"},"modified":"2024-04-04T17:10:08","modified_gmt":"2024-04-04T15:10:08","slug":"blaeserklasse","status":"publish","type":"page","link":"https:\/\/wordpress.nibis.de\/gsjohannes\/unsere-klassen\/blaeserklasse\/","title":{"rendered":"Bl\u00e4serklasse"},"content":{"rendered":"<p>Die Grundschule Steinfeld hat in Kooperation mit der <a href=\"http:\/\/www.kmsvechta.de\/\" target=\"_blank\" rel=\"noopener\">Kreismusikschule Vechta (KMS)<\/a> und dem <a href=\"http:\/\/www.kolpingorchester-steinfeld.de\/\" target=\"_blank\" rel=\"noopener\">Kolpingorchester Steinfeld<\/a> seit Beginn des Schuljahr 2016 eine Bl\u00e4ser-AG.<\/p>\n<p>So treffen sich montags in der 7. und 8. Stunde mehrere Sch\u00fclerinnen und Sch\u00fcler aus der 3. Klasse und erlernen dort &#8222;ihr&#8220; Instrument.<br \/>\nF\u00fcr die fachliche Ausbildung auf dem Instrument sorgen Wolfram Krumme aus Neuenkirchen und Rainer W\u00f6rdemann, Schulleiter der KMS.<br \/>\nSchon nach erstaunlich kurzer Zeit h\u00f6rt man bekannte Melodien auf Querfl\u00f6te, Klarinette, Saxophon, Trompete und Bariton.<\/p>\n<p>Am Jahresende wurde bereits das erste Konzert in der St. Johannes Schule gegeben.<\/p>\n<div id='gallery-1' class='gallery galleryid-48 gallery-columns-3 gallery-size-thumbnail'><dl class='gallery-item'>\n\t\t\t<dt class='gallery-icon landscape'>\n\t\t\t\t<a href='https:\/\/wordpress.nibis.de\/gsjohannes\/20240403_114445\/'><img loading=\"lazy\" decoding=\"async\" width=\"188\" height=\"141\" src=\"https:\/\/wordpress.nibis.de\/gsjohannes\/files\/2024\/04\/20240403_114445-188x141.jpg\" class=\"attachment-thumbnail size-thumbnail\" alt=\"\" srcset=\"https:\/\/wordpress.nibis.de\/gsjohannes\/files\/2024\/04\/20240403_114445-188x141.jpg 188w, https:\/\/wordpress.nibis.de\/gsjohannes\/files\/2024\/04\/20240403_114445-768x576.jpg 768w, https:\/\/wordpress.nibis.de\/gsjohannes\/files\/2024\/04\/20240403_114445.jpg 800w\" sizes=\"auto, (max-width: 188px) 100vw, 188px\" \/><\/a>\n\t\t\t<\/dt><\/dl><dl class='gallery-item'>\n\t\t\t<dt class='gallery-icon landscape'>\n\t\t\t\t<a href='https:\/\/wordpress.nibis.de\/gsjohannes\/20240403_114443\/'><img loading=\"lazy\" decoding=\"async\" width=\"188\" height=\"141\" src=\"https:\/\/wordpress.nibis.de\/gsjohannes\/files\/2024\/04\/20240403_114443-188x141.jpg\" class=\"attachment-thumbnail size-thumbnail\" alt=\"\" srcset=\"https:\/\/wordpress.nibis.de\/gsjohannes\/files\/2024\/04\/20240403_114443-188x141.jpg 188w, https:\/\/wordpress.nibis.de\/gsjohannes\/files\/2024\/04\/20240403_114443-768x576.jpg 768w, https:\/\/wordpress.nibis.de\/gsjohannes\/files\/2024\/04\/20240403_114443.jpg 800w\" sizes=\"auto, (max-width: 188px) 100vw, 188px\" \/><\/a>\n\t\t\t<\/dt><\/dl><dl class='gallery-item'>\n\t\t\t<dt class='gallery-icon landscape'>\n\t\t\t\t<a href='https:\/\/wordpress.nibis.de\/gsjohannes\/20240403_114435\/'><img loading=\"lazy\" decoding=\"async\" width=\"188\" height=\"141\" src=\"https:\/\/wordpress.nibis.de\/gsjohannes\/files\/2024\/04\/20240403_114435-188x141.jpg\" class=\"attachment-thumbnail size-thumbnail\" alt=\"\" srcset=\"https:\/\/wordpress.nibis.de\/gsjohannes\/files\/2024\/04\/20240403_114435-188x141.jpg 188w, https:\/\/wordpress.nibis.de\/gsjohannes\/files\/2024\/04\/20240403_114435-768x576.jpg 768w, https:\/\/wordpress.nibis.de\/gsjohannes\/files\/2024\/04\/20240403_114435.jpg 800w\" sizes=\"auto, (max-width: 188px) 100vw, 188px\" \/><\/a>\n\t\t\t<\/dt><\/dl><br style=\"clear: both\" \/><dl class='gallery-item'>\n\t\t\t<dt class='gallery-icon landscape'>\n\t\t\t\t<a href='https:\/\/wordpress.nibis.de\/gsjohannes\/20240403_114430\/'><img loading=\"lazy\" decoding=\"async\" width=\"188\" height=\"141\" src=\"https:\/\/wordpress.nibis.de\/gsjohannes\/files\/2024\/04\/20240403_114430-188x141.jpg\" class=\"attachment-thumbnail size-thumbnail\" alt=\"\" srcset=\"https:\/\/wordpress.nibis.de\/gsjohannes\/files\/2024\/04\/20240403_114430-188x141.jpg 188w, https:\/\/wordpress.nibis.de\/gsjohannes\/files\/2024\/04\/20240403_114430-768x576.jpg 768w, https:\/\/wordpress.nibis.de\/gsjohannes\/files\/2024\/04\/20240403_114430.jpg 800w\" sizes=\"auto, (max-width: 188px) 100vw, 188px\" \/><\/a>\n\t\t\t<\/dt><\/dl>\n\t\t\t<br style='clear: both' \/>\n\t\t<\/div>\n\n","protected":false},"excerpt":{"rendered":"<p>Die Grundschule Steinfeld hat in Kooperation mit der Kreismusikschule Vechta (KMS) und dem Kolpingorchester Steinfeld seit Beginn des Schuljahr 2016 eine Bl\u00e4ser-AG. So treffen sich montags in der 7. und 8. Stunde mehrere Sch\u00fclerinnen und Sch\u00fcler aus der 3. Klasse &hellip; <a href=\"https:\/\/wordpress.nibis.de\/gsjohannes\/unsere-klassen\/blaeserklasse\/\">Weiterlesen <span class=\"meta-nav\">&rarr;<\/span><\/a><\/p>\n","protected":false},"author":9192494,"featured_media":0,"parent":33,"menu_order":0,"comment_status":"closed","ping_status":"closed","template":"","meta":{"footnotes":""},"class_list":["post-48","page","type-page","status-publish","hentry"],"_links":{"self":[{"href":"https:\/\/wordpress.nibis.de\/gsjohannes\/wp-json\/wp\/v2\/pages\/48","targetHints":{"allow":["GET"]}}],"collection":[{"href":"https:\/\/wordpress.nibis.de\/gsjohannes\/wp-json\/wp\/v2\/pages"}],"about":[{"href":"https:\/\/wordpress.nibis.de\/gsjohannes\/wp-json\/wp\/v2\/types\/page"}],"author":[{"embeddable":true,"href":"https:\/\/wordpress.nibis.de\/gsjohannes\/wp-json\/wp\/v2\/users\/9192494"}],"replies":[{"embeddable":true,"href":"https:\/\/wordpress.nibis.de\/gsjohannes\/wp-json\/wp\/v2\/comments?post=48"}],"version-history":[{"count":7,"href":"https:\/\/wordpress.nibis.de\/gsjohannes\/wp-json\/wp\/v2\/pages\/48\/revisions"}],"predecessor-version":[{"id":1222,"href":"https:\/\/wordpress.nibis.de\/gsjohannes\/wp-json\/wp\/v2\/pages\/48\/revisions\/1222"}],"up":[{"embeddable":true,"href":"https:\/\/wordpress.nibis.de\/gsjohannes\/wp-json\/wp\/v2\/pages\/33"}],"wp:attachment":[{"href":"https:\/\/wordpress.nibis.de\/gsjohannes\/wp-json\/wp\/v2\/media?parent=48"}],"curies":[{"name":"wp","href":"https:\/\/api.w.org\/{rel}","templated":true}]}}