{"id":678,"date":"2019-08-06T10:21:41","date_gmt":"2019-08-06T08:21:41","guid":{"rendered":"https:\/\/wordpress.nibis.de\/gsjohannes\/?page_id=678"},"modified":"2019-08-06T12:41:45","modified_gmt":"2019-08-06T10:41:45","slug":"2019-insektenhotel","status":"publish","type":"page","link":"https:\/\/wordpress.nibis.de\/gsjohannes\/aktuelles\/unsere-projekte\/2019-insektenhotel\/","title":{"rendered":"Insektenhotel 2019"},"content":{"rendered":"\n<p><strong>Das Projekt \u201eInsektenhotel\u201c<\/strong><\/p>\n\n\n\n<p><strong>SUMM, SUMM, SUMM\u2026&nbsp;&nbsp;&nbsp;&nbsp;&nbsp;&nbsp;&nbsp;&nbsp;&nbsp;&nbsp;&nbsp;&nbsp;&nbsp;&nbsp;&nbsp;&nbsp;&nbsp;&nbsp;&nbsp;&nbsp;&nbsp;&nbsp;&nbsp;&nbsp;&nbsp;&nbsp;&nbsp;&nbsp;&nbsp; <\/strong><\/p>\n\n\n\n<p>\u2026du hast bestimmt schon davon\ngeh\u00f6rt, wie wichtig Insekten und Bienen f\u00fcr unsere Natur und somit auch f\u00fcr uns\nsind! Denn ohne diese n\u00fctzlichen \u201eTierchen\u201c werden Pflanzen nicht best\u00e4ubt (Sie\nk\u00f6nnen sich dann nicht weiter entwickeln!) und vielen anderen Tieren, z.. V\u00f6geln, fehlt es an Nahrung.<\/p>\n\n\n\n<p>Auch wenn manch einer sich vor\nInsektenstichen f\u00fcrchtet oder angesichts der \u201ekrabbeligen Wesen\u201c das Sch\u00fctteln\nbekommt \u2013 es sind n\u00fctzliche Lebewesen, die es zu sch\u00fctzen gilt. Deshalb haben\nwir vom Kollegium der St. Johannes- Schule \u00fcberlegt, dies zu einem besonderen\nProjekt zu machen. Wir haben uns um den innogy F\u00f6rderpreis beworben und\nerhielten 400 Euro f\u00fcr das Vorhaben \u201eInsektenhotel\u201c. <\/p>\n\n\n\n<p>Frau Kampers betreute diese\nAufgabe und musste zun\u00e4chst nach einem Treffen mit Frau Alberts vom\nNaturschutzbund Steinfeld (kurz: NaBu) feststellen, dass unser Schulhof und\nseine n\u00e4here Umgebung kaum Bl\u00fchangebote f\u00fcr Insekten bot. Was n\u00fctzt ein gro\u00dfes\nInsektenhotel, wenn die Tiere keine Nahrung finden? Da musste eine L\u00f6sung her! <\/p>\n\n\n\n<p>Kinder der Forschergruppen\n\u201eNatur\u201c aus Klasse 4 besuchten an einem Nachmittag im Mai gemeinsam mit Frau\nDitzuleit und Frau Kampers einen Imker in den Dammer Bergen. Herr Wielenberg\nstellte&nbsp; uns sein \u201esanftes\u201c Bienenvolk\nvor und wir erfuhren viel Interessantes \u00fcber das Leben im Bienenstock. Toll war\nauch, dass er f\u00fcr uns verschiedene Produkte vorbereitet hatte und wir kosten\ndurften!<\/p>\n\n\n\n<ul class=\"wp-block-gallery columns-2 is-cropped wp-block-gallery-1 is-layout-flex wp-block-gallery-is-layout-flex\"><li class=\"blocks-gallery-item\"><figure><img loading=\"lazy\" decoding=\"async\" width=\"450\" height=\"600\" src=\"https:\/\/wordpress.nibis.de\/gsjohannes\/files\/2019\/08\/2019.05.14.jpg\" alt=\"\" data-id=\"690\" data-link=\"https:\/\/wordpress.nibis.de\/gsjohannes\/?attachment_id=690\" class=\"wp-image-690\" srcset=\"https:\/\/wordpress.nibis.de\/gsjohannes\/files\/2019\/08\/2019.05.14.jpg 450w, https:\/\/wordpress.nibis.de\/gsjohannes\/files\/2019\/08\/2019.05.14-106x141.jpg 106w\" sizes=\"auto, (max-width: 450px) 100vw, 450px\" \/><\/figure><\/li><li class=\"blocks-gallery-item\"><figure><img loading=\"lazy\" decoding=\"async\" width=\"450\" height=\"600\" src=\"https:\/\/wordpress.nibis.de\/gsjohannes\/files\/2019\/08\/2019.05.14.2.jpg\" alt=\"\" data-id=\"689\" data-link=\"https:\/\/wordpress.nibis.de\/gsjohannes\/?attachment_id=689\" class=\"wp-image-689\" srcset=\"https:\/\/wordpress.nibis.de\/gsjohannes\/files\/2019\/08\/2019.05.14.2.jpg 450w, https:\/\/wordpress.nibis.de\/gsjohannes\/files\/2019\/08\/2019.05.14.2-106x141.jpg 106w\" sizes=\"auto, (max-width: 450px) 100vw, 450px\" \/><\/figure><\/li><\/ul>\n\n\n\n<p>So kam es zu der Idee einer \u201eBl\u00fchwiese\u201c der St. Johannes-Schule. Mehrere Absprachen mit der Gemeinde und dem NaBu folgten und es wurde ein kleiner \u201eKooperationsvertrag\u201c f\u00fcr die n\u00e4chsten drei Jahre vereinbart. Ende Mai ging es los: Die Gemeinde Steinfeld unterst\u00fctzte das Projekt und bereitete die vorgesehenen Fl\u00e4chen vor, d.h. der Boden wurde gepfl\u00fcgt und gewalzt. Es handelt sich um folgende Fl\u00e4chen:<\/p>\n\n\n\n<p><strong>1. Bl\u00fchwiese: \u201eBl\u00fchstreifen\u201c auf dem Gr\u00fcnstreifen zwischen Busbahnhof\nund Dammerstra\u00dfe (ca. 700 qm)<\/strong><\/p>\n\n\n\n<p><strong>2. Bl\u00fchwiese: \u201eBl\u00fchwiese\u201c hinter dem Hallenbad (ca. 80 qm)<\/strong><\/p>\n\n\n\n<p>Am 27. Mai brachten Frau Alberts\nund Frau Kampers das Saatgut aus. Das war alles andere als einfach, denn\nschlie\u00dflich musste alles gleichm\u00e4\u00dfig verteilt werden\u2026 Aber Frau Alberts hatte\nda so ein paar Tricks auf Lager!<\/p>\n\n\n\n<figure class=\"wp-block-image\"><img loading=\"lazy\" decoding=\"async\" width=\"450\" height=\"600\" src=\"https:\/\/wordpress.nibis.de\/gsjohannes\/files\/2019\/08\/2019.05.27.jpg\" alt=\"\" class=\"wp-image-692\" srcset=\"https:\/\/wordpress.nibis.de\/gsjohannes\/files\/2019\/08\/2019.05.27.jpg 450w, https:\/\/wordpress.nibis.de\/gsjohannes\/files\/2019\/08\/2019.05.27-106x141.jpg 106w\" sizes=\"auto, (max-width: 450px) 100vw, 450px\" \/><\/figure>\n\n\n\n<p>Bei dem Saatgut handelte es sich\num lauter Samen von gebietseigenen Wildblumen und Wildgr\u00e4sern (also Pflanzen,\ndie hier heimisch sind). Dies musste extra besorgt werden und kostete nat\u00fcrlich\nauch etwas. <\/p>\n\n\n\n<p>Jetzt waren alle gespannt, was da\nnun wachsen w\u00fcrde\u2026 und wir hofften auf ausreichend Regen!<\/p>\n\n\n\n<p>Frau Kampers erstellte mit Hilfe\neinzelner Sch\u00fclerinnen kleine \u201eBl\u00fchwiesen\u201c \u2013 Schilder, die anl\u00e4sslich eines\nPressetermins mit allen Beteiligten aufgestellt wurden. <\/p>\n\n\n\n<figure class=\"wp-block-image\"><img loading=\"lazy\" decoding=\"async\" width=\"800\" height=\"450\" src=\"https:\/\/wordpress.nibis.de\/gsjohannes\/files\/2019\/08\/2019.05.19.jpg\" alt=\"\" class=\"wp-image-691\" srcset=\"https:\/\/wordpress.nibis.de\/gsjohannes\/files\/2019\/08\/2019.05.19.jpg 800w, https:\/\/wordpress.nibis.de\/gsjohannes\/files\/2019\/08\/2019.05.19-250x141.jpg 250w, https:\/\/wordpress.nibis.de\/gsjohannes\/files\/2019\/08\/2019.05.19-768x432.jpg 768w\" sizes=\"auto, (max-width: 800px) 100vw, 800px\" \/><figcaption>Zeitungsartikel vom 19.06.2019, Rundschau am Mittwoch<\/figcaption><\/figure>\n\n\n\n<p>Wie du dich sicher erinnerst, war\nes im Juni an einigen Tagen sehr hei\u00df. Immer wieder wurde diskutiert, ob man\ndie Fl\u00e4che bew\u00e4ssern solle. Gl\u00fccklicherweise wurde die Wasserpumpe auf unserem\nSchulhof aktiviert und unser neuer Hausmeister Herr Kehl bew\u00e4sserte sie mit\nviel Einsatz an einzelnen Tagen. Aber es brauchte etwas Geduld, bis endlich\nerstes zartes Gr\u00fcn (Keimlinge) zu sehen waren. Da wurde immer wieder genau\nhingeschaut\u2026.<\/p>\n\n\n\n<ul class=\"wp-block-gallery columns-2 is-cropped wp-block-gallery-2 is-layout-flex wp-block-gallery-is-layout-flex\"><li class=\"blocks-gallery-item\"><figure><img loading=\"lazy\" decoding=\"async\" width=\"450\" height=\"600\" src=\"https:\/\/wordpress.nibis.de\/gsjohannes\/files\/2019\/08\/2019.06.21.2.jpg\" alt=\"\" data-id=\"693\" data-link=\"https:\/\/wordpress.nibis.de\/gsjohannes\/?attachment_id=693\" class=\"wp-image-693\" srcset=\"https:\/\/wordpress.nibis.de\/gsjohannes\/files\/2019\/08\/2019.06.21.2.jpg 450w, https:\/\/wordpress.nibis.de\/gsjohannes\/files\/2019\/08\/2019.06.21.2-106x141.jpg 106w\" sizes=\"auto, (max-width: 450px) 100vw, 450px\" \/><\/figure><\/li><li class=\"blocks-gallery-item\"><figure><img loading=\"lazy\" decoding=\"async\" width=\"450\" height=\"600\" src=\"https:\/\/wordpress.nibis.de\/gsjohannes\/files\/2019\/08\/2019.06.21-1.jpg\" alt=\"\" data-id=\"694\" data-link=\"https:\/\/wordpress.nibis.de\/gsjohannes\/?attachment_id=694\" class=\"wp-image-694\" srcset=\"https:\/\/wordpress.nibis.de\/gsjohannes\/files\/2019\/08\/2019.06.21-1.jpg 450w, https:\/\/wordpress.nibis.de\/gsjohannes\/files\/2019\/08\/2019.06.21-1-106x141.jpg 106w\" sizes=\"auto, (max-width: 450px) 100vw, 450px\" \/><\/figure><\/li><\/ul>\n\n\n\n<p>In den Forschergruppen \u201eNatur\u201c des 4. Jahrganges besch\u00e4ftigte man sich weiter rund um die Themen \u201eWiese\u201c und \u201eBienen\u201c. Dazu wurde eine Ausstellung erarbeitet, die du in der Pausenhalle im Schaukasten ansehen kannst.<\/p>\n\n\n\n<p>Zu Beginn der Sommerferien&nbsp; <\/p>\n\n\n\n<ul class=\"wp-block-gallery columns-2 is-cropped wp-block-gallery-3 is-layout-flex wp-block-gallery-is-layout-flex\"><li class=\"blocks-gallery-item\"><figure><img loading=\"lazy\" decoding=\"async\" width=\"450\" height=\"600\" src=\"https:\/\/wordpress.nibis.de\/gsjohannes\/files\/2019\/08\/2019.07.04.2-1.jpg\" alt=\"\" data-id=\"695\" data-link=\"https:\/\/wordpress.nibis.de\/gsjohannes\/?attachment_id=695\" class=\"wp-image-695\" srcset=\"https:\/\/wordpress.nibis.de\/gsjohannes\/files\/2019\/08\/2019.07.04.2-1.jpg 450w, https:\/\/wordpress.nibis.de\/gsjohannes\/files\/2019\/08\/2019.07.04.2-1-106x141.jpg 106w\" sizes=\"auto, (max-width: 450px) 100vw, 450px\" \/><\/figure><\/li><li class=\"blocks-gallery-item\"><figure><img loading=\"lazy\" decoding=\"async\" width=\"450\" height=\"600\" src=\"https:\/\/wordpress.nibis.de\/gsjohannes\/files\/2019\/08\/2019.07.04-1.jpg\" alt=\"\" data-id=\"696\" data-link=\"https:\/\/wordpress.nibis.de\/gsjohannes\/?attachment_id=696\" class=\"wp-image-696\" srcset=\"https:\/\/wordpress.nibis.de\/gsjohannes\/files\/2019\/08\/2019.07.04-1.jpg 450w, https:\/\/wordpress.nibis.de\/gsjohannes\/files\/2019\/08\/2019.07.04-1-106x141.jpg 106w\" sizes=\"auto, (max-width: 450px) 100vw, 450px\" \/><\/figure><\/li><\/ul>\n\n\n\n<p>zeigte sich, dass einzelne\nStellen gut bewachsen waren. Andere allerdings nur sp\u00e4rlich\u2026<\/p>\n\n\n\n<figure class=\"wp-block-image\"><img loading=\"lazy\" decoding=\"async\" width=\"800\" height=\"600\" src=\"https:\/\/wordpress.nibis.de\/gsjohannes\/files\/2019\/08\/2019.07.10-1.jpg\" alt=\"\" class=\"wp-image-697\" srcset=\"https:\/\/wordpress.nibis.de\/gsjohannes\/files\/2019\/08\/2019.07.10-1.jpg 800w, https:\/\/wordpress.nibis.de\/gsjohannes\/files\/2019\/08\/2019.07.10-1-188x141.jpg 188w, https:\/\/wordpress.nibis.de\/gsjohannes\/files\/2019\/08\/2019.07.10-1-768x576.jpg 768w\" sizes=\"auto, (max-width: 800px) 100vw, 800px\" \/><\/figure>\n\n\n\n<p>Besonders \u201emager\u201c sah es auf der\nFl\u00e4che hinter dem Hallenbad aus. Dort ist meist Schatten und der Boden ist sehr\ntrocken. Oder woran konnte das liegen?<\/p>\n\n\n\n<p>Mitte der Sommerferien sah es\ndann auf dem Bl\u00fchstreifen an der Dammer Str. stellenweise richtig gut aus.\nViele Pflanzen hatten schon Bl\u00fcten, vor allem in gelb und lila, gebildet. Und\u2026\nes summte tats\u00e4chlich schon etwas!!<\/p>\n\n\n\n<ul class=\"wp-block-gallery columns-3 is-cropped wp-block-gallery-4 is-layout-flex wp-block-gallery-is-layout-flex\"><li class=\"blocks-gallery-item\"><figure><img loading=\"lazy\" decoding=\"async\" width=\"450\" height=\"600\" src=\"https:\/\/wordpress.nibis.de\/gsjohannes\/files\/2019\/08\/2019.07.23.8-1.jpg\" alt=\"\" data-id=\"700\" data-link=\"https:\/\/wordpress.nibis.de\/gsjohannes\/?attachment_id=700\" class=\"wp-image-700\" srcset=\"https:\/\/wordpress.nibis.de\/gsjohannes\/files\/2019\/08\/2019.07.23.8-1.jpg 450w, https:\/\/wordpress.nibis.de\/gsjohannes\/files\/2019\/08\/2019.07.23.8-1-106x141.jpg 106w\" sizes=\"auto, (max-width: 450px) 100vw, 450px\" \/><\/figure><\/li><li class=\"blocks-gallery-item\"><figure><img loading=\"lazy\" decoding=\"async\" width=\"450\" height=\"600\" src=\"https:\/\/wordpress.nibis.de\/gsjohannes\/files\/2019\/08\/2019.07.23.8.2-1.jpg\" alt=\"\" data-id=\"699\" data-link=\"https:\/\/wordpress.nibis.de\/gsjohannes\/?attachment_id=699\" class=\"wp-image-699\" srcset=\"https:\/\/wordpress.nibis.de\/gsjohannes\/files\/2019\/08\/2019.07.23.8.2-1.jpg 450w, https:\/\/wordpress.nibis.de\/gsjohannes\/files\/2019\/08\/2019.07.23.8.2-1-106x141.jpg 106w\" sizes=\"auto, (max-width: 450px) 100vw, 450px\" \/><\/figure><\/li><li class=\"blocks-gallery-item\"><figure><img loading=\"lazy\" decoding=\"async\" width=\"450\" height=\"600\" src=\"https:\/\/wordpress.nibis.de\/gsjohannes\/files\/2019\/08\/2019.07.23.8.1-1.jpg\" alt=\"\" data-id=\"698\" data-link=\"https:\/\/wordpress.nibis.de\/gsjohannes\/?attachment_id=698\" class=\"wp-image-698\" srcset=\"https:\/\/wordpress.nibis.de\/gsjohannes\/files\/2019\/08\/2019.07.23.8.1-1.jpg 450w, https:\/\/wordpress.nibis.de\/gsjohannes\/files\/2019\/08\/2019.07.23.8.1-1-106x141.jpg 106w\" sizes=\"auto, (max-width: 450px) 100vw, 450px\" \/><\/figure><\/li><\/ul>\n\n\n\n<p>Wir sind gespannt, wie die Pflanzen die besonders hei\u00dfen Julitage \u00fcberstehen. Auf jeden Fall gibt es im n\u00e4chsten Schuljahr wieder eine Forschergruppe \u201eNatur\u201c, die sich weiter rund um das Thema \u201eInsektenhotel\u201c besch\u00e4ftigen wird.<\/p>\n\n\n\n<p>Frau Kampers, Juli 2019<\/p>\n","protected":false},"excerpt":{"rendered":"<p>Das Projekt \u201eInsektenhotel\u201c SUMM, SUMM, SUMM\u2026&nbsp;&nbsp;&nbsp;&nbsp;&nbsp;&nbsp;&nbsp;&nbsp;&nbsp;&nbsp;&nbsp;&nbsp;&nbsp;&nbsp;&nbsp;&nbsp;&nbsp;&nbsp;&nbsp;&nbsp;&nbsp;&nbsp;&nbsp;&nbsp;&nbsp;&nbsp;&nbsp;&nbsp;&nbsp; \u2026du hast bestimmt schon davon geh\u00f6rt, wie wichtig Insekten und Bienen f\u00fcr unsere Natur und somit auch f\u00fcr uns sind! Denn ohne diese n\u00fctzlichen \u201eTierchen\u201c werden Pflanzen nicht best\u00e4ubt (Sie k\u00f6nnen sich dann nicht &hellip; <a href=\"https:\/\/wordpress.nibis.de\/gsjohannes\/aktuelles\/unsere-projekte\/2019-insektenhotel\/\">Weiterlesen <span class=\"meta-nav\">&rarr;<\/span><\/a><\/p>\n","protected":false},"author":9192494,"featured_media":0,"parent":140,"menu_order":-1,"comment_status":"closed","ping_status":"closed","template":"page-templates\/child-menu.php","meta":{"footnotes":""},"class_list":["post-678","page","type-page","status-publish","hentry"],"_links":{"self":[{"href":"https:\/\/wordpress.nibis.de\/gsjohannes\/wp-json\/wp\/v2\/pages\/678","targetHints":{"allow":["GET"]}}],"collection":[{"href":"https:\/\/wordpress.nibis.de\/gsjohannes\/wp-json\/wp\/v2\/pages"}],"about":[{"href":"https:\/\/wordpress.nibis.de\/gsjohannes\/wp-json\/wp\/v2\/types\/page"}],"author":[{"embeddable":true,"href":"https:\/\/wordpress.nibis.de\/gsjohannes\/wp-json\/wp\/v2\/users\/9192494"}],"replies":[{"embeddable":true,"href":"https:\/\/wordpress.nibis.de\/gsjohannes\/wp-json\/wp\/v2\/comments?post=678"}],"version-history":[{"count":8,"href":"https:\/\/wordpress.nibis.de\/gsjohannes\/wp-json\/wp\/v2\/pages\/678\/revisions"}],"predecessor-version":[{"id":714,"href":"https:\/\/wordpress.nibis.de\/gsjohannes\/wp-json\/wp\/v2\/pages\/678\/revisions\/714"}],"up":[{"embeddable":true,"href":"https:\/\/wordpress.nibis.de\/gsjohannes\/wp-json\/wp\/v2\/pages\/140"}],"wp:attachment":[{"href":"https:\/\/wordpress.nibis.de\/gsjohannes\/wp-json\/wp\/v2\/media?parent=678"}],"curies":[{"name":"wp","href":"https:\/\/api.w.org\/{rel}","templated":true}]}}