{"id":7,"date":"2017-12-14T12:56:16","date_gmt":"2017-12-14T11:56:16","guid":{"rendered":"http:\/\/wordpress.nibis.de\/gsjohannes\/?page_id=7"},"modified":"2024-04-08T18:41:22","modified_gmt":"2024-04-08T16:41:22","slug":"unsere-schule","status":"publish","type":"page","link":"https:\/\/wordpress.nibis.de\/gsjohannes\/unsere-schule\/","title":{"rendered":"Unsere Schule"},"content":{"rendered":"\n\n\n<h2 class=\"wp-block-heading\">Die St. Johannes-Schule<\/h2>\n\n\n\n<p class=\"has-text-align-center\">\n\t\t<!-- MasterSlider -->\n\t\t<div id=\"P_MS69d7943e8e348\" class=\"master-slider-parent msl ms-parent-id-1\" style=\"max-width:1000px;\">\n\n\t\t\t\n\t\t\t<!-- MasterSlider Main -->\n\t\t\t<div id=\"MS69d7943e8e348\" class=\"master-slider ms-skin-default\" >\n\t\t\t\t \t\t\t\t \n\t\t\t\t<div  class=\"ms-slide\" data-delay=\"3\" data-fill-mode=\"fill\"  >\n\t\t\t\t\t<img decoding=\"async\" src=\"https:\/\/wordpress.nibis.de\/gsjohannes\/wp-content\/plugins\/master-slider\/public\/assets\/css\/blank.gif\" alt=\"\" title=\"\" data-src=\"https:\/\/wordpress.nibis.de\/gsjohannes\/files\/2017\/12\/Bild-Sch\u00fcler-f\u00fcr-Startseite.jpg\" \/>\n\n\n\t<div class=\"ms-thumb\" ><div class=\"ms-tab-context\"><div class=\"&quot;ms-tab-context&quot;\"><\/div><\/div>\n<\/div>\n\t\t\t\t<\/div>\n\t\t\t\t<div  class=\"ms-slide\" data-delay=\"3\" data-fill-mode=\"fill\"  >\n\t\t\t\t\t<img decoding=\"async\" src=\"https:\/\/wordpress.nibis.de\/gsjohannes\/wp-content\/plugins\/master-slider\/public\/assets\/css\/blank.gif\" alt=\"\" title=\"\" data-src=\"https:\/\/wordpress.nibis.de\/gsjohannes\/files\/2018\/01\/Schulhof.jpg\" \/>\n\n\n\t<div class=\"ms-thumb\" ><div class=\"ms-tab-context\"><div class=\"&quot;ms-tab-context&quot;\"><\/div><\/div>\n<\/div>\n\t\t\t\t<\/div>\n\t\t\t\t<div  class=\"ms-slide\" data-delay=\"3\" data-fill-mode=\"fill\"  >\n\t\t\t\t\t<img decoding=\"async\" src=\"https:\/\/wordpress.nibis.de\/gsjohannes\/wp-content\/plugins\/master-slider\/public\/assets\/css\/blank.gif\" alt=\"\" title=\"\" data-src=\"https:\/\/wordpress.nibis.de\/gsjohannes\/files\/2020\/09\/slide2.png\" \/>\n\n\n\t<div class=\"ms-thumb\" ><div class=\"ms-tab-context\"><div class=\"&quot;ms-tab-context&quot;\"><\/div><\/div>\n<\/div>\n\t\t\t\t<\/div>\n\n\t\t\t<\/div>\n\t\t\t<!-- END MasterSlider Main -->\n\n\t\t\t \n\t\t<\/div>\n\t\t<!-- END MasterSlider -->\n\n\t\t<script>\n\t\t(function ( $ ) {\n\t\t\t\"use strict\";\n\n\t\t\t$(function () {\n\t\t\t\tvar masterslider_e348 = new MasterSlider();\n\n\t\t\t\t\/\/ slider controls\n\n\t\t\t\t\/\/ slider setup\n\t\t\t\tmasterslider_e348.setup(\"MS69d7943e8e348\", {\n\t\t\t\t\t\twidth           : 1000,\n\t\t\t\t\t\theight          : 500,\n\t\t\t\t\t\tminHeight       : 0,\n\t\t\t\t\t\tspace           : 0,\n\t\t\t\t\t\tstart           : 1,\n\t\t\t\t\t\tgrabCursor      : true,\n\t\t\t\t\t\tswipe           : true,\n\t\t\t\t\t\tmouse           : true,\n\t\t\t\t\t\tlayout          : \"boxed\",\n\t\t\t\t\t\twheel           : false,\n\t\t\t\t\t\tautoplay        : true,\n\t\t\t\t\t\tinstantStartLayers:false,\n\t\t\t\t\t\tloop            : false,\n\t\t\t\t\t\tshuffle         : false,\n\t\t\t\t\t\tpreload         : 0,\n\t\t\t\t\t\theightLimit     : true,\n\t\t\t\t\t\tautoHeight      : false,\n\t\t\t\t\t\tsmoothHeight    : true,\n\t\t\t\t\t\tendPause        : false,\n\t\t\t\t\t\toverPause       : true,\n\t\t\t\t\t\tfillMode        : \"fill\",\n\t\t\t\t\t\tcenterControls  : true,\n\t\t\t\t\t\tstartOnAppear   : false,\n\t\t\t\t\t\tlayersMode      : \"center\",\n\t\t\t\t\t\thideLayers      : false,\n\t\t\t\t\t\tfullscreenMargin: 0,\n\t\t\t\t\t\tspeed           : 20,\n\t\t\t\t\t\tdir             : \"h\",\n\t\t\t\t\t\tparallaxMode    : 'swipe',\n\t\t\t\t\t\tview            : \"basic\"\n\t\t\t\t});\n\n\t\t\t\t\n\t\t\t\twindow.masterslider_instances = window.masterslider_instances || [];\n\t\t\t\twindow.masterslider_instances.push( masterslider_e348 );\n\t\t\t });\n\n\t\t})(jQuery);\n\t\t<\/script>\n\n<\/p>\n\n\n\n<p>Die St. Johannes-Schule Steinfeld geh\u00f6rt zur Gemeinde Steinfeld und ist eine von zwei Grundschulen. Wir beschulen die Kinder aus den Ortsteilen Holthausen, D\u00fcpe, Harpendorf, Lehmden, Schemde, Steinfeld-S\u00fcd und Steinfeld-Mitte. Sch\u00fcler und Sch\u00fclerinnen aus den entfernter gelegenen Bauernschaften werden mit dem Bus oder Taxi transportiert.<\/p>\n<p>Unsere Schule hat mit ca. 330 Sch\u00fclerinnen und Sch\u00fclern 16 Grundschulklassen und 7 Ganztagsgruppen. Das Kollegium setzt sich aus 22 Lehrkr\u00e4ften, einem Hausmeister, einer Sekret\u00e4rin, 10 Ganztagskr\u00e4ften, zwei Schulsozialarbeitern, einer FSJ Kraft und 12 P\u00e4dagogischen Mitarbeitern zusammen.<\/p>\n<p>Die St. Johannes-Schule Steinfeld wurde 1975 gebaut und von 2020-2023 kernsaniert und modernisiert. Neben 17 Klassenr\u00e4umen freuen wir uns \u00fcber eine Aula mit einem angrenzenden Musikraum, der zur B\u00fchne ge\u00f6ffnet werden kann, einen Werkraum, einen Kunstraum, einen Ruheraum, einen Sprachf\u00f6rderraum, einen F\u00f6rderraum, drei Gruppenr\u00e4ume, eine Schulk\u00fcche und eine Mensa, die im Zuge des Umbaus errichtet wurde. Auf unserem Gel\u00e4nde befinden sich auch ein gro\u00dfer Pausenhof mit V\u00f6lkerballfeldern und Tischtennisplatten, sowie einem gro\u00dfen Fu\u00dfballplatz und ein Bereich mit vielen Spiel- und Bewegungsm\u00f6glichkeiten. Angrenzend an unseren Schulhof befinden sich sowohl eine kleine als auch eine gro\u00dfe Turnhalle und ein Hallenbad. In der direkten Umgebung befindet sich des Weiteren das Stadion des Sportvereins Falke Steinfeld und das Freibad.<\/p>\n\n\n\n<p><\/p>\n","protected":false},"excerpt":{"rendered":"<p>Die St. Johannes-Schule Die St. Johannes-Schule Steinfeld geh\u00f6rt zur Gemeinde Steinfeld und ist eine von zwei Grundschulen. Wir beschulen die Kinder aus den Ortsteilen Holthausen, D\u00fcpe, Harpendorf, Lehmden, Schemde, Steinfeld-S\u00fcd und Steinfeld-Mitte. Sch\u00fcler und Sch\u00fclerinnen aus den entfernter gelegenen Bauernschaften &hellip; <a href=\"https:\/\/wordpress.nibis.de\/gsjohannes\/unsere-schule\/\">Weiterlesen <span class=\"meta-nav\">&rarr;<\/span><\/a><\/p>\n","protected":false},"author":9192482,"featured_media":0,"parent":0,"menu_order":0,"comment_status":"closed","ping_status":"closed","template":"","meta":{"footnotes":""},"class_list":["post-7","page","type-page","status-publish","hentry"],"_links":{"self":[{"href":"https:\/\/wordpress.nibis.de\/gsjohannes\/wp-json\/wp\/v2\/pages\/7","targetHints":{"allow":["GET"]}}],"collection":[{"href":"https:\/\/wordpress.nibis.de\/gsjohannes\/wp-json\/wp\/v2\/pages"}],"about":[{"href":"https:\/\/wordpress.nibis.de\/gsjohannes\/wp-json\/wp\/v2\/types\/page"}],"author":[{"embeddable":true,"href":"https:\/\/wordpress.nibis.de\/gsjohannes\/wp-json\/wp\/v2\/users\/9192482"}],"replies":[{"embeddable":true,"href":"https:\/\/wordpress.nibis.de\/gsjohannes\/wp-json\/wp\/v2\/comments?post=7"}],"version-history":[{"count":22,"href":"https:\/\/wordpress.nibis.de\/gsjohannes\/wp-json\/wp\/v2\/pages\/7\/revisions"}],"predecessor-version":[{"id":1232,"href":"https:\/\/wordpress.nibis.de\/gsjohannes\/wp-json\/wp\/v2\/pages\/7\/revisions\/1232"}],"wp:attachment":[{"href":"https:\/\/wordpress.nibis.de\/gsjohannes\/wp-json\/wp\/v2\/media?parent=7"}],"curies":[{"name":"wp","href":"https:\/\/api.w.org\/{rel}","templated":true}]}}