{"id":1362,"date":"2017-02-26T16:20:37","date_gmt":"2017-02-26T15:20:37","guid":{"rendered":"http:\/\/wordpress.nibis.de\/gsjowolf\/?page_id=1362"},"modified":"2026-01-30T12:20:40","modified_gmt":"2026-01-30T10:20:40","slug":"kollegium-2-2","status":"publish","type":"page","link":"https:\/\/wordpress.nibis.de\/gsjowolf\/kollegium-2-2\/","title":{"rendered":"Kollegium"},"content":{"rendered":"\n<figure class=\"wp-block-table\"><table><tbody><tr><td>komm. Schulleitung &#8211; Kerstin Weber<br>komm. Konrektorin &#8211; Svenja Lehmann<\/td><td><\/td><\/tr><\/tbody><\/table><\/figure>\n\n\n\n<figure class=\"wp-block-table\"><table><tbody><tr><td>Jg. 1<\/td><td>Bruno Weidenbach<br>Simon Herwig<br>Christine G\u00f6b-Kipp<br>Marie Herthum<br>Stefanie Handiak<\/td><\/tr><tr><td>Jg. 2<\/td><td>Stefanie Mewes<br>Sarah Bode<br>Daniela Nolte<br>Andrea Ahlborn-Klie<br>Ricarda Ittemann<\/td><\/tr><tr><td>Jg. 3<\/td><td>Hannah Depenbrock<br>Nelli Potschaski<br>Rabea D\u00f6hne<br>Janina Rudolph<br>Jennifer Benseler<\/td><\/tr><tr><td>Jg. 4<\/td><td>Svenja Lehmann<br>Lucienne von Heesen<br>Kent Dehnerdt<br>Jana Stengler-Schmidt<\/td><\/tr><\/tbody><\/table><\/figure>\n\n\n\n<figure class=\"wp-block-table\"><table><tbody><tr><td><strong>Weitere Lehrkr\u00e4fte<\/strong><\/td><\/tr><tr><td>Nina Heiland<\/td><\/tr><tr><td>Fiona Heinze<\/td><\/tr><\/tbody><\/table><\/figure>\n\n\n\n<figure class=\"wp-block-table\"><table><tbody><tr><td><strong>Sonderp\u00e4dagogische Lehrkr\u00e4fte<\/strong><\/td><\/tr><tr><td>Claudia Brandt<\/td><\/tr><tr><td>Monika Walter<\/td><\/tr><\/tbody><\/table><\/figure>\n\n\n\n<figure class=\"wp-block-table\"><table><tbody><tr><td><strong>Lehramtsanw\u00e4rterinnen<\/strong><\/td><\/tr><tr><td>Franziska Derda<\/td><\/tr><tr><td>Hannah M\u00fcller<\/td><\/tr><tr><td>Lia Voeckel<\/td><\/tr><\/tbody><\/table><\/figure>\n\n\n\n<figure class=\"wp-block-table\"><table><tbody><tr><td><strong>Schulsozialarbeiterinnen&nbsp;<\/strong><\/td><\/tr><tr><td>&nbsp;Wiebke Salzmann<\/td><\/tr><tr><td>&nbsp;Lisa Dinges<\/td><\/tr><\/tbody><\/table><\/figure>\n\n\n\n<p><\/p>\n\n\n\n<figure class=\"wp-block-table\"><table><tbody><tr><td><strong>P\u00e4dagogische Mitarbeiter<\/strong><\/td><\/tr><tr><td>Claudia Degenhardt<\/td><\/tr><tr><td>Carmen Harenkamp<\/td><\/tr><tr><td>Kirstin Vollmer<\/td><\/tr><tr><td>Dana Nikolic<\/td><\/tr><tr><td>Jessica Heile<\/td><\/tr><tr><td>Christina Tristram<\/td><\/tr><tr><td>Jantje Sepan<\/td><\/tr><tr><td>Christina Geisler<\/td><\/tr><tr><td>Charlotte Keese<\/td><\/tr><\/tbody><\/table><\/figure>\n\n\n\n\n\n\n","protected":false},"excerpt":{"rendered":"<p>komm. Schulleitung &#8211; Kerstin Weberkomm. Konrektorin &#8211; Svenja Lehmann Jg. 1 Bruno WeidenbachSimon HerwigChristine G\u00f6b-KippMarie HerthumStefanie Handiak Jg. 2 Stefanie MewesSarah BodeDaniela NolteAndrea Ahlborn-KlieRicarda Ittemann Jg. 3 Hannah DepenbrockNelli PotschaskiRabea D\u00f6hneJanina RudolphJennifer Benseler Jg. 4 Svenja LehmannLucienne von HeesenKent DehnerdtJana Stengler-Schmidt Weitere Lehrkr\u00e4fte Nina Heiland Fiona Heinze Sonderp\u00e4dagogische Lehrkr\u00e4fte Claudia Brandt Monika Walter Lehramtsanw\u00e4rterinnen Franziska &hellip; <a href=\"https:\/\/wordpress.nibis.de\/gsjowolf\/kollegium-2-2\/\" class=\"more-link\">Weiterlesen <span class=\"screen-reader-text\">Kollegium<\/span><\/a><\/p>\n","protected":false},"author":397,"featured_media":0,"parent":0,"menu_order":0,"comment_status":"closed","ping_status":"closed","template":"","meta":{"footnotes":""},"class_list":["post-1362","page","type-page","status-publish","hentry","without-featured-image"],"_links":{"self":[{"href":"https:\/\/wordpress.nibis.de\/gsjowolf\/wp-json\/wp\/v2\/pages\/1362","targetHints":{"allow":["GET"]}}],"collection":[{"href":"https:\/\/wordpress.nibis.de\/gsjowolf\/wp-json\/wp\/v2\/pages"}],"about":[{"href":"https:\/\/wordpress.nibis.de\/gsjowolf\/wp-json\/wp\/v2\/types\/page"}],"author":[{"embeddable":true,"href":"https:\/\/wordpress.nibis.de\/gsjowolf\/wp-json\/wp\/v2\/users\/397"}],"replies":[{"embeddable":true,"href":"https:\/\/wordpress.nibis.de\/gsjowolf\/wp-json\/wp\/v2\/comments?post=1362"}],"version-history":[{"count":92,"href":"https:\/\/wordpress.nibis.de\/gsjowolf\/wp-json\/wp\/v2\/pages\/1362\/revisions"}],"predecessor-version":[{"id":3297,"href":"https:\/\/wordpress.nibis.de\/gsjowolf\/wp-json\/wp\/v2\/pages\/1362\/revisions\/3297"}],"wp:attachment":[{"href":"https:\/\/wordpress.nibis.de\/gsjowolf\/wp-json\/wp\/v2\/media?parent=1362"}],"curies":[{"name":"wp","href":"https:\/\/api.w.org\/{rel}","templated":true}]}}