{"id":206,"date":"2014-05-04T15:09:07","date_gmt":"2014-05-04T13:09:07","guid":{"rendered":"http:\/\/wordpress.nibis.de\/gsjowolf\/?page_id=206"},"modified":"2025-03-03T11:58:17","modified_gmt":"2025-03-03T09:58:17","slug":"elterninfo","status":"publish","type":"page","link":"https:\/\/wordpress.nibis.de\/gsjowolf\/elterninfo\/","title":{"rendered":"Allgemeines"},"content":{"rendered":"<p><span style=\"font-family: arial,helvetica,sans-serif\">Auf dieser Seite finden Sie folgende Dateien als Download:<\/span><\/p>\n<ul>\n<li><span style=\"font-family: arial, helvetica, sans-serif\">Informationen zum Thema witterungsbedingter Unterrichtsausfall. <a href=\"https:\/\/wordpress.nibis.de\/gsjowolf\/files\/Informationen-zum-Thema-witterungsbedingter-Unterrichtsausfall-Stand-12_2019.pdf\">Klick<\/a><\/span><\/li>\n<li><span style=\"font-family: arial,helvetica,sans-serif\">Das\u00a0<span style=\"color: #3366ff\"><a href=\"https:\/\/wordpress.nibis.de\/gsjowolf\/files\/Schul-ABC-2024-25.pdf\">Schul-ABC 2024-25<\/a> <\/span>mit wichtigen Informationen rund um die Schule.<br \/>\nIn dieser Datei finden Sie ebenfalls Informationen zum Schulelternrat, den F\u00f6rdervereinen sowie zum Hort.<\/span><\/li>\n<li><span style=\"font-family: arial, helvetica, sans-serif\"><span style=\"font-family: arial, helvetica, sans-serif\">Eine Einf\u00fchrung zur Plattform IServ finden Sie <a href=\"https:\/\/wordpress.nibis.de\/gsjowolf\/files\/IServ-Einf\u00fchrung-Eltern.pdf\">hier<\/a><\/span><\/span><\/li>\n<\/ul>\n<p><span style=\"font-family: arial,helvetica,sans-serif;font-size: 10pt\">Um die Dateien zu \u00f6ffnen, ben\u00f6tigen Sie einen PDF-Reader. Diesen k\u00f6nnen Sie z.B. <a href=\"http:\/\/get.adobe.com\/de\/reader\/\">hier<\/a> kostenlos herunterladen .<\/span><\/p>\n","protected":false},"excerpt":{"rendered":"<p>Auf dieser Seite finden Sie folgende Dateien als Download: Informationen zum Thema witterungsbedingter Unterrichtsausfall. Klick Das\u00a0Schul-ABC 2024-25 mit wichtigen Informationen rund um die Schule. In dieser Datei finden Sie ebenfalls Informationen zum Schulelternrat, den F\u00f6rdervereinen sowie zum Hort. Eine Einf\u00fchrung zur Plattform IServ finden Sie hier Um die Dateien zu \u00f6ffnen, ben\u00f6tigen Sie einen PDF-Reader. &hellip; <a href=\"https:\/\/wordpress.nibis.de\/gsjowolf\/elterninfo\/\" class=\"more-link\">Weiterlesen <span class=\"screen-reader-text\">Allgemeines<\/span><\/a><\/p>\n","protected":false},"author":397,"featured_media":0,"parent":0,"menu_order":0,"comment_status":"closed","ping_status":"closed","template":"","meta":{"footnotes":""},"class_list":["post-206","page","type-page","status-publish","hentry","without-featured-image"],"_links":{"self":[{"href":"https:\/\/wordpress.nibis.de\/gsjowolf\/wp-json\/wp\/v2\/pages\/206","targetHints":{"allow":["GET"]}}],"collection":[{"href":"https:\/\/wordpress.nibis.de\/gsjowolf\/wp-json\/wp\/v2\/pages"}],"about":[{"href":"https:\/\/wordpress.nibis.de\/gsjowolf\/wp-json\/wp\/v2\/types\/page"}],"author":[{"embeddable":true,"href":"https:\/\/wordpress.nibis.de\/gsjowolf\/wp-json\/wp\/v2\/users\/397"}],"replies":[{"embeddable":true,"href":"https:\/\/wordpress.nibis.de\/gsjowolf\/wp-json\/wp\/v2\/comments?post=206"}],"version-history":[{"count":52,"href":"https:\/\/wordpress.nibis.de\/gsjowolf\/wp-json\/wp\/v2\/pages\/206\/revisions"}],"predecessor-version":[{"id":2996,"href":"https:\/\/wordpress.nibis.de\/gsjowolf\/wp-json\/wp\/v2\/pages\/206\/revisions\/2996"}],"wp:attachment":[{"href":"https:\/\/wordpress.nibis.de\/gsjowolf\/wp-json\/wp\/v2\/media?parent=206"}],"curies":[{"name":"wp","href":"https:\/\/api.w.org\/{rel}","templated":true}]}}