{"id":214,"date":"2014-05-10T22:27:46","date_gmt":"2014-05-10T20:27:46","guid":{"rendered":"http:\/\/wordpress.nibis.de\/gsjowolf\/?page_id=214"},"modified":"2022-05-22T10:38:28","modified_gmt":"2022-05-22T08:38:28","slug":"bilder","status":"publish","type":"page","link":"https:\/\/wordpress.nibis.de\/gsjowolf\/bilder\/","title":{"rendered":"N\u00f6rten-Hardenberg"},"content":{"rendered":"<p style=\"text-align: center\"><span style=\"font-size: medium\"><strong><span style=\"font-size: large;font-family: arial,helvetica,sans-serif\">Schulhof<\/span><br \/><\/strong><\/span><code><\/code><\/p>\n\n<p style=\"text-align: center\"><code><\/code><code><\/code><\/p>\n<p style=\"text-align: center\"><strong><span style=\"font-family: arial,helvetica,sans-serif;font-size: 14pt\">Klassenr\u00e4ume<br \/><\/span><\/strong><span style=\"font-family: arial,helvetica,sans-serif;font-size: 14pt\"><code><\/code><\/span><\/p>\n\n<p style=\"text-align: center\"><strong><span style=\"font-family: arial,helvetica,sans-serif;font-size: 14pt\">B\u00fccherei<\/span><\/strong><\/p>\n<div id='gallery-3' class='gallery galleryid-214 gallery-columns-3 gallery-size-thumbnail'><dl class='gallery-item'>\n\t\t\t<dt class='gallery-icon landscape'>\n\t\t\t\t<a href='https:\/\/wordpress.nibis.de\/gsjowolf\/bilder\/buecherei-2\/#main'><img loading=\"lazy\" decoding=\"async\" width=\"150\" height=\"150\" src=\"https:\/\/wordpress.nibis.de\/gsjowolf\/files\/Buecherei-2-150x150.jpg\" class=\"attachment-thumbnail size-thumbnail\" alt=\"\" \/><\/a>\n\t\t\t<\/dt><\/dl><dl class='gallery-item'>\n\t\t\t<dt class='gallery-icon landscape'>\n\t\t\t\t<a href='https:\/\/wordpress.nibis.de\/gsjowolf\/bilder\/buecherei-1\/#main'><img loading=\"lazy\" decoding=\"async\" width=\"150\" height=\"150\" src=\"https:\/\/wordpress.nibis.de\/gsjowolf\/files\/Buecherei-1-150x150.jpg\" class=\"attachment-thumbnail size-thumbnail\" alt=\"\" \/><\/a>\n\t\t\t<\/dt><\/dl>\n\t\t\t<br style='clear: both' \/>\n\t\t<\/div>\n\n<p style=\"text-align: center\"><span style=\"font-family: arial,helvetica,sans-serif;font-size: 14pt\"><code><\/code><\/span><\/p>\n<p style=\"text-align: center\"><span style=\"font-size: large\"><strong><span style=\"font-family: arial,helvetica,sans-serif\">Werkraum<\/span><br \/><\/strong><\/span><code><\/code><\/p>\n\n<p style=\"text-align: center\"><code><\/code><\/p>\n<p style=\"text-align: center\"><span style=\"font-size: 14pt\"><strong><span style=\"font-family: arial,helvetica,sans-serif\">K\u00fcche<\/span><\/strong><\/span><br \/><code><\/code><\/p>\n\n<p style=\"text-align: center\"><code><\/code><span style=\"font-size: large\"><code><\/code><\/span><\/p>\n<p style=\"text-align: center\"><span style=\"font-size: 14pt\"><strong><span style=\"font-family: arial,helvetica,sans-serif\">F\u00f6rderraum<br \/><\/span><\/strong><span style=\"font-family: arial,helvetica,sans-serif\"><code><\/code><\/span><\/span><\/p>\n<div id='gallery-6' class='gallery galleryid-603 gallery-columns-3 gallery-size-thumbnail'><dl class='gallery-item'>\n\t\t\t<dt class='gallery-icon landscape'>\n\t\t\t\t<a href='https:\/\/wordpress.nibis.de\/gsjowolf\/?attachment_id=604#main'><img loading=\"lazy\" decoding=\"async\" width=\"150\" height=\"150\" src=\"https:\/\/wordpress.nibis.de\/gsjowolf\/files\/F\u00f6rderraum-1-150x150.jpg\" class=\"attachment-thumbnail size-thumbnail\" alt=\"\" \/><\/a>\n\t\t\t<\/dt><\/dl><dl class='gallery-item'>\n\t\t\t<dt class='gallery-icon landscape'>\n\t\t\t\t<a href='https:\/\/wordpress.nibis.de\/gsjowolf\/bilder\/20220517_091730\/#main'><img loading=\"lazy\" decoding=\"async\" width=\"150\" height=\"150\" src=\"https:\/\/wordpress.nibis.de\/gsjowolf\/files\/20220517_091730-scaled-e1652773260508-150x150.jpg\" class=\"attachment-thumbnail size-thumbnail\" alt=\"\" \/><\/a>\n\t\t\t<\/dt><\/dl>\n\t\t\t<br style='clear: both' \/>\n\t\t<\/div>\n\n<p style=\"text-align: center\"><strong><span style=\"font-size: 14pt\"><span style=\"font-family: arial,helvetica,sans-serif\"><code><\/code>Musikraum<\/span><\/span><\/strong><\/p>\n<div id='gallery-7' class='gallery galleryid-214 gallery-columns-3 gallery-size-thumbnail'><dl class='gallery-item'>\n\t\t\t<dt class='gallery-icon landscape'>\n\t\t\t\t<a href='https:\/\/wordpress.nibis.de\/gsjowolf\/bilder\/musik-2\/#main'><img loading=\"lazy\" decoding=\"async\" width=\"150\" height=\"150\" src=\"https:\/\/wordpress.nibis.de\/gsjowolf\/files\/Musik-2-150x150.jpg\" class=\"attachment-thumbnail size-thumbnail\" alt=\"\" \/><\/a>\n\t\t\t<\/dt><\/dl><dl class='gallery-item'>\n\t\t\t<dt class='gallery-icon landscape'>\n\t\t\t\t<a href='https:\/\/wordpress.nibis.de\/gsjowolf\/bilder\/musik-1\/#main'><img loading=\"lazy\" decoding=\"async\" width=\"150\" height=\"150\" src=\"https:\/\/wordpress.nibis.de\/gsjowolf\/files\/Musik-1-150x150.jpg\" class=\"attachment-thumbnail size-thumbnail\" alt=\"\" \/><\/a>\n\t\t\t<\/dt><\/dl>\n\t\t\t<br style='clear: both' \/>\n\t\t<\/div>\n\n<p style=\"text-align: center\"><span style=\"font-size: 14pt\"><strong><span style=\"font-family: arial,helvetica,sans-serif\">Turnhalle<br \/><\/span><\/strong><\/span><code><\/code><\/p>\n\n<p style=\"text-align: center\"><code><\/code><\/p>\n<p style=\"text-align: center\"><strong><span style=\"font-family: arial,helvetica,sans-serif;font-size: 14pt\">Der &#8222;Bolzer&#8220;<\/span><\/strong><\/p>\n<p style=\"text-align: center\"><strong><span style=\"font-family: arial,helvetica,sans-serif;font-size: 14pt\"><br \/><\/span><\/strong><span style=\"font-family: arial,helvetica,sans-serif;font-size: 14pt\"><code><\/code><\/span><\/p>\n<p style=\"text-align: center\"><span style=\"font-family: arial,helvetica,sans-serif;font-size: 14pt\"><code><\/code><\/span><\/p>\n<p style=\"text-align: center\"><span style=\"font-size: 14pt\"><strong><span style=\"font-family: arial,helvetica,sans-serif\">Schwimmbad<\/span><br \/><\/strong><\/span><code><\/code><\/p>\n\n\n","protected":false},"excerpt":{"rendered":"<p>Schulhof Klassenr\u00e4ume B\u00fccherei Werkraum K\u00fcche F\u00f6rderraum Musikraum Turnhalle Der &#8222;Bolzer&#8220; Schwimmbad<\/p>\n","protected":false},"author":397,"featured_media":0,"parent":0,"menu_order":0,"comment_status":"closed","ping_status":"closed","template":"","meta":{"footnotes":""},"class_list":["post-214","page","type-page","status-publish","hentry","without-featured-image"],"_links":{"self":[{"href":"https:\/\/wordpress.nibis.de\/gsjowolf\/wp-json\/wp\/v2\/pages\/214","targetHints":{"allow":["GET"]}}],"collection":[{"href":"https:\/\/wordpress.nibis.de\/gsjowolf\/wp-json\/wp\/v2\/pages"}],"about":[{"href":"https:\/\/wordpress.nibis.de\/gsjowolf\/wp-json\/wp\/v2\/types\/page"}],"author":[{"embeddable":true,"href":"https:\/\/wordpress.nibis.de\/gsjowolf\/wp-json\/wp\/v2\/users\/397"}],"replies":[{"embeddable":true,"href":"https:\/\/wordpress.nibis.de\/gsjowolf\/wp-json\/wp\/v2\/comments?post=214"}],"version-history":[{"count":31,"href":"https:\/\/wordpress.nibis.de\/gsjowolf\/wp-json\/wp\/v2\/pages\/214\/revisions"}],"predecessor-version":[{"id":2653,"href":"https:\/\/wordpress.nibis.de\/gsjowolf\/wp-json\/wp\/v2\/pages\/214\/revisions\/2653"}],"wp:attachment":[{"href":"https:\/\/wordpress.nibis.de\/gsjowolf\/wp-json\/wp\/v2\/media?parent=214"}],"curies":[{"name":"wp","href":"https:\/\/api.w.org\/{rel}","templated":true}]}}