{"id":297,"date":"2014-05-16T22:57:30","date_gmt":"2014-05-16T20:57:30","guid":{"rendered":"http:\/\/wordpress.nibis.de\/gsjowolf\/?page_id=297"},"modified":"2024-12-04T15:52:59","modified_gmt":"2024-12-04T13:52:59","slug":"bilder-2","status":"publish","type":"page","link":"https:\/\/wordpress.nibis.de\/gsjowolf\/bilder-2\/","title":{"rendered":"Au\u00dfenstelle Angerstein"},"content":{"rendered":"<p style=\"text-align: center\"><strong><span style=\"font-size: 14pt;font-family: arial,helvetica,sans-serif\">Schulhof und Schulgeb\u00e4ude<br \/>\n<\/span><\/strong><code><\/code><\/p>\n\n<p style=\"text-align: center\"><code><\/code><\/p>\n<p style=\"text-align: center\"><strong><span style=\"font-family: arial,helvetica,sans-serif;font-size: 14pt\">Sport- und Pausenhalle<br \/>\n<\/span><\/strong><span style=\"font-family: arial,helvetica,sans-serif;font-size: 14pt\"><code><\/code><\/span><\/p>\n\n<p style=\"text-align: center\"><span style=\"font-family: arial,helvetica,sans-serif;font-size: 14pt\"><code><\/code><\/span><\/p>\n<p style=\"text-align: center\"><span style=\"font-size: 14pt\"><strong><span style=\"font-family: arial,helvetica,sans-serif\">B\u00fccherei<br \/>\n<\/span><\/strong><span style=\"font-family: arial,helvetica,sans-serif\"><code><\/code><\/span><\/span><\/p>\n<div id='gallery-3' class='gallery galleryid-457 gallery-columns-3 gallery-size-thumbnail'><dl class='gallery-item'>\n\t\t\t<dt class='gallery-icon landscape'>\n\t\t\t\t<a href='https:\/\/wordpress.nibis.de\/gsjowolf\/?attachment_id=458#main'><img loading=\"lazy\" decoding=\"async\" width=\"150\" height=\"150\" src=\"https:\/\/wordpress.nibis.de\/gsjowolf\/files\/B\u00fccherei-Angerstein-1-150x150.jpg\" class=\"attachment-thumbnail size-thumbnail\" alt=\"\" \/><\/a>\n\t\t\t<\/dt><\/dl><dl class='gallery-item'>\n\t\t\t<dt class='gallery-icon portrait'>\n\t\t\t\t<a href='https:\/\/wordpress.nibis.de\/gsjowolf\/?attachment_id=459#main'><img loading=\"lazy\" decoding=\"async\" width=\"150\" height=\"150\" src=\"https:\/\/wordpress.nibis.de\/gsjowolf\/files\/B\u00fccherei-Angerstein-2-150x150.jpg\" class=\"attachment-thumbnail size-thumbnail\" alt=\"\" \/><\/a>\n\t\t\t<\/dt><\/dl><dl class='gallery-item'>\n\t\t\t<dt class='gallery-icon landscape'>\n\t\t\t\t<a href='https:\/\/wordpress.nibis.de\/gsjowolf\/?attachment_id=460#main'><img loading=\"lazy\" decoding=\"async\" width=\"150\" height=\"150\" src=\"https:\/\/wordpress.nibis.de\/gsjowolf\/files\/B\u00fccherei-Angerstein-3-150x150.jpg\" class=\"attachment-thumbnail size-thumbnail\" alt=\"\" \/><\/a>\n\t\t\t<\/dt><\/dl><br style=\"clear: both\" \/><dl class='gallery-item'>\n\t\t\t<dt class='gallery-icon landscape'>\n\t\t\t\t<a href='https:\/\/wordpress.nibis.de\/gsjowolf\/?attachment_id=510#main'><img loading=\"lazy\" decoding=\"async\" width=\"150\" height=\"150\" src=\"https:\/\/wordpress.nibis.de\/gsjowolf\/files\/B\u00fccherei-Angerstein-4-150x150.jpg\" class=\"attachment-thumbnail size-thumbnail\" alt=\"\" \/><\/a>\n\t\t\t<\/dt><\/dl>\n\t\t\t<br style='clear: both' \/>\n\t\t<\/div>\n\n<p style=\"text-align: center\"><span style=\"font-size: 14pt\"><span style=\"font-family: arial,helvetica,sans-serif\"><code><\/code><\/span><\/span><\/p>\n<p style=\"text-align: center\"><strong><span style=\"font-family: arial,helvetica,sans-serif;font-size: 14pt\">Klassenr\u00e4ume<br \/>\n<\/span><\/strong><span style=\"font-family: arial,helvetica,sans-serif;font-size: 14pt\"><code><\/code><\/span><\/p>\n\n<p style=\"text-align: center\"><span style=\"font-family: arial,helvetica,sans-serif;font-size: 14pt\"><code><\/code><\/span><\/p>\n<p style=\"text-align: center\">\n","protected":false},"excerpt":{"rendered":"<p>Schulhof und Schulgeb\u00e4ude Sport- und Pausenhalle B\u00fccherei Klassenr\u00e4ume<\/p>\n","protected":false},"author":397,"featured_media":0,"parent":0,"menu_order":0,"comment_status":"closed","ping_status":"closed","template":"","meta":{"footnotes":""},"class_list":["post-297","page","type-page","status-publish","hentry","without-featured-image"],"_links":{"self":[{"href":"https:\/\/wordpress.nibis.de\/gsjowolf\/wp-json\/wp\/v2\/pages\/297","targetHints":{"allow":["GET"]}}],"collection":[{"href":"https:\/\/wordpress.nibis.de\/gsjowolf\/wp-json\/wp\/v2\/pages"}],"about":[{"href":"https:\/\/wordpress.nibis.de\/gsjowolf\/wp-json\/wp\/v2\/types\/page"}],"author":[{"embeddable":true,"href":"https:\/\/wordpress.nibis.de\/gsjowolf\/wp-json\/wp\/v2\/users\/397"}],"replies":[{"embeddable":true,"href":"https:\/\/wordpress.nibis.de\/gsjowolf\/wp-json\/wp\/v2\/comments?post=297"}],"version-history":[{"count":15,"href":"https:\/\/wordpress.nibis.de\/gsjowolf\/wp-json\/wp\/v2\/pages\/297\/revisions"}],"predecessor-version":[{"id":2938,"href":"https:\/\/wordpress.nibis.de\/gsjowolf\/wp-json\/wp\/v2\/pages\/297\/revisions\/2938"}],"wp:attachment":[{"href":"https:\/\/wordpress.nibis.de\/gsjowolf\/wp-json\/wp\/v2\/media?parent=297"}],"curies":[{"name":"wp","href":"https:\/\/api.w.org\/{rel}","templated":true}]}}