{"id":498,"date":"2014-09-10T22:05:30","date_gmt":"2014-09-10T20:05:30","guid":{"rendered":"http:\/\/wordpress.nibis.de\/gsjowolf\/?page_id=498"},"modified":"2025-06-25T19:26:12","modified_gmt":"2025-06-25T17:26:12","slug":"schulprofil","status":"publish","type":"page","link":"https:\/\/wordpress.nibis.de\/gsjowolf\/schulprofil\/","title":{"rendered":"Schulprofil"},"content":{"rendered":"\n<p class=\"has-text-align-left\"><strong>Die Schule<\/strong><\/p>\n\n\n\n<p class=\"has-text-align-left\">Die Johann-Wolf-Grundschule umfasst den Bildungszeitraum in den Schuljahrg\u00e4ngen eins bis vier. Unser Schultr\u00e4ger ist der Flecken N\u00f6rten-Hardenberg, der zum Landkreis Northeim geh\u00f6rt. Unsere Schule besteht aus den beiden Standorten N\u00f6rten-Hardenberg und Angerstein.<\/p>\n\n\n\n<p class=\"has-text-align-left\">Zum Einzugsgebiet der beiden Standorte geh\u00f6ren neben N\u00f6rten-Hardenberg\ndie Ortsteile Bishausen, Sudershausen, L\u00fctgenrode, Parensen, Elvese sowie\nAngerstein und Wolbrechtshausen. <\/p>\n\n\n\n<p class=\"has-text-align-left\">Zu den vorschulischen Einrichtungen im Einzugsgebiet der Schule z\u00e4hlen die ev. Kindertagesst\u00e4tte, die kath. KiTa St. Josef, die KiTa Elementum der Johanniter-Unfall-Hilfe, die KiTa Wirbelwind in Bishausen mit integrativer Gruppe sowie die KiTa Spatzennest in Angerstein.<\/p>\n\n\n\n<p class=\"has-text-align-left\">Beide Schulgeb\u00e4ude liegen in einem Wohngebiet. Alle Klassen verf\u00fcgen \u00fcber neue Akustikdecken, um optimale Voraussetzungen f\u00fcr die inklusive Schule zu schaffen und ein gesundes Raumklima f\u00fcr Sch\u00fcler:innen und Lehrkr\u00e4fte zu gew\u00e4hrleisten. Ebenso sind mit Beginn des Schuljahres 2019\/20 alle Klassen mit interaktiven Beamern ausgestattet.<\/p>\n\n\n\n<p class=\"has-text-align-left\">Beide Standorte verf\u00fcgen \u00fcber ein gro\u00dfz\u00fcgiges Au\u00dfengel\u00e4nde mit vielen Spiel- und Bewegungsm\u00f6glichkeiten.<\/p>\n\n\n\n<p class=\"has-text-align-left\">Im Schuljahr 2024\/25 werden insgesamt 375 Sch\u00fclerinnen und Sch\u00fcler unterrichtet, davon 272 im \u00fcberwiegend dreiz\u00fcgigen Standort N\u00f6rten-Hardenberg und 103 im ein- bis zweiz\u00fcgigen Standort Angerstein.<br>Zum Kollegium geh\u00f6ren 23 Lehrkr\u00e4fte, 3 F\u00f6rderschullehrkr\u00e4fte, 10 P\u00e4dagogische Mitarbeiter:innen und 2 Schulsozialarbeiterinnen.<\/p>\n\n\n\n<p class=\"has-text-align-left\"><strong>Ganztagsangebot<\/strong><\/p>\n\n\n\n<p class=\"has-text-align-left\">Die offene Ganztagsschule findet von Montag bis Donnerstag f\u00fcr die <strong>Jahrg\u00e4nge 1 <\/strong>und <strong>2<\/strong> und f\u00fcr die <strong>Jahrg\u00e4nge 3<\/strong> und<strong> 4<\/strong> <strong>bis 15:05 Uhr<\/strong> statt. \u00a0Eine Anmeldung ist an einzelnen Tagen oder f\u00fcr alle 4 Tage m\u00f6glich.<\/p>\n\n\n\n<p class=\"has-text-align-left\">Die Ganztagszeit beginnt jeweils mit einem gemeinsamen Mittagessen im Jahrgang und einer Spielzeit. Anschlie\u00dfend fertigen die Kinder der Jahrg\u00e4nge 1 und 2 t\u00e4glich ihre Hausaufgaben an. Es folgt ein auf die Gruppe angepasstes Angebot bis 15:00 Uhr.<\/p>\n\n\n\n<p class=\"has-text-align-left\">Auch die Jahrg\u00e4nge 3 und 4 starten mit dem Mittagessen und einer Spielzeit. Danach folgt eine Hausaufgabenbetreuung und ab 14:00 Uhr beginnen die Arbeitsgemeinschaften, die die Kinder im Vorfeld w\u00e4hlen k\u00f6nnen. In diesem Bereich werden wir von au\u00dferunterrichtlichen Partnern unterst\u00fctzt. Lehrkr\u00e4fte bieten z. B. Yoga, Fitness, Spielangebote, Handball und weitere vielseitige Angebote an. <\/p>\n\n\n\n<p class=\"has-text-align-left\">Nach dem Ganztag bietet die Johanniter-Unfall-Hilfe ein weiterf\u00fchrendes Betreuungsangebot an. Hier besteht die M\u00f6glichkeit, die Kinder kostenpflichtig von 15:00 \u2013 17:00 Uhr sowie in den Ferien betreuen zu lassen. <\/p>\n\n\n\n<p class=\"has-text-align-left\"><strong>Betreuung innerhalb der verl\u00e4sslichen Grundschule<\/strong><\/p>\n\n\n\n<p class=\"has-text-align-left\">Erziehungsberechtigte der Sch\u00fclerinnen und Sch\u00fcler des 1. und 2. Schuljahres k\u00f6nnen neben dem Ganztag auch an vier Wochentagen eine kostenlose Betreuungszeit von 12:05 Uhr bis 12:50 Uhr in Anspruch nehmen. Diese wird von unseren p\u00e4dagogischen Mitarbeiter*innen durchgef\u00fchrt.<\/p>\n\n\n\n<p class=\"has-text-align-left\">Die M\u00f6glichkeit eines Mittagessens und die Erledigung von Hausaufgaben gibt es in dieser Zeit nicht.<\/p>\n\n\n\n<p class=\"has-text-align-left\"><strong>Besser lernen durch Bewegung<\/strong><\/p>\n\n\n\n<p class=\"has-text-align-left\">Bereits zum dritten Mal wurde die JWS als \u201esportfreundliche Schule\u201c ausgezeichnet. Unser Leitbild \u201eGemeinsam Lernen durch Bewegung\u201c unterstreicht den hohen Stellenwert, der Bewegung und Lernen miteinander verkn\u00fcpft. Viele sportliche Aktivit\u00e4ten werden den Sch\u00fclerinnen und Sch\u00fclern in diesem Rahmen angeboten. F\u00fcr den Sportunterricht stehen dem Standort N\u00f6rten eine eigene Turnhalle, ein Sportplatz und ein nur wenige Minuten entfernt liegendes Hallenbad zur Verf\u00fcgung. Schwimmunterricht wird in den Jahrg\u00e4ngen 3 und 4 sowie in der zweiten Klasse als AG unterrichtet. Auch die Kinder aus dem Standort Angerstein nutzen ab der zweiten Klasse die Sporthalle und ab der dritten Klasse das Schwimmbad. Die Erstkl\u00e4ssler haben ihren Sportunterricht in der Pausenhalle.<br> Bewegtes Lernen wird an unserer Schule durch unterschiedlichste Aktivit\u00e4ten unterst\u00fctzt und gef\u00f6rdert, wie z. B.:<br> \u2022 gezieltes Lauftraining mit der M\u00f6glichkeit zum Erwerb des Laufabzeichens<br> \u2022 Lauf-Event als Sportfest<br> \u2022 Schwimmunterricht, regelm\u00e4\u00dfig stattfindende Schwimmfeste (z.B. Weihnachtsschwimmfest)<br> \u2022 Ballturniere<br> \u2022 kurze Bewegungspausen w\u00e4hrend des Unterrichts<br> \u2022 u. v. m.<\/p>\n\n\n\n<p class=\"has-text-align-left\"><strong>Gesunde Ern\u00e4hrung<\/strong><br>Gesunde Ern\u00e4hrung ist die Voraussetzung f\u00fcr die Erhaltung der Gesundheit und Leistungsf\u00e4higkeit. Konzentration, Erinnerungsverm\u00f6gen und logisches Denken k\u00f6nnen verbessert werden, wenn die Ern\u00e4hrung aus einer vollwertigen, vitamin- und mineralstoffhaltigen Nahrung besteht.<\/p>\n\n\n\n<p class=\"has-text-align-left\">In unserer Schule sind daher viele Projekte institutionalisiert, wie z. B.:<br> \u2022 eine t\u00e4gliche gemeinsame Fr\u00fchst\u00fcckszeit in der Klasse<br> \u2022 \u201eGesunde Ern\u00e4hrung\u201c als Thema im Sachunterricht aller Jahrg\u00e4nge<br> \u2022 eine w\u00f6chentliche \u201eVitaminbar\u201c aus Bio-Obst und Gem\u00fcse, geliefert von Lotta Karotta.<br> \u2022 u. v. m.<\/p>\n\n\n","protected":false},"excerpt":{"rendered":"<p>Die Schule Die Johann-Wolf-Grundschule umfasst den Bildungszeitraum in den Schuljahrg\u00e4ngen eins bis vier. Unser Schultr\u00e4ger ist der Flecken N\u00f6rten-Hardenberg, der zum Landkreis Northeim geh\u00f6rt. Unsere Schule besteht aus den beiden Standorten N\u00f6rten-Hardenberg und Angerstein. Zum Einzugsgebiet der beiden Standorte geh\u00f6ren neben N\u00f6rten-Hardenberg die Ortsteile Bishausen, Sudershausen, L\u00fctgenrode, Parensen, Elvese sowie Angerstein und Wolbrechtshausen. Zu den &hellip; <a href=\"https:\/\/wordpress.nibis.de\/gsjowolf\/schulprofil\/\" class=\"more-link\">Weiterlesen <span class=\"screen-reader-text\">Schulprofil<\/span><\/a><\/p>\n","protected":false},"author":397,"featured_media":0,"parent":0,"menu_order":0,"comment_status":"closed","ping_status":"closed","template":"","meta":{"footnotes":""},"class_list":["post-498","page","type-page","status-publish","hentry","without-featured-image"],"_links":{"self":[{"href":"https:\/\/wordpress.nibis.de\/gsjowolf\/wp-json\/wp\/v2\/pages\/498","targetHints":{"allow":["GET"]}}],"collection":[{"href":"https:\/\/wordpress.nibis.de\/gsjowolf\/wp-json\/wp\/v2\/pages"}],"about":[{"href":"https:\/\/wordpress.nibis.de\/gsjowolf\/wp-json\/wp\/v2\/types\/page"}],"author":[{"embeddable":true,"href":"https:\/\/wordpress.nibis.de\/gsjowolf\/wp-json\/wp\/v2\/users\/397"}],"replies":[{"embeddable":true,"href":"https:\/\/wordpress.nibis.de\/gsjowolf\/wp-json\/wp\/v2\/comments?post=498"}],"version-history":[{"count":27,"href":"https:\/\/wordpress.nibis.de\/gsjowolf\/wp-json\/wp\/v2\/pages\/498\/revisions"}],"predecessor-version":[{"id":3051,"href":"https:\/\/wordpress.nibis.de\/gsjowolf\/wp-json\/wp\/v2\/pages\/498\/revisions\/3051"}],"wp:attachment":[{"href":"https:\/\/wordpress.nibis.de\/gsjowolf\/wp-json\/wp\/v2\/media?parent=498"}],"curies":[{"name":"wp","href":"https:\/\/api.w.org\/{rel}","templated":true}]}}