{"id":1033,"date":"2016-03-15T12:53:32","date_gmt":"2016-03-15T11:53:32","guid":{"rendered":"http:\/\/wordpress.nibis.de\/gskleebl\/?page_id=1033"},"modified":"2023-11-29T22:07:22","modified_gmt":"2023-11-29T21:07:22","slug":"lesementoren","status":"publish","type":"page","link":"https:\/\/wordpress.nibis.de\/gskleebl\/schule\/lesementoren\/","title":{"rendered":"Lesementoren"},"content":{"rendered":"\r\n<p><img loading=\"lazy\" decoding=\"async\" class=\"alignnone  wp-image-3941\" src=\"https:\/\/wordpress.nibis.de\/gskleebl\/files\/2021\/11\/Lesementoren-Stand-24.11.2021-300x207.jpg\" alt=\"\" width=\"641\" height=\"442\" srcset=\"https:\/\/wordpress.nibis.de\/gskleebl\/files\/2021\/11\/Lesementoren-Stand-24.11.2021-300x207.jpg 300w, https:\/\/wordpress.nibis.de\/gskleebl\/files\/2021\/11\/Lesementoren-Stand-24.11.2021-640x442.jpg 640w, https:\/\/wordpress.nibis.de\/gskleebl\/files\/2021\/11\/Lesementoren-Stand-24.11.2021-768x531.jpg 768w, https:\/\/wordpress.nibis.de\/gskleebl\/files\/2021\/11\/Lesementoren-Stand-24.11.2021.jpg 1186w\" sizes=\"auto, (max-width: 641px) 100vw, 641px\" \/><\/p>\r\n<p style=\"text-align: justify\"><span style=\"font-family: verdana, geneva, sans-serif\">Seit 2013 werden einzelne Kinder an unserer Schule beim Lesenlernen durch ehrenamtliche Helfer unterst\u00fctzt. Die sogenannten Lesementoren treffen sich dazu einmal w\u00f6chentlich mit einem Kind und \u00fcben auf individuelle Weise das Lesen. Ziel ist die Verbesserung der Lesekompetenz. Unsere Lesementoren und Lesementorinnen sind mit viel Engagement und Herzblut bei der Sache. Schon etliche Kinder konnten ihre Lesef\u00e4higkeit durch diese pers\u00f6nliche F\u00f6rderung so verbessern, dass sie keine weitere Unterst\u00fctzung der Mentoren mehr ben\u00f6tigen. Wir sind dankbar f\u00fcr dieses Engagement!<\/span><\/p>\r\n<p style=\"text-align: center\"><span style=\"font-family: verdana, geneva, sans-serif\"> <img loading=\"lazy\" decoding=\"async\" class=\"wp-image-2722 aligncenter\" src=\"https:\/\/wordpress.nibis.de\/gskleebl\/files\/2019\/06\/Lesementoren-NOM-2-225x300.jpeg\" alt=\"\" width=\"186\" height=\"248\" \/><\/span> <span style=\"font-family: verdana, geneva, sans-serif\"><strong><a href=\"http:\/\/wordpress.nibis.de\/gskleebl\/files\/2016\/03\/lesementoren.pdf\" rel=\"\">Lesementoren unterst\u00fctzen die Sch\u00fcler<\/a> pdf\u00a0 <\/strong><span style=\"font-size: 12pt\">(EM vom 10.03.2016)<\/span><\/span><\/p>\r\n<p style=\"text-align: justify\"><img loading=\"lazy\" decoding=\"async\" class=\" wp-image-2919 aligncenter\" src=\"https:\/\/wordpress.nibis.de\/gskleebl\/files\/2019\/11\/Lesementoren-Nov.-2019-300x225.jpg\" alt=\"\" width=\"387\" height=\"290\" srcset=\"https:\/\/wordpress.nibis.de\/gskleebl\/files\/2019\/11\/Lesementoren-Nov.-2019-300x225.jpg 300w, https:\/\/wordpress.nibis.de\/gskleebl\/files\/2019\/11\/Lesementoren-Nov.-2019-768x576.jpg 768w, https:\/\/wordpress.nibis.de\/gskleebl\/files\/2019\/11\/Lesementoren-Nov.-2019-640x480.jpg 640w, https:\/\/wordpress.nibis.de\/gskleebl\/files\/2019\/11\/Lesementoren-Nov.-2019.jpg 1024w\" sizes=\"auto, (max-width: 387px) 100vw, 387px\" \/><\/p>\r\n<p style=\"text-align: center\"><span style=\"font-family: verdana,geneva,sans-serif\">Lesementoren November 2019<\/span><\/p>\r\n<p style=\"text-align: center\"><img loading=\"lazy\" decoding=\"async\" class=\"alignnone wp-image-1801\" src=\"http:\/\/wordpress.nibis.de\/gskleebl\/files\/2017\/07\/image-300x224.jpeg\" alt=\"\" width=\"386\" height=\"288\" srcset=\"https:\/\/wordpress.nibis.de\/gskleebl\/files\/2017\/07\/image-300x224.jpeg 300w, https:\/\/wordpress.nibis.de\/gskleebl\/files\/2017\/07\/image.jpeg 634w\" sizes=\"auto, (max-width: 386px) 100vw, 386px\" \/><\/p>\r\n<p style=\"text-align: center\"><span style=\"font-family: verdana,geneva,sans-serif\">Lesementoren 2015<\/span><\/p>","protected":false},"excerpt":{"rendered":"<p>Seit 2013 werden einzelne Kinder an unserer Schule beim Lesenlernen durch ehrenamtliche Helfer unterst\u00fctzt. Die sogenannten Lesementoren treffen sich dazu einmal w\u00f6chentlich mit einem Kind und \u00fcben auf individuelle Weise das Lesen. Ziel ist die Verbesserung der Lesekompetenz. Unsere Lesementoren &hellip; <a href=\"https:\/\/wordpress.nibis.de\/gskleebl\/schule\/lesementoren\/\">Weiterlesen <span class=\"meta-nav\">&rarr;<\/span><\/a><\/p>\n","protected":false},"author":722,"featured_media":0,"parent":86,"menu_order":0,"comment_status":"closed","ping_status":"closed","template":"","meta":{"footnotes":""},"class_list":["post-1033","page","type-page","status-publish","hentry"],"_links":{"self":[{"href":"https:\/\/wordpress.nibis.de\/gskleebl\/wp-json\/wp\/v2\/pages\/1033","targetHints":{"allow":["GET"]}}],"collection":[{"href":"https:\/\/wordpress.nibis.de\/gskleebl\/wp-json\/wp\/v2\/pages"}],"about":[{"href":"https:\/\/wordpress.nibis.de\/gskleebl\/wp-json\/wp\/v2\/types\/page"}],"author":[{"embeddable":true,"href":"https:\/\/wordpress.nibis.de\/gskleebl\/wp-json\/wp\/v2\/users\/722"}],"replies":[{"embeddable":true,"href":"https:\/\/wordpress.nibis.de\/gskleebl\/wp-json\/wp\/v2\/comments?post=1033"}],"version-history":[{"count":31,"href":"https:\/\/wordpress.nibis.de\/gskleebl\/wp-json\/wp\/v2\/pages\/1033\/revisions"}],"predecessor-version":[{"id":3942,"href":"https:\/\/wordpress.nibis.de\/gskleebl\/wp-json\/wp\/v2\/pages\/1033\/revisions\/3942"}],"up":[{"embeddable":true,"href":"https:\/\/wordpress.nibis.de\/gskleebl\/wp-json\/wp\/v2\/pages\/86"}],"wp:attachment":[{"href":"https:\/\/wordpress.nibis.de\/gskleebl\/wp-json\/wp\/v2\/media?parent=1033"}],"curies":[{"name":"wp","href":"https:\/\/api.w.org\/{rel}","templated":true}]}}