{"id":2282,"date":"2018-05-25T17:23:25","date_gmt":"2018-05-25T15:23:25","guid":{"rendered":"http:\/\/wordpress.nibis.de\/gskleebl\/?page_id=2282"},"modified":"2022-10-27T11:17:24","modified_gmt":"2022-10-27T09:17:24","slug":"impressum-2","status":"publish","type":"page","link":"https:\/\/wordpress.nibis.de\/gskleebl\/impressum-2\/","title":{"rendered":"Impressum"},"content":{"rendered":"<p style=\"text-align: justify\"><span style=\"font-family: verdana, geneva, sans-serif\">Land Niedersachsen (Dienstanbieter im Sinne des Telemediengesetzes)<\/span><\/p>\n<p style=\"text-align: justify\"><span style=\"font-family: verdana, geneva, sans-serif\">Das Land Niedersachsen ist eine juristische Person des \u00f6ffentlichen Rechts vertreten durch<\/span><\/p>\n<p style=\"text-align: justify\"><span style=\"font-family: verdana, geneva, sans-serif\">Schulleitung: Frau Jutta Jahns (kommissarische Schulleitung)<\/span><\/p>\n<p style=\"text-align: justify\"><span style=\"font-family: verdana, geneva, sans-serif\">Kleeblattgrundschule Markoldendorf<\/span><br \/>\n<span style=\"font-family: verdana, geneva, sans-serif\">Wellerser Stra\u00dfe 18<\/span><br \/>\n<span style=\"font-family: verdana, geneva, sans-serif\">37586 Dassel-Markoldendorf<\/span><\/p>\n<p style=\"text-align: justify\"><span style=\"font-family: verdana, geneva, sans-serif\">Telefon: 05562-294<\/span><br \/>\n<span style=\"font-family: verdana, geneva, sans-serif\">Fax: 05562-9309363<\/span><\/p>\n<p style=\"text-align: justify\"><span style=\"font-family: verdana, geneva, sans-serif\">E-Mail: gs&#46;mar&#107;&#111;&#108;&#100;&#101;&#110;&#100;&#x6f;&#x72;&#x66;&#x40;&#x74;&#x2d;&#x6f;&#x6e;&#x6c;&#x69;&#x6e;&#x65;&#46;de<\/span><\/p>\n<p style=\"text-align: justify\"><span style=\"font-family: verdana, geneva, sans-serif\">Verantwortlicher f\u00fcr redaktionell-journalistische Angebote i. S. d. \u00a7 55 Abs. 2 Rundfunkstaatsvertrag:<\/span><\/p>\n<p style=\"text-align: justify\"><span style=\"font-family: verdana, geneva, sans-serif\">Jutta Jahns<\/span><br \/>\n<span style=\"font-family: verdana, geneva, sans-serif\">Kleeblattgrundschule<\/span><br \/>\n<span style=\"font-family: verdana, geneva, sans-serif\">Wellerser Stra\u00dfe 18<\/span><br \/>\n<span style=\"font-family: verdana, geneva, sans-serif\">37586 Dassel-Markoldendorf<\/span><br \/>\n<span style=\"font-family: verdana, geneva, sans-serif\">Telefon: 05562-294<\/span><\/p>\n<p style=\"text-align: justify\"><span style=\"font-family: verdana, geneva, sans-serif\">Disclaimer<\/span><\/p>\n<p style=\"text-align: justify\"><span style=\"font-family: verdana, geneva, sans-serif\">Diese Webseite beinhaltet externe Links. Deren Inhalte entziehen sich unserer Einflussnahme, sodass eine Gew\u00e4hr f\u00fcr solche Inhalte von uns nicht \u00fcbernommen werden kann. Die Verantwortung liegt stets beim jeweiligen Betreiber der externen Seiten. Zum Zeitpunkt der Verkn\u00fcpfung der externen Links waren keine Rechtsverst\u00f6\u00dfe ersichtlich. Die permanente \u00dcberwachung fremder Inhalte auf Rechtsverst\u00f6\u00dfe ohne konkrete Hinweise ist uns nicht zumutbar. Sollten wir Kenntnis von Rechtsverletzungen erlangen, werden wir die entsprechenden externen Links unverz\u00fcglich entfernen.<\/span><\/p>\n","protected":false},"excerpt":{"rendered":"<p>Land Niedersachsen (Dienstanbieter im Sinne des Telemediengesetzes) Das Land Niedersachsen ist eine juristische Person des \u00f6ffentlichen Rechts vertreten durch Schulleitung: Frau Jutta Jahns (kommissarische Schulleitung) Kleeblattgrundschule Markoldendorf Wellerser Stra\u00dfe 18 37586 Dassel-Markoldendorf Telefon: 05562-294 Fax: 05562-9309363 E-Mail: &#103;&#x73;&#46;&#x6d;a&#x72;k&#111;&#x6c;&#100;&#x65;&#110;&#x64;o&#x72;f&#64;&#x74;&#45;&#x6f;n&#x6c;i&#x6e;&#x65;&#46;&#x64;&#101; Verantwortlicher f\u00fcr &hellip; <a href=\"https:\/\/wordpress.nibis.de\/gskleebl\/impressum-2\/\">Weiterlesen <span class=\"meta-nav\">&rarr;<\/span><\/a><\/p>\n","protected":false},"author":722,"featured_media":0,"parent":0,"menu_order":0,"comment_status":"closed","ping_status":"closed","template":"","meta":{"footnotes":""},"class_list":["post-2282","page","type-page","status-publish","hentry"],"_links":{"self":[{"href":"https:\/\/wordpress.nibis.de\/gskleebl\/wp-json\/wp\/v2\/pages\/2282","targetHints":{"allow":["GET"]}}],"collection":[{"href":"https:\/\/wordpress.nibis.de\/gskleebl\/wp-json\/wp\/v2\/pages"}],"about":[{"href":"https:\/\/wordpress.nibis.de\/gskleebl\/wp-json\/wp\/v2\/types\/page"}],"author":[{"embeddable":true,"href":"https:\/\/wordpress.nibis.de\/gskleebl\/wp-json\/wp\/v2\/users\/722"}],"replies":[{"embeddable":true,"href":"https:\/\/wordpress.nibis.de\/gskleebl\/wp-json\/wp\/v2\/comments?post=2282"}],"version-history":[{"count":2,"href":"https:\/\/wordpress.nibis.de\/gskleebl\/wp-json\/wp\/v2\/pages\/2282\/revisions"}],"predecessor-version":[{"id":4153,"href":"https:\/\/wordpress.nibis.de\/gskleebl\/wp-json\/wp\/v2\/pages\/2282\/revisions\/4153"}],"wp:attachment":[{"href":"https:\/\/wordpress.nibis.de\/gskleebl\/wp-json\/wp\/v2\/media?parent=2282"}],"curies":[{"name":"wp","href":"https:\/\/api.w.org\/{rel}","templated":true}]}}