{"id":235,"date":"2015-07-04T13:16:08","date_gmt":"2015-07-04T11:16:08","guid":{"rendered":"http:\/\/wordpress.nibis.de\/gskleebl\/?page_id=235"},"modified":"2025-01-16T14:52:35","modified_gmt":"2025-01-16T13:52:35","slug":"umweltschule-2","status":"publish","type":"page","link":"https:\/\/wordpress.nibis.de\/gskleebl\/umweltschule-2\/","title":{"rendered":"Umweltschule"},"content":{"rendered":"<p style=\"text-align: center\"><span style=\"font-family: verdana, geneva, sans-serif\">Die Kleeblattgrundschule wurde in den Jahren<br \/>\n2004, 2006, 2008, 2010, 2012, 2014, 2016, 2018, 2020, 2022 und 2024<br \/>\nals &#8222;Umweltschule in Europa&#8220; ausgezeichnet.<\/span><\/p>\n<p><img loading=\"lazy\" decoding=\"async\" class=\"size-full wp-image-162 aligncenter\" src=\"http:\/\/wordpress.nibis.de\/gskleebl\/files\/2015\/07\/Umweltschule.jpg\" alt=\"Umweltschule\" width=\"220\" height=\"220\" srcset=\"https:\/\/wordpress.nibis.de\/gskleebl\/files\/2015\/07\/Umweltschule.jpg 220w, https:\/\/wordpress.nibis.de\/gskleebl\/files\/2015\/07\/Umweltschule-150x150.jpg 150w\" sizes=\"auto, (max-width: 220px) 100vw, 220px\" \/><\/p>\n<p><span style=\"font-family: verdana, geneva, sans-serif\">Projekt Schulwald (seit 2020)<br \/>\n<\/span><\/p>\n<blockquote class=\"wp-embedded-content\" data-secret=\"bz0eghCDaH\"><p><a href=\"https:\/\/wordpress.nibis.de\/gskleebl\/hier-soll-unser-schulwald-entstehen\/\">Hier soll unser Schulwald entstehen<\/a><\/p><\/blockquote>\n<p><iframe loading=\"lazy\" class=\"wp-embedded-content\" sandbox=\"allow-scripts\" security=\"restricted\" style=\"position: absolute; visibility: hidden;\" title=\"&#8222;Hier soll unser Schulwald entstehen&#8220; &#8211; Kleeblattgrundschule Markoldendorf\" src=\"https:\/\/wordpress.nibis.de\/gskleebl\/hier-soll-unser-schulwald-entstehen\/embed\/#?secret=WG9xvAxZh3#?secret=bz0eghCDaH\" data-secret=\"bz0eghCDaH\" width=\"600\" height=\"338\" frameborder=\"0\" marginwidth=\"0\" marginheight=\"0\" scrolling=\"no\"><\/iframe><\/p>\n<blockquote class=\"wp-embedded-content\" data-secret=\"CL4XD78qLS\"><p><a href=\"https:\/\/wordpress.nibis.de\/gskleebl\/vertragsunterzeichnung-fuer-unser-schulwald-projekt\/\">Vertragsunterzeichnung f\u00fcr unser Schulwald-Projekt<\/a><\/p><\/blockquote>\n<p><iframe loading=\"lazy\" class=\"wp-embedded-content\" sandbox=\"allow-scripts\" security=\"restricted\" style=\"position: absolute; visibility: hidden;\" title=\"&#8222;Vertragsunterzeichnung f\u00fcr unser Schulwald-Projekt&#8220; &#8211; Kleeblattgrundschule Markoldendorf\" src=\"https:\/\/wordpress.nibis.de\/gskleebl\/vertragsunterzeichnung-fuer-unser-schulwald-projekt\/embed\/#?secret=f4zpMoX3lk#?secret=CL4XD78qLS\" data-secret=\"CL4XD78qLS\" width=\"600\" height=\"338\" frameborder=\"0\" marginwidth=\"0\" marginheight=\"0\" scrolling=\"no\"><\/iframe><\/p>\n<blockquote class=\"wp-embedded-content\" data-secret=\"uT1SPwgv9x\"><p><a href=\"https:\/\/wordpress.nibis.de\/gskleebl\/wald-mal-und-schreib-wettbewerb-2020\/\">Wald-Mal-und-Schreib-Wettbewerb 2020<\/a><\/p><\/blockquote>\n<p><iframe loading=\"lazy\" class=\"wp-embedded-content\" sandbox=\"allow-scripts\" security=\"restricted\" style=\"position: absolute; visibility: hidden;\" title=\"&#8222;Wald-Mal-und-Schreib-Wettbewerb 2020&#8220; &#8211; Kleeblattgrundschule Markoldendorf\" src=\"https:\/\/wordpress.nibis.de\/gskleebl\/wald-mal-und-schreib-wettbewerb-2020\/embed\/#?secret=Y8rgirPp4s#?secret=uT1SPwgv9x\" data-secret=\"uT1SPwgv9x\" width=\"600\" height=\"338\" frameborder=\"0\" marginwidth=\"0\" marginheight=\"0\" scrolling=\"no\"><\/iframe><\/p>\n<blockquote class=\"wp-embedded-content\" data-secret=\"LPc9BLdTio\"><p><a href=\"https:\/\/wordpress.nibis.de\/gskleebl\/pflanzaktion-schulwald-tag-1-07-12-2020\/\">Pflanzaktion: Schulwald &#8211; Tag 1 (07.12.2020)<\/a><\/p><\/blockquote>\n<p><iframe loading=\"lazy\" class=\"wp-embedded-content\" sandbox=\"allow-scripts\" security=\"restricted\" style=\"position: absolute; visibility: hidden;\" title=\"&#8222;Pflanzaktion: Schulwald &#8211; Tag 1 (07.12.2020)&#8220; &#8211; Kleeblattgrundschule Markoldendorf\" src=\"https:\/\/wordpress.nibis.de\/gskleebl\/pflanzaktion-schulwald-tag-1-07-12-2020\/embed\/#?secret=wDqHSCsTYk#?secret=LPc9BLdTio\" data-secret=\"LPc9BLdTio\" width=\"600\" height=\"338\" frameborder=\"0\" marginwidth=\"0\" marginheight=\"0\" scrolling=\"no\"><\/iframe><\/p>\n<blockquote class=\"wp-embedded-content\" data-secret=\"vdvkJh09rr\"><p><a href=\"https:\/\/wordpress.nibis.de\/gskleebl\/pflanzaktion-schulwald-tag-2-08-12-2020\/\">Pflanzaktion: Schulwald Tag 2 (08.12.2020)<\/a><\/p><\/blockquote>\n<p><iframe loading=\"lazy\" class=\"wp-embedded-content\" sandbox=\"allow-scripts\" security=\"restricted\" style=\"position: absolute; visibility: hidden;\" title=\"&#8222;Pflanzaktion: Schulwald Tag 2 (08.12.2020)&#8220; &#8211; Kleeblattgrundschule Markoldendorf\" src=\"https:\/\/wordpress.nibis.de\/gskleebl\/pflanzaktion-schulwald-tag-2-08-12-2020\/embed\/#?secret=XfP10xuBqy#?secret=vdvkJh09rr\" data-secret=\"vdvkJh09rr\" width=\"600\" height=\"338\" frameborder=\"0\" marginwidth=\"0\" marginheight=\"0\" scrolling=\"no\"><\/iframe><\/p>\n<blockquote class=\"wp-embedded-content\" data-secret=\"kHjGvmu9kX\"><p><a href=\"https:\/\/wordpress.nibis.de\/gskleebl\/schulwald-exkursion-der-klasse-4a\/\">Schulwald-Exkursion der Klasse 4a<\/a><\/p><\/blockquote>\n<p><iframe loading=\"lazy\" class=\"wp-embedded-content\" sandbox=\"allow-scripts\" security=\"restricted\" style=\"position: absolute; visibility: hidden;\" title=\"&#8222;Schulwald-Exkursion der Klasse 4a&#8220; &#8211; Kleeblattgrundschule Markoldendorf\" src=\"https:\/\/wordpress.nibis.de\/gskleebl\/schulwald-exkursion-der-klasse-4a\/embed\/#?secret=1p1ajeU2Zk#?secret=kHjGvmu9kX\" data-secret=\"kHjGvmu9kX\" width=\"600\" height=\"338\" frameborder=\"0\" marginwidth=\"0\" marginheight=\"0\" scrolling=\"no\"><\/iframe><\/p>\n<blockquote class=\"wp-embedded-content\" data-secret=\"OUjSSUnXBS\"><p><a href=\"https:\/\/wordpress.nibis.de\/gskleebl\/klasse-4a-und-4b-im-schulwald\/\">Klasse 4a und 4b im Schulwald<\/a><\/p><\/blockquote>\n<p><iframe loading=\"lazy\" class=\"wp-embedded-content\" sandbox=\"allow-scripts\" security=\"restricted\" style=\"position: absolute; visibility: hidden;\" title=\"&#8222;Klasse 4a und 4b im Schulwald&#8220; &#8211; Kleeblattgrundschule Markoldendorf\" src=\"https:\/\/wordpress.nibis.de\/gskleebl\/klasse-4a-und-4b-im-schulwald\/embed\/#?secret=3Za3GEeOUJ#?secret=OUjSSUnXBS\" data-secret=\"OUjSSUnXBS\" width=\"600\" height=\"338\" frameborder=\"0\" marginwidth=\"0\" marginheight=\"0\" scrolling=\"no\"><\/iframe><\/p>\n<blockquote class=\"wp-embedded-content\" data-secret=\"bAHUgDLHse\"><p><a href=\"https:\/\/wordpress.nibis.de\/gskleebl\/klasse-2a-und-2b-im-schulwald\/\">Klasse 2a und 2b im Schulwald<\/a><\/p><\/blockquote>\n<p><iframe loading=\"lazy\" class=\"wp-embedded-content\" sandbox=\"allow-scripts\" security=\"restricted\" style=\"position: absolute; visibility: hidden;\" title=\"&#8222;Klasse 2a und 2b im Schulwald&#8220; &#8211; Kleeblattgrundschule Markoldendorf\" src=\"https:\/\/wordpress.nibis.de\/gskleebl\/klasse-2a-und-2b-im-schulwald\/embed\/#?secret=HgjLF10JRq#?secret=bAHUgDLHse\" data-secret=\"bAHUgDLHse\" width=\"600\" height=\"338\" frameborder=\"0\" marginwidth=\"0\" marginheight=\"0\" scrolling=\"no\"><\/iframe><\/p>\n<p><span style=\"font-family: verdana, geneva, sans-serif\">Projekt: Entenfamilie im Schulteich (April 2021)<\/span><\/p>\n<blockquote class=\"wp-embedded-content\" data-secret=\"BxlnzGaxT7\"><p><a href=\"https:\/\/wordpress.nibis.de\/gskleebl\/neue-bewohner-unseres-schulteiches\/\">Neue Bewohner unseres Schulteiches<\/a><\/p><\/blockquote>\n<p><iframe loading=\"lazy\" class=\"wp-embedded-content\" sandbox=\"allow-scripts\" security=\"restricted\" style=\"position: absolute; visibility: hidden;\" title=\"&#8222;Neue Bewohner unseres Schulteiches&#8220; &#8211; Kleeblattgrundschule Markoldendorf\" src=\"https:\/\/wordpress.nibis.de\/gskleebl\/neue-bewohner-unseres-schulteiches\/embed\/#?secret=gtiZssII6c#?secret=BxlnzGaxT7\" data-secret=\"BxlnzGaxT7\" width=\"600\" height=\"338\" frameborder=\"0\" marginwidth=\"0\" marginheight=\"0\" scrolling=\"no\"><\/iframe><\/p>\n<blockquote class=\"wp-embedded-content\" data-secret=\"mxMNvuLjws\"><p><a href=\"https:\/\/wordpress.nibis.de\/gskleebl\/11-neuzugaenge-an-der-kleeblattgrundschule\/\">11 Neuzug\u00e4nge an der Kleeblattgrundschule<\/a><\/p><\/blockquote>\n<p><iframe loading=\"lazy\" class=\"wp-embedded-content\" sandbox=\"allow-scripts\" security=\"restricted\" style=\"position: absolute; visibility: hidden;\" title=\"&#8222;11 Neuzug\u00e4nge an der Kleeblattgrundschule&#8220; &#8211; Kleeblattgrundschule Markoldendorf\" src=\"https:\/\/wordpress.nibis.de\/gskleebl\/11-neuzugaenge-an-der-kleeblattgrundschule\/embed\/#?secret=ZtSoUFOKhd#?secret=mxMNvuLjws\" data-secret=\"mxMNvuLjws\" width=\"600\" height=\"338\" frameborder=\"0\" marginwidth=\"0\" marginheight=\"0\" scrolling=\"no\"><\/iframe><\/p>\n<p><span style=\"font-family: verdana, geneva, sans-serif\">Projekt: Insektenhotels im Schul-Innenhof (2021)<\/span><\/p>\n<blockquote class=\"wp-embedded-content\" data-secret=\"gdZESAJaKn\"><p><a href=\"https:\/\/wordpress.nibis.de\/gskleebl\/insektenhotels-in-unseren-innenhoefen\/\">Insektenhotels in unseren Innenh\u00f6fen<\/a><\/p><\/blockquote>\n<p><iframe loading=\"lazy\" class=\"wp-embedded-content\" sandbox=\"allow-scripts\" security=\"restricted\" style=\"position: absolute; visibility: hidden;\" title=\"&#8222;Insektenhotels in unseren Innenh\u00f6fen&#8220; &#8211; Kleeblattgrundschule Markoldendorf\" src=\"https:\/\/wordpress.nibis.de\/gskleebl\/insektenhotels-in-unseren-innenhoefen\/embed\/#?secret=V2VcI3hNc7#?secret=gdZESAJaKn\" data-secret=\"gdZESAJaKn\" width=\"600\" height=\"338\" frameborder=\"0\" marginwidth=\"0\" marginheight=\"0\" scrolling=\"no\"><\/iframe><\/p>\n<p><span style=\"font-family: verdana, geneva, sans-serif\">Zeitungsberichte \u00fcber unseren Schulwald:<\/span><\/p>\n<p><img loading=\"lazy\" decoding=\"async\" class=\"alignnone wp-image-4028\" src=\"https:\/\/wordpress.nibis.de\/gskleebl\/files\/2022\/02\/IMG_5925-198x300.jpg\" alt=\"\" width=\"601\" height=\"911\" srcset=\"https:\/\/wordpress.nibis.de\/gskleebl\/files\/2022\/02\/IMG_5925-198x300.jpg 198w, https:\/\/wordpress.nibis.de\/gskleebl\/files\/2022\/02\/IMG_5925-317x480.jpg 317w, https:\/\/wordpress.nibis.de\/gskleebl\/files\/2022\/02\/IMG_5925.jpg 612w\" sizes=\"auto, (max-width: 601px) 100vw, 601px\" \/><span style=\"font-family: verdana, geneva, sans-serif\"><img loading=\"lazy\" decoding=\"async\" class=\"alignnone wp-image-4034\" src=\"https:\/\/wordpress.nibis.de\/gskleebl\/files\/2022\/02\/IMG_5926-1-191x300.jpg\" alt=\"\" width=\"601\" height=\"944\" srcset=\"https:\/\/wordpress.nibis.de\/gskleebl\/files\/2022\/02\/IMG_5926-1-191x300.jpg 191w, https:\/\/wordpress.nibis.de\/gskleebl\/files\/2022\/02\/IMG_5926-1-305x480.jpg 305w\" sizes=\"auto, (max-width: 601px) 100vw, 601px\" \/><\/span><\/p>\n<p><span style=\"font-family: verdana, geneva, sans-serif\">M\u00fcllprojekt (2022)<\/span><\/p>\n<p><img loading=\"lazy\" decoding=\"async\" class=\"alignnone wp-image-4030\" src=\"https:\/\/wordpress.nibis.de\/gskleebl\/files\/2022\/02\/IMG_5928-225x300.jpg\" alt=\"\" width=\"307\" height=\"410\" srcset=\"https:\/\/wordpress.nibis.de\/gskleebl\/files\/2022\/02\/IMG_5928-225x300.jpg 225w, https:\/\/wordpress.nibis.de\/gskleebl\/files\/2022\/02\/IMG_5928-360x480.jpg 360w, https:\/\/wordpress.nibis.de\/gskleebl\/files\/2022\/02\/IMG_5928.jpg 768w\" sizes=\"auto, (max-width: 307px) 100vw, 307px\" \/> <img loading=\"lazy\" decoding=\"async\" class=\"alignnone wp-image-4031\" src=\"https:\/\/wordpress.nibis.de\/gskleebl\/files\/2022\/02\/IMG_5929-225x300.jpg\" alt=\"\" width=\"307\" height=\"409\" srcset=\"https:\/\/wordpress.nibis.de\/gskleebl\/files\/2022\/02\/IMG_5929-225x300.jpg 225w, https:\/\/wordpress.nibis.de\/gskleebl\/files\/2022\/02\/IMG_5929-360x480.jpg 360w, https:\/\/wordpress.nibis.de\/gskleebl\/files\/2022\/02\/IMG_5929.jpg 768w\" sizes=\"auto, (max-width: 307px) 100vw, 307px\" \/> <img loading=\"lazy\" decoding=\"async\" class=\"alignnone wp-image-4032\" src=\"https:\/\/wordpress.nibis.de\/gskleebl\/files\/2022\/02\/IMG_5927-300x225.jpg\" alt=\"\" width=\"619\" height=\"464\" srcset=\"https:\/\/wordpress.nibis.de\/gskleebl\/files\/2022\/02\/IMG_5927-300x225.jpg 300w, https:\/\/wordpress.nibis.de\/gskleebl\/files\/2022\/02\/IMG_5927-640x480.jpg 640w, https:\/\/wordpress.nibis.de\/gskleebl\/files\/2022\/02\/IMG_5927-768x576.jpg 768w, https:\/\/wordpress.nibis.de\/gskleebl\/files\/2022\/02\/IMG_5927.jpg 1024w\" sizes=\"auto, (max-width: 619px) 100vw, 619px\" \/><\/p>\n<p><span style=\"font-family: verdana,geneva,sans-serif\">2018: Projekt &#8222;Leben in der Hecke&#8220;<\/span><\/p>\n<div class=\"epyt-video-wrapper\"><iframe loading=\"lazy\"  style=\"display: block; margin: 0px auto;\"  id=\"_ytid_32127\"  width=\"640\" height=\"360\"  data-origwidth=\"640\" data-origheight=\"360\" src=\"https:\/\/www.youtube.com\/embed\/BFDfCWUHlE4?enablejsapi=1&origin=https:\/\/wordpress.nibis.de&autoplay=0&cc_load_policy=0&cc_lang_pref=&iv_load_policy=3&loop=0&rel=0&fs=1&playsinline=1&autohide=2&theme=dark&color=red&controls=1&disablekb=0&\" class=\"__youtube_prefs__  no-lazyload\" title=\"YouTube player\"  allow=\"fullscreen; accelerometer; autoplay; clipboard-write; encrypted-media; gyroscope; picture-in-picture; web-share\" referrerpolicy=\"strict-origin-when-cross-origin\" allowfullscreen data-no-lazy=\"1\" data-skipgform_ajax_framebjll=\"\"><\/iframe><\/div>\n<p>2016: <a href=\"http:\/\/wordpress.nibis.de\/gskleebl\/files\/2016\/03\/Die-R\u00fcckkehr.pdf\" rel=\"\">Die R\u00fcckkehr der St\u00f6rche<\/a> pdf\u00a0\u00a0\u00a0 <a href=\"http:\/\/wordpress.nibis.de\/gskleebl\/files\/2016\/03\/Kleeblattgrundschule.pdf\" rel=\"\">Umweltprojekte<\/a> pdf<\/p>\n<div><span style=\"font-size: 12pt\">2014: <\/span><span style=\"font-size: 10pt\"><strong><span style=\"font-family: verdana, geneva, sans-serif\">Gesundes Fr\u00fchst\u00fcck<\/span><\/strong><\/span><\/div>\n<div class=\"titelzeile\" style=\"text-align: justify\"><span style=\"font-family: verdana, geneva, sans-serif;font-size: 10pt\">Da wir inzwischen zum 5. Mal als Umweltschule in Europa ausgezeichnet wurden, achten wir neben Umweltthemen nat\u00fcrlich auch auf gesunde Ern\u00e4hrung.\u00a0Jeden Morgen wird von 9.15 Uhr bis 9.25 Uhr in der Klasse gefr\u00fchst\u00fcckt.\u00a0Was zu einem gesunden Fr\u00fchst\u00fcck geh\u00f6rt, wissen Sie als Eltern sicherlich selbst. Trotzdem hier noch ein paar Vorschl\u00e4ge. Wichtig ist, was nicht dazu geh\u00f6rt und auch nicht zus\u00e4tzlich eingepackt werden soll. Achten Sie bei Fertiggetr\u00e4nken auf den Zucker- und Farbstoffgehalt!<br \/>\nEs steckt viel Wahres in dem Sprichwort: Du bist, was du isst! <\/span><\/div>\n<div class=\"titelzeile\" style=\"text-align: justify\">\n<p><span style=\"font-size: 10pt\"><strong><span style=\"font-family: verdana, geneva, sans-serif\">F\u00fcr die Schule geeignete Produkte:<br \/>\n<\/span><\/strong><span style=\"font-family: verdana, geneva, sans-serif\">Vollkornbrot, -br\u00f6tchen <\/span><\/span><br \/>\n<span style=\"font-family: verdana, geneva, sans-serif;font-size: 10pt\"> Obst, Gem\u00fcse (Rohkost), Milchprodukte (Joghurt u.a.)<\/span><br \/>\n<span style=\"font-family: verdana, geneva, sans-serif;font-size: 10pt\"> Wurst, Aufschnitt, K\u00e4se, Butter als Belag<\/span><br \/>\n<span style=\"font-family: verdana, geneva, sans-serif;font-size: 10pt\"> Wasser, Leitungswasser, Schorle, Tee<\/span><\/p>\n<p><span style=\"font-size: 10pt\"><strong><span style=\"font-family: verdana, geneva, sans-serif\">F\u00fcr die Schule nicht geeignete Produkte:<\/span><\/strong><\/span><br \/>\n<span style=\"font-family: verdana, geneva, sans-serif;font-size: 10pt\"> abgepackte Produkte, Milchschnitte u.a. <\/span><br \/>\n<span style=\"font-family: verdana, geneva, sans-serif;font-size: 10pt\"> Cornflakes, S\u00fc\u00dfigkeiten jeder Art<\/span><br \/>\n<span style=\"font-family: verdana, geneva, sans-serif;font-size: 10pt\"> Pudding u. a.<\/span><br \/>\n<span style=\"font-family: verdana, geneva, sans-serif;font-size: 10pt\"> Nutella u. a. <\/span><br \/>\n<span style=\"font-family: verdana, geneva, sans-serif;font-size: 10pt\"> S\u00e4fte, Limonade<\/span><\/p>\n<\/div>\n<div class=\"titelzeile\" style=\"text-align: justify\"><span style=\"font-family: verdana, geneva, sans-serif;font-size: 10pt\">Denken Sie daran, gerade die Kinder achten darauf, dass keine ungesunden Produkte beim Fr\u00fchst\u00fcck auftauchen, weder bei ihnen selbst noch bei ihren Mitsch\u00fclern.\u00a0<\/span><\/div>\n<div class=\"titelzeile\" style=\"text-align: justify\"><span style=\"font-family: verdana, geneva, sans-serif;font-size: 10pt\">Eine Ausnahme ist in jeder Klasse der Geburtstag eines Kindes, wo S\u00fc\u00dfigkeiten erlaubt und von allen gern verzehrt werden.<\/span><br \/>\n<span style=\"font-family: verdana, geneva, sans-serif;font-size: 10pt\"> Wie das Ritual des gemeinsamen Fr\u00fchst\u00fccks praktiziert wird (z.B. im Sitzkreis oder in frei gew\u00e4hlten Gruppen, mit Vorlesen oder Musikh\u00f6ren oder &#8230;) entscheidet jeder Klassenlehrer mit seiner Klasse.<\/span><\/div>\n","protected":false},"excerpt":{"rendered":"<p>Die Kleeblattgrundschule wurde in den Jahren 2004, 2006, 2008, 2010, 2012, 2014, 2016, 2018, 2020, 2022 und 2024 als &#8222;Umweltschule in Europa&#8220; ausgezeichnet. Projekt Schulwald (seit 2020) Hier soll unser Schulwald entstehen Vertragsunterzeichnung f\u00fcr unser Schulwald-Projekt Wald-Mal-und-Schreib-Wettbewerb 2020 Pflanzaktion: Schulwald &hellip; <a href=\"https:\/\/wordpress.nibis.de\/gskleebl\/umweltschule-2\/\">Weiterlesen <span class=\"meta-nav\">&rarr;<\/span><\/a><\/p>\n","protected":false},"author":722,"featured_media":0,"parent":0,"menu_order":0,"comment_status":"closed","ping_status":"closed","template":"","meta":{"footnotes":""},"class_list":["post-235","page","type-page","status-publish","hentry"],"_links":{"self":[{"href":"https:\/\/wordpress.nibis.de\/gskleebl\/wp-json\/wp\/v2\/pages\/235","targetHints":{"allow":["GET"]}}],"collection":[{"href":"https:\/\/wordpress.nibis.de\/gskleebl\/wp-json\/wp\/v2\/pages"}],"about":[{"href":"https:\/\/wordpress.nibis.de\/gskleebl\/wp-json\/wp\/v2\/types\/page"}],"author":[{"embeddable":true,"href":"https:\/\/wordpress.nibis.de\/gskleebl\/wp-json\/wp\/v2\/users\/722"}],"replies":[{"embeddable":true,"href":"https:\/\/wordpress.nibis.de\/gskleebl\/wp-json\/wp\/v2\/comments?post=235"}],"version-history":[{"count":21,"href":"https:\/\/wordpress.nibis.de\/gskleebl\/wp-json\/wp\/v2\/pages\/235\/revisions"}],"predecessor-version":[{"id":4341,"href":"https:\/\/wordpress.nibis.de\/gskleebl\/wp-json\/wp\/v2\/pages\/235\/revisions\/4341"}],"wp:attachment":[{"href":"https:\/\/wordpress.nibis.de\/gskleebl\/wp-json\/wp\/v2\/media?parent=235"}],"curies":[{"name":"wp","href":"https:\/\/api.w.org\/{rel}","templated":true}]}}