{"id":2518,"date":"2022-04-10T13:17:52","date_gmt":"2022-04-10T11:17:52","guid":{"rendered":"http:\/\/wordpress.nibis.de\/gskleebl\/?page_id=2518"},"modified":"2023-05-22T10:13:12","modified_gmt":"2023-05-22T08:13:12","slug":"sponsoring-projekt-schulhofgestaltung-2022","status":"publish","type":"page","link":"https:\/\/wordpress.nibis.de\/gskleebl\/foerderverein-2\/sponsoring-projekt-schulhofgestaltung-2022\/","title":{"rendered":"Spielger\u00e4te f\u00fcr den Schulhof"},"content":{"rendered":"<p><strong><span style=\"font-family: arial, helvetica, sans-serif;font-size: 14pt\">Spielger\u00e4te f\u00fcr den Schulhof der Kleeblattgrundschule Markoldendorf<\/span><\/strong><\/p>\n<p><span style=\"font-family: arial, helvetica, sans-serif;font-size: 12pt\">Seit Anfang 2022 hat der F\u00f6rderverein gemeinsam mit der Schule an dem Projekt der neuen Spielger\u00e4te gearbeitet.\u00a0<\/span><\/p>\n<p><span style=\"font-family: arial, helvetica, sans-serif;font-size: 12pt\">Seit den Herbstferien 2022 steht das erste Spielger\u00e4t, die Kletterpyramide endlich auf dem Schulhof und ist spielbereit. Der F\u00f6rderverein und die Schule freuen sich, dass die Kletterpyramide endlich steht und die Kinder sich mit Freude jede Pause auf das Spielger\u00e4t st\u00fcrzen. An dieser Stelle wollen wir uns auch ausdr\u00fccklich bei der Firma Schuchart aus Markoldendorf bedanken, die uns nochmal auf dem letzten Weg begleitet hat.<\/span><\/p>\n<p><img loading=\"lazy\" decoding=\"async\" class=\"alignnone size-medium wp-image-4198\" src=\"https:\/\/wordpress.nibis.de\/gskleebl\/files\/2022\/12\/PHOTO-2022-11-25-12-05-53-225x300.jpg\" alt=\"\" width=\"225\" height=\"300\" \/> <img loading=\"lazy\" decoding=\"async\" class=\"alignnone  wp-image-4199\" src=\"https:\/\/wordpress.nibis.de\/gskleebl\/files\/2022\/12\/PHOTO-2022-11-25-12-05-55-300x225.jpg\" alt=\"\" width=\"398\" height=\"298\" \/>\u00a0<span style=\"font-family: arial, helvetica, sans-serif\">(Fotos Schule)<\/span><\/p>\n<p><span style=\"font-family: arial, helvetica, sans-serif\">Das zweite Spielger\u00e4t ein Balacierparcour ist nun auch fertig. In der Mitte des Schulhofs steht nun ein Parcour f\u00fcr alle Kinder bereit, auf dem sie balancieren, h\u00fcpfen und spielen k\u00f6nnen.\u00a0<\/span><\/p>\n<p><span style=\"font-family: verdana, geneva, sans-serif\">Am 9. Juni 2023 wird es ein Schulfest geben, bei dem die Spielger\u00e4te eingeweiht werden und allen Eltern, Sponsoren, Unternehmen und Stiftungen noch einmal herzlich gedankt wird.\u00a0<\/span><\/p>\n<p>&nbsp;<\/p>\n<p style=\"text-align: justify\">\n<p style=\"text-align: justify\"><span style=\"font-family: verdana, geneva, sans-serif\">Regionalstiftung der Nieders\u00e4chsischen Sparkassen<\/span><\/p>\n<p style=\"text-align: justify\"><span style=\"font-family: verdana, geneva, sans-serif\"> <img loading=\"lazy\" decoding=\"async\" class=\" wp-image-4047 alignleft\" src=\"https:\/\/wordpress.nibis.de\/gskleebl\/files\/2022\/04\/Regionalstiftung-Sparkasse-Nds-300x173.jpg\" alt=\"\" width=\"175\" height=\"101\" srcset=\"https:\/\/wordpress.nibis.de\/gskleebl\/files\/2022\/04\/Regionalstiftung-Sparkasse-Nds-300x173.jpg 300w, https:\/\/wordpress.nibis.de\/gskleebl\/files\/2022\/04\/Regionalstiftung-Sparkasse-Nds-640x369.jpg 640w, https:\/\/wordpress.nibis.de\/gskleebl\/files\/2022\/04\/Regionalstiftung-Sparkasse-Nds-768x443.jpg 768w, https:\/\/wordpress.nibis.de\/gskleebl\/files\/2022\/04\/Regionalstiftung-Sparkasse-Nds-1536x885.jpg 1536w, https:\/\/wordpress.nibis.de\/gskleebl\/files\/2022\/04\/Regionalstiftung-Sparkasse-Nds.jpg 1562w\" sizes=\"auto, (max-width: 175px) 100vw, 175px\" \/><\/span><\/p>\n<p>&nbsp;<\/p>\n<p>&nbsp;<\/p>\n<p>&nbsp;<\/p>\n<p style=\"text-align: justify\"><span style=\"font-family: verdana, geneva, sans-serif\">Jugendstiftung Landkreis Northeim<\/span><\/p>\n<p style=\"text-align: justify\"><span style=\"font-family: verdana, geneva, sans-serif\"><img loading=\"lazy\" decoding=\"async\" class=\"wp-image-4046 alignleft\" src=\"https:\/\/wordpress.nibis.de\/gskleebl\/files\/2022\/04\/Jugenstiftung-LK-NOM-300x230.jpg\" alt=\"\" width=\"171\" height=\"132\" srcset=\"https:\/\/wordpress.nibis.de\/gskleebl\/files\/2022\/04\/Jugenstiftung-LK-NOM-300x230.jpg 300w, https:\/\/wordpress.nibis.de\/gskleebl\/files\/2022\/04\/Jugenstiftung-LK-NOM.jpg 318w\" sizes=\"auto, (max-width: 171px) 100vw, 171px\" \/><br \/>\n<\/span><\/p>\n<p>&nbsp;<\/p>\n<p>&nbsp;<\/p>\n<p>&nbsp;<\/p>\n<pre><\/pre>\n","protected":false},"excerpt":{"rendered":"<p>Spielger\u00e4te f\u00fcr den Schulhof der Kleeblattgrundschule Markoldendorf Seit Anfang 2022 hat der F\u00f6rderverein gemeinsam mit der Schule an dem Projekt der neuen Spielger\u00e4te gearbeitet.\u00a0 Seit den Herbstferien 2022 steht das erste Spielger\u00e4t, die Kletterpyramide endlich auf dem Schulhof und ist &hellip; <a href=\"https:\/\/wordpress.nibis.de\/gskleebl\/foerderverein-2\/sponsoring-projekt-schulhofgestaltung-2022\/\">Weiterlesen <span class=\"meta-nav\">&rarr;<\/span><\/a><\/p>\n","protected":false},"author":834,"featured_media":0,"parent":367,"menu_order":0,"comment_status":"closed","ping_status":"closed","template":"","meta":{"footnotes":""},"class_list":["post-2518","page","type-page","status-publish","hentry"],"_links":{"self":[{"href":"https:\/\/wordpress.nibis.de\/gskleebl\/wp-json\/wp\/v2\/pages\/2518","targetHints":{"allow":["GET"]}}],"collection":[{"href":"https:\/\/wordpress.nibis.de\/gskleebl\/wp-json\/wp\/v2\/pages"}],"about":[{"href":"https:\/\/wordpress.nibis.de\/gskleebl\/wp-json\/wp\/v2\/types\/page"}],"author":[{"embeddable":true,"href":"https:\/\/wordpress.nibis.de\/gskleebl\/wp-json\/wp\/v2\/users\/834"}],"replies":[{"embeddable":true,"href":"https:\/\/wordpress.nibis.de\/gskleebl\/wp-json\/wp\/v2\/comments?post=2518"}],"version-history":[{"count":8,"href":"https:\/\/wordpress.nibis.de\/gskleebl\/wp-json\/wp\/v2\/pages\/2518\/revisions"}],"predecessor-version":[{"id":4200,"href":"https:\/\/wordpress.nibis.de\/gskleebl\/wp-json\/wp\/v2\/pages\/2518\/revisions\/4200"}],"up":[{"embeddable":true,"href":"https:\/\/wordpress.nibis.de\/gskleebl\/wp-json\/wp\/v2\/pages\/367"}],"wp:attachment":[{"href":"https:\/\/wordpress.nibis.de\/gskleebl\/wp-json\/wp\/v2\/media?parent=2518"}],"curies":[{"name":"wp","href":"https:\/\/api.w.org\/{rel}","templated":true}]}}