{"id":29,"date":"2015-07-03T16:15:22","date_gmt":"2015-07-03T14:15:22","guid":{"rendered":"http:\/\/wordpress.nibis.de\/gskleebl\/?page_id=29"},"modified":"2022-06-29T10:25:01","modified_gmt":"2022-06-29T08:25:01","slug":"kleeblattschule","status":"publish","type":"page","link":"https:\/\/wordpress.nibis.de\/gskleebl\/kleeblattschule\/","title":{"rendered":"Kleeblattgrundschule"},"content":{"rendered":"<p style=\"text-align: justify\"><span style=\"font-size: 12pt;font-family: verdana, geneva, sans-serif\">Die Kleeblattgrundschule<\/span><span style=\"font-size: 12pt;font-family: verdana, geneva, sans-serif\">\u00a0liegt im Flecken Markoldendorf. Sie wird von ca. 140 Kindern aus dem Ort selbst sowie den D\u00f6rfern Ellensen, Eilensen, Hoppensen, Krimmensen, L\u00fcthorst, Portenhagen, Deitersen, Lauenberg, Amelsen und Wellersen besucht. <\/span><\/p>\n<p style=\"text-align: justify\"><span style=\"font-size: 12pt;font-family: verdana, geneva, sans-serif\">Unsere Sekret\u00e4rin ist von 7.30 Uhr bis 11.30 Uhr im Sekretariat erreichbar. Der Hausmeister ist dienstags und freitags in der Schule t\u00e4tig. Zu den Mitarbeitern geh\u00f6ren auch \u00a0vier Reinigungskr\u00e4fte. Au\u00dferdem sind mehrere Schulbegleiterinnen und Ehrenamtliche in verschiedenen Bereichen im Schulalltag aktiv.<\/span><\/p>\n<p style=\"text-align: justify\"><span style=\"font-size: 12pt;font-family: verdana, geneva, sans-serif\">Im Geb\u00e4ude befinden sich neun Klassenr\u00e4ume, Aula, Turnhalle, Werkraum, Computerraum, K\u00fcche, Sch\u00fcler- und Lehrer- B\u00fccherei sowie zwei Betreuungsr\u00e4ume.<\/span><\/p>\n<p style=\"text-align: justify\"><span style=\"font-size: 12pt;font-family: verdana, geneva, sans-serif\">Auf dem kindgem\u00e4\u00df gestalteten Schulhof verbringen die Sch\u00fcler die Pausen. Ein Innenhof ist mit Teich und Schulgarten angelegt. Der andere Innenhof dient als gr\u00fcnes Klassenzimmer.<\/span><\/p>\n<p style=\"text-align: justify\">\n","protected":false},"excerpt":{"rendered":"<p>Die Kleeblattgrundschule\u00a0liegt im Flecken Markoldendorf. Sie wird von ca. 140 Kindern aus dem Ort selbst sowie den D\u00f6rfern Ellensen, Eilensen, Hoppensen, Krimmensen, L\u00fcthorst, Portenhagen, Deitersen, Lauenberg, Amelsen und Wellersen besucht. Unsere Sekret\u00e4rin ist von 7.30 Uhr bis 11.30 Uhr im &hellip; <a href=\"https:\/\/wordpress.nibis.de\/gskleebl\/kleeblattschule\/\">Weiterlesen <span class=\"meta-nav\">&rarr;<\/span><\/a><\/p>\n","protected":false},"author":722,"featured_media":0,"parent":0,"menu_order":0,"comment_status":"closed","ping_status":"closed","template":"","meta":{"footnotes":""},"class_list":["post-29","page","type-page","status-publish","hentry"],"_links":{"self":[{"href":"https:\/\/wordpress.nibis.de\/gskleebl\/wp-json\/wp\/v2\/pages\/29","targetHints":{"allow":["GET"]}}],"collection":[{"href":"https:\/\/wordpress.nibis.de\/gskleebl\/wp-json\/wp\/v2\/pages"}],"about":[{"href":"https:\/\/wordpress.nibis.de\/gskleebl\/wp-json\/wp\/v2\/types\/page"}],"author":[{"embeddable":true,"href":"https:\/\/wordpress.nibis.de\/gskleebl\/wp-json\/wp\/v2\/users\/722"}],"replies":[{"embeddable":true,"href":"https:\/\/wordpress.nibis.de\/gskleebl\/wp-json\/wp\/v2\/comments?post=29"}],"version-history":[{"count":16,"href":"https:\/\/wordpress.nibis.de\/gskleebl\/wp-json\/wp\/v2\/pages\/29\/revisions"}],"predecessor-version":[{"id":4108,"href":"https:\/\/wordpress.nibis.de\/gskleebl\/wp-json\/wp\/v2\/pages\/29\/revisions\/4108"}],"wp:attachment":[{"href":"https:\/\/wordpress.nibis.de\/gskleebl\/wp-json\/wp\/v2\/media?parent=29"}],"curies":[{"name":"wp","href":"https:\/\/api.w.org\/{rel}","templated":true}]}}