{"id":35,"date":"2015-07-03T16:14:51","date_gmt":"2015-07-03T14:14:51","guid":{"rendered":"http:\/\/wordpress.nibis.de\/gskleebl\/?page_id=35"},"modified":"2016-09-19T11:14:11","modified_gmt":"2016-09-19T09:14:11","slug":"unser-leitbild","status":"publish","type":"page","link":"https:\/\/wordpress.nibis.de\/gskleebl\/unser-leitbild\/","title":{"rendered":"Schulprogramm"},"content":{"rendered":"<p><a href=\"http:\/\/wordpress.nibis.de\/gskleebl\/files\/2016\/09\/Schulprogramm-KleeblGS.pdf\">komplettes Schulprogramm als PDF<\/a><\/p>\n<p><strong><span style=\"font-family: verdana,geneva,sans-serif;font-size: 14pt\">1. Leitbild<\/span><\/strong><\/p>\n<p><strong><span style=\"font-family: verdana, geneva, sans-serif;font-size: 10pt\"><a href=\"http:\/\/wordpress.nibis.de\/gskleebl\/files\/2015\/07\/leitbildneu.jpg\"><img loading=\"lazy\" decoding=\"async\" class=\"alignnone wp-image-494\" src=\"http:\/\/wordpress.nibis.de\/gskleebl\/files\/2015\/07\/leitbildneu-300x300.jpg\" alt=\"leitbildneu\" width=\"302\" height=\"302\" srcset=\"https:\/\/wordpress.nibis.de\/gskleebl\/files\/2015\/07\/leitbildneu-300x300.jpg 300w, https:\/\/wordpress.nibis.de\/gskleebl\/files\/2015\/07\/leitbildneu-150x150.jpg 150w, https:\/\/wordpress.nibis.de\/gskleebl\/files\/2015\/07\/leitbildneu-481x480.jpg 481w, https:\/\/wordpress.nibis.de\/gskleebl\/files\/2015\/07\/leitbildneu.jpg 551w\" sizes=\"auto, (max-width: 302px) 100vw, 302px\" \/><img loading=\"lazy\" decoding=\"async\" class=\"alignnone  wp-image-1398\" src=\"http:\/\/wordpress.nibis.de\/gskleebl\/files\/2016\/09\/image-1-300x264.jpeg\" alt=\"Arbeitsschwerpunkte\" width=\"321\" height=\"282\" srcset=\"https:\/\/wordpress.nibis.de\/gskleebl\/files\/2016\/09\/image-1-300x264.jpeg 300w, https:\/\/wordpress.nibis.de\/gskleebl\/files\/2016\/09\/image-1-768x677.jpeg 768w, https:\/\/wordpress.nibis.de\/gskleebl\/files\/2016\/09\/image-1-545x480.jpeg 545w, https:\/\/wordpress.nibis.de\/gskleebl\/files\/2016\/09\/image-1.jpeg 1398w\" sizes=\"auto, (max-width: 321px) 100vw, 321px\" \/><\/a><\/span><\/strong><\/p>\n<p style=\"text-align: justify\"><strong><span style=\"font-family: verdana,geneva,sans-serif\">Wir f\u00f6rdern und fordern und wecken Lust am Lernen<\/span><\/strong><\/p>\n<ul style=\"text-align: justify\">\n<li><span style=\"font-family: verdana,geneva,sans-serif\">Wir f\u00f6rdern durch eine zus\u00e4tzliche F\u00f6rderdeutschstunde in allen Jahrg\u00e4ngen in Doppelbesetzung.<\/span><\/li>\n<li><span style=\"font-family: verdana,geneva,sans-serif\">Wir f\u00f6rdern in den 2. Klassen ausgew\u00e4hlte Sch\u00fclerinnen und Sch\u00fclern mit je einer Deutsch- und Mathematikstunde in der Betreuungszeit.<\/span><\/li>\n<li><span style=\"font-family: verdana,geneva,sans-serif\">Wir f\u00f6rdern ausgew\u00e4hlte Sch\u00fclerinnen und Sch\u00fclern im Lesen, Schreiben und Rechnen in der Fr\u00fchf\u00f6rderstunde vor Unterrichtsbeginn.<\/span><\/li>\n<li><span style=\"font-family: verdana,geneva,sans-serif\">Wir f\u00f6rdern in der Fr\u00fchf\u00f6rderstunde ausl\u00e4ndische Sch\u00fcler\/innen.<\/span><\/li>\n<li><span style=\"font-family: verdana,geneva,sans-serif\">Wir f\u00f6rdern und fordern in jeder Unterrichtsstunde binnendifferenziert.<\/span><\/li>\n<li><span style=\"font-family: verdana,geneva,sans-serif\">Wir f\u00f6rdern mit Hilfe von externen Partnern \u201eMENTOR &#8211; Die Leselernhelfer\u201c vom Verein \u201eDeutsch f\u00fcr alle\u201c<\/span><\/li>\n<li><span style=\"font-family: verdana,geneva,sans-serif\">Wir fordern durch Wettbewerbe wie z. B. Lesewettbewerbe oder Mathematikolympiade.<\/span><\/li>\n<li><span style=\"font-family: verdana,geneva,sans-serif\">Unsere Unterrichtswerke bieten vielf\u00e4ltige M\u00f6glichkeiten der F\u00f6rderung und Forderung.<\/span><\/li>\n<li><span style=\"font-family: verdana,geneva,sans-serif\">Wir f\u00f6rdern und fordern mit unterschiedlichen Medien (z. B. Lernsoftware, Internet, B\u00fccherei usw.) und Methoden und wecken und erhalten damit die Lust am Lernen.<a name=\"_Toc332998409\"><\/a><\/span><\/li>\n<\/ul>\n<p style=\"text-align: justify\"><strong><span style=\"font-family: verdana,geneva,sans-serif\">Wir pflegen einen freundlichen und respektvollen Umgang miteinander<\/span><\/strong><\/p>\n<ul style=\"text-align: justify\">\n<li><span style=\"font-family: verdana,geneva,sans-serif\">Wir behandeln in der 1. Klasse die K\u00e4ngurueinheit \u201eRespekt \u00fcben \u2013 Achtung zeigen\u201c im Sachunterricht (Schwerpunkte: Gef\u00fchle erkennen und zeigen, Selbstwertst\u00e4rkung).<\/span><\/li>\n<li><span style=\"font-family: verdana,geneva,sans-serif\">Wir f\u00fchren in der 2. Klasse die Unterrichtseinheit \u201eGiraffen- und Wolfssprache\u201c im Sachunterricht durch (Schwerpunkt: Ich-Botschaften, Umgang mit Konflikten)<\/span><\/li>\n<li><span style=\"font-family: verdana,geneva,sans-serif\">Wir bilden in der 4. Klasse die Streitschlichter aus.<\/span><\/li>\n<li><span style=\"font-family: verdana,geneva,sans-serif\">Wir sprechen im Klassenrat und Sch\u00fclerrat \u00fcber Gelungenes, Probleme und Pl\u00e4ne.<\/span><\/li>\n<li><span style=\"font-family: verdana,geneva,sans-serif\">Wir pflegen Rituale, um Werte zu verinnerlichen.<\/span><\/li>\n<li><span style=\"font-family: verdana,geneva,sans-serif\">Wir entwickeln Klassenregeln.<\/span><\/li>\n<li><span style=\"font-family: verdana,geneva,sans-serif\">Wir halten unsere Schulordnung ein.<\/span><\/li>\n<li><span style=\"font-family: verdana,geneva,sans-serif\">Wir halten uns an unseren Busvertrag.<\/span><\/li>\n<li><span style=\"font-family: verdana,geneva,sans-serif\">Wir kennen und befolgen die Strafen bei Verst\u00f6\u00dfen.<\/span><\/li>\n<li><span style=\"font-family: verdana,geneva,sans-serif\">Wir verf\u00fcgen \u00fcber verschiedene Methoden um dieses Ziel zu erreichen (Punktesystem).<\/span><\/li>\n<\/ul>\n<p style=\"text-align: justify\"><strong><span style=\"font-family: verdana,geneva,sans-serif\">Wir wecken und festigen Bewusstsein f\u00fcr Natur und Umwelt<\/span><\/strong><\/p>\n<ul style=\"text-align: justify\">\n<li><span style=\"font-family: verdana,geneva,sans-serif\">Wir sind seit 2004 zum siebten Mal \u201eUmweltschule in Europa\u201c.<\/span><\/li>\n<li><span style=\"font-family: verdana,geneva,sans-serif\">Wir achten mit Hilfe der \u201eUmweltpolizei\u201c auf die Einhaltung der Regeln auf dem Schulhof und den Gr\u00fcnanlagen.<\/span><\/li>\n<li><span style=\"font-family: verdana,geneva,sans-serif\">Wir pflegen und bearbeiten unseren Schulgarten.<\/span><\/li>\n<li><span style=\"font-family: verdana,geneva,sans-serif\">Wir achten auf gesunde Ern\u00e4hrung.<\/span><\/li>\n<li><span style=\"font-family: verdana,geneva,sans-serif\">Jedes Kind macht in seiner Grundschulzeit den \u201eErn\u00e4hrungsf\u00fchrerschein\u201c.<\/span><\/li>\n<li><span style=\"font-family: verdana,geneva,sans-serif\">Wir achten mit Hilfe von \u201eEnergiew\u00e4chtern\u201c auf sparsamen Umgang mit Energien.<\/span><\/li>\n<li><span style=\"font-family: verdana,geneva,sans-serif\">Wir beobachten, erkunden und experimentieren bei unseren Exkursionen.<\/span><\/li>\n<li><span style=\"font-family: verdana,geneva,sans-serif\">Wir bieten besonders interessierten Sch\u00fclerinnen und Sch\u00fclern jedes 2. Halbjahr eine Umwelt-AG an.<\/span><\/li>\n<li><span style=\"font-family: verdana,geneva,sans-serif\">Wir achten auf M\u00fclltrennung (vier verschiedenfarbige M\u00fclleimer in jeder Klasse).<\/span><\/li>\n<\/ul>\n<p style=\"text-align: justify\"><strong><span style=\"font-family: verdana,geneva,sans-serif\">Wir sind offen f\u00fcr Neues und wir entwickeln uns<\/span><\/strong><\/p>\n<ul>\n<li style=\"text-align: justify\"><span style=\"font-family: verdana,geneva,sans-serif\">Wir bilden uns fort.<\/span><\/li>\n<li style=\"text-align: justify\"><span style=\"font-family: verdana,geneva,sans-serif\">Wir laden uns Experten ein.<\/span><\/li>\n<li style=\"text-align: justify\"><span style=\"font-family: verdana,geneva,sans-serif\">Wir stehen in Kontakt mit anderen Schulen und tauschen uns aus.<\/span><\/li>\n<li style=\"text-align: justify\"><span style=\"font-family: verdana,geneva,sans-serif\">Wir arbeiten mit den Kindertagesst\u00e4tten und weiterf\u00fchrenden Schulen zusammen.<\/span><\/li>\n<li style=\"text-align: justify\"><span style=\"font-family: verdana,geneva,sans-serif\">Wir bilden Lehramtsanw\u00e4rter aus und bieten Praktikantinnen und Praktikanten die M\u00f6glichkeit den Beruf kennen zu lernen<\/span><\/li>\n<li style=\"text-align: justify\"><span style=\"font-family: verdana,geneva,sans-serif\">Wir sind offen f\u00fcr Anregungen und Ideen aller an Schule beteiligten Personen.<\/span><\/li>\n<li style=\"text-align: justify\"><span style=\"font-family: verdana,geneva,sans-serif\">Wir setzen neue Medien ein.<\/span><\/li>\n<li style=\"text-align: justify\"><span style=\"font-family: verdana,geneva,sans-serif\">Wir \u00fcberpr\u00fcfen unsere Arbeit.<\/span><\/li>\n<li style=\"text-align: justify\"><span style=\"font-family: verdana,geneva,sans-serif\">Wir \u00f6ffnen uns nach au\u00dfen (Reit-AG, NABU, ASB, Forst, Feuerwehr, Kirche, Presse, Sponsoren usw.)<\/span><\/li>\n<\/ul>\n<p><strong><span style=\"font-family: verdana,geneva,sans-serif;font-size: 14pt\">2. Arbeitsschwerpunkte<\/span><\/strong><\/p>\n<p style=\"text-align: justify\"><span style=\"font-size: 12pt;font-family: verdana,geneva,sans-serif\">Um unser Leitbild, formen sich die folgenden Zielvereinbarungen als Orientierungsrahmen und Arbeitsschwerpunkte. Sie bilden kein starres Gef\u00fcge, sondern lassen sich bei Bedarf durch weitere Ziele zu einem lebendigen Ganzen erweitern.<\/span><\/p>\n<p><img loading=\"lazy\" decoding=\"async\" class=\"alignnone wp-image-1398\" src=\"http:\/\/wordpress.nibis.de\/gskleebl\/files\/2016\/09\/image-1-300x264.jpeg\" alt=\"Arbeitsschwerpunkte\" width=\"645\" height=\"567\" srcset=\"https:\/\/wordpress.nibis.de\/gskleebl\/files\/2016\/09\/image-1-300x264.jpeg 300w, https:\/\/wordpress.nibis.de\/gskleebl\/files\/2016\/09\/image-1-545x480.jpeg 545w, https:\/\/wordpress.nibis.de\/gskleebl\/files\/2016\/09\/image-1.jpeg 1398w\" sizes=\"auto, (max-width: 645px) 100vw, 645px\" \/><\/p>\n","protected":false},"excerpt":{"rendered":"<p>komplettes Schulprogramm als PDF 1. Leitbild Wir f\u00f6rdern und fordern und wecken Lust am Lernen Wir f\u00f6rdern durch eine zus\u00e4tzliche F\u00f6rderdeutschstunde in allen Jahrg\u00e4ngen in Doppelbesetzung. Wir f\u00f6rdern in den 2. Klassen ausgew\u00e4hlte Sch\u00fclerinnen und Sch\u00fclern mit je einer Deutsch- &hellip; <a href=\"https:\/\/wordpress.nibis.de\/gskleebl\/unser-leitbild\/\">Weiterlesen <span class=\"meta-nav\">&rarr;<\/span><\/a><\/p>\n","protected":false},"author":722,"featured_media":0,"parent":0,"menu_order":0,"comment_status":"closed","ping_status":"closed","template":"","meta":{"footnotes":""},"class_list":["post-35","page","type-page","status-publish","hentry"],"_links":{"self":[{"href":"https:\/\/wordpress.nibis.de\/gskleebl\/wp-json\/wp\/v2\/pages\/35","targetHints":{"allow":["GET"]}}],"collection":[{"href":"https:\/\/wordpress.nibis.de\/gskleebl\/wp-json\/wp\/v2\/pages"}],"about":[{"href":"https:\/\/wordpress.nibis.de\/gskleebl\/wp-json\/wp\/v2\/types\/page"}],"author":[{"embeddable":true,"href":"https:\/\/wordpress.nibis.de\/gskleebl\/wp-json\/wp\/v2\/users\/722"}],"replies":[{"embeddable":true,"href":"https:\/\/wordpress.nibis.de\/gskleebl\/wp-json\/wp\/v2\/comments?post=35"}],"version-history":[{"count":16,"href":"https:\/\/wordpress.nibis.de\/gskleebl\/wp-json\/wp\/v2\/pages\/35\/revisions"}],"predecessor-version":[{"id":1411,"href":"https:\/\/wordpress.nibis.de\/gskleebl\/wp-json\/wp\/v2\/pages\/35\/revisions\/1411"}],"wp:attachment":[{"href":"https:\/\/wordpress.nibis.de\/gskleebl\/wp-json\/wp\/v2\/media?parent=35"}],"curies":[{"name":"wp","href":"https:\/\/api.w.org\/{rel}","templated":true}]}}