{"id":374,"date":"2015-07-05T18:34:56","date_gmt":"2015-07-05T16:34:56","guid":{"rendered":"http:\/\/wordpress.nibis.de\/gskleebl\/?page_id=374"},"modified":"2026-01-12T09:27:00","modified_gmt":"2026-01-12T08:27:00","slug":"aktionen-des-foerdervereins","status":"publish","type":"page","link":"https:\/\/wordpress.nibis.de\/gskleebl\/aktionen-des-foerdervereins\/","title":{"rendered":"Aktionen und Termine des F\u00f6rdervereins"},"content":{"rendered":"<h5><span style=\"font-size: 14pt\"><strong><img loading=\"lazy\" decoding=\"async\" class=\"wp-image-2473 alignright\" src=\"http:\/\/wordpress.nibis.de\/gskleebl\/files\/2018\/11\/Logo-300x143.jpg\" alt=\"\" width=\"199\" height=\"95\" \/><\/strong><\/span><\/h5>\n<p><span style=\"color: #000000;font-family: arial black,sans-serif\">Aktionen \/ Termine<\/span><\/p>\n<h3><\/h3>\n<p><strong><span style=\"font-family: arial, helvetica, sans-serif;font-size: 12pt\"><span style=\"color: #000000\">Termine 2023<\/span><\/span><\/strong><\/p>\n<p><span style=\"font-family: arial, helvetica, sans-serif\">\u00a009.06.2023 Schulfest und Einweihung der neuen Spielger\u00e4te<\/span><\/p>\n<p><span style=\"font-family: arial, helvetica, sans-serif\">\u00a0 \u00a019.08.2023 Vorstellung F\u00f6rderverein bei der Einschulung<\/span><\/p>\n<p><span style=\"font-family: arial, helvetica, sans-serif\">\u00a0 \u00a07\/8.9.2023 Zirkusprojekt &#8222;Bellissimo&#8220;<\/span><\/p>\n<p><span style=\"font-family: arial, helvetica, sans-serif\"> \u00a010.10.2023 Spielzeug- und Kleiderb\u00f6rse in der Grundschule<\/span><\/p>\n<p><span style=\"color: #000000\"><strong><span style=\"font-family: arial,helvetica,sans-serif;font-size: 12pt\">R\u00fcckblick<\/span><\/strong><\/span><\/p>\n<p><span style=\"font-family: arial,helvetica,sans-serif;font-size: 12pt\">Durchgef\u00fchrte Aktionen:<\/span><\/p>\n<p><span style=\"font-family: arial, helvetica, sans-serif\">\u00a0 \u00a0 \u00a0 \u00a0 \u00a0 27.08.2022 Catering der Einschulung<\/span><\/p>\n<p><span style=\"font-family: arial, helvetica, sans-serif\">\u00a0 \u00a0 \u00a0 \u00a0 \u00a010.06.2022 &#8222;Sponsered Run&#8220; aus dem Sportplatz<\/span><\/p>\n<p style=\"padding-left: 40px\"><span style=\"font-family: arial,helvetica,sans-serif\">04.11.2021 Jahreshauptversammlung\u00a0<\/span><\/p>\n<p style=\"padding-left: 40px\"><span style=\"font-family: arial,helvetica,sans-serif\">09.10.2021 Herbst-Basar\u00a0<\/span><\/p>\n<p style=\"padding-left: 40px\"><span style=\"font-family: arial,helvetica,sans-serif\">04.09.2021 Catering zur Einschulung<\/span><\/p>\n<p style=\"padding-left: 40px\"><span style=\"font-family: arial,helvetica,sans-serif\">08.10.2020 Jahreshauptversammlung<\/span><\/p>\n<p style=\"padding-left: 40px\"><span style=\"font-family: arial,helvetica,sans-serif\">16.11.2019 HERBSTBASAR \/ B\u00f6rse f\u00fcr Frauen-, Kinderkleidung und Spielzeug<\/span><\/p>\n<p style=\"padding-left: 40px\"><span style=\"font-family: arial,helvetica,sans-serif\">02.10.2019 Jahreshauptversammlung<\/span><\/p>\n<p style=\"padding-left: 40px\"><span style=\"font-family: arial,helvetica,sans-serif\">12.\/13.09.2019 Zirkusprojekt &#8222;Bellissimo&#8220;<\/span><\/p>\n<p style=\"padding-left: 40px\"><span style=\"font-family: arial,helvetica,sans-serif\">17.08.2019 Catering zur Einschulung<\/span><\/p>\n<p style=\"padding-left: 40px\"><span style=\"font-family: arial,helvetica,sans-serif;font-size: 12pt\">30.03.2019 B\u00f6rse f\u00fcr Frauen-, Kinderkleidung und Spielzeug<\/span><\/p>\n<p style=\"padding-left: 40px\"><span style=\"font-family: arial,helvetica,sans-serif;font-size: 12pt\">20.10.2018 B\u00f6rse f\u00fcr Frauenkleider, Kinderkleidung und Spielzeug <\/span><\/p>\n<p style=\"padding-left: 40px\"><span style=\"font-family: arial,helvetica,sans-serif;font-size: 12pt\">18.10.2018 Jahreshauptversammlung<\/span><\/p>\n<p style=\"padding-left: 40px\"><span style=\"font-family: arial,helvetica,sans-serif;font-size: 12pt\">April \/ September\u00a0Arbeitseinsatz: Streichen der Ritterburg und B\u00e4nke<br \/>\n<\/span><\/p>\n<p style=\"padding-left: 40px\"><span style=\"font-family: arial,helvetica,sans-serif;font-size: 12pt\">\u00a011.8.2018 Catering\u00a0zur Einschulung<\/span><\/p>\n<div id=\"selenium-highlight\"><\/div>\n","protected":false},"excerpt":{"rendered":"<p>Aktionen \/ Termine Termine 2023 \u00a009.06.2023 Schulfest und Einweihung der neuen Spielger\u00e4te \u00a0 \u00a019.08.2023 Vorstellung F\u00f6rderverein bei der Einschulung \u00a0 \u00a07\/8.9.2023 Zirkusprojekt &#8222;Bellissimo&#8220; \u00a010.10.2023 Spielzeug- und Kleiderb\u00f6rse in der Grundschule R\u00fcckblick Durchgef\u00fchrte Aktionen: \u00a0 \u00a0 \u00a0 \u00a0 \u00a0 27.08.2022 Catering &hellip; <a href=\"https:\/\/wordpress.nibis.de\/gskleebl\/aktionen-des-foerdervereins\/\">Weiterlesen <span class=\"meta-nav\">&rarr;<\/span><\/a><\/p>\n","protected":false},"author":722,"featured_media":0,"parent":0,"menu_order":0,"comment_status":"closed","ping_status":"closed","template":"","meta":{"footnotes":""},"class_list":["post-374","page","type-page","status-publish","hentry"],"_links":{"self":[{"href":"https:\/\/wordpress.nibis.de\/gskleebl\/wp-json\/wp\/v2\/pages\/374","targetHints":{"allow":["GET"]}}],"collection":[{"href":"https:\/\/wordpress.nibis.de\/gskleebl\/wp-json\/wp\/v2\/pages"}],"about":[{"href":"https:\/\/wordpress.nibis.de\/gskleebl\/wp-json\/wp\/v2\/types\/page"}],"author":[{"embeddable":true,"href":"https:\/\/wordpress.nibis.de\/gskleebl\/wp-json\/wp\/v2\/users\/722"}],"replies":[{"embeddable":true,"href":"https:\/\/wordpress.nibis.de\/gskleebl\/wp-json\/wp\/v2\/comments?post=374"}],"version-history":[{"count":216,"href":"https:\/\/wordpress.nibis.de\/gskleebl\/wp-json\/wp\/v2\/pages\/374\/revisions"}],"predecessor-version":[{"id":4225,"href":"https:\/\/wordpress.nibis.de\/gskleebl\/wp-json\/wp\/v2\/pages\/374\/revisions\/4225"}],"wp:attachment":[{"href":"https:\/\/wordpress.nibis.de\/gskleebl\/wp-json\/wp\/v2\/media?parent=374"}],"curies":[{"name":"wp","href":"https:\/\/api.w.org\/{rel}","templated":true}]}}