{"id":379,"date":"2015-07-05T18:54:42","date_gmt":"2015-07-05T16:54:42","guid":{"rendered":"http:\/\/wordpress.nibis.de\/gskleebl\/?page_id=379"},"modified":"2023-05-22T10:19:53","modified_gmt":"2023-05-22T08:19:53","slug":"formulare-des-foerdervereins","status":"publish","type":"page","link":"https:\/\/wordpress.nibis.de\/gskleebl\/formulare-des-foerdervereins\/","title":{"rendered":"Formulare des F\u00f6rdervereins"},"content":{"rendered":"<p>&nbsp;<\/p>\n<table style=\"height: 5px;width: 650px;border-color: #54824f;background-color: #54824f\">\n<tbody>\n<tr>\n<td><\/td>\n<td><\/td>\n<\/tr>\n<\/tbody>\n<\/table>\n<p><span style=\"font-family: arial,helvetica,sans-serif;font-size: 12pt\"><strong>Formulare:<\/strong><img loading=\"lazy\" decoding=\"async\" class=\" wp-image-2473 alignright\" src=\"http:\/\/wordpress.nibis.de\/gskleebl\/files\/2018\/11\/Logo-300x143.jpg\" alt=\"\" width=\"172\" height=\"82\" \/><\/span><\/p>\n<p><span style=\"font-family: arial,helvetica,sans-serif;font-size: 12pt\">Mitglied werden:\u00a0 \u00a0 \u00a0 <a href=\"https:\/\/wordpress.nibis.de\/gskleebl\/files\/2021\/11\/Beitrittserklaerung-FoeVe.pdf\">Beitrittserkl\u00e4rung F\u00f6rderverein<\/a> (pdf)<\/span><\/p>\n<p><span style=\"font-family: arial,helvetica,sans-serif;font-size: 12pt\">Einmalspenden:\u00a0\u00a0\u00a0\u00a0\u00a0 <a href=\"http:\/\/wordpress.nibis.de\/gskleebl\/files\/2018\/11\/Einmalzuwendung-F\u00f6Ve-2.pdf\" target=\"_blank\" rel=\"noopener noreferrer\">Einmalzuwendung F\u00f6rderverein<\/a>\u00a0(pdf)<\/span><\/p>\n<p>&nbsp;<\/p>\n<p><span style=\"font-family: arial,helvetica,sans-serif;font-size: 12pt\"><strong>Beitrittserkl\u00e4rung:<\/strong> Mit einem Jahresbeitrag ab 8,&#8211;\u00a0\u20ac haben sie die M\u00f6glichkeit den F\u00f6rderverein &#8211; bis auf Widerruf &#8211;\u00a0dauerhaft\u00a0bei seinen Aufgaben zu unterst\u00fctzen. \u00a0<\/span><\/p>\n<p><span style=\"font-family: arial,helvetica,sans-serif;font-size: 12pt\"><strong>Einmalzuwendung:<\/strong> Hier haben Sie die M\u00f6glichkeit &#8211; ohne dauerhafte Bindung &#8211;\u00a0an den F\u00f6rderverein die Aktivit\u00e4ten zu f\u00f6rdern.<\/span><\/p>\n<p><span style=\"font-family: arial,helvetica,sans-serif\"><strong>Zuwendungsbescheinigung:<\/strong> Ab einem Spendenbetrag von 200,&#8211; \u20ac stellen wir gerne auch Spendenquittungen aus. Bis zu diesem Betrag reicht dem Finanzamt der einfache Nachweis (z.B. eine Kopie des Kontoauszugs)<\/span><\/p>\n<div id=\"selenium-highlight\"><\/div>\n","protected":false},"excerpt":{"rendered":"<p>&nbsp; Formulare: Mitglied werden:\u00a0 \u00a0 \u00a0 Beitrittserkl\u00e4rung F\u00f6rderverein (pdf) Einmalspenden:\u00a0\u00a0\u00a0\u00a0\u00a0 Einmalzuwendung F\u00f6rderverein\u00a0(pdf) &nbsp; Beitrittserkl\u00e4rung: Mit einem Jahresbeitrag ab 8,&#8211;\u00a0\u20ac haben sie die M\u00f6glichkeit den F\u00f6rderverein &#8211; bis auf Widerruf &#8211;\u00a0dauerhaft\u00a0bei seinen Aufgaben zu unterst\u00fctzen. \u00a0 Einmalzuwendung: Hier haben Sie die &hellip; <a href=\"https:\/\/wordpress.nibis.de\/gskleebl\/formulare-des-foerdervereins\/\">Weiterlesen <span class=\"meta-nav\">&rarr;<\/span><\/a><\/p>\n","protected":false},"author":722,"featured_media":0,"parent":0,"menu_order":0,"comment_status":"closed","ping_status":"closed","template":"","meta":{"footnotes":""},"class_list":["post-379","page","type-page","status-publish","hentry"],"_links":{"self":[{"href":"https:\/\/wordpress.nibis.de\/gskleebl\/wp-json\/wp\/v2\/pages\/379","targetHints":{"allow":["GET"]}}],"collection":[{"href":"https:\/\/wordpress.nibis.de\/gskleebl\/wp-json\/wp\/v2\/pages"}],"about":[{"href":"https:\/\/wordpress.nibis.de\/gskleebl\/wp-json\/wp\/v2\/types\/page"}],"author":[{"embeddable":true,"href":"https:\/\/wordpress.nibis.de\/gskleebl\/wp-json\/wp\/v2\/users\/722"}],"replies":[{"embeddable":true,"href":"https:\/\/wordpress.nibis.de\/gskleebl\/wp-json\/wp\/v2\/comments?post=379"}],"version-history":[{"count":26,"href":"https:\/\/wordpress.nibis.de\/gskleebl\/wp-json\/wp\/v2\/pages\/379\/revisions"}],"predecessor-version":[{"id":4222,"href":"https:\/\/wordpress.nibis.de\/gskleebl\/wp-json\/wp\/v2\/pages\/379\/revisions\/4222"}],"wp:attachment":[{"href":"https:\/\/wordpress.nibis.de\/gskleebl\/wp-json\/wp\/v2\/media?parent=379"}],"curies":[{"name":"wp","href":"https:\/\/api.w.org\/{rel}","templated":true}]}}