{"id":3882,"date":"2021-10-04T08:21:57","date_gmt":"2021-10-04T06:21:57","guid":{"rendered":"https:\/\/wordpress.nibis.de\/gskleebl\/?page_id=3882"},"modified":"2025-05-21T10:37:08","modified_gmt":"2025-05-21T08:37:08","slug":"beratungslehrerin","status":"publish","type":"page","link":"https:\/\/wordpress.nibis.de\/gskleebl\/beratungslehrerin\/","title":{"rendered":"Beratungslehrerin"},"content":{"rendered":"<p style=\"text-align: justify\"><strong><span style=\"font-family: verdana, geneva, sans-serif\"> Die Beratungslehrerin der Kleeblattgrundschule Markoldendorf<br \/>\nstellt sich vor:<\/span><\/strong><\/p>\n<p style=\"text-align: justify\"><strong><span style=\"font-family: verdana, geneva, sans-serif\"><img loading=\"lazy\" decoding=\"async\" class=\"alignnone size-medium wp-image-3883\" src=\"https:\/\/wordpress.nibis.de\/gskleebl\/files\/2021\/10\/2471-007719-10-207x300.jpg\" alt=\"\" width=\"207\" height=\"300\" srcset=\"https:\/\/wordpress.nibis.de\/gskleebl\/files\/2021\/10\/2471-007719-10-207x300.jpg 207w, https:\/\/wordpress.nibis.de\/gskleebl\/files\/2021\/10\/2471-007719-10-331x480.jpg 331w, https:\/\/wordpress.nibis.de\/gskleebl\/files\/2021\/10\/2471-007719-10-768x1114.jpg 768w, https:\/\/wordpress.nibis.de\/gskleebl\/files\/2021\/10\/2471-007719-10-1059x1536.jpg 1059w, https:\/\/wordpress.nibis.de\/gskleebl\/files\/2021\/10\/2471-007719-10-1412x2048.jpg 1412w, https:\/\/wordpress.nibis.de\/gskleebl\/files\/2021\/10\/2471-007719-10-scaled.jpg 1766w\" sizes=\"auto, (max-width: 207px) 100vw, 207px\" \/> <a href=\"https:\/\/wordpress.nibis.de\/gskleebl\/files\/2025\/05\/Plakat_Beratungslehrerin-Frau-Moeller_blau.png\"><img loading=\"lazy\" decoding=\"async\" class=\"alignnone wp-image-4373\" src=\"https:\/\/wordpress.nibis.de\/gskleebl\/files\/2025\/05\/Plakat_Beratungslehrerin-Frau-Moeller_blau.png\" alt=\"\" width=\"212\" height=\"300\" srcset=\"https:\/\/wordpress.nibis.de\/gskleebl\/files\/2025\/05\/Plakat_Beratungslehrerin-Frau-Moeller_blau.png 1414w, https:\/\/wordpress.nibis.de\/gskleebl\/files\/2025\/05\/Plakat_Beratungslehrerin-Frau-Moeller_blau-212x300.png 212w, https:\/\/wordpress.nibis.de\/gskleebl\/files\/2025\/05\/Plakat_Beratungslehrerin-Frau-Moeller_blau-339x480.png 339w, https:\/\/wordpress.nibis.de\/gskleebl\/files\/2025\/05\/Plakat_Beratungslehrerin-Frau-Moeller_blau-768x1086.png 768w, https:\/\/wordpress.nibis.de\/gskleebl\/files\/2025\/05\/Plakat_Beratungslehrerin-Frau-Moeller_blau-1086x1536.png 1086w\" sizes=\"auto, (max-width: 212px) 100vw, 212px\" \/><\/a><\/span><\/strong><\/p>\n<p class=\"Normal tm6\"><span class=\"tm8\" style=\"font-family: verdana, geneva, sans-serif\">Ich hei\u00dfe Regina M\u00f6ller und bin seit 1997 im Schuldienst und seit 2016 an der Kleeblattgrundschule Markoldendorf t\u00e4tig.<\/span><\/p>\n<p class=\"Normal tm6\"><span class=\"tm8\" style=\"font-family: verdana, geneva, sans-serif\">Seit Sommer 2021 bin ich als Beratungslehrerin aktiv.<\/span><\/p>\n<p class=\"Normal tm6\"><span class=\"tm8\" style=\"font-family: verdana, geneva, sans-serif\">F\u00fcr meine Aufgabe als Beratungslehrerin gibt es neben der B\u00fccherei einen Beratungsraum, in dem wir in Ruhe und angenehmer Atmosph\u00e4re vertrauliche Gespr\u00e4che f\u00fchren k\u00f6nnen.<\/span><\/p>\n<p>&nbsp;<\/p>\n<p class=\"Normal tm6\"><span style=\"font-family: verdana, geneva, sans-serif\"><strong><span class=\"tm7\">Wie kann man mich erreichen?<\/span><\/strong><\/span><\/p>\n<ul>\n<li class=\"Listenabsatz tm9\"><span style=\"font-family: verdana, geneva, sans-serif\"><span class=\"tm10\">\u00a0<\/span>In der<strong><span class=\"tm11\"> offenen Sprechstunde montags in der 1. gro\u00dfen Pause von 9.15 Uhr bis 9.45 Uhr<\/span><\/strong> im Beratungsraum<\/span><\/li>\n<li class=\"Listenabsatz tm9\"><span style=\"font-family: verdana, geneva, sans-serif\"><strong><span class=\"tm12\">\u00a0<\/span><\/strong>telefonisch<strong><span class=\"tm11\"> montags ab ca. 12.00 Uhr bis 12.30 Uhr <\/span><\/strong>und <strong><span class=\"tm11\">donnerstags in der 5. Std. von 12.00 Uhr bis 12.30 Uhr <\/span><\/strong>derzeit \u00fcber das Sekretariat (bitte hinterlassen Sie Ihre Telefonnummer, ich rufe zur\u00fcck!)<\/span><\/li>\n<li class=\"Listenabsatz tm9\"><span style=\"font-family: verdana, geneva, sans-serif\">E-Mail: &#98;&#x65;r&#x61;&#x74;&#117;&#x6e;g&#64;&#x6b;&#108;&#x65;e&#98;&#x6c;a&#x74;t&#103;&#x72;u&#x6e;&#x64;&#115;&#x63;h&#117;&#x6c;&#101;&#x2d;m&#97;&#x72;&#107;&#x6f;l&#100;&#x65;n&#x64;&#x6f;&#114;&#x66;&#46;&#100;&#x65;<\/span><\/li>\n<li class=\"Listenabsatz tm9\"><span style=\"font-family: verdana, geneva, sans-serif\">durch <strong><span class=\"tm11\">direktes Ansprechen<\/span><\/strong> in der Schule<\/span><\/li>\n<li class=\"Listenabsatz tm9\"><span style=\"font-family: verdana, geneva, sans-serif\">per Post \u00fcber den <strong><span class=\"tm11\">Briefkasten der Schule oder den Briefkasten der Beratungslehrerin<\/span><\/strong> in der Eingangshalle (Aula)<\/span><\/li>\n<li class=\"Listenabsatz tm9\"><span style=\"font-family: verdana, geneva, sans-serif\">\u00fcber das Hausaufgabenheft, das Sekretariat, das Lehrerkollegium, \u2026<\/span><\/li>\n<\/ul>\n<p class=\"Normal tm6\"><span class=\"tm8\" style=\"font-family: verdana, geneva, sans-serif\">\u00a0<\/span><\/p>\n<p class=\"Normal tm6\"><span style=\"font-family: verdana, geneva, sans-serif\"><strong><span class=\"tm7\">F\u00fcr wen bin ich da?<\/span><\/strong><\/span><\/p>\n<p class=\"Normal tm6\"><span class=\"tm8\" style=\"font-family: verdana, geneva, sans-serif\">Ich stehe allen Sch\u00fclerinnen und Sch\u00fclern, den Eltern und Erziehungsberechtigten und dem Kollegium f\u00fcr Beratung zur Verf\u00fcgung und m\u00f6chte bei der Suche nach Probleml\u00f6sungen unterst\u00fctzen.<\/span><\/p>\n<p class=\"Normal tm6\"><span class=\"tm8\" style=\"font-family: verdana, geneva, sans-serif\">Das Ziel ist, zusammen mit dem Ratsuchenden eine Kl\u00e4rung der Problemsituation herbeizuf\u00fchren und L\u00f6sungsm\u00f6glichkeiten, die als Hilfe zur Selbsthilfe dienen, zu erarbeiten. Patentrezepte f\u00fcr Probleme kann ich nicht anbieten.<\/span><\/p>\n<p class=\"Normal tm6\"><span style=\"font-family: verdana, geneva, sans-serif\"><strong><span class=\"tm7\">Sch\u00fcler und Sch\u00fclerinnen<\/span><\/strong><span class=\"tm8\"> k\u00f6nnen mich ansprechen, wenn<\/span><\/span><\/p>\n<ul>\n<li class=\"Listenabsatz tm9\"><span style=\"font-family: verdana, geneva, sans-serif\">Schwierigkeiten beim Lernen bestehen<\/span><\/li>\n<li class=\"Listenabsatz tm9\"><span style=\"font-family: verdana, geneva, sans-serif\">Probleme und Streit mit Kindern oder Lehrern oder anderen Mitarbeitern in der Schule entstehen<\/span><\/li>\n<li class=\"Listenabsatz tm9\"><span style=\"font-family: verdana, geneva, sans-serif\">es zu Hause \u00c4rger gibt<\/span><\/li>\n<li class=\"Listenabsatz tm9\"><span style=\"font-family: verdana, geneva, sans-serif\">du vor irgendetwas Angst hast<\/span><\/li>\n<li class=\"Listenabsatz tm9\"><span style=\"font-family: verdana, geneva, sans-serif\">du Kummer hast und es dir nicht gut geht<\/span><\/li>\n<li class=\"Listenabsatz tm9\"><span style=\"font-family: verdana, geneva, sans-serif\">du dich um einen Freund oder eine Freundin sorgst<\/span><\/li>\n<li class=\"Listenabsatz tm9\"><span style=\"font-family: verdana, geneva, sans-serif\">oder\u2026<\/span><\/li>\n<\/ul>\n<p class=\"Normal tm6\"><span style=\"font-family: verdana, geneva, sans-serif\"><strong><span class=\"tm7\">Eltern und Erziehungsberechtigte<\/span><\/strong><span class=\"tm8\"> k\u00f6nnen sich an mich wenden, wenn Sie<\/span><\/span><\/p>\n<ul>\n<li class=\"Listenabsatz tm9\"><span style=\"font-family: verdana, geneva, sans-serif\">sich Sorgen um die Situation Ihres Kindes in der Schule machen und dort Probleme auftauchen<\/span><\/li>\n<li class=\"Listenabsatz tm9\"><span style=\"font-family: verdana, geneva, sans-serif\">Lern- und Leistungsst\u00f6rungen, Motivations- oder Konzentrationsprobleme bei Ihrem Kind wahrnehmen<\/span><\/li>\n<li class=\"Listenabsatz tm9\"><span style=\"font-family: verdana, geneva, sans-serif\">sich im Moment unsicher im Umgang mit Ihrem Kind f\u00fchlen<\/span><\/li>\n<li class=\"Listenabsatz tm9\"><span style=\"font-family: verdana, geneva, sans-serif\">die Vermittlung zu au\u00dferschulischen Beratungsstellen w\u00fcnschen<\/span><\/li>\n<li class=\"Listenabsatz tm9\"><span style=\"font-family: verdana, geneva, sans-serif\">oder \u2026<\/span><\/li>\n<\/ul>\n<p class=\"Normal tm6\"><span style=\"font-family: verdana, geneva, sans-serif\"><strong><span class=\"tm7\">Lehrkr\u00e4fte und andere Mitarbeiter<\/span><\/strong><span class=\"tm8\"> k\u00f6nnen mich ansprechen, wenn<\/span><\/span><\/p>\n<ul>\n<li class=\"Listenabsatz tm9\"><span style=\"font-family: verdana, geneva, sans-serif\">sich in einer Klasse etwas ung\u00fcnstig auf die Lernleistungen auswirkt<\/span><\/li>\n<li class=\"Listenabsatz tm9\"><span style=\"font-family: verdana, geneva, sans-serif\">der Umgang mit einem Kind problematisch ist<\/span><\/li>\n<li class=\"Listenabsatz tm9\"><span style=\"font-family: verdana, geneva, sans-serif\">Probleme im Umgang mit Kollegen oder Schulleitung bestehen<\/span><\/li>\n<li class=\"Listenabsatz tm9\"><span style=\"font-family: verdana, geneva, sans-serif\">kollegiale Fallbesprechungen erw\u00fcnscht sind<\/span><\/li>\n<li class=\"Listenabsatz tm9\"><span style=\"font-family: verdana, geneva, sans-serif\">Unterrichtsbeobachtung mit anschlie\u00dfendem kollegialen Beratungsgespr\u00e4ch gew\u00fcnscht wird<\/span><\/li>\n<li class=\"Listenabsatz tm9\"><span style=\"font-family: verdana, geneva, sans-serif\">oder \u2026<\/span><\/li>\n<\/ul>\n<p class=\"Normal tm6\"><span class=\"tm8\" style=\"font-family: verdana, geneva, sans-serif\">\u00a0<\/span><\/p>\n<p class=\"Normal tm6\"><span style=\"font-family: verdana, geneva, sans-serif\"><strong><span class=\"tm7\">Was ist so besonders an dem Beratungsangebot der Beratungslehrerin?<\/span><\/strong><\/span><\/p>\n<p class=\"Normal tm6\"><span class=\"tm8\" style=\"font-family: verdana, geneva, sans-serif\">Als Beratungslehrerin erg\u00e4nze ich die vielf\u00e4ltigen Beratungsangebote durch Lehrkr\u00e4fte, Sonderp\u00e4dagogin, Schulleitung, Sekret\u00e4rin an unserer Schule. <\/span><\/p>\n<p class=\"Normal tm6\"><span class=\"tm8\" style=\"font-family: verdana, geneva, sans-serif\">Allerdings <\/span><\/p>\n<ul>\n<li class=\"Listenabsatz tm9\"><span style=\"font-family: verdana, geneva, sans-serif\">habe ich mehr Zeit f\u00fcr Beratungsaufgaben<\/span><\/li>\n<li class=\"Listenabsatz tm9\"><span style=\"font-family: verdana, geneva, sans-serif\">bin ich meist nicht unmittelbar beteiligt und habe somit Abstand zum schulischen Problem, wodurch ich eine gr\u00f6\u00dfere Distanz zum Problem und den betroffenen Personen haben kann<\/span><\/li>\n<li class=\"Listenabsatz tm9\"><span style=\"font-family: verdana, geneva, sans-serif\">werde ich erst aktiv, wenn ich angesprochen werde<\/span><\/li>\n<li class=\"Listenabsatz tm9\"><span style=\"font-family: verdana, geneva, sans-serif\">habe ich als Beraterin eine andere Rolle und bin nicht gleichzeitig die \u201enormale\u201c Lehrkraft<\/span><\/li>\n<li class=\"Listenabsatz tm9\"><span style=\"font-family: verdana, geneva, sans-serif\">halte ich mich als Beratungslehrerin an die Leitlinien der Beratung des Landes Niedersachsen und unterliege den vier Grunds\u00e4tzen der Beratung<\/span><\/li>\n<\/ul>\n<p class=\"Normal tm6\"><span class=\"tm8\" style=\"font-family: verdana, geneva, sans-serif\">\u00a0<\/span><\/p>\n<p class=\"Normal tm6\"><span style=\"font-family: verdana, geneva, sans-serif\"><strong><span class=\"tm7\">Welches sind die Grunds\u00e4tze der Beratung?<\/span><\/strong><\/span><\/p>\n<ul>\n<li style=\"list-style-type: none\">\n<ul>\n<li><span style=\"font-family: verdana, geneva, sans-serif\"><strong><span class=\"tm11\">Freiwilligkeit<\/span><\/strong><\/span><\/li>\n<\/ul>\n<\/li>\n<\/ul>\n<p class=\"Listenabsatz\"><span style=\"font-family: verdana, geneva, sans-serif\">Jeder Ratsuchende entscheidet freiwillig, ob er eine Beratung aufsucht, eine begonnene Beratung weiterf\u00fchrt und ob erarbeitete L\u00f6sungen umgesetzt werden.<\/span><\/p>\n<ul>\n<li style=\"list-style-type: none\">\n<ul>\n<li class=\"Listenabsatz tm9\"><span style=\"font-family: verdana, geneva, sans-serif\"><strong><span class=\"tm11\">Vertraulichkeit<\/span><\/strong><\/span><\/li>\n<\/ul>\n<\/li>\n<\/ul>\n<p class=\"Listenabsatz\"><span style=\"font-family: verdana, geneva, sans-serif\">Ich bin an die Schweigepflicht gebunden. Diese gilt gegen\u00fcber allen Lehrkr\u00e4ften, der Schulleitung und den Erziehungsberechtigten und Eltern.<\/span><\/p>\n<p class=\"Listenabsatz\"><span style=\"font-family: verdana, geneva, sans-serif\">Alle Gespr\u00e4che bleiben vertraulich, es sei denn, der Ratsuchende entbindet die Beratungslehrerin ausdr\u00fccklich von der Schweigepflicht.<\/span><\/p>\n<p class=\"Listenabsatz\"><span style=\"font-family: verdana, geneva, sans-serif\">Eine Ausnahme besteht beim Bekanntwerden von Straftaten.<\/span><\/p>\n<ul>\n<li style=\"list-style-type: none\">\n<ul>\n<li class=\"Listenabsatz tm9\"><span style=\"font-family: verdana, geneva, sans-serif\"><strong><span class=\"tm11\">Unabh\u00e4ngigkeit<\/span><\/strong><\/span><\/li>\n<\/ul>\n<\/li>\n<\/ul>\n<p class=\"Listenabsatz\"><span style=\"font-family: verdana, geneva, sans-serif\">Als Beratungslehrerin bin ich unabh\u00e4ngig in der Schule. Ich handele nicht auf Weisung von anderen und mir werden auch keine L\u00f6sungen vorgegeben, die umgesetzt werden sollen.<\/span><\/p>\n<ul>\n<li style=\"list-style-type: none\">\n<ul>\n<li><span style=\"font-family: verdana, geneva, sans-serif\"><strong><span class=\"tm11\">Beachtung der Verantwortungsstruktur<\/span><\/strong><\/span><\/li>\n<\/ul>\n<\/li>\n<\/ul>\n<p class=\"Listenabsatz\"><span style=\"font-family: verdana, geneva, sans-serif\">Da Schule ein komplexes System mit vielen unterschiedlichen Zust\u00e4ndigkeiten, Interessenlagen und Verantwortlichkeiten der beteiligten Personen ist, muss die Beratungslehrerin die Zust\u00e4ndigkeiten beachten und darf nicht \u201estellvertretendes Handeln\u201c \u00fcbernehmen. Daher werden, mit Einverst\u00e4ndnis des Ratsuchenden, bei \u00fcbergreifenden Problemen m\u00f6glichst fr\u00fchzeitig die zust\u00e4ndigen Personen eingebunden.<\/span><\/p>\n<p class=\"Normal tm6\"><span class=\"tm8\" style=\"font-family: verdana, geneva, sans-serif\">\u00a0<\/span><\/p>\n<p class=\"Normal tm6\"><span class=\"tm8\" style=\"font-family: verdana, geneva, sans-serif\">\u00a0<\/span><\/p>\n<p class=\"Normal tm6\"><span class=\"tm8\" style=\"font-family: verdana, geneva, sans-serif\">Ich freue mich auf Gespr\u00e4che mit euch und Ihnen.<\/span><\/p>\n<p>&nbsp;<\/p>\n<p><a href=\"https:\/\/wordpress.nibis.de\/gskleebl\/files\/2025\/05\/Plakat_Beratungslehrerin-Frau-Moeller_blau.png\">Fyler Beratungslehrerin<\/a><\/p>\n<p><a href=\"https:\/\/wordpress.nibis.de\/gskleebl\/files\/2023\/04\/Beratungsangebote-an-der-Kleeblattgrundschule-Markoldendorf.pdf\">Beratungsangebote an der Kleeblattgrundschule Markoldendorf\u00a0<\/a><\/p>\n<p><a href=\"https:\/\/wordpress.nibis.de\/gskleebl\/files\/2023\/04\/Beratungskonzept-der-Kleeblattgrundschule-Markoldendorf.pdf\">Beratungskonzept der Kleeblattgrundschule Markoldendorf<\/a><\/p>\n<p>&nbsp;<\/p>\n","protected":false},"excerpt":{"rendered":"<p>Die Beratungslehrerin der Kleeblattgrundschule Markoldendorf stellt sich vor: Ich hei\u00dfe Regina M\u00f6ller und bin seit 1997 im Schuldienst und seit 2016 an der Kleeblattgrundschule Markoldendorf t\u00e4tig. Seit Sommer 2021 bin ich als Beratungslehrerin aktiv. F\u00fcr meine Aufgabe als Beratungslehrerin gibt &hellip; <a href=\"https:\/\/wordpress.nibis.de\/gskleebl\/beratungslehrerin\/\">Weiterlesen <span class=\"meta-nav\">&rarr;<\/span><\/a><\/p>\n","protected":false},"author":722,"featured_media":0,"parent":0,"menu_order":0,"comment_status":"closed","ping_status":"closed","template":"","meta":{"footnotes":""},"class_list":["post-3882","page","type-page","status-publish","hentry"],"_links":{"self":[{"href":"https:\/\/wordpress.nibis.de\/gskleebl\/wp-json\/wp\/v2\/pages\/3882","targetHints":{"allow":["GET"]}}],"collection":[{"href":"https:\/\/wordpress.nibis.de\/gskleebl\/wp-json\/wp\/v2\/pages"}],"about":[{"href":"https:\/\/wordpress.nibis.de\/gskleebl\/wp-json\/wp\/v2\/types\/page"}],"author":[{"embeddable":true,"href":"https:\/\/wordpress.nibis.de\/gskleebl\/wp-json\/wp\/v2\/users\/722"}],"replies":[{"embeddable":true,"href":"https:\/\/wordpress.nibis.de\/gskleebl\/wp-json\/wp\/v2\/comments?post=3882"}],"version-history":[{"count":10,"href":"https:\/\/wordpress.nibis.de\/gskleebl\/wp-json\/wp\/v2\/pages\/3882\/revisions"}],"predecessor-version":[{"id":4374,"href":"https:\/\/wordpress.nibis.de\/gskleebl\/wp-json\/wp\/v2\/pages\/3882\/revisions\/4374"}],"wp:attachment":[{"href":"https:\/\/wordpress.nibis.de\/gskleebl\/wp-json\/wp\/v2\/media?parent=3882"}],"curies":[{"name":"wp","href":"https:\/\/api.w.org\/{rel}","templated":true}]}}