{"id":39,"date":"2015-07-03T16:16:13","date_gmt":"2015-07-03T14:16:13","guid":{"rendered":"http:\/\/wordpress.nibis.de\/gskleebl\/?page_id=39"},"modified":"2026-01-10T13:11:31","modified_gmt":"2026-01-10T12:11:31","slug":"eltern","status":"publish","type":"page","link":"https:\/\/wordpress.nibis.de\/gskleebl\/schule\/eltern\/","title":{"rendered":"Eltern und Mitwirkung"},"content":{"rendered":"<p style=\"text-align: justify\"><span style=\"font-family: verdana, geneva, sans-serif;font-size: 10pt\">Liebe Eltern, die Zusammenarbeit mit den Eltern ist auch an der Grundschule in Markoldendorf wichtig. Elternvertreter haben die Aufgabe die Belange der Eltern zu unterst\u00fctzen und gemeinsam mit den Gremien der Schule eine L\u00f6sung zu finden. Da viele Eltern nicht wissen welche M\u00f6glichkeiten sie haben informieren wir kurz \u00fcber die verschiedensten Instanzen.<\/span><\/p>\n<p style=\"text-align: justify\"><strong><span style=\"font-family: verdana, geneva, sans-serif;font-size: 10pt\">Klassenelternsprecher:<br \/>\n<\/span><\/strong><span style=\"font-family: verdana, geneva, sans-serif;font-size: 10pt\">Jede Klasse w\u00e4hlt f\u00fcr die Dauer von zwei Jahren einen Klassenelternsprecher sowie den oder die Stellvertreter\/in. Diese sind Ansprechpartner f\u00fcr Eltern und Lehrer. Sie organisieren oft in Zusammenarbeit mit anderen Eltern oder auch den Lehrern verschiedene Aktionen. Weiter sind die Klassenelternsprecher Mitglied im Schulelternrat und nehmen dort die verschiedensten Aufgaben in den einzelnen Konferenzen und\/oder Gremien wahr.<\/span><\/p>\n<p style=\"text-align: justify\"><strong><span style=\"font-family: verdana, geneva, sans-serif;font-size: 10pt\">Schulvorstand:<br \/>\n<\/span><\/strong><span style=\"font-family: verdana, geneva, sans-serif;font-size: 10pt\">Der Schulvorstand besteht aus vier Lehrervertretern und vier Elternvertretern. Die Elternvertreter werden vom Schulelternrat gew\u00e4hlt \u2013 m\u00fcssen aber nicht in diesem vertreten sein. Die Aufgaben des Schulvorstandes sind vielf\u00e4ltig. Der Schulvorstand arbeitet mit dem Schultr\u00e4ger zusammen und bestimmt unter anderem \u00fcber die Verteilung der Haushaltsmittel. Auch werden wichtige organisatorische Dinge wie beispielsweise \u00c4nderungen die Stundentafel betreffend beschlossen und besprochen.<\/span><\/p>\n<p style=\"text-align: justify\"><strong><span style=\"font-family: verdana, geneva, sans-serif;font-size: 10pt\">Schulelternrat:<br \/>\n<\/span><\/strong><span style=\"font-family: verdana, geneva, sans-serif;font-size: 10pt\">Der Schulelternrat ist Ansprechpartner f\u00fcr Eltern, Lehrer, Schulleitung und Schulvorstand, wenn es darum geht gegebenenfalls zu vermitteln oder organisatorisch unter die Arme zu greifen. Aus dem Schulelternrat werden Vertreter f\u00fcr die Gesamtkonferenz und die Fachkonferenzen bestimmt.<\/span><\/p>\n<p style=\"text-align: justify\"><strong><span style=\"font-family: verdana, geneva, sans-serif;font-size: 10pt\">Kreiselternrat:<br \/>\n<\/span><\/strong><span style=\"font-family: verdana, geneva, sans-serif;font-size: 10pt\">Der Kreiselternbeirat, auch Kreiselternrat, ist eine aus den Schulgesetzen der deutschen Bundesl\u00e4nder legitimierte Vertretung von Elternsprechern des jeweiligen Land- oder Stadtkreises in allen schulischen Fragen. Die Schule bestimmt aus dem Schulelternrat zwei Vertreter die zur Wahl des Kreiselternrates eingeladen werden. Es ist nicht zwingend sich zum Kreiselternrat aufstellen zu lassen.<\/span><\/p>\n<p style=\"text-align: justify\"><strong><span style=\"font-family: verdana, geneva, sans-serif;font-size: 10pt\">Gesamtkonferenz\/Fachkonferenz:<br \/>\n<\/span><\/strong><span style=\"font-family: verdana, geneva, sans-serif;font-size: 10pt\">Die Gesamtkonferenz ist das sogenannte p\u00e4dagogische Entscheidungsgremium der Schule. Hier werden inhaltliche wie organisatorische Dinge beschlossen. Aus dem Schulelternrat werden 6 Elternvertreter f\u00fcr diese bestimmt. In den Fachkonferenzen werden ausschlie\u00dflich fachliche Dinge wie z.B. die Schularbeitspl\u00e4ne besprochen. F\u00fcr jedes Fach werden zwei Elternvertreter gew\u00e4hlt, die an den Fachkonferenzen teilnehmen.<\/span><\/p>\n","protected":false},"excerpt":{"rendered":"<p>Liebe Eltern, die Zusammenarbeit mit den Eltern ist auch an der Grundschule in Markoldendorf wichtig. Elternvertreter haben die Aufgabe die Belange der Eltern zu unterst\u00fctzen und gemeinsam mit den Gremien der Schule eine L\u00f6sung zu finden. Da viele Eltern nicht &hellip; <a href=\"https:\/\/wordpress.nibis.de\/gskleebl\/schule\/eltern\/\">Weiterlesen <span class=\"meta-nav\">&rarr;<\/span><\/a><\/p>\n","protected":false},"author":722,"featured_media":0,"parent":86,"menu_order":0,"comment_status":"closed","ping_status":"closed","template":"","meta":{"footnotes":""},"class_list":["post-39","page","type-page","status-publish","hentry"],"_links":{"self":[{"href":"https:\/\/wordpress.nibis.de\/gskleebl\/wp-json\/wp\/v2\/pages\/39","targetHints":{"allow":["GET"]}}],"collection":[{"href":"https:\/\/wordpress.nibis.de\/gskleebl\/wp-json\/wp\/v2\/pages"}],"about":[{"href":"https:\/\/wordpress.nibis.de\/gskleebl\/wp-json\/wp\/v2\/types\/page"}],"author":[{"embeddable":true,"href":"https:\/\/wordpress.nibis.de\/gskleebl\/wp-json\/wp\/v2\/users\/722"}],"replies":[{"embeddable":true,"href":"https:\/\/wordpress.nibis.de\/gskleebl\/wp-json\/wp\/v2\/comments?post=39"}],"version-history":[{"count":4,"href":"https:\/\/wordpress.nibis.de\/gskleebl\/wp-json\/wp\/v2\/pages\/39\/revisions"}],"predecessor-version":[{"id":4867,"href":"https:\/\/wordpress.nibis.de\/gskleebl\/wp-json\/wp\/v2\/pages\/39\/revisions\/4867"}],"up":[{"embeddable":true,"href":"https:\/\/wordpress.nibis.de\/gskleebl\/wp-json\/wp\/v2\/pages\/86"}],"wp:attachment":[{"href":"https:\/\/wordpress.nibis.de\/gskleebl\/wp-json\/wp\/v2\/media?parent=39"}],"curies":[{"name":"wp","href":"https:\/\/api.w.org\/{rel}","templated":true}]}}