{"id":514,"date":"2015-07-11T08:50:05","date_gmt":"2015-07-11T06:50:05","guid":{"rendered":"http:\/\/wordpress.nibis.de\/gskleebl\/?page_id=514"},"modified":"2026-01-10T13:07:57","modified_gmt":"2026-01-10T12:07:57","slug":"elternvertreter-20142015","status":"publish","type":"page","link":"https:\/\/wordpress.nibis.de\/gskleebl\/elternvertreter-20142015\/","title":{"rendered":"Gew\u00e4hlte Vertreter 2025\/2026"},"content":{"rendered":"<p><strong><span style=\"font-size: 14pt;font-family: verdana, geneva, sans-serif\">Schulelternrat<\/span><\/strong><\/p>\n<table style=\"height: 194px;width: 665px\">\n<tbody>\n<tr style=\"background-color: #abf5ed\">\n<td style=\"width: 221px\"><span style=\"font-size: 12pt;font-family: verdana, geneva, sans-serif\">1. Vorsitzender:<\/span><\/p>\n<p><span style=\"font-family: verdana, geneva, sans-serif;font-size: 12pt\">Stellvertreter:<\/span><\/td>\n<td style=\"width: 347px\"><span style=\"font-size: 12pt;font-family: verdana, geneva, sans-serif\">Vanessa Sch\u00e4uble-M\u00fcnch<\/span><\/p>\n<p><span style=\"font-family: verdana, geneva, sans-serif;font-size: 12pt\">Jessica M\u00fcller<\/span><\/td>\n<\/tr>\n<\/tbody>\n<\/table>\n<hr \/>\n<p><span style=\"font-size: 14pt\"><strong><span style=\"font-family: verdana, geneva, sans-serif\">Klassenelternsprecher und Klassenlehrer<\/span><\/strong><\/span><\/p>\n<table style=\"width: 665px;height: 528px\">\n<tbody>\n<tr style=\"border-color: #050505;background-color: #81ebeb\">\n<td style=\"width: 65px;height: 66px\"><span style=\"font-size: 10pt;font-family: verdana,geneva,sans-serif\">Klasse 1a<\/span><\/td>\n<td style=\"width: 228px;height: 66px\"><span style=\"font-family: verdana, geneva, sans-serif;font-size: 10pt\">Johannes Lehmann<\/span><br \/>\n<span style=\"font-family: verdana, geneva, sans-serif;font-size: 10pt\">Roxanne Gruhn<\/span><\/td>\n<td style=\"width: 226px;height: 66px\" colspan=\"2\"><span style=\"font-size: 10pt\"><span style=\"font-family: verdana,geneva,sans-serif\">Klassenlehre: Herr Urbainczyk<\/span><span style=\"font-family: verdana,geneva,sans-serif\"><br \/>\n<\/span><\/span><\/td>\n<\/tr>\n<tr style=\"border-color: #050505;background-color: #81ebeb\">\n<td style=\"width: 65px;height: 66px\"><span style=\"font-size: 10pt;font-family: verdana,geneva,sans-serif\">Klasse 1b<br \/>\n<\/span><\/td>\n<td style=\"width: 228px;height: 66px\"><span style=\"font-family: verdana,geneva,sans-serif;font-size: 10pt\">Carolina Schmidt<br \/>\nMichelle Bucci<\/span><\/td>\n<td style=\"width: 226px;height: 66px\" colspan=\"2\"><span style=\"font-size: 10pt\"><span style=\"font-family: verdana,geneva,sans-serif\">Klassenlehrerin: Frau M\u00f6ller\u00a0<\/span><span style=\"font-family: verdana,geneva,sans-serif\"><br \/>\n<\/span><\/span><\/td>\n<\/tr>\n<tr style=\"border-color: #050505;background-color: #81d0eb\">\n<td style=\"width: 65px;height: 66px\"><span style=\"font-size: 10pt;font-family: verdana,geneva,sans-serif\">Klasse 2a<\/span><\/td>\n<td style=\"width: 228px;height: 66px\"><span style=\"font-family: verdana,geneva,sans-serif;font-size: 10pt\">Dillan \u00d6zkan<br \/>\nKatja Utschig<\/span><\/td>\n<td style=\"width: 226px;height: 66px\" colspan=\"2\"><span style=\"font-size: 10pt;font-family: verdana,geneva,sans-serif\">Klassenlehrerin: Frau Santo<\/span><\/td>\n<\/tr>\n<tr style=\"border-color: #050505;background-color: #81d0eb\">\n<td style=\"width: 65px;height: 66px\"><span style=\"font-size: 10pt;font-family: verdana,geneva,sans-serif\">Klasse 2b<\/span><\/td>\n<td style=\"width: 228px;height: 66px\"><span style=\"font-family: verdana,geneva,sans-serif;font-size: 10pt\">Marie Tacke<br \/>\nSarah Arnemann<\/span><\/td>\n<td style=\"width: 226px;height: 66px\" colspan=\"2\"><span style=\"font-size: 10pt\"><span style=\"font-family: verdana,geneva,sans-serif\">Klassenlehrerin: Frau Bartels<\/span><\/span><\/td>\n<\/tr>\n<tr style=\"border-color: #050505;background-color: #81adeb\">\n<td style=\"width: 65px;height: 66px\"><span style=\"font-size: 10pt;font-family: verdana,geneva,sans-serif\">Klasse 3a<\/span><\/td>\n<td style=\"width: 228px;height: 66px\"><span style=\"font-family: verdana,geneva,sans-serif;font-size: 10pt\">Vanessa Sch\u00e4uble M\u00fcnch<br \/>\nKerstin Gollnik<\/span><\/td>\n<td style=\"width: 226px;height: 66px\" colspan=\"2\"><span style=\"font-size: 10pt\"><span style=\"font-family: verdana,geneva,sans-serif\">Klassenleitung: <\/span><\/span><span style=\"font-size: 10pt\"><span style=\"font-family: verdana,geneva,sans-serif\">Frau Schwarz<\/span><\/span><\/td>\n<\/tr>\n<tr style=\"border-color: #050505;background-color: #81adeb\">\n<td style=\"width: 65px;height: 66px\"><span style=\"font-size: 10pt;font-family: verdana,geneva,sans-serif\">Klasse 3b<\/span><\/td>\n<td style=\"width: 228px;height: 66px\"><span style=\"font-size: 10pt;font-family: verdana,geneva,sans-serif\">Anna D\u00f6rge<br \/>\nLinda Beulshausen<\/span><\/td>\n<td style=\"width: 226px;height: 66px\" colspan=\"2\"><span style=\"font-size: 10pt\"><span style=\"font-family: verdana,geneva,sans-serif\">Klassenlehrerin:Frau Falke<\/span><\/span><\/td>\n<\/tr>\n<tr style=\"border-color: #080707;background-color: #8191eb\">\n<td style=\"width: 65px;height: 66px\"><span style=\"font-size: 10pt;font-family: verdana,geneva,sans-serif\">Klasse 4a<\/span><\/td>\n<td style=\"width: 228px;height: 66px\"><span style=\"font-size: 10pt;font-family: verdana,geneva,sans-serif\">Jessica M\u00fcller<br \/>\nJessica Sass<\/span><\/td>\n<td style=\"width: 226px;height: 66px\" colspan=\"2\"><span style=\"font-size: 10pt\"><span style=\"font-family: verdana,geneva,sans-serif\">Klassenlehrerin: <\/span><\/span><span style=\"font-size: 10pt\"><span style=\"font-family: verdana,geneva,sans-serif\">Frau Adams<\/span><\/span><\/td>\n<\/tr>\n<tr style=\"border-color: #080707;background-color: #8191eb\">\n<td style=\"width: 65px;height: 66px\"><span style=\"font-size: 10pt;font-family: verdana,geneva,sans-serif\">Klasse 4b<\/span><\/td>\n<td style=\"width: 228px;height: 66px\"><span style=\"font-size: 10pt;font-family: verdana,geneva,sans-serif\">Wolfgang Reier<br \/>\nEric Kirmse<\/span><\/td>\n<td style=\"width: 226px;height: 66px\" colspan=\"2\"><span style=\"font-size: 10pt\"><span style=\"font-family: verdana,geneva,sans-serif\">Klassenlehrerin:<\/span><\/span><span style=\"font-size: 10pt\"> <span style=\"font-family: verdana,geneva,sans-serif\">Frau Sieburg<\/span><\/span><\/td>\n<\/tr>\n<\/tbody>\n<\/table>\n<p>&nbsp;<\/p>\n<p><strong><span style=\"font-family: verdana, geneva, sans-serif;font-size: 18pt\">Schulvorstand<\/span><\/strong><\/p>\n<p><span style=\"font-family: verdana, geneva, sans-serif;font-size: 14pt\">Elternvertreter<\/span><\/p>\n<table style=\"background-color: #6bd173\">\n<tbody>\n<tr>\n<td><span style=\"font-family: verdana, geneva, sans-serif\">Jessica M\u00fcller, 4a<\/span><br \/>\n<span style=\"font-family: verdana, geneva, sans-serif\">Anna D\u00f6rge, 3b<\/span><br \/>\n<span style=\"font-family: verdana, geneva, sans-serif\">Wolfgang Reier, 4b<\/span><br \/>\n<span style=\"font-family: verdana, geneva, sans-serif\">Vanessa Sch\u00e4uble-M\u00fcnch, 3a<\/span><\/td>\n<\/tr>\n<\/tbody>\n<\/table>\n<p><span style=\"font-family: verdana, geneva, sans-serif;font-size: 14pt\">Lehrervertreter<\/span><\/p>\n<table style=\"background-color: #6bd173\">\n<tbody>\n<tr>\n<td><span style=\"font-family: verdana, geneva, sans-serif\">Katharina Sieburg<\/span><br \/>\n<span style=\"font-family: verdana, geneva, sans-serif\">Sebastian Urbainczyk<\/span><br \/>\n<span style=\"font-family: verdana, geneva, sans-serif\">Gudrun Santo<\/span><br \/>\n<span style=\"font-family: verdana, geneva, sans-serif\">Kristina Falke<\/span><\/td>\n<\/tr>\n<\/tbody>\n<\/table>\n","protected":false},"excerpt":{"rendered":"<p>Schulelternrat 1. Vorsitzender: Stellvertreter: Vanessa Sch\u00e4uble-M\u00fcnch Jessica M\u00fcller Klassenelternsprecher und Klassenlehrer Klasse 1a Johannes Lehmann Roxanne Gruhn Klassenlehre: Herr Urbainczyk Klasse 1b Carolina Schmidt Michelle Bucci Klassenlehrerin: Frau M\u00f6ller\u00a0 Klasse 2a Dillan \u00d6zkan Katja Utschig Klassenlehrerin: Frau Santo Klasse 2b &hellip; <a href=\"https:\/\/wordpress.nibis.de\/gskleebl\/elternvertreter-20142015\/\">Weiterlesen <span class=\"meta-nav\">&rarr;<\/span><\/a><\/p>\n","protected":false},"author":722,"featured_media":0,"parent":0,"menu_order":0,"comment_status":"closed","ping_status":"closed","template":"","meta":{"footnotes":""},"class_list":["post-514","page","type-page","status-publish","hentry"],"_links":{"self":[{"href":"https:\/\/wordpress.nibis.de\/gskleebl\/wp-json\/wp\/v2\/pages\/514","targetHints":{"allow":["GET"]}}],"collection":[{"href":"https:\/\/wordpress.nibis.de\/gskleebl\/wp-json\/wp\/v2\/pages"}],"about":[{"href":"https:\/\/wordpress.nibis.de\/gskleebl\/wp-json\/wp\/v2\/types\/page"}],"author":[{"embeddable":true,"href":"https:\/\/wordpress.nibis.de\/gskleebl\/wp-json\/wp\/v2\/users\/722"}],"replies":[{"embeddable":true,"href":"https:\/\/wordpress.nibis.de\/gskleebl\/wp-json\/wp\/v2\/comments?post=514"}],"version-history":[{"count":37,"href":"https:\/\/wordpress.nibis.de\/gskleebl\/wp-json\/wp\/v2\/pages\/514\/revisions"}],"predecessor-version":[{"id":4864,"href":"https:\/\/wordpress.nibis.de\/gskleebl\/wp-json\/wp\/v2\/pages\/514\/revisions\/4864"}],"wp:attachment":[{"href":"https:\/\/wordpress.nibis.de\/gskleebl\/wp-json\/wp\/v2\/media?parent=514"}],"curies":[{"name":"wp","href":"https:\/\/api.w.org\/{rel}","templated":true}]}}