{"id":67,"date":"2015-07-03T16:56:03","date_gmt":"2015-07-03T14:56:03","guid":{"rendered":"http:\/\/wordpress.nibis.de\/gskleebl\/?page_id=67"},"modified":"2026-01-08T15:24:35","modified_gmt":"2026-01-08T14:24:35","slug":"ogs","status":"publish","type":"page","link":"https:\/\/wordpress.nibis.de\/gskleebl\/ogs\/","title":{"rendered":"OGS (Offener Ganztag)"},"content":{"rendered":"<p style=\"text-align: justify\"><span style=\"font-size: 10pt;font-family: verdana,geneva,sans-serif\">Das Konzept der Offenen Ganztagsschule (OGS) in Markoldendorf gliedert sich in die Bereiche Mittagessen, Hausaufgabenbetreuung und verschiedene Angebote wie Basteln, Lesen, Sport, Musik etc. Die Hausaufgabenbetreuung erfolgt stufenweise in Gruppen. Eine Individualbetreuung ist nicht m\u00f6glich.<\/span><\/p>\n<p><span style=\"font-size: 10pt;font-family: verdana,geneva,sans-serif\">Die OGS bietet verschiedene Vorteile:<\/span><\/p>\n<ul>\n<li><span style=\"font-size: 10pt;font-family: verdana,geneva,sans-serif\">Sie f\u00f6rdert in hohem Ma\u00dfe die Selbstst\u00e4ndigkeit, unterst\u00fctzt die soziale Entwicklung durch den Kontakt zu anderen Kindern bis in den Nachmittag. <\/span><\/li>\n<li><span style=\"font-size: 10pt;font-family: verdana,geneva,sans-serif\">Sie f\u00f6rdert die Bildung und Kreativit\u00e4t und k\u00f6rperliche Fitness durch verschiedenste Angebote wie Kochen, Basteln, Sport und auch das Angebot von Gitarrenunterricht in Kleingruppen.<\/span><\/li>\n<li><span style=\"font-size: 10pt;font-family: verdana,geneva,sans-serif\">Den Kindern wird ein strukturierter Tagesablauf erm\u00f6glicht. <\/span><\/li>\n<\/ul>\n<p><span style=\"font-size: 10pt;font-family: verdana,geneva,sans-serif\">Die Anmeldung zur OGS erfolgt verbindlich f\u00fcr ein Schulhalbjahr. Die Teilnahme am Mittagessen ist optional. Eine Abmeldung f\u00fcr z.B. eine Kur muss rechtzeitig im Sekretariat erfolgen.<br \/>\n<\/span><\/p>\n<table style=\"height: 314px;border-color: #030202;background-color: #78c4a7;width: 140%\" border=\"1\" width=\"140%\">\n<tbody>\n<tr style=\"height: 24px\">\n<td style=\"border-color: #1a1717;height: 24px;width: 17.6563%\"><strong><span style=\"font-family: verdana,geneva,sans-serif;font-size: 10pt\">Zeit<\/span><\/strong><\/td>\n<td style=\"border-color: #1a1717;height: 24px;width: 23.4375%\"><strong><span style=\"font-family: verdana,geneva,sans-serif;font-size: 10pt\">Montag<\/span><\/strong><\/td>\n<td style=\"border-color: #1a1717;height: 24px;width: 19.2188%\"><strong><span style=\"font-family: verdana,geneva,sans-serif;font-size: 10pt\">Dienstag<\/span><\/strong><\/td>\n<td style=\"border-color: #1a1717;height: 24px;width: 19.2653%\"><strong><span style=\"font-family: verdana,geneva,sans-serif;font-size: 10pt\">Mittwoch<\/span><\/strong><\/td>\n<td style=\"border-color: #1a1717;height: 24px;width: 55.7974%\"><strong><span style=\"font-family: verdana,geneva,sans-serif;font-size: 10pt\">Donnerstag<\/span><\/strong><\/td>\n<\/tr>\n<tr style=\"height: 48px\">\n<td style=\"border-color: #1a1717;height: 48px;width: 17.6563%\"><span style=\"font-family: verdana,geneva,sans-serif;font-size: 10pt\">12.40 &#8211; 13.25<br \/>\n<\/span><\/td>\n<td style=\"border-color: #1a1717;text-align: center;height: 48px;width: 117.719%\" colspan=\"4\"><span style=\"font-family: verdana,geneva,sans-serif;font-size: 10pt\">Mittagessen <\/span><span style=\"font-family: verdana,geneva,sans-serif;font-size: 10pt\">und Entspannung<br \/>\n<\/span><\/td>\n<\/tr>\n<tr style=\"height: 48px\">\n<td style=\"border-color: #1a1717;height: 48px;width: 17.6563%\"><span style=\"font-family: verdana,geneva,sans-serif;font-size: 10pt\">13.25 &#8211; 14.10<br \/>\n<\/span><\/td>\n<td style=\"border-color: #1a1717;text-align: center;height: 48px;width: 117.719%\" colspan=\"4\"><span style=\"font-size: 10pt;font-family: verdana,geneva,sans-serif\">HA-Betreuung in Gruppen (Klasse 1 und 2, Klasse 3 und 4)<br \/>\n<\/span><\/td>\n<\/tr>\n<tr style=\"height: 48px\">\n<td style=\"border-color: #1a1717;height: 48px;width: 17.6563%\"><span style=\"font-family: verdana,geneva,sans-serif;font-size: 10pt\">14.10 &#8211; 15.10<br \/>\n<\/span><\/td>\n<td style=\"border-color: #1a1717;text-align: center;height: 48px;width: 117.719%\" colspan=\"4\"><span style=\"font-size: 10pt;font-family: verdana,geneva,sans-serif\">\u00a0Wechselnde Angebote<br \/>\n<\/span><\/td>\n<\/tr>\n<tr style=\"border-color: #161c1b\">\n<td style=\"border-color: #1a1717;background-color: #4fc9b3;height: 26px;text-align: left;width: 17.6563%\"><span style=\"font-size: 10pt;font-family: verdana,geneva,sans-serif\">1. Angebot<br \/>\n<\/span><\/td>\n<td style=\"border-color: #1a1717;background-color: #4fc9b3;height: 26px;text-align: center;width: 23.4375%\"><span style=\"font-family: verdana,geneva,sans-serif;font-size: 10pt\">Bauen mit Fisher-Technik<\/span><\/p>\n<p><span style=\"font-family: verdana,geneva,sans-serif;font-size: 10pt\">(Frau Henne-Wellner)<br \/>\n<\/span><\/td>\n<td style=\"border-color: #1a1717;background-color: #4fc9b3;height: 26px;text-align: center;width: 19.2188%\"><span style=\"font-size: 10pt;font-family: verdana, geneva, sans-serif\">B\u00fcgelperlen<\/span><\/p>\n<p><span style=\"font-family: verdana,geneva,sans-serif;font-size: 10pt\">(Frau Miosga)<br \/>\n<\/span><\/td>\n<td style=\"border-color: #1a1717;background-color: #4fc9b3;height: 26px;text-align: center;width: 19.2653%\"><span style=\"font-family: verdana, geneva, sans-serif;font-size: 10pt\">Gitarrenkurs (M1 Musikschule)<\/span><\/p>\n<p><span style=\"font-family: verdana, geneva, sans-serif;font-size: 10pt\">(Herr Tennstedt)<\/span><\/td>\n<td style=\"border-color: #1a1717;background-color: #4fc9b3;height: 26px;text-align: center;width: 55.7974%\"><span style=\"font-family: verdana,geneva,sans-serif;font-size: 10pt\">Fu\u00dfball (MTV Markoldendorf)<\/span><\/p>\n<p><span style=\"font-family: verdana,geneva,sans-serif;font-size: 10pt\">(Herr Rohmeier)<br \/>\n<\/span><\/td>\n<\/tr>\n<tr style=\"border-color: #161c1b\">\n<td style=\"border-color: #1a1717;background-color: #4fc9b3;height: 48px;width: 17.6563%\"><span style=\"font-size: 10pt;font-family: verdana,geneva,sans-serif\">2. Angebot<br \/>\n<\/span><\/td>\n<td style=\"border-color: #1a1717;background-color: #4fc9b3;height: 48px;text-align: center;width: 23.4375%\"><span style=\"font-family: verdana,geneva,sans-serif;font-size: 10pt\">Ballsport <\/span><\/p>\n<p><span style=\"font-family: verdana,geneva,sans-serif;font-size: 10pt\">(Frau Conrad)<\/span><\/td>\n<td style=\"border-color: #1a1717;background-color: #4fc9b3;height: 48px;text-align: center;width: 19.2188%\"><span style=\"font-family: verdana, geneva, sans-serif;font-size: 10pt\">W\u00fcnsch dir was<\/span><\/p>\n<p><span style=\"font-family: verdana, geneva, sans-serif;font-size: 10pt\">(Frau Conrad)<\/span><\/td>\n<td style=\"border-color: #1a1717;background-color: #4fc9b3;height: 48px;text-align: center;width: 19.2653%\"><span style=\"font-family: verdana,geneva,sans-serif;font-size: 10pt\">Basteln <\/span><\/p>\n<p><span style=\"font-family: verdana,geneva,sans-serif;font-size: 10pt\">(Frau Conrad)<\/span><\/td>\n<td style=\"border-color: #1a1717;background-color: #4fc9b3;height: 48px;text-align: center;width: 55.7974%\"><span style=\"font-family: verdana,geneva,sans-serif;font-size: 10pt\">Tanzen<\/span><\/p>\n<p><span style=\"font-family: verdana,geneva,sans-serif;font-size: 10pt\">(Frau Miosga)<\/span><\/td>\n<\/tr>\n<tr style=\"border-color: #161c1b\">\n<td style=\"border-color: #1a1717;background-color: #4fc9b3;height: 48px;width: 17.6563%\"><span style=\"font-size: 10pt;font-family: verdana,geneva,sans-serif\">3. Angebot<br \/>\n<\/span><\/td>\n<td style=\"border-color: #1a1717;background-color: #4fc9b3;height: 48px;text-align: center;width: 23.4375%\"><span style=\"font-family: verdana,geneva,sans-serif;font-size: 10pt\">&#8211;<\/span><\/td>\n<td style=\"border-color: #1a1717;background-color: #4fc9b3;height: 48px;text-align: center;width: 19.2188%\"><span style=\"font-family: verdana,geneva,sans-serif;font-size: 10pt\">&#8211;<br \/>\n<\/span><\/td>\n<td style=\"border-color: #1a1717;background-color: #4fc9b3;height: 48px;text-align: center;width: 19.2653%\"><span style=\"font-size: 10pt;font-family: verdana, geneva, sans-serif\">Bewegung (Schulhof\/Sporthalle)<br \/>\n<\/span><span style=\"font-size: 10pt;font-family: verdana, geneva, sans-serif\">(Herr Urbainczyk)<\/span><\/td>\n<td style=\"border-color: #1a1717;background-color: #4fc9b3;height: 48px;text-align: center;width: 55.7974%\"><span style=\"font-family: verdana,geneva,sans-serif;font-size: 10pt\">B\u00fccherw\u00fcrmer<\/span><\/p>\n<p><span style=\"font-family: verdana,geneva,sans-serif;font-size: 10pt\">(Frau Conrad)<\/span><\/td>\n<\/tr>\n<tr style=\"height: 24px\">\n<td style=\"height: 24px;width: 17.6563%\"><span style=\"font-family: verdana,geneva,sans-serif;font-size: 10pt\">15.10\/14<\/span><\/td>\n<td style=\"text-align: center;height: 24px;width: 117.719%\" colspan=\"4\"><span style=\"font-size: 10pt;font-family: verdana,geneva,sans-serif\">Abfahrt der Taxis\/Busse<\/span><\/td>\n<\/tr>\n<\/tbody>\n<\/table>\n<p>&nbsp;<\/p>\n<p>&nbsp;<\/p>\n","protected":false},"excerpt":{"rendered":"<p>Das Konzept der Offenen Ganztagsschule (OGS) in Markoldendorf gliedert sich in die Bereiche Mittagessen, Hausaufgabenbetreuung und verschiedene Angebote wie Basteln, Lesen, Sport, Musik etc. Die Hausaufgabenbetreuung erfolgt stufenweise in Gruppen. Eine Individualbetreuung ist nicht m\u00f6glich. Die OGS bietet verschiedene Vorteile: &hellip; <a href=\"https:\/\/wordpress.nibis.de\/gskleebl\/ogs\/\">Weiterlesen <span class=\"meta-nav\">&rarr;<\/span><\/a><\/p>\n","protected":false},"author":722,"featured_media":0,"parent":0,"menu_order":0,"comment_status":"closed","ping_status":"closed","template":"","meta":{"footnotes":""},"class_list":["post-67","page","type-page","status-publish","hentry"],"_links":{"self":[{"href":"https:\/\/wordpress.nibis.de\/gskleebl\/wp-json\/wp\/v2\/pages\/67","targetHints":{"allow":["GET"]}}],"collection":[{"href":"https:\/\/wordpress.nibis.de\/gskleebl\/wp-json\/wp\/v2\/pages"}],"about":[{"href":"https:\/\/wordpress.nibis.de\/gskleebl\/wp-json\/wp\/v2\/types\/page"}],"author":[{"embeddable":true,"href":"https:\/\/wordpress.nibis.de\/gskleebl\/wp-json\/wp\/v2\/users\/722"}],"replies":[{"embeddable":true,"href":"https:\/\/wordpress.nibis.de\/gskleebl\/wp-json\/wp\/v2\/comments?post=67"}],"version-history":[{"count":17,"href":"https:\/\/wordpress.nibis.de\/gskleebl\/wp-json\/wp\/v2\/pages\/67\/revisions"}],"predecessor-version":[{"id":4854,"href":"https:\/\/wordpress.nibis.de\/gskleebl\/wp-json\/wp\/v2\/pages\/67\/revisions\/4854"}],"wp:attachment":[{"href":"https:\/\/wordpress.nibis.de\/gskleebl\/wp-json\/wp\/v2\/media?parent=67"}],"curies":[{"name":"wp","href":"https:\/\/api.w.org\/{rel}","templated":true}]}}